{"id":4526,"date":"2014-04-08T07:09:41","date_gmt":"2014-04-08T07:09:41","guid":{"rendered":"https:\/\/vedicpandits.org\/?page_id=4526"},"modified":"2015-05-27T09:29:17","modified_gmt":"2015-05-27T09:29:17","slug":"scope","status":"publish","type":"page","link":"https:\/\/donation.vedicpandits.org\/sl\/peace-creating-group\/scope\/","title":{"rendered":"obseg"},"content":{"rendered":"<p>Na\u0161 projekt vklju\u010duje kreiranje in vzdr\u017eevanje osnovne skupine in programe usposabljanja, ki omogo\u010dajo in vzdr\u017eujejo to osnovno skupino.<\/p>\n<div class=\"border-line\">&nbsp;<\/div>\n<div class=\"grid-holder\">\n<div class=\"grid grid-desktop-50 grid-mobile-100\"><div class=\"holder\"><h4>OSNOVNA SKUPINA<\/h4>\n<p>Odlo\u010ditev, da smo izbrali vedske pandite za oblikovanje te skupine, izhaja tako iz tradicije kot iz prakti\u010dnih razlogov. \u017de v pradavnini so bili prav vedski panditi odgovorni za ohranjanje harmonije v dru\u017ebi in ravnovesja v naravi. Danes pa je Indija tudi v ekonomskem smislu primeren kraj za vzgojo in usposobljanje vedskih panditov za profesionalne ustvarjalce in vzdr\u017eevalce miru. <\/p>\n<p>Cilj je oblikovati skupino 9000 Mahari\u0161ijevih vedskih panditov, s katero bi lahko ustvarili mir po celem svetu. Vzdr\u017eevanje take skupine pomeni, da moramo poskrbeti za pla\u010de udele\u017eencev in ustvariti kampus z vso infrastrukturo: namestitvijo, prostori za vadbo, obroki, prav tako pa mlekarno in zelenjavni vrt.<\/p>\n<p>Trenutno \u017eivi v najve\u010djem kampusu v Bramasthanu \u2013 greografskem centru \u2013 Indije blizu Jabalpurja v Madhya Pradeshu okoli 2.000 Panditov.<\/p>\n<\/div><\/div>\n<div class=\"grid grid-desktop-50 grid-mobile-100 zoom-image-holder\"><div class=\"holder\"><p><a href=\"\/wp-content\/uploads\/2014\/04\/map-of-india.jpg\"><img loading=\"lazy\" decoding=\"async\" class=\"alignleft size-full wp-image-595\" src=\"\/wp-content\/uploads\/2014\/04\/map-of-india.jpg\" alt=\"map-of-india\" width=\"550\" height=\"523\" srcset=\"https:\/\/donation.vedicpandits.org\/wp-content\/uploads\/2014\/04\/map-of-india.jpg 550w, https:\/\/donation.vedicpandits.org\/wp-content\/uploads\/2014\/04\/map-of-india-300x285.jpg 300w\" sizes=\"auto, (max-width: 550px) 100vw, 550px\" \/><\/a><\/p>\n<\/div><\/div>\n<\/div>\n<div class=\"border-line\">&nbsp;<\/div>\n<div class=\"grid-holder\">\n<div class=\"grid grid-desktop-50 grid-mobile-100 zoom-image-holder\"><div class=\"holder\"><p><a href=\"\/wp-content\/uploads\/2014\/04\/131207_training_chart_web-Kopie.jpg\"><img loading=\"lazy\" decoding=\"async\" class=\"alignnone size-medium wp-image-250\" src=\"\/wp-content\/uploads\/2014\/04\/131207_training_chart_web-Kopie.jpg\" alt=\"\" width=\"432\" height=\"211\" \/><\/a><\/p>\n<\/div><\/div>\n<div class=\"grid grid-desktop-50 grid-mobile-100\"><div class=\"holder\"><h4>PROGRAM USPOSABLJANJA PANDITOV<\/h4>\n<p>Za potrebe oblikovanja osnovne skupine in zaradi pri\u010dakovanega naravnega osipa je Mahari\u0161i zasnoval stalen program usposabljanja panditov, ki se izvaja po vsej Indiji.<\/p>\n<p>Ta podpira in napolnjuje skupino v Bramansthanu ter zajema:<br \/>\n\u2013 20,000  mlaj\u0161ih \u0161tudentov, ki se izobra\u017eujejo po vaseh<br \/>\n\u2013 10,000 starej\u0161ih \u0161tudentov v posebnih rezidencah<br \/>\nProgram je zasnovan tako, da vsako leto diplomira 1,200\u20131,500  panditov, ki naj bi poskrbeli, da bo osnovna skupina \u0161tela zmeraj ve\u010d kot 9000 udele\u017eencev.<\/p>\n<\/div><\/div>\n<\/div>\n","protected":false},"excerpt":{"rendered":"<p>Na\u0161 projekt vklju\u010duje kreiranje in vzdr\u017eevanje osnovne skupine in programe usposabljanja, ki omogo\u010dajo in vzdr\u017eujejo to osnovno skupino.<\/p>\n","protected":false},"author":3,"featured_media":196,"parent":4495,"menu_order":4,"comment_status":"open","ping_status":"closed","template":"","meta":{"om_disable_all_campaigns":false,"_monsterinsights_skip_tracking":false,"_monsterinsights_sitenote_active":false,"_monsterinsights_sitenote_note":"","_monsterinsights_sitenote_category":0,"footnotes":""},"class_list":["post-4526","page","type-page","status-publish","has-post-thumbnail","hentry"],"_links":{"self":[{"href":"https:\/\/donation.vedicpandits.org\/sl\/wp-json\/wp\/v2\/pages\/4526","targetHints":{"allow":["GET"]}}],"collection":[{"href":"https:\/\/donation.vedicpandits.org\/sl\/wp-json\/wp\/v2\/pages"}],"about":[{"href":"https:\/\/donation.vedicpandits.org\/sl\/wp-json\/wp\/v2\/types\/page"}],"author":[{"embeddable":true,"href":"https:\/\/donation.vedicpandits.org\/sl\/wp-json\/wp\/v2\/users\/3"}],"replies":[{"embeddable":true,"href":"https:\/\/donation.vedicpandits.org\/sl\/wp-json\/wp\/v2\/comments?post=4526"}],"version-history":[{"count":3,"href":"https:\/\/donation.vedicpandits.org\/sl\/wp-json\/wp\/v2\/pages\/4526\/revisions"}],"predecessor-version":[{"id":4529,"href":"https:\/\/donation.vedicpandits.org\/sl\/wp-json\/wp\/v2\/pages\/4526\/revisions\/4529"}],"up":[{"embeddable":true,"href":"https:\/\/donation.vedicpandits.org\/sl\/wp-json\/wp\/v2\/pages\/4495"}],"wp:featuredmedia":[{"embeddable":true,"href":"https:\/\/donation.vedicpandits.org\/sl\/wp-json\/wp\/v2\/media\/196"}],"wp:attachment":[{"href":"https:\/\/donation.vedicpandits.org\/sl\/wp-json\/wp\/v2\/media?parent=4526"}],"curies":[{"name":"wp","href":"https:\/\/api.w.org\/{rel}","templated":true}]}}