{"id":4530,"date":"2014-04-08T07:09:46","date_gmt":"2014-04-08T07:09:46","guid":{"rendered":"https:\/\/vedicpandits.org\/?page_id=4530"},"modified":"2015-07-11T11:45:15","modified_gmt":"2015-07-11T11:45:15","slug":"cost","status":"publish","type":"page","link":"https:\/\/donation.vedicpandits.org\/sl\/peace-creating-group\/cost\/","title":{"rendered":"stro\u0161ki"},"content":{"rendered":"<h4>TRAJEN MIR OB LE MAJHNEM ZNESKU STRO\u0160KOV SEDANJEGA OBORO\u017dEVANJA <\/h4>\n<p>Iniciativa za globalni mir ima potencial, da bi postala danes najbolj stro\u0161kovno u\u010dinkovit in uspe\u0161en program za ustvarjanje svetovnega miru. Fond, ki bi bil potreben za permanentno delovanje tega projekta, zna\u0161a manj kot svetovna oboro\u017eevalna tekma porabi v \u0161estih urah oziroma zajema manj kot polovico sredstev, ki so potrebna za en sam bombnik B-2.<br \/>\n\u010ceprav so stro\u0161ki projekta tako majhni v primerjavi s prora\u010dunom za oboro\u017eevanje, so zahteve za osnovno letno vzdr\u017eevanje Inicijative za globalni mir 45.5 milijonov ameri\u0161kih dolarjev. Ta letna vzdr\u017eevalnina zajema dva dela: <\/p>\n<p>1.  Vzdr\u017eevanje skupine 9000 Mahari\u0161ijevih vedskih panditov v kampusu v centralni Indiji<br \/>\n2. Vzdr\u017eevanje programa usposabljanja novih Mahari\u0161ijevih vedskih panditov <\/p>\n<p>Ker je centralni kampus in program usposabljanja \u017ee dobro ute\u010den, so osnovni stro\u0161ki dobro znani in jih navajamo spodaj.<\/p>\n<div class=\"border-line\">&nbsp;<\/div>\n<div class=\"grid-holder grid-border-50\">\n<div class=\"grid grid-desktop-50 grid-mobile-100\"><div class=\"holder\"><p><img loading=\"lazy\" decoding=\"async\" src=\"\/wp-content\/uploads\/2014\/04\/2146-432.jpg\" alt=\"2146 - 432\" width=\"432\" height=\"253\" class=\"alignleft size-full wp-image-577\" srcset=\"https:\/\/donation.vedicpandits.org\/wp-content\/uploads\/2014\/04\/2146-432.jpg 432w, https:\/\/donation.vedicpandits.org\/wp-content\/uploads\/2014\/04\/2146-432-300x175.jpg 300w, https:\/\/donation.vedicpandits.org\/wp-content\/uploads\/2014\/04\/2146-432-430x253.jpg 430w\" sizes=\"auto, (max-width: 432px) 100vw, 432px\" \/><\/p>\n<h4>1.VZDR\u017dEVANJE OSNOVNE SKUPINE 9.000 PANDITOV<\/h4>\n<p>$250 na mesec je dovolj, da preskrbimo vsakega pandita s polno namestitvijo in hrano, zdravstvenim varstvom, obleko, specializirano nadaljnjo izobrazbo ter z izobra\u017eevalnimi pripomo\u010dki, prav tako pa dobijo skromno \u0161tipendijo za svojo dru\u017eino. Ta stro\u0161ek prav tako vklju\u010duje stro\u0161ke vzdr\u017eevanja, administracije in druge stro\u0161ke, ki nastajajo ob prebivanju v Bramasthanu Indije. Za 9.000 udele\u017eencev te skupine stro\u0161ek vzdr\u017eevanja osnovne skupine zna\u0161a skupaj 27 milijonov ameri\u0161kih dolarjev na leto.<\/p>\n<\/div><\/div>\n<div class=\"grid grid-desktop-50 grid-mobile-100\"><div class=\"holder\"><p><a href=\"\/wp-content\/uploads\/2014\/04\/9297-432.jpg\"><img loading=\"lazy\" decoding=\"async\" src=\"\/wp-content\/uploads\/2014\/04\/9297-432.jpg\" alt=\"9297 - 432\" width=\"432\" height=\"253\" class=\"alignleft size-full wp-image-579\" srcset=\"https:\/\/donation.vedicpandits.org\/wp-content\/uploads\/2014\/04\/9297-432.jpg 432w, https:\/\/donation.vedicpandits.org\/wp-content\/uploads\/2014\/04\/9297-432-300x175.jpg 300w, https:\/\/donation.vedicpandits.org\/wp-content\/uploads\/2014\/04\/9297-432-430x253.jpg 430w\" sizes=\"auto, (max-width: 432px) 100vw, 432px\" \/><\/a><\/p>\n<h4>2.PROGRAM USPOSABLJANJA PANDITOV <\/h4>\n<p>Da bi zagotovili stalen dotok Mahari\u0161ijevih vedskih panditov in s tem \u0161tevilo osnovne skupine obdr\u017eali nad 9000, je bil zasnovan program stalnega usposabljanja panditov. Ta zajema:<br \/>\n\u2013 20,000 mladih \u0161tudentov, ki \u017eivijo v svojih vaseh s stro\u0161kom 12 ameri\u0161kih dolarjev na \u0161tudenta na mesec<br \/>\n\u2013 10,000 starej\u0161ih \u0161tudentov, ki \u017eivijo v reziden\u010dnih centrih s stro\u0161kom 130 ameri\u0161kih dolarjev na \u0161tudenta na mesec <\/p>\n<p>Letni stro\u0161ek za program usposabljanja skupaj zna\u0161a 18,5 milijona ameri\u0161kih dolarjev.<\/p>\n<\/div><\/div>\n<\/div>\n<h4 style=\"text-align: center; margin-top: 20px;\">SKUPNI STRO\u0160KI<\/h4>\n<p style=\"text-align: center;\">Skupaj zna\u0161ajo stro\u0161ki obeh programov na letni ravni 45,5 milijonov ameri\u0161kih dolarjev.<\/p>\n<div class=\"border-line\">&nbsp;<\/div>\n<p style=\"text-align: center; color: #e07e27;\"><em>\u010ce bi radi sponzorirali pandita ali donirali k na\u0161emu programu, kliknite tule.<br \/>\n<\/em><\/p>\n\t<p style=\"text-align: center\">\n\t\t<a href=\"https:\/\/donate.vedicpandits.org\/ipgeo\/ipgeo.php\"   class=\"btn btn-large \" > > \n\t\t\tPRISPEVAJTE K NA\u0160EMU PROGRAMU!<br \/>\t\t<\/a>\n\t<\/p>\n\n\t\n","protected":false},"excerpt":{"rendered":"<p>TRAJEN MIR OB LE MAJHNEM ZNESKU STRO\u0160KOV SEDANJEGA OBORO\u017dEVANJA Iniciativa za globalni mir ima potencial, da bi postala danes najbolj stro\u0161kovno u\u010dinkovit in uspe\u0161en program za ustvarjanje svetovnega miru. Fond, ki bi bil potreben za permanentno delovanje tega projekta, zna\u0161a manj kot svetovna oboro\u017eevalna tekma porabi v \u0161estih urah oziroma zajema manj kot polovico sredstev, [&hellip;]<\/p>\n","protected":false},"author":3,"featured_media":192,"parent":4495,"menu_order":5,"comment_status":"open","ping_status":"closed","template":"","meta":{"om_disable_all_campaigns":false,"_monsterinsights_skip_tracking":false,"_monsterinsights_sitenote_active":false,"_monsterinsights_sitenote_note":"","_monsterinsights_sitenote_category":0,"footnotes":""},"class_list":["post-4530","page","type-page","status-publish","has-post-thumbnail","hentry"],"_links":{"self":[{"href":"https:\/\/donation.vedicpandits.org\/sl\/wp-json\/wp\/v2\/pages\/4530","targetHints":{"allow":["GET"]}}],"collection":[{"href":"https:\/\/donation.vedicpandits.org\/sl\/wp-json\/wp\/v2\/pages"}],"about":[{"href":"https:\/\/donation.vedicpandits.org\/sl\/wp-json\/wp\/v2\/types\/page"}],"author":[{"embeddable":true,"href":"https:\/\/donation.vedicpandits.org\/sl\/wp-json\/wp\/v2\/users\/3"}],"replies":[{"embeddable":true,"href":"https:\/\/donation.vedicpandits.org\/sl\/wp-json\/wp\/v2\/comments?post=4530"}],"version-history":[{"count":4,"href":"https:\/\/donation.vedicpandits.org\/sl\/wp-json\/wp\/v2\/pages\/4530\/revisions"}],"predecessor-version":[{"id":4892,"href":"https:\/\/donation.vedicpandits.org\/sl\/wp-json\/wp\/v2\/pages\/4530\/revisions\/4892"}],"up":[{"embeddable":true,"href":"https:\/\/donation.vedicpandits.org\/sl\/wp-json\/wp\/v2\/pages\/4495"}],"wp:featuredmedia":[{"embeddable":true,"href":"https:\/\/donation.vedicpandits.org\/sl\/wp-json\/wp\/v2\/media\/192"}],"wp:attachment":[{"href":"https:\/\/donation.vedicpandits.org\/sl\/wp-json\/wp\/v2\/media?parent=4530"}],"curies":[{"name":"wp","href":"https:\/\/api.w.org\/{rel}","templated":true}]}}