{"id":4534,"date":"2014-04-08T07:09:52","date_gmt":"2014-04-08T07:09:52","guid":{"rendered":"https:\/\/vedicpandits.org\/?page_id=4534"},"modified":"2016-07-27T10:11:21","modified_gmt":"2016-07-27T10:11:21","slug":"progress","status":"publish","type":"page","link":"https:\/\/donation.vedicpandits.org\/sl\/peace-creating-group\/progress\/","title":{"rendered":"dose\u017eki"},"content":{"rendered":"<h4>MEJNIKI NA POTI DO NA\u0160EGA CILJA<\/h4>\n<ul>\n<li>Za skupino 9000 Mahari\u0161ijevih vedskih panditov je bilo kupljeno 1,700 juter (688 hektarov) zemlje blizu Jabalpurja v Madhya Pradeshu, Indija (Zgornja slika je bila posneta v letu 2013.)<\/li>\n<li>Zgradbe za namestitev 2.500 Mahari\u0161ijevih vedskih panditov so \u017ee zgrajene. Te vklju\u010dujejo zgradbe za administracijo, jedilnice in dvorane za jagje ter mlekarno \u2013 vse je zgrajeno po principih Sthapathya Vede, vedske znanosti o arhitekturi.<\/li>\n<li>Preko 2.000 dobro usposobljenih Mahari\u0161ijevih vedskih panditov \u017ee \u017eivi v naselju in sledi dnevnemu programu ustvarjanja miru.<\/li>\n<li>Zgradbe za namestitev nadaljnjih 5.000 panditov so se za\u010dele graditi, vendar za dokon\u010danje gradnje potrebujemo dodatna sredstva.<\/li>\n<li>Program Guru Ji za usposabljanje mladih \u0161tudentov panditov v njihovih doma\u010dih vaseh se je za\u010del \u017ee pred desetletjem in se nadaljuje.\n<\/li>\n<li>Usposabljanje starej\u0161ih \u0161tudentov se odvija v 46 reziden\u010dnih centrih po vsej Indiji. Trenutno tam \u017eivi in \u0161tudira okrog 3000 \u0161tudentov.<\/li>\n<li>Bili sta ustanovljeni dve fundaciji za podporo Iniciativi za svetovni mir: Brahmananda Saraswati Foundation v ZDA in Brahmananda Saraswati Trust na Nizozemskem, obe sta v svojih dr\u017eavah registirani kot neprofitni dobrodelni organizaciji. <\/li>\n<li>Mre\u017ea prostovoljcev, nacionalnih koordinatorjev in promotorjev  (<a href=\"https:\/\/donation.vedicpandits.org\/contact\/\">\u201eambasadorjev\u201c<\/a>) je bila ustanovljena v 90 de\u017eelah.<\/li>\n<li>V samo dveh letih je program podpore v obliki stalnih mese\u010dnih donacij v podporo panditom narasel na 430.000 ameri\u0161kih dolarjev na mesec.\n<\/li>\n<li>Veliko nacionalnih organizacij v svetovni mre\u017ei gibanja za TM je prav tako ustanovilo fundacije za zbiranje denarja v podporo Mahari\u0161ijevim vedskim panditom.<\/li>\n<p>\t<!--\n\n<li>V Ameriki je bila ustanovljena skupina Mahari\u0161ijevih vedskih panditov v Maharishi Vedic City, Iowa, ki jo financirajo ameri\u0161ki donatorji.\n\n<\/li>\n\n-->\n<\/ul>\n","protected":false},"excerpt":{"rendered":"<p>MEJNIKI NA POTI DO NA\u0160EGA CILJA Za skupino 9000 Mahari\u0161ijevih vedskih panditov je bilo kupljeno 1,700 juter (688 hektarov) zemlje blizu Jabalpurja v Madhya Pradeshu, Indija (Zgornja slika je bila posneta v letu 2013.) Zgradbe za namestitev 2.500 Mahari\u0161ijevih vedskih panditov so \u017ee zgrajene. Te vklju\u010dujejo zgradbe za administracijo, jedilnice in dvorane za jagje ter [&hellip;]<\/p>\n","protected":false},"author":3,"featured_media":189,"parent":4495,"menu_order":6,"comment_status":"open","ping_status":"closed","template":"","meta":{"om_disable_all_campaigns":false,"_monsterinsights_skip_tracking":false,"_monsterinsights_sitenote_active":false,"_monsterinsights_sitenote_note":"","_monsterinsights_sitenote_category":0,"footnotes":""},"class_list":["post-4534","page","type-page","status-publish","has-post-thumbnail","hentry"],"_links":{"self":[{"href":"https:\/\/donation.vedicpandits.org\/sl\/wp-json\/wp\/v2\/pages\/4534","targetHints":{"allow":["GET"]}}],"collection":[{"href":"https:\/\/donation.vedicpandits.org\/sl\/wp-json\/wp\/v2\/pages"}],"about":[{"href":"https:\/\/donation.vedicpandits.org\/sl\/wp-json\/wp\/v2\/types\/page"}],"author":[{"embeddable":true,"href":"https:\/\/donation.vedicpandits.org\/sl\/wp-json\/wp\/v2\/users\/3"}],"replies":[{"embeddable":true,"href":"https:\/\/donation.vedicpandits.org\/sl\/wp-json\/wp\/v2\/comments?post=4534"}],"version-history":[{"count":5,"href":"https:\/\/donation.vedicpandits.org\/sl\/wp-json\/wp\/v2\/pages\/4534\/revisions"}],"predecessor-version":[{"id":8668,"href":"https:\/\/donation.vedicpandits.org\/sl\/wp-json\/wp\/v2\/pages\/4534\/revisions\/8668"}],"up":[{"embeddable":true,"href":"https:\/\/donation.vedicpandits.org\/sl\/wp-json\/wp\/v2\/pages\/4495"}],"wp:featuredmedia":[{"embeddable":true,"href":"https:\/\/donation.vedicpandits.org\/sl\/wp-json\/wp\/v2\/media\/189"}],"wp:attachment":[{"href":"https:\/\/donation.vedicpandits.org\/sl\/wp-json\/wp\/v2\/media?parent=4534"}],"curies":[{"name":"wp","href":"https:\/\/api.w.org\/{rel}","templated":true}]}}