{"id":4538,"date":"2014-04-08T07:10:00","date_gmt":"2014-04-08T07:10:00","guid":{"rendered":"https:\/\/vedicpandits.org\/?page_id=4538"},"modified":"2016-01-17T10:03:09","modified_gmt":"2016-01-17T10:03:09","slug":"yagya","status":"publish","type":"page","link":"https:\/\/donation.vedicpandits.org\/sl\/yagya\/","title":{"rendered":"JAGJA"},"content":{"rendered":"<h4>MAHARI\u0160IJEVI JAGJI<\/h4>\n<p>Donacije skupini vedskih panditov v Indiji so\u010dasno prispevajo k posebnim vedskim obredom, ki jih izvajajo panditi in se imenujejo jagja. Te jagje ob uporabi znanosti zvoka ustvarjajo mnoge koristne u\u010dinke na ravni dr\u017eave nacionalna jagjaali posameznika specialna jagja.<\/p>\n<div class=\"border-line\">&nbsp;<\/div>\n<div class=\"grid-holder\">\n<div class=\"grid grid-desktop-50 grid-mobile-100\">\n<div class=\"holder button\">\n<a class=\"btn btn-large btn-full\" href=\"https:\/\/donation.vedicpandits.org\/sl\/yagya\/national-yagya\/\"> > nacionalna jagja<\/a>\n<\/div>\n<\/div>\n<div class=\"grid grid-desktop-50 grid-mobile-100\">\n<div class=\"holder button\">\n<a class=\"btn btn-large btn-full \" href=\"https:\/\/donation.vedicpandits.org\/sl\/yagya\/special-yagya\/\"> > specialna jagja <\/a>\n<\/div>\n<\/div>\n<\/div>\n<p><\/p>\n<div class=\"border-line\">&nbsp;<\/div>\n<h4>KAJ JE JAGJA?<\/h4>\n<p>Jagja je tradicionalna in u\u010dinkovita vedska tehnologija tako za prepre\u010devanje problemov kot tudi za pove\u010devanje uspeha in sre\u010de na vseh ravneh. UNESCO je tradicijo vedskih recitacij razglasil za nesnovno kulturno dedi\u0161\u010dino \u010dlove\u0161tva.<br \/>\n<div class=\"border-line\">&nbsp;<\/div>\n<div class=\"grid-holder\">\n<div class=\"grid grid-desktop-50 grid-mobile-100\"><div class=\"holder\"><h4>KAJ JE POSEBNEGA PRI MAHARI\u0160IJEVI JAGJI?<\/h4>\n<p>Mahari\u0161i Mahe\u0161 Jogi je posvetil mnogo let pazljivemu in sistemati\u010dnemu o\u017eivljanju jagij, tako da je obnovil to starodavno tehnologijo do njene polne mo\u010di. O\u017eivil je bistveno razumevanje vedskih manter, ki morajo biti projecirane iz zavesti, osnovane na (transcendentalnem) nivoju govora, kjer je povezava med zvokom in obliko \u2013 med \u017eeljo in izpolnitvijo \u017eelje \u2013 tesna in zelo mo\u010dna. Mahari\u0161i je definiral dva pogoja, ki sta bistvena za pravilno izvajanje vedske jagje:<\/p>\n<p>Prvi\u010d, da Mahari\u0161ijevi Vedski Panditi skozi dnevno izvajanje TM in TM-Sidhi programa izku\u0161ajo globoko ustaljeno stanje zavedanja. Tako o\u017eivijo transcendentni izvor govora pred recitacijo in izvajanjem jagje. Posledi\u010dno panditi izvajajo jagje iz ustaljenega nivoja zavesti in tako dosegajo globje ravni naravnih zakonov.<\/p>\n<p>Drugi\u010d, da gredo Mahari\u0161ijevi vedski panditi skozi izjemno zahtevno in ob\u0161irno \u0161olanje. Ve\u010d desetletij je Mahari\u0161i tesno sodeloval z zelo cenjenimi mojstri panditi po vsej Indiji in z njimi prenovil in vpeljal odli\u010den sistem izobra\u017eevanja panditov. To izobra\u017eevanje jih u\u010di pravilne prakse in izgovorjave z vso tradicionalno u\u010dinkovitostjo.<\/p>\n<p>Zato imajo Mahari\u0161ijeve jagje tako \u0161irok in globok u\u010dinek.<\/p>\n<\/div><\/div>\n<div class=\"grid grid-desktop-50 grid-mobile-100\"><div class=\"holder\"><p><img loading=\"lazy\" decoding=\"async\" class=\"alignright size-full wp-image-261\" src=\"\/wp-content\/uploads\/2014\/04\/CHANTING-PANDIT-EYES-CLOSED432.jpg\" alt=\"CHANTING PANDIT EYES CLOSED432\" width=\"432\" height=\"516\" srcset=\"https:\/\/donation.vedicpandits.org\/wp-content\/uploads\/2014\/04\/CHANTING-PANDIT-EYES-CLOSED432.jpg 432w, https:\/\/donation.vedicpandits.org\/wp-content\/uploads\/2014\/04\/CHANTING-PANDIT-EYES-CLOSED432-251x300.jpg 251w, https:\/\/donation.vedicpandits.org\/wp-content\/uploads\/2014\/04\/CHANTING-PANDIT-EYES-CLOSED432-300x358.jpg 300w\" sizes=\"auto, (max-width: 432px) 100vw, 432px\" \/><\/p>\n<\/div><\/div>\n<\/div>\n","protected":false},"excerpt":{"rendered":"<p>MAHARI\u0160IJEVI JAGJI Donacije skupini vedskih panditov v Indiji so\u010dasno prispevajo k posebnim vedskim obredom, ki jih izvajajo panditi in se imenujejo jagja. Te jagje ob uporabi znanosti zvoka ustvarjajo mnoge koristne u\u010dinke na ravni dr\u017eave nacionalna jagjaali posameznika specialna jagja. > nacionalna jagja > specialna jagja KAJ JE JAGJA? Jagja je tradicionalna in u\u010dinkovita vedska [&hellip;]<\/p>\n","protected":false},"author":3,"featured_media":183,"parent":0,"menu_order":0,"comment_status":"open","ping_status":"closed","template":"","meta":{"om_disable_all_campaigns":false,"_monsterinsights_skip_tracking":false,"_monsterinsights_sitenote_active":false,"_monsterinsights_sitenote_note":"","_monsterinsights_sitenote_category":0,"footnotes":""},"class_list":["post-4538","page","type-page","status-publish","has-post-thumbnail","hentry"],"_links":{"self":[{"href":"https:\/\/donation.vedicpandits.org\/sl\/wp-json\/wp\/v2\/pages\/4538","targetHints":{"allow":["GET"]}}],"collection":[{"href":"https:\/\/donation.vedicpandits.org\/sl\/wp-json\/wp\/v2\/pages"}],"about":[{"href":"https:\/\/donation.vedicpandits.org\/sl\/wp-json\/wp\/v2\/types\/page"}],"author":[{"embeddable":true,"href":"https:\/\/donation.vedicpandits.org\/sl\/wp-json\/wp\/v2\/users\/3"}],"replies":[{"embeddable":true,"href":"https:\/\/donation.vedicpandits.org\/sl\/wp-json\/wp\/v2\/comments?post=4538"}],"version-history":[{"count":5,"href":"https:\/\/donation.vedicpandits.org\/sl\/wp-json\/wp\/v2\/pages\/4538\/revisions"}],"predecessor-version":[{"id":7883,"href":"https:\/\/donation.vedicpandits.org\/sl\/wp-json\/wp\/v2\/pages\/4538\/revisions\/7883"}],"wp:featuredmedia":[{"embeddable":true,"href":"https:\/\/donation.vedicpandits.org\/sl\/wp-json\/wp\/v2\/media\/183"}],"wp:attachment":[{"href":"https:\/\/donation.vedicpandits.org\/sl\/wp-json\/wp\/v2\/media?parent=4538"}],"curies":[{"name":"wp","href":"https:\/\/api.w.org\/{rel}","templated":true}]}}