{"id":4547,"date":"2014-04-10T12:57:22","date_gmt":"2014-04-10T12:57:22","guid":{"rendered":"https:\/\/vedicpandits.org\/?page_id=4547"},"modified":"2023-03-16T01:50:51","modified_gmt":"2023-03-16T01:50:51","slug":"special-yagya","status":"publish","type":"page","link":"https:\/\/donation.vedicpandits.org\/sl\/yagya\/special-yagya\/","title":{"rendered":"Specialna Jagja"},"content":{"rendered":"<h4>Mahari\u0161ijeve jagje za posebne prilo\u017enosti<\/h4>\n<p>Kot vse Mahari\u0161ijeve jagje, so specialne jagje prvenstveno namenjene ustvarjanju mira in obilja za na\u0161o svetovno dru\u017eino. Dodatno pa se proslavlja donor, ki je vpla\u010dal te jagje, z o\u017eivljanjem blagoslovov narave za njega in njegove dru\u017eine na razli\u010dnih podro\u010djih \u017eivljenja.<br \/>\nMahari\u0161i je ustvaril edinstven izbor specialnih jagij, ki prejemniku prinesejo celovito podporo v osebni rasti in dobri sre\u010di. Te specialne jagje prinesejo blagoslov narave posameznikom in dru\u017einam. Rojstni dan, poroka, obletnica poroke in jagje ob rojstvu otroka se izvajajo v klju\u010dnih prehodnih trenutkih, ko so specifi\u010dni, podpirajo\u010di naravni zakoni \u0161e posebej \u017eivi in dosegljivi.<\/p>\n<p>Na razpolago je nova specialna jagja \u2013 jagja za dobro po\u010dutje in blagostanje\u2013 ki se lahko izvede skoraj na katerikoli izbrani dan. Lahko se izvede med letom kolikokrat \u017eelite. Lahko tudi mese\u010dno. Ko jo naro\u010date, izberete \u017eeleni dan za jagjo za dobro po\u010dutje in blagostanje.<\/p>\n<p>Vse specialne jagje se lahko naro\u010dijo za posameznika, za dru\u017einske \u010dlane ali za prijatelje. Vsaka od teh specialnih jagij posega globoko v \u017eivljenje \u2013 iz osnovne ravni enotnega polja. Na ta na\u010din ne pomaga samo posamezniku, ampak pomaga odpraviti neskladnosti in spodbujati mir in napredek v vsej dru\u017ebi.<\/p>\n<p>&nbsp;<\/p>\n<div style=\"padding:10px; background-color:white;\">\n<div style=\"border-size:2px;border-style:solid;border-color:#e4bb4b;\">\n<div style=\"text-align: center; padding-top:10px; padding-right:5px; padding-bottom:0px; padding-left:5px;\">\n&nbsp;<\/p>\n<h4>POSEBNO OBVESTILO RAJA HARRISA \u2013 PODALJ\u0160ANI DNEVI<\/h4>\n<\/div>\n<div style=\"text-align: left; padding-top:20px; padding-right:20px; padding-bottom:40px; padding-left:20px;\">Na podlagi svojih pozitivnih izku\u0161enj s posebnimi jagjami so se mnogi spra\u0161evali, ali bi te jagje lahko podalj\u0161ali za ve\u010d kot en dan. Po posvetovanju z voditelji Panditov bomo ponudili mo\u017enosti za drugi in tretji dan posebnih Yagyas. Da bi bilo to bolj dostopno, so bili dnevni stro\u0161ki teh Yagyjev zni\u017eani.<\/p>\n<\/div>\n<\/div>\n<\/div>\n<p>&nbsp;<\/p>\n<div class=\"grid-holder\">\n<div class=\"grid grid-desktop-50 grid-mobile-100\"><div class=\"holder\"><p><strong>S klikom na spodnji seznam izberite tip jajge:<\/strong><br \/>\nJagje vi\u0161jih ravni izvajajo vedno \u0161tevil\u010dnej\u0161e skupine panditov, s tem pa jo napravijo ob\u010dutno mo\u010dnej\u0161e.<\/p>\n<ul>\n<li>\t<a href=\"https:\/\/sponsor.specialyagyas.org\/bwb.php?site=vp&amp;bwb=birthday\" class=\"tooltipster\" title=\"Specialne jagje upravlja Brahmananda Saraswati Yagya sklad, ki je registriran v ZDA kot dobrodelni sklad. Kliknite tukaj in preusmerjeni boste na to spletno stran.\">\n\t\tRojstni dan: se izvaja za enega \u010dloveka na njen ali njegov rojstni dan\t<\/a>\n\t\n<p>Enodnevna Yagya: nivoji : $1,000 | $2,500<br \/>\nDvodnevna Yagya: nivoji : $1,500 | $3,000<br \/>\nTridnevna Yagya:: nivoji : $2,000 | $3,500<\/p>\n<li>\t<a href=\"https:\/\/sponsor.specialyagyas.org\/bwb.php?site=vp&amp;bwb=well-being\" class=\"tooltipster\" title=\"Specialne jagje upravlja Brahmananda Saraswati Yagya sklad, ki je registriran v ZDA kot dobrodelni sklad. Kliknite tukaj in preusmerjeni boste na to spletno stran.\">\n\t\tJagja za dobro po\u010dutje in blagostanje:  se lahko izvede skoraj na katerikoli izbrani dan.\t<\/a>\n\t\n<p>Enodnevna Yagya: nivoji : $1,000 | $2,500<br \/>\nDvodnevna Yagya: nivoji : $1,500 | $3,000<br \/>\nTridnevna Yagya:: nivoji : $2,000 | $3,500<\/p>\n<li>\t<a href=\"https:\/\/sponsor.specialyagyas.org\/wedding.php?site=vp&amp;waw=w\" class=\"tooltipster\" title=\"Specialne jagje upravlja Brahmananda Saraswati Yagya sklad, ki je registriran v ZDA kot dobrodelni sklad. Kliknite tukaj in preusmerjeni boste na to spletno stran.\">\n\t\tPoroka: se izvaja za dva \u010dloveka na dan njune poroke\t<\/a>\n\t\n<p>Enodnevna Yagya: nivoji : $1,500 | $3,000<br \/>\nDvodnevna Yagya: nivoji : $2,000 | $3,500<br \/>\nTridnevna Yagya: nivoji : $2,500 | $4,000<\/p>\n<li>\t<a href=\"https:\/\/sponsor.specialyagyas.org\/wedding.php?site=vp&amp;waw=wa\" class=\"tooltipster\" title=\"Specialne jagje upravlja Brahmananda Saraswati Yagya sklad, ki je registriran v ZDA kot dobrodelni sklad. Kliknite tukaj in preusmerjeni boste na to spletno stran.\">\n\t\tObletnica poroke: se izvaja za dva na dan obletnice njune poroke\t<\/a>\n\t\n<p>Enodnevna Yagya: nivoji : $1,500 | $3,000<br \/>\nDvodnevna Yagya: nivoji : $2,000 | $3,500<br \/>\nTridnevna Yagya: nivoji : $2,500 | $4,000<\/p>\n<li>\t<a href=\"https:\/\/sponsor.specialyagyas.org\/newborn.php?site=vp\" class=\"tooltipster\" title=\"Specialne jagje upravlja Brahmananda Saraswati Yagya sklad, ki je registriran v ZDA kot dobrodelni sklad. Kliknite tukaj in preusmerjeni boste na to spletno stran.\">\n\t\tRojstvo otroka: se izvaja za otroka 40 dni po rojstvu\t<\/a>\n\t\n<p>Enodnevna Yagya: nivoji : $1,000 | $2,500<br \/>\nDvodnevna Yagya: nivoji : $1,500 | $3,000<br \/>\nTridnevna Yagya:: nivoji : $2,000 | $3,500\n<\/ul>\n<\/div><\/div>\n<div class=\"grid grid-desktop-50 grid-mobile-100\"><div class=\"holder\"><p><img loading=\"lazy\" decoding=\"async\" class=\"alignleft size-full wp-image-423\" src=\"\/wp-content\/uploads\/2014\/04\/pandits_5320.jpg\" alt=\"pandits_5320\" width=\"432\" height=\"326\" srcset=\"https:\/\/donation.vedicpandits.org\/wp-content\/uploads\/2014\/04\/pandits_5320.jpg 432w, https:\/\/donation.vedicpandits.org\/wp-content\/uploads\/2014\/04\/pandits_5320-300x226.jpg 300w\" sizes=\"auto, (max-width: 432px) 100vw, 432px\" \/><\/p>\n<\/div><\/div>\n<\/div>\n<p>Donacije za program specialnih jagij gredo na Brahmananda Saraswati Yagya Foundation, ki je ameri\u0161ka neprofitna izobra\u017eevalna organizacija.<br \/>\n<div class=\"border-line\">&nbsp;<\/div>\n<h4>KAKO NARO\u010cITI JAGJO<\/h4>\n<p>Naro\u010diti Mahari\u0161ijevo jagjo za posebne prilo\u017enosti je zelo preprosto. Celotno naro\u010dilo in pla\u010dilo se lahko izpolni preko internetne strani. Kliknite na spodnji oran\u017eni napis &#8216;Naro\u010di jagjo za posebne prilo\u017enosti&#8217;.<\/p>\n<p><strong>Prosimo, izpolnite in oddajte svoje naro\u010dilo vsaj en teden pred izvedbo. <\/strong> Potrebovali bomo va\u0161 natan\u010den rojstni datum in uro ter kraj rojstva. <\/p>\n<p>Za ve\u010d podatkov, prosimo, preglejte na\u0161a Pogosta vpra\u0161anja na dnu te strani. \u010ce imate kakr\u0161nokoli vpra\u0161anje, nas kontaktirajte: <a href=\"mailto:specialyagyas@vedicpandits.org\">specialyagyas@vedicpandits.org<\/a><\/p>\n<p>Sprejemamo pla\u010dila preko: Visa, MasterCard, American Express in PayPal.<br \/>\n<div class=\"border-line\">&nbsp;<\/div>\n\t<p style=\"text-align: center\">\n\t\t<a href=\"https:\/\/sponsor.specialyagyas.org\/apply.php?site=vp\"   class=\"btn btn-large tooltipster\" title=\"Specialne jagje upravlja Brahmananda Saraswati Yagya sklad, ki je registriran v ZDA kot dobrodelni sklad. Kliknite tukaj in preusmerjeni boste na to spletno stran.\"> > \n\t\t\tPRIJAVI SPECIALNO JAGJO\t\t<\/a>\n\t<\/p>\n\n\t\n<div class=\"border-line\">&nbsp;<\/div>\n<div class=\"box-quote\">\n<p><strong>Vse je bilo tako nenaporno <\/strong><br \/>\u201cPresene\u010den sem bil nad mo\u010dnim ob\u010dutkom, da je za moj rojstni dan vse okoli mene delovalo tako nenaporno, mirno in mehko. Bil je opazno duga\u010den od ostalih rojstnih dni. Hvala tistim, ki ste to organizirali.\u201d<br \/>Kanada<\/p>\n<\/div>\n<div class=\"accordion\"><div class=\"accordion-entry\"><em><a href=\"#\">&gt; Izku\u0161nje po Specialni jagji<\/a><\/em><div class=\"hidden-content\">\n<div class=\"box-quote\">\n<p><strong>Najbolj sre\u010den, odkar pomnim <\/strong><br \/>&#8220;Nekateri nere\u0161eni problemi so se za\u010deli premikati v pravo smer. Za ta svoj rojstni dan sem bil najbolj sre\u010den, odkar pomnim. Cel teden sama praznovanja, kar se mi ni zgodilo niti kot najstniku v mojih zvezdni\u0161kih dneh. Zelo sem zadovoljen z rezultati te izvedbe. Komaj \u010dakam naslednji rojstni dan&#8221;<br \/>Italjia<\/p>\n<p><strong>Po\u010dutil sem se bla\u017eeno <\/strong><br \/>\u201cNedvomno je po jagji pri\u0161lo do spremembe zavesti. Po\u010dutil sem se res bla\u017eeno. Zdaj se veselim rojstnodnevne jagje vsako leto.\u201d<br \/>Velika Britanija<\/p>\n<p><strong>Kozmi\u010dni nasmeh<\/strong><br \/>\u201cIzku\u0161nja je res kozmi\u010dna in zdru\u017euje vse nivoje \u010dlove\u0161kega obstoja v kozmi\u010dni nasmeh. Po\u010duti\u0161 se, kot bi te potresli z zlatim prahom. Hvala vsem vedskim panditom, ki izvajajo jagje in celotni vedski tradiciji, ki nam je prenesla to bo\u017eansko popolno znanje\u201d<br \/>Srbija<\/p>\n<p><strong>Bila je \u010dudovita izku\u0161nja <\/strong><br \/>\u201cTo je bila moja prva Mahari\u0161i jagja in izku\u0161nja je bila \u010dudovita. Vsako leto nameravam naro\u010diti eno. Za\u010delo se je v no\u010di pred rojstnim dnem, ko sem \u010dutil mo\u010dne valove bla\u017eenosti. Od takrat naprej se je precej problemov, ki sem jih imel \u017ee dolgo \u010dasa, razre\u0161ilo (kar je res olaj\u0161anje) in po\u010dutil sem se bla\u017een in zadovoljen. \u010ce v vsakodnevnem \u017eivljenju naletim na te\u017eave, se enostavneje razre\u0161ijo in v delovanju sem bolj u\u010dinkovit. Hvala, ker ste omogo\u010dili te jagje.\u201d<br \/>Kanada<\/p>\n<p><strong>Vpliv je bil o\u010diten<\/strong><br \/>\u201cNismo pri\u010dakovali, da bo jagja delovala na nas tako neposredno, a vpliv je bil o\u010diten. Spominjalo me je na dolg bivalni te\u010daj. Te\u017eko je opisati, a nemogo\u010de zgre\u0161iti.\u201d<br \/>ZDA<\/p>\n<p><strong>Zgodilo se je nekaj res posebnega <\/strong><br \/>\u201cTakoj ko sem pla\u010dal za jagjo ob obletnici poroke, se je zgodilo nekaj res posebnega v najinem odnosu. Zdaj je, kot bi bilo vse \u010disto in jasno. Neverjetno je, da jagja lahko deluje, \u017ee ko samo izvr\u0161imo pla\u010dilo.\u201d<br \/>Nizozemska<\/p>\n<p><strong>Zasidrana v Absolutu <\/strong><br \/>\u201cOba sva ves \u010das \u010dutila, da sva zasidrana v Absolutu: ob\u010dutek, da sva nepremi\u010dna &#8211; resni\u010dno.<br \/>\nNi potrebno posebej poudariti, da se \u017ee veseliva naslednje.\u201d<br \/>ZDA<\/p>\n<p><strong>Jagja je odpihnila utrujenost in strah<\/strong><br \/>&#8220;Jagja za darilo za rojstni dan pri mojih \u201csladkih \u0161esdesetih\u201d je bila zelo dobra odlo\u010ditev. Ta dan sem imel lepe izku\u0161nje. Po\u010dutil sem se zelo sre\u010dnega in vse moje aktivnosti so potekale bolj gladko, bolj tiho in spro\u0161\u010deno kot obi\u010dajno. \u0160e vedno sem poln upanja in vse moje dnevne aktivnosti so podprte. Najbolje pa je, da je moje srce vedno bolj odprto in meditacija globja kot kadarkoli prej. Zdi se, da je jagja odpihnila utrujenost in strah iz preteklosti, ni ju ve\u010d. Zato res priporo\u010dam vsem, da si privo\u0161\u010dijo rojstnodnevno jagjo!&#8221;<br \/>Nem\u010dija<\/p>\n<p><strong>\u017divljenje te\u010de bolj mehko<\/strong><br \/>\u201cU\u010dinek jagje je neverjeten \u2013 mnogi, s katerimi sem govoril, so imeli enako kvaliteto izku\u0161nje kot jaz.<br \/>\n\u017divljenje te\u010de popolnoma mehko, s stalno podporo Narave, na majhnih in velikih poteh se zapornice dvigajo. Po\u010dutim se pomirjen z vsem\u201d<br \/>ZDA<\/p>\n<a href=\"#\" class=\"close\">Close Section<\/a><\/div><\/div>\n<\/div><\/div>\n<div class=\"border-line\">&nbsp;<\/div>\n<a id=\"jhagelin\"><\/a><br \/>\n<div class=\"grid-holder\">\n<div class=\"grid grid-desktop-50 grid-mobile-100\"><div class=\"holder\">\t<a href=\"https:\/\/donation.vedicpandits.org\/sl\/yagya\/special-yagya\/?image_video=https%3A%2F%2Fvimeo.com%2F80285421\" class=\"video-link \"><img loading=\"lazy\" decoding=\"async\" class=\"alignnone size-full wp-image-285\" src=\"https:\/\/donation.vedicpandits.org\/wp-content\/uploads\/2023\/02\/J_Hagelin_what-is-Yagya_video-600x321-1.png\" alt=\"yagya_hagelin_1web1\" width=\"432\" height=\"242\" \/><\/a>\n\n\t\n\t<a href=\"https:\/\/donation.vedicpandits.org\/sl\/yagya\/special-yagya\/?image_video=https%3A%2F%2Fvimeo.com%2F80285421\" class=\"video-link no-pointer\"><em>&gt; Video 1: What is Maharishi Yagya?<\/em><\/a>\n\n\t\n<\/div><\/div>\n<div class=\"grid grid-desktop-50 grid-mobile-100\"><div class=\"holder\"><h4>KAJ JE JAGJA Mahari\u0161i ?<\/h4>\n<p>Mahari\u0161i Mahe\u0161 Jogi je posvetil mnogo let pazljivemu in sistemati\u010dnemu o\u017eivljanju jagij, tako da je obnovil to starodavno tehnologijo do njene polne mo\u010di. O\u017eivil je bistveno razumevanje vedskih manter, ki morajo biti projicirane iz zavesti, osnovane na (transcendentalnem) nivoju govora, kjer je povezava med zvokom in obliko \u2013 med \u017eeljo in izpolnitvijo \u017eelje \u2013 tesna in zelo mo\u010dna.<br \/>\nMahari\u0161ijevi Vedski Panditi skozi dnevno izvajanje TM in TM-Sidhi programa izku\u0161ajo globoko ustaljeno stanje zavedanja. Tako o\u017eivijo transcendentni izvor govora pred recitacijo in izvajanjem jagje. Mahari\u0161ijevi vedski panditi skozi izjemno zahtevno in ob\u0161irno \u0161olanje. Ve\u010d desetletij je Mahari\u0161i tesno sodeloval z zelo cenjenimi mojstri panditi po vsej Indiji in z njimi prenovil in vpeljal odli\u010den sistem izobra\u017eevanja panditov. To izobra\u017eevanje jih u\u010di pravilne prakse in izgovorjave z vso tradicionalno u\u010dinkovitostjo. For a more complete explanation, listen to John Hagelin, Ph.D., a world-renowned quantum physicist, educator, public policy expert, and leading proponent of peace.<\/p>\n<\/div><\/div>\n<\/div>\n<div class=\"border-line\">&nbsp;<\/div>\n<div class=\"accordion\"><div class=\"accordion-entry\"><em><a href=\"#\">&gt; Pogosto zastavljena vpra\u0161anja o osebnih jagjah:<\/a><\/em><div class=\"hidden-content\">\n<p>ALI OBSTAJA POSEBNA JAGJA ZA ZDRAVJE?<br \/>\nMahari\u0161i specialna jagja za zdravje ne obstaja. Specialne jagje so oblikovane tako, da nudijo vsesplo\u0161en razcvet posameznikovega \u017eivljenja in pospe\u0161itev evolucije. Posebne jagije niso narejene zato, da bi naslovile specifi\u010dne probleme kot sta, na primer osebno zdravje ali zdravstvena operacija.<\/p>\n<p>KAKO SO TRENIRANI MAHARI\u0160IJEVI VEDSKI PANDITI?<br \/>\nTrening se za\u010dne v zgodnjih letih, ko se otroci za\u010dnejo u\u010diti od svojih star\u0161ev. Mladi fantje iz dru\u017ein panditov se pri pribli\u017eno desetih letih vklju\u010dijo v Mahari\u0161ijev formalni trening v lokalnem okolju v enem od mnogih \u201cGuru Gi\u201d trening centrov. Pri pribli\u017eno \u0161tirinajstih letih se mladi bodo\u010di panditi preselijo v bivalni izobra\u017eevalni kampus v razli\u010dne dele dr\u017eave. Od tam se na\u010deloma selijo naprej v enega od glavnih kampusov za Mahari\u0161ijeve vedske pandite. Panditi so vsi vpisani na Maharishi Mahesh Yogi Vedic Vishwavidyaleya, uradno dr\u017eavno univerzo. Njihov sistemati\u010dni trening izobra\u017eevanja poteka do vklju\u010dno doktorata znanosti. Vsi na\u0161i panditi vadijo Transcendentalno meditacijo in TM-Sidi program. <\/p>\n<p>KAJ NAREDITI, \u010cE NE VEMO NATAN\u010cNEGA \u010cASA ROJSTVA?<br \/>\nProsimo, poskusite dolo\u010diti \u010das rojstva \u010dim bolj to\u010dno. \u010ce ne poznate to\u010dnega \u010dasa, potem je tudi pribli\u017eni \u010das sprejemljiv.<\/p>\n<p>ALI JE BOLJE NARO\u010cITI SPECIALNO JAGJO ALI PRISPEVATI ZA NACIONALNO JAGJO?<br \/>\nObe mo\u017enosti sta \u010dudoviti in pri obeh direktno podpirate velike skupine Mahari\u0161ijevih vedskih panditov. Odvisno je od \u017eelja donatorja. Pri nacionalni jagji donator podpira svojo dr\u017eavo in vzporedno s to namero tudi samega sebe. Pri specialni jagji je glavni cilj korist udele\u017eenca. Idealno bi bilo, \u010de bi si donator naro\u010dil specialno jagjo enkrat ali dvakrat na leto, medtem ko bi skozi vse leto mese\u010dno prispeval k nacionalni jagji, pa\u010d glede na svoje finan\u010dne zmo\u017enosti.<\/p>\n<p>KAM GREDO DONACIJE?<\/p>\n<p>Donacije za program specialnih jagij gredo na Brahmananda Saraswati Yagya Foundation, ki je neprofitna izobra\u017eevalna organizacija pod Section 501(c)(3) (of the U.S. Internal Revenue Code).<\/p>\n<p>Sredstva, namenjena za specialne jagje gredo neposredno za podporo Mahari\u0161ijevih vedskih panditov.<\/p>\n<p> Za slovenske davkopla\u010devalce se donacije lahko uveljavlja kot dav\u010dno olaj\u0161avo. Za vsako donacijo vam bo poslan ra\u010dun. <\/p>\n<p>Za uveljavljanje dav\u010dnih olaj\u010dav v drugih dr\u017eavah se, prosimo, posvetujte z va\u0161im dav\u010dnim svetovalcem. \u010ce imate dodatna vpra\u0161anja, vam bo z veseljem pomagal va\u0161 nacionalni ambasador. Za kontaktne informacije, prosimo, poglejte >O nas\/Na\u0161a mednarodna mre\u017ea ambasadorjev.<\/p>\n<a href=\"#\" class=\"close\">Close Section<\/a><\/div><\/div>\n<\/div>\n","protected":false},"excerpt":{"rendered":"<p>Mahari\u0161ijeve jagje za posebne prilo\u017enosti Kot vse Mahari\u0161ijeve jagje, so specialne jagje prvenstveno namenjene ustvarjanju mira in obilja za na\u0161o svetovno dru\u017eino. Dodatno pa se proslavlja donor, ki je vpla\u010dal te jagje, z o\u017eivljanjem blagoslovov narave za njega in njegove dru\u017eine na razli\u010dnih podro\u010djih \u017eivljenja. Mahari\u0161i je ustvaril edinstven izbor specialnih jagij, ki prejemniku prinesejo [&hellip;]<\/p>\n","protected":false},"author":3,"featured_media":75968,"parent":4538,"menu_order":2,"comment_status":"open","ping_status":"closed","template":"","meta":{"om_disable_all_campaigns":false,"_monsterinsights_skip_tracking":false,"_monsterinsights_sitenote_active":false,"_monsterinsights_sitenote_note":"","_monsterinsights_sitenote_category":0,"footnotes":""},"class_list":["post-4547","page","type-page","status-publish","has-post-thumbnail","hentry"],"_links":{"self":[{"href":"https:\/\/donation.vedicpandits.org\/sl\/wp-json\/wp\/v2\/pages\/4547","targetHints":{"allow":["GET"]}}],"collection":[{"href":"https:\/\/donation.vedicpandits.org\/sl\/wp-json\/wp\/v2\/pages"}],"about":[{"href":"https:\/\/donation.vedicpandits.org\/sl\/wp-json\/wp\/v2\/types\/page"}],"author":[{"embeddable":true,"href":"https:\/\/donation.vedicpandits.org\/sl\/wp-json\/wp\/v2\/users\/3"}],"replies":[{"embeddable":true,"href":"https:\/\/donation.vedicpandits.org\/sl\/wp-json\/wp\/v2\/comments?post=4547"}],"version-history":[{"count":32,"href":"https:\/\/donation.vedicpandits.org\/sl\/wp-json\/wp\/v2\/pages\/4547\/revisions"}],"predecessor-version":[{"id":76028,"href":"https:\/\/donation.vedicpandits.org\/sl\/wp-json\/wp\/v2\/pages\/4547\/revisions\/76028"}],"up":[{"embeddable":true,"href":"https:\/\/donation.vedicpandits.org\/sl\/wp-json\/wp\/v2\/pages\/4538"}],"wp:featuredmedia":[{"embeddable":true,"href":"https:\/\/donation.vedicpandits.org\/sl\/wp-json\/wp\/v2\/media\/75968"}],"wp:attachment":[{"href":"https:\/\/donation.vedicpandits.org\/sl\/wp-json\/wp\/v2\/media?parent=4547"}],"curies":[{"name":"wp","href":"https:\/\/api.w.org\/{rel}","templated":true}]}}