{"id":4596,"date":"2015-01-15T14:34:07","date_gmt":"2015-01-15T14:34:07","guid":{"rendered":"https:\/\/vedicpandits.org\/?page_id=4596"},"modified":"2015-07-09T11:54:36","modified_gmt":"2015-07-09T11:54:36","slug":"testimonials","status":"publish","type":"page","link":"https:\/\/donation.vedicpandits.org\/sl\/testimonials\/","title":{"rendered":"Testimonials"},"content":{"rendered":"<h4 id=\"testimonials\">KDO PREJME U\u010cINKE NACIONALNIH JAGIJ<\/h4>\n<p style=\"text-align: left;\"> Med nacionalno jagjo, zaradi va\u0161e podpore dobi dobrobiti va\u0161 narod in v skladu za zakonom &#8220;Kako si posejal, tako bo\u0161 po\u017eel&#8221;, boste tudi vi opazili dobrobiti. V starodavni vedski tradiciji je bilo re\u010deno, da so pla\u010dniki jagij tisti, ki dobijo dobrobiti. Spodaj so izku\u0161nje tistih, ki so podprli nacionalne jagje.\n<\/p>\n<div class=\"box-quote\">\n<p><strong>Ob\u010dutil sem manj upora in ve\u010d bla\u017eenosti <\/strong><br \/> \u201cKo sem imel nacionalno jagjo, sem ob\u010dutil, da imajo moja predavanja kvaliteto brezupornega toka. Ob\u010dutil sem manj upora in ve\u010d bla\u017eenosti, ko sem predaval. Na osebnem nivoju sem ob\u010dutil, da so moji odnosi v tem \u010dasu postali bogatej\u0161i. Zelo priporo\u010dam izvajanje nacionalne jagje za podporo vsem va\u0161im aktivnostim v \u017eivljenju.\u201d<br \/> \u2014 Norve\u0161ka<\/p>\n<p><strong>\u017divljenje je bilo tako prijazno z mano <\/strong><br \/> \u201cNajlep\u0161a hvala nacionalnim jagjam. U\u017eivali smo najbolj miren avgust v Tajvanu od leta 1947. V avgustu 2014 ni bilo tajfunov. Za vremenoslovce je to neverjetno! \u017divljenje je bilo tako prijazno z mano in le u\u017eivam v vsem, kar po\u010dnem. Verjamem, da gre zasluga za to nacionalnim jagjam, ki smo jih imeli za Tajvan. Vse je postalo tako nenaporno zame, le prepustim se toku moje darme in dose\u017eem vse, kar si za\u017eelim, eno za drugim v popolnem zaporedju. Nove mo\u017enosti se kar pojavljajo, imam tudi vedno bolj\u0161e prihodke.\u201d<br \/> \u2014 Tajvan<\/p>\n<p><strong>Po\u010dutim se za\u0161\u010ditenega <\/strong><br \/> \u201cImam izku\u0161njo globoke povezanosti s skupino Mahari\u0161ijevih vedskih panditov v Bramastanu. Po\u010dutim se za\u0161\u010ditenega, po\u010dutim se, da nisem prepu\u0161\u010den te\u017ekim \u010dasom kot list v vetru, kot sem bil prej. Preko mene gre ta za\u0161\u010dita in bla\u017eenost do moje dru\u017eine in bli\u017enjih prijateljev ter njihovih dru\u017ein. Sam izku\u0161am direktne dobrobiti tega projekta, po\u010dutim pa se tudi kot del velike globalne dru\u017eine. \u010cutim direktne dobrobiti skupine Mahari\u0161ijevih vedskih panditov za ves svet.\u201d<br \/> \u2014 Srbija<\/p>\n<p><strong>Po treh tednih so mi zvi\u0161ali pla\u010do <\/strong><br \/> \u201cV za\u010detku januarja sem naro\u010dil jagjo za blaginjo vseh zaposlenih v podjetju, v katerem delam. Tri tedne kasneje so mi zvi\u0161ali pla\u010do za 12% bruto! In to v teh \u010dasih! Jagja, ki sem jo naro\u010dil za podjetje, se mi je kmalu povrnila!\u201d<br \/> \u2014 Nizozemska<\/p>\n<\/div>\n<div class=\"accordion\"><div class=\"accordion-entry\"><em><a href=\"#\">&gt; Read More IZKU\u0160NJE IZ PRVE ROKE O U\u010cINKIH NACIONALNIH JAGIJ<\/a><\/em><div class=\"hidden-content\">\n<div class=\"box-quote\">\n<p><strong>\u010cutim ve\u010d podpore <\/strong><br \/>\u201cVsaki\u010d, ko lahko podprem Mahari\u0161ijeve vedske pandite s svojimi donacijami in donacijami moje dru\u017eine, \u010dutim ve\u010d podpore na razli\u010dnih podro\u010djih mojega \u017eivljenja, ki nara\u0161\u010da kot sne\u017ena kepa. Ta podpora se steka tudi k meni dragim ljudem, da smo kot majhna bla\u017eena reka, ki prispeva k rasti bla\u017eenosti vse okrog nas. \u0160e enkrat hvala, da ste nam pomagali prispevati k tem velikim dose\u017ekom.\u201d<br \/>\u2014 Francija<\/p>\n<p><strong>Moja dru\u017eina je bla\u017eena <\/strong><br \/>&#8220;Vsekakor je u\u017eitek biti zraven pri odstranjevanju negativnosti in narediti svet lep\u0161i za \u017eivljenje. Lahko vam zagotovim, da se danes po\u010dutim \u010darobno in bla\u017eeno, ker sem dobil, kar sem iskal in sem kon\u010dno na\u0161el. Res je lep ob\u010dutek, ki ga ne morem razlo\u017eiti, a odseva neprekinjeno pozitivno energijo. Moja dru\u017eina je bla\u017eena in \u017eanje koristi bolj\u0161ega \u017eivljenja skozi nove kariere in izbolj\u0161ane talente. Bog blagoslovi Mahari\u0161ijeve vedske pandite in najlep\u0161a hvala za Nacionalne jagje.&#8221;<br \/>\u2014 Trinidad in Tobago<\/p>\n<p><strong>\u017divljenje je druga\u010dno<\/strong><br \/>\u201cMoji prispevki prvim nacionalnim jagjam so bili skromni, a vsak mesec sem \u010dutil ve\u010d podpore Narave. Problemi in nazadovanja so se re\u0161evali, kot sem si jaz \u017eelel. Nastajale so nove prilo\u017enosti. Moji prispevki so se po\u010dasi zvi\u0161evali in v zadnji treh mesecih sem jih vsak mesec podvojil. Prej\u0161nji mesec sem lahko doniral $1.250-in to je bila res sprememba, z mojim imenom v jagji. To je druga\u010dno \u017eivljenje.\u201d<br \/>\u2014 ZDA<\/p>\n<p><strong>Po tej jagji je na\u0161 posel mo\u010dno narasel <\/strong><br \/>\u201cNaro\u010dil sem nacionalno jagjo za Novo Zelandijo, za mojo nacijo, za mojo dru\u017eino in za na\u0161 posel. Recesija je, predvsem v letu 2011, mo\u010dno prizadela vse tudi na\u0161 posel. Po tej jagji je na\u0161 posel mo\u010dno narasel! Morali smo celo zavrniti posel &#8211; to se ni prej \u0161e NIKOLI zgodilo.\u201d <br \/>\u2014 Nova Zelandija<\/p>\n<p><strong>kot osnovni del na\u0161ega poslovanja <\/strong><br \/>\u201cU\u017eivali smo ve\u010dji uspeh v na\u0161em poslovanju in resni\u010dno povezanost z zakoni Narave. To je \u0161e eno Mahari\u0161ijevo krasno darilo, ki ga zdaj jemljemo kot osnovni del na\u0161ega poslovanja.\u201d \u2014 ZDA<\/p>\n<p><strong>Life as it was meant to be<\/strong><br \/>\u201cMy body, emotions and daily activities seem more fluid and easy during the Yagyas. Even the most challenging situations, whether personal or with work or family, seemed to sort themselves out effortlessly. This is life as it was meant to be.\u201d <br \/>\u2014 USA<\/p>\n<p><strong>Vse te\u010de gladko <\/strong><br \/>\u201cPredvsem med mojimi programi v domu sem ugotovil, da od za\u010detka Mahari\u0161ijevih nacionalnih jagij, vse poteka gladko brez ve\u010djih pretresov, tudi ob dramati\u010dnih zapletih v na\u0161em \u017eivljenju. U\u010dinek je precej bolj globok kot se zavedamo in to spoznanje me navdaja s hvale\u017enostjo in radostjo.\u201d<br \/>\u2014 Nizozemska<\/p>\n<\/div>\n<a href=\"#\" class=\"close\">Close Section<\/a><\/div><\/div>\n<\/div>\n<div class=\"border-line\">&nbsp;<\/div>\n<div class=\"grid-holder\">\n<div class=\"grid grid-desktop-50 grid-mobile-100\"><div class=\"holder\"><h4 id=\"testimonials\">SPREMEMBE V DR\u017dAVI<\/h4>\n<p>Spodaj lahko preberete o spremembah gospodarski in politi\u010dni situaciji v dr\u017eavi med izvajanjem nacionalne jagje. Nacionalne jagje se izvajajo s s posebnim namenom, ki ga izbere dr\u017eava. Primeri posebnih namenov so: gospodarski razvoj, izbolj\u0161anje zdravja, sklad v dr\u017eavi ali zmanj\u0161anje te\u017eav kot so: naravne nesre\u010de, nasilje ali gospodarstvo v te\u017eavah. Lahko se odlo\u010dite in vpla\u010date celotni znesek nacionalno jagjo. V tem primeru boste vi ali va\u0161e podjetje omenjeni v jagji in lahko sami izberete namen jagje.<\/p>\n<\/div><\/div>\n<div class=\"grid grid-desktop-50 grid-mobile-100\"><div class=\"holder\"><p><img loading=\"lazy\" decoding=\"async\" class=\"alignright wp-image-2189\" src=\"\/wp-content\/uploads\/2015\/01\/testimonial_sized_small-300x226.jpg\" alt=\"testimonial_sized_small\" width=\"376\" height=\"284\" srcset=\"https:\/\/donation.vedicpandits.org\/wp-content\/uploads\/2015\/01\/testimonial_sized_small-300x226.jpg 300w, https:\/\/donation.vedicpandits.org\/wp-content\/uploads\/2015\/01\/testimonial_sized_small.jpg 408w\" sizes=\"auto, (max-width: 376px) 100vw, 376px\" \/><\/p>\n<\/div><\/div>\n<\/div>\n<div class=\"box-quote\">\nLIBANON 2014<br \/>\n\u201cMislim, da so vsi sli\u0161ali za teroriste v Siriji in v zadnjem \u010dasu tudi v Iraku. Ti so naznanili, da bodo napadli nekaj mest v Libanonu. V zadnjih 10 dneh so pripravljali tri napade, a so vsi propadli, ker sta jih vojska in policija pravo\u010dasno razkrili. V novicah so poro\u010dali: Libanon je bil re\u0161en \u017ee pred tretjim teroristi\u010dnim napadom, tega se ne da pojasniti; to je bo\u017eja pomo\u010d. Do\u017eiveli smo \u017ee ve\u010d tak\u0161nih situacij. To ni bilo prvi\u010d. Ta za\u0161\u010dita Libanona je jasna posledica nakopi\u010denega u\u010dinka Mahari\u0161ijevih nacionalnih jagij v zadnjih treh letih. Nacionalno jagjo imamo v vsakem jagja ciklu &#8211; dvakrat mese\u010dno. Tako bomo tudi nadaljevali, da bo Libanon vedno za\u0161\u010diten. Vse zahvale Mahari\u0161ijevim programom in Mahari\u0161ijevim vedskim panditom v Bramastanu Indije.\u201d<br \/><em>Salim Haddad &#8211; Ambasador Libanona<\/em><\/p>\n<p>SRBIJA 2014<br \/>\n&#8220;Srbija je pred nekaj meseci do\u017eivela obse\u017ene uni\u010dujo\u010de poplave. Prijazni donatorji z nepri\u010dakovano pomo\u010djo pri nacionalnih jagjah so pri\u0161li tik pred napovedanimi naslednjimi poplavami. Po tem so politiki presene\u010deno govorili, kak\u0161no sre\u010do smo imeli, ker nas drugi val poplav ni zajel. Mi smo bili edini, ki smo vedeli, da so to sre\u010do prinesle Mahari\u0161ijeve nacionalne jagje.&#8221;<br \/><em>Voja Trajkovic &#8211; ambasador Srbije<\/em><\/p>\n<p>KOLUMBIJA 2013<br \/>\n&#8220;Mahari\u0161ijeve nacionalne jagje so ena najve\u010djih blagoslovov, ki smo jih dobili. Presene\u010deni smo nad odli\u010dnimi izku\u0161njami meditantov in sidh, posebej donatorjev, med in po izvajanju. Tudi celotna dr\u017eava u\u017eiva pove\u010dano stopnjo koherence in podporo na razli\u010dnih podro\u010djih nacionalnega \u017eivljenja. V novicah vidimo, kako se poseben namen ali sankalpa nacionalnih jagij odra\u017ea v primernih odlo\u010ditvah voditeljev dr\u017eave. \u010cutimo, da je Mahari\u0161ijev program nacionalnih jagij mo\u010dna tehnika, ki uporablja neskon\u010dno mo\u010d organizacije naravnih zakonov, tako nacionalno, kot tudi na specifi\u010dnih podro\u010djih. Nadvse smo hvale\u017eni Mahari\u0161iju in Guru Devu, ki sta nam omogo\u010dila, da te mo\u010dne tehnologije pozitivno vplivajo na trende tega \u010dasa.&#8221;<br \/><em>Paul Fabre &#8211; Ambasador Kolumbije<\/em>\n<\/div>\n<div class=\"accordion\"><div class=\"accordion-entry\"><em><a href=\"#\">&gt; Read More Reports of the Benefits from Countries who have Sponsored National Yagyas<\/a><\/em><div class=\"hidden-content\">\n<div class=\"box-quote\">\nVELIKA BRITANIJA, 2013<br \/>\nIzjemen ekonomski napredek Velike Britanije je popolnoma zmedel napovedi bankirjev in ekonomistov. Veliko je napredka tudi na vseh drugih podro\u010djih.<\/p>\n<p>PORTUGAL, 2012<br \/>\nThere was a mass uprising against a new and harsh \u2018single social tax\u2019. After the performance of a National Yagya this was resolved in a completely remarkable non-violent, nationally unifying and peaceful way.<\/p>\n<p>Libanon, 2012<br \/>\nRedne nacionalne jagje so se za\u010dele v januarju 2011. Napetosti in notranja nasprotja so bili nepomembni, ve\u010d poskusov politi\u010dnih atentatov ni uspelo, teroristi\u010dni poskusi so bili odkriti ter prepre\u010deni in ni bilo oboro\u017eenih spopadov. Donatorji jagje poro\u010dajo o krasnih osebnih koristih. Celo libanonski predsednik je rekel:\u201d Libanon \u017eivi v stanju nepri\u010dakovane stabilnosti od januarja 2011 do zdaj\u201d.<\/p>\n<p>ZDA, 2012<br \/>\nNacionalne jagje, posebej izvedene za de\u017e, so prinesle padavine po su\u0161nih predelih po dr\u017eavi, stabilno izbolj\u0161evanje ekonomske rasti, ki zdaj zna\u0161a 3,1%, manj\u0161o nezaposlenost, vi\u0161ji industrijski donos, razcvet potro\u0161ni\u0161kega zaupanja, mirne in koherentne volitve in celo groze\u010di 21. december je minil zelo pozitivno.<\/p>\n<p>Gana 2012<br \/>\n\u201cPo\u0161iljam vam to novico, po zadnji jagji za dr\u017eavo. Zadnje volitve v Gani so bile opisane kot najbolj\u0161e in najbolj mirne v zgodovini dr\u017eave. Ta novica se je raz\u0161irila tudi izven Afrike. Hvale\u017eni smo Mahari\u0161iju, da nam je predal to krasno znanje. \u017delimo si tudi vsaj malo prispevati k miru.\u201c<br \/>\nNacionalni direktor Gane\n<\/div>\n<a href=\"#\" class=\"close\">Close Section<\/a><\/div><\/div>\n<\/div>\n<div class=\"border-line\">&nbsp;<\/div>\n<div class=\"grid-holder\">\n<div class=\"grid grid-desktop-50 grid-mobile-100\"><div class=\"holder\"><h4 id=\"testimonials\">U\u010cINKI &#8211; SPECIALNE JAGJE<\/h4>\n<p>Specialne jagje se razlikujejo od nacionalnih jagij. Mahari\u0161i je oblikoval niz specialnih jagij, ki se izvajajo ob pomembnih in prehodnih trenutkih osebnega \u017eivljenja. <a title=\"Special Yagya page\" href=\"https:\/\/donation.vedicpandits.org\/sl\/yagya\/special-yagya\/\">Specialne jagje<\/a> so:<\/p>\n<ul>\n<li>ROJSTNI DAN: se izvaja za enega \u010dloveka na njen ali njegov rojstni dan<\/li>\n<li>POROKA: se izvaja za dva \u010dloveka na dan njune poroke<\/li>\n<li>OBLETNICA POROKE: se izvaja za dva na dan obletnice njune poroke<\/li>\n<li>ROJSTVO OTROKA: se izvaja za otroka 40 dni po rojstvu<\/li>\n<\/ul>\n<p>Below you can read about the experiences reported from recipients of Birthday and Wedding Anniversary Yagyas.<\/p>\n<\/div><\/div>\n<div class=\"grid grid-desktop-50 grid-mobile-100\"><div class=\"holder\"><p><img loading=\"lazy\" decoding=\"async\" class=\"alignright size-full wp-image-2345\" src=\"\/wp-content\/uploads\/2015\/01\/testimonials_specialyagya.jpg\" alt=\"testimonials_specialyagya\" width=\"408\" height=\"308\" srcset=\"https:\/\/donation.vedicpandits.org\/wp-content\/uploads\/2015\/01\/testimonials_specialyagya.jpg 408w, https:\/\/donation.vedicpandits.org\/wp-content\/uploads\/2015\/01\/testimonials_specialyagya-300x226.jpg 300w\" sizes=\"auto, (max-width: 408px) 100vw, 408px\" \/><\/p>\n<\/div><\/div>\n<\/div>\n<div class=\"box-quote\">\n<p><strong>Vse je bilo tako nenaporno <\/strong><br \/>\u201cPresene\u010den sem bil nad mo\u010dnim ob\u010dutkom, da je za moj rojstni dan vse okoli mene delovalo tako nenaporno, mirno in mehko. Bil je opazno duga\u010den od ostalih rojstnih dni. Hvala tistim, ki ste to organizirali.\u201d<br \/>Kanada<\/p>\n<p><strong>Najbolj sre\u010den, odkar pomnim <\/strong><br \/>&#8220;Nekateri nere\u0161eni problemi so se za\u010deli premikati v pravo smer. Za ta svoj rojstni dan sem bil najbolj sre\u010den, odkar pomnim. Cel teden sama praznovanja, kar se mi ni zgodilo niti kot najstniku v mojih zvezdni\u0161kih dneh. Zelo sem zadovoljen z rezultati te izvedbe. Komaj \u010dakam naslednji rojstni dan&#8221;<br \/>Italjia<\/p>\n<p><strong>Po\u010dutil sem se bla\u017eeno <\/strong><br \/>\u201cNedvomno je po jagji pri\u0161lo do spremembe zavesti. Po\u010dutil sem se res bla\u017eeno. Zdaj se veselim rojstnodnevne jagje vsako leto.\u201d<br \/>Velika Britanija<\/p>\n<p><strong>Kozmi\u010dni nasmeh<\/strong><br \/>\u201cIzku\u0161nja je res kozmi\u010dna in zdru\u017euje vse nivoje \u010dlove\u0161kega obstoja v kozmi\u010dni nasmeh. Po\u010duti\u0161 se, kot bi te potresli z zlatim prahom. Hvala vsem vedskim panditom, ki izvajajo jagje in celotni vedski tradiciji, ki nam je prenesla to bo\u017eansko popolno znanje\u201d<br \/>Srbija<\/p>\n<\/div>\n<div class=\"accordion\"><div class=\"accordion-entry\"><em><a href=\"#\">&gt; Izku\u0161nje po Specialni jagji<\/a><\/em><div class=\"hidden-content\">\n<div class=\"box-quote\">\n<p><strong>Bila je \u010dudovita izku\u0161nja <\/strong><br \/>\u201cTo je bila moja prva Mahari\u0161i jagja in izku\u0161nja je bila \u010dudovita. Vsako leto nameravam naro\u010diti eno. Za\u010delo se je v no\u010di pred rojstnim dnem, ko sem \u010dutil mo\u010dne valove bla\u017eenosti. Od takrat naprej se je precej problemov, ki sem jih imel \u017ee dolgo \u010dasa, razre\u0161ilo (kar je res olaj\u0161anje) in po\u010dutil sem se bla\u017een in zadovoljen. \u010ce v vsakodnevnem \u017eivljenju naletim na te\u017eave, se enostavneje razre\u0161ijo in v delovanju sem bolj u\u010dinkovit. Hvala, ker ste omogo\u010dili te jagje.\u201d<br \/>Kanada<\/p>\n<p><strong>Vpliv je bil o\u010diten<\/strong><br \/>\u201cNismo pri\u010dakovali, da bo jagja delovala na nas tako neposredno, a vpliv je bil o\u010diten. Spominjalo me je na dolg bivalni te\u010daj. Te\u017eko je opisati, a nemogo\u010de zgre\u0161iti.\u201d<br \/>ZDA<\/p>\n<p><strong>Zgodilo se je nekaj res posebnega <\/strong><br \/>\u201cTakoj ko sem pla\u010dal za jagjo ob obletnici poroke, se je zgodilo nekaj res posebnega v najinem odnosu. Zdaj je, kot bi bilo vse \u010disto in jasno. Neverjetno je, da jagja lahko deluje, \u017ee ko samo izvr\u0161imo pla\u010dilo.\u201d<br \/>Nizozemska<\/p>\n<p><strong>Zasidrana v Absolutu <\/strong><br \/>\u201cOba sva ves \u010das \u010dutila, da sva zasidrana v Absolutu: ob\u010dutek, da sva nepremi\u010dna &#8211; resni\u010dno.<br \/>\nNi potrebno posebej poudariti, da se \u017ee veseliva naslednje.\u201d<br \/>ZDA<\/p>\n<p><strong>Jagja je odpihnila utrujenost in strah<\/strong><br \/>&#8220;Jagja za darilo za rojstni dan pri mojih \u201csladkih \u0161esdesetih\u201d je bila zelo dobra odlo\u010ditev. Ta dan sem imel lepe izku\u0161nje. Po\u010dutil sem se zelo sre\u010dnega in vse moje aktivnosti so potekale bolj gladko, bolj tiho in spro\u0161\u010deno kot obi\u010dajno. \u0160e vedno sem poln upanja in vse moje dnevne aktivnosti so podprte. Najbolje pa je, da je moje srce vedno bolj odprto in meditacija globja kot kadarkoli prej. Zdi se, da je jagja odpihnila utrujenost in strah iz preteklosti, ni ju ve\u010d. Zato res priporo\u010dam vsem, da si privo\u0161\u010dijo rojstnodnevno jagjo!&#8221;<br \/>Nem\u010dija<\/p>\n<p><strong>\u017divljenje te\u010de bolj mehko<\/strong><br \/>\u201cU\u010dinek jagje je neverjeten \u2013 mnogi, s katerimi sem govoril, so imeli enako kvaliteto izku\u0161nje kot jaz.<br \/>\n\u017divljenje te\u010de popolnoma mehko, s stalno podporo Narave, na majhnih in velikih poteh se zapornice dvigajo. Po\u010dutim se pomirjen z vsem\u201d<br \/>ZDA<\/p>\n<a href=\"#\" class=\"close\">Close Section<\/a><\/div><\/div>\n<\/div>\n","protected":false},"excerpt":{"rendered":"<p>KDO PREJME U\u010cINKE NACIONALNIH JAGIJ Med nacionalno jagjo, zaradi va\u0161e podpore dobi dobrobiti va\u0161 narod in v skladu za zakonom &#8220;Kako si posejal, tako bo\u0161 po\u017eel&#8221;, boste tudi vi opazili dobrobiti. V starodavni vedski tradiciji je bilo re\u010deno, da so pla\u010dniki jagij tisti, ki dobijo dobrobiti. Spodaj so izku\u0161nje tistih, ki so podprli nacionalne jagje. [&hellip;]<\/p>\n","protected":false},"author":3,"featured_media":2394,"parent":0,"menu_order":0,"comment_status":"closed","ping_status":"closed","template":"","meta":{"om_disable_all_campaigns":false,"_monsterinsights_skip_tracking":false,"_monsterinsights_sitenote_active":false,"_monsterinsights_sitenote_note":"","_monsterinsights_sitenote_category":0,"footnotes":""},"class_list":["post-4596","page","type-page","status-publish","has-post-thumbnail","hentry"],"_links":{"self":[{"href":"https:\/\/donation.vedicpandits.org\/sl\/wp-json\/wp\/v2\/pages\/4596","targetHints":{"allow":["GET"]}}],"collection":[{"href":"https:\/\/donation.vedicpandits.org\/sl\/wp-json\/wp\/v2\/pages"}],"about":[{"href":"https:\/\/donation.vedicpandits.org\/sl\/wp-json\/wp\/v2\/types\/page"}],"author":[{"embeddable":true,"href":"https:\/\/donation.vedicpandits.org\/sl\/wp-json\/wp\/v2\/users\/3"}],"replies":[{"embeddable":true,"href":"https:\/\/donation.vedicpandits.org\/sl\/wp-json\/wp\/v2\/comments?post=4596"}],"version-history":[{"count":16,"href":"https:\/\/donation.vedicpandits.org\/sl\/wp-json\/wp\/v2\/pages\/4596\/revisions"}],"predecessor-version":[{"id":4598,"href":"https:\/\/donation.vedicpandits.org\/sl\/wp-json\/wp\/v2\/pages\/4596\/revisions\/4598"}],"wp:featuredmedia":[{"embeddable":true,"href":"https:\/\/donation.vedicpandits.org\/sl\/wp-json\/wp\/v2\/media\/2394"}],"wp:attachment":[{"href":"https:\/\/donation.vedicpandits.org\/sl\/wp-json\/wp\/v2\/media?parent=4596"}],"curies":[{"name":"wp","href":"https:\/\/api.w.org\/{rel}","templated":true}]}}