{"id":4691,"date":"2014-04-08T07:10:05","date_gmt":"2014-04-08T07:10:05","guid":{"rendered":"https:\/\/vedicpandits.org\/?page_id=4691"},"modified":"2024-06-12T14:51:18","modified_gmt":"2024-06-12T14:51:18","slug":"about-us","status":"publish","type":"page","link":"https:\/\/donation.vedicpandits.org\/sl\/about-us\/","title":{"rendered":"O NAS"},"content":{"rendered":"<h4>SKLAD IN FUNDACIJA<\/h4>\n<p>Zbiranje sredstev za skupino Mahari\u0161ijevih vedskih panditov organizirata in upravljata Brahmananda Saraswati sklad na Nizozemskem in Brahmananda Saraswati fundacija v ZDA.<\/p>\n<p>Naloga sklada in fundacije je nadzirati program zbiranja donacij po svetu, sprejemati donacije in upravljati investicije z doniranim denarjem. Skupaj narekujeta in nadzirata vse odlive k svojim partnerjem v Indiji in tako zagotavljata, da se cilji projekta uresni\u010dujejo. Sklad in fundacijo nadzira svet znanstvenikov, u\u010diteljev in poslovnih voditeljev s celotnega sveta.<\/p>\n<p>To organizacijo je ustanovil Mahari\u0161i Mahe\u0161 Jogi in jo poimenoval v \u010dast svojemu u\u010ditelju Guru Devu z &#8216;Brahmananda Saraswati&#8217;. Brahmananda Saraswati je eden od najbolj cenjenih duhovnih voditeljev v Indiji. Guru Dev je bil glavni predstavnik znanja vedske tradicije Indije (Shankaracharya iz Jyotir Math, Indija).<\/p>\n<div class=\"border-line\">&nbsp;<\/div>\n<div class=\"grid-holder grid-border-50\">\n<div class=\"grid grid-desktop-50 grid-mobile-100\"><div class=\"holder\"><h4>SKLAD BRAHMANANDA SARASWATI<\/h4>\n<p>Ustanovljen je bil na Nizozemskem leta 2008 kot neprofitna organizacija za dr\u017eave Evrope, Bli\u017enjega Vzhoda, Afrike in Azije. V ve\u010dini dr\u017eav se donacije lahko uveljavljajo kot dav\u010dna olaj\u0161ava. <\/p>\n<\/div><\/div>\n<div class=\"grid grid-desktop-50 grid-mobile-100\"><div class=\"holder\"><h4>FUNDACIJA BRAHMANANDA SARASWATI (ZDA)<\/h4>\n<p>Ustanovljena je bila leta 2008 kot neprofitna organizacija v Zdru\u017eenih dr\u017eavah Amerike. Za davkopla\u010devalce v ZDA se donacije lahko uveljavljajo kot dav\u010dna olaj\u0161ava.<\/p>\n<\/div><\/div>\n<\/div>\n<div class=\"border-line\">&nbsp;<\/div>\n<strong>Predsednik Fundacije Brahmananda Sarasvati<\/strong><\/p>\n<p><img loading=\"lazy\" decoding=\"async\" src=\"https:\/\/globalpeaceproject.net\/wp-content\/uploads\/2020\/08\/Dr._Tony_Nader4.png\" alt=\"\" width=\"125\" height=\"164\" class=\"alignleft size-full wp-image-359\" \/><\/p>\n<p><strong>Tony Nader, MD PhD MARR <\/strong><\/p>\n<p style=\"margin-bottom:20px;\">Dr. Nader je zdravnik, ki se je iz\u0161olal na Tehnolo\u0161kem in\u0161titutu v Massachusettsu (doktorat iz nevroznanosti) in Univerzi Harvard, ter svetovno priznan vedski u\u010denjak. Dr. Nader je kot naslednik Mahari\u0161ija Mahe\u0161a Jogija vodja mednarodnih organizacij Transcendentalne meditacije\u00ae v ve\u010d kot 100 dr\u017eavah. Dr. Nader vodi program Transcendentalne meditacije in njegove napredne prakse za izpolnjevanje najvi\u0161jih \u017eelja dru\u017ebe na vseh podro\u010djih nacionalnega \u017eivljenja.<\/p>\n<div class=\"border-line\">&nbsp;<\/div>\n<p><strong> Predsednik upravnega odbora fundacije Brahmananda Saraswati<\/strong><\/p>\n<p><img loading=\"lazy\" decoding=\"async\" src=\"https:\/\/donation.vedicpandits.org\/wp-content\/uploads\/2020\/10\/DrMorris.jpg\" alt=\"\" width=\"125\" height=\"164\" class=\"alignleft size-full wp-image-359\" \/><\/p>\n<p><strong>Dr. Bevan Morris, D.S.C.I<\/strong><\/p>\n<p style=\"margin-bottom:0px;\">Dr. Morris je diplomiral na Univerzi Cambridge v Cambridgeu v Angliji. Bil je prva oseba na svetu, ki je od Mahari\u0161ija prejela doktorat znanosti o ustvarjalni inteligenci. 36 let je bil predsednik Mahari\u0161ijeve univerze za management v Fairfieldu v Iowi, ZDA, zdaj pa je zaslu\u017eni predsednik in mednarodni predsednik Mahari\u0161ijeve univerze za management. Dr. Morris je najve\u010dji svetovni strokovnjak za Mahari\u0161ijevo izobra\u017eevanje na osnovi zavesti in je Mahari\u0161ijeve programe predstavil v ve\u010d kot 120 dr\u017eavah javnosti ter vladnim, izobra\u017eevalnim in poslovnim voditeljem.<\/p>\n<div class=\"border-line\">&nbsp;<\/div>\n<strong> Predsednik upravnega odbora Brahmananda Saraswati Trust ter izvr\u0161ni direktor Fundacije Brahmananda Saraswati (ZDA) in Brahmananda Saraswati Trust (Nizozemska)<\/strong><\/p>\n<p><img loading=\"lazy\" decoding=\"async\" src=\"https:\/\/donation.vedicpandits.org\/wp-content\/uploads\/2020\/10\/harris_kaplan_4.jpg\" alt=\"\" width=\"125\" height=\"164\" class=\"alignleft size-full wp-image-359\" \/><\/p>\n<p><strong>Dr. Harris Kaplan, D.S.C.I <\/strong><\/p>\n<p style=\"margin-bottom:0px;\">Dr. Kaplan se je po upokojitvi leta 1999, ko je kon\u010dal uspe\u0161no kariero upravljavca investicijskih skladov, posvetil podpori programov, ki jih vodijo organizacije za transcendentalno meditacijo po vsem svetu. Od leta 2006 je glavni skrbnik projektov organizacije Transcendentalna meditacija v Indiji, vklju\u010dno z usposabljanjem in podporo ve\u010d tiso\u010d Mahari\u0161i Vedskih panditov.  Od ustanovitve fundacije BSF je njen izvr\u0161ni direktor in je tudi \u010dlan njenega nalo\u017ebenega odbora, kjer pomaga nadzorovati donacije.<\/p>\n<div class=\"border-line\">&nbsp;<\/div>\n<h5>Izvr\u0161ilni odbor BSF in BST<\/h5>\n<ul>\n<li>Dr. Bevan Morris &#8211; Izobra\u017eevalec<br \/>\n    Maharishi Vedic City, Iowa ZDA<\/p>\n<li>Harris Kaplan DSCI &#8211; Upokojeni upravitelj investicijskega sklada<br \/>\n    Vlodrop, Netherlands<\/p>\n<li>John Hagelin. Ph.D. \u2013 kvantni fizik: Predsednik Svetovne zveze znanstvenikov za mir; predsednik Mednarodne univerze Mahari\u0161i, Fairfield, IA, ZDA\n<li> Robert LoPinto &#8211; Poslovne\u017e in upravitelj<br \/>\n     Rockville, MD, ZDA<\/p>\n<li>Steve Rubin \u2013 Poslovne\u017e in upravitelj<br \/>\n    Sebastian, FL, ZDA\n<\/ul>\n<div class=\"border-line\">&nbsp;<\/div>\n<h5>\u010clani odbora BSF<\/h5>\n<div class=\"grid-holder\">\n<div class=\"grid grid-desktop-50 grid-mobile-100\"><div class=\"holder\"><ul>\n<li>Jose Luis Alvares \u2013 Administrator<br \/>\n    Barcelona, \u0160panija<\/p>\n<li>Antonio Bartolom\u00e9 \u2013 Administrator<br \/>\n    Banast\u00e1s, Huesca, \u0160panija<\/p>\n<li>Dr. Leslie Brooks, M.A. \u2013 Administrator<br \/>\n    Lincoln, MA, ZDA<\/p>\n<li>Howard Martin Chandler, Ph.D. \u2013 Vzgojitelj<br \/>\n    Boston, MA , ZDA<\/p>\n<li>Rafael David &#8211; Poslovni podjetnik<br \/>\nVero Beach, FL, ZDA<\/p>\n<\/ul>\n<\/div><\/div>\n<div class=\"grid grid-desktop-50 grid-mobile-100\"><div class=\"holder\"><ul>\n<li>Dr. Arlene Kaplan \u2013 Administrator<br \/>\n    Vlodrop, Nizozemska<\/p>\n<li>Dr. Neil Paterson  &#8211; Administrator<br \/>\n    Salt Spring Island, Kanada<\/p>\n<li>Rainer Picha, M.D. \u2013 Kardiolog in raziskovalec<br \/>\n    Vienna, Avstrija<\/p>\n<li>Dr. Susie Swan  &#8211; poslovodni direktor: Ambassador Resource Office<br \/>\n    Netherlands and Cape Town, South Africa<\/p>\n<li>Maureen Wynne, J.D. \u2013 Odvetnik<br \/>\n    Maharishi Vedic City, IA, ZDA\n<\/ul>\n<\/div><\/div>\n<\/div>\n<h4 ID=\"investment_committeesl\"><\/h4>\n<div class=\"border-line\">&nbsp;<\/div>\n<h5>Odbor za nalo\u017ebe BSF in BST<\/h5>\n<div class=\"grid-holder\">\n<div class=\"grid grid-desktop-50 grid-mobile-100\"><div class=\"holder\"><ul>\n<li>Harris Kaplan, D.S.C.I<br \/>\nUpokojeni upravitelj investicijskega sklada<br \/>\nUstanovitelj in nekdanji izvr\u0161ni direktor podjetja: Eastgate Financial Services Ltd., ZDA<\/p>\n<li>Robert LoPinto<br \/>\nPoslovne\u017e<br \/>\nRockville, MD, ZDA<\/p>\n<li>Jeffrey S. Abramson<br \/>\nRazvijalec nepremi\u010dnin<br \/>\nPartner, Tower Companies, ZDA<\/p>\n<li>Steve Rubin<br \/>\nUpokojeni poslovni direktor<br \/>\nFormer Chairman and CEO, United Fuels International Inc., ZDA<\/li>\n<\/ul>\n<\/div><\/div>\n<div class=\"grid grid-desktop-50 grid-mobile-100\"><div class=\"holder\"><ul>\n<li>Eric Schwartz<br \/>\nInvesticijski svetovalec<br \/>\nFounder and CEO, Cambridge Investment Research, ZDA<\/p>\n<li>Michael Dreben<br \/>\nVodja za korporativne finance in poslovni razvoj<br \/>\nCEO, Grenadier Management, LLC<\/p>\n<li>Ted Hirsch<br \/>\nEkonomist in upravitelj portfelja<br \/>\nVanderbilt Financial Group, New York, ZDA\n<\/ul>\n<\/div><\/div>\n<\/div>\n","protected":false},"excerpt":{"rendered":"<p>SKLAD IN FUNDACIJA Zbiranje sredstev za skupino Mahari\u0161ijevih vedskih panditov organizirata in upravljata Brahmananda Saraswati sklad na Nizozemskem in Brahmananda Saraswati fundacija v ZDA. Naloga sklada in fundacije je nadzirati program zbiranja donacij po svetu, sprejemati donacije in upravljati investicije z doniranim denarjem. Skupaj narekujeta in nadzirata vse odlive k svojim partnerjem v Indiji in [&hellip;]<\/p>\n","protected":false},"author":3,"featured_media":49403,"parent":0,"menu_order":0,"comment_status":"open","ping_status":"closed","template":"template-about.php","meta":{"om_disable_all_campaigns":false,"_monsterinsights_skip_tracking":false,"_monsterinsights_sitenote_active":false,"_monsterinsights_sitenote_note":"","_monsterinsights_sitenote_category":0,"footnotes":""},"class_list":["post-4691","page","type-page","status-publish","has-post-thumbnail","hentry"],"_links":{"self":[{"href":"https:\/\/donation.vedicpandits.org\/sl\/wp-json\/wp\/v2\/pages\/4691","targetHints":{"allow":["GET"]}}],"collection":[{"href":"https:\/\/donation.vedicpandits.org\/sl\/wp-json\/wp\/v2\/pages"}],"about":[{"href":"https:\/\/donation.vedicpandits.org\/sl\/wp-json\/wp\/v2\/types\/page"}],"author":[{"embeddable":true,"href":"https:\/\/donation.vedicpandits.org\/sl\/wp-json\/wp\/v2\/users\/3"}],"replies":[{"embeddable":true,"href":"https:\/\/donation.vedicpandits.org\/sl\/wp-json\/wp\/v2\/comments?post=4691"}],"version-history":[{"count":7,"href":"https:\/\/donation.vedicpandits.org\/sl\/wp-json\/wp\/v2\/pages\/4691\/revisions"}],"predecessor-version":[{"id":80716,"href":"https:\/\/donation.vedicpandits.org\/sl\/wp-json\/wp\/v2\/pages\/4691\/revisions\/80716"}],"wp:featuredmedia":[{"embeddable":true,"href":"https:\/\/donation.vedicpandits.org\/sl\/wp-json\/wp\/v2\/media\/49403"}],"wp:attachment":[{"href":"https:\/\/donation.vedicpandits.org\/sl\/wp-json\/wp\/v2\/media?parent=4691"}],"curies":[{"name":"wp","href":"https:\/\/api.w.org\/{rel}","templated":true}]}}