{"id":4696,"date":"2014-04-08T11:28:21","date_gmt":"2014-04-08T11:28:21","guid":{"rendered":"https:\/\/vedicpandits.org\/?page_id=4696"},"modified":"2023-02-17T16:00:29","modified_gmt":"2023-02-17T16:00:29","slug":"newsletter","status":"publish","type":"page","link":"https:\/\/donation.vedicpandits.org\/sl\/contact\/newsletter\/","title":{"rendered":"Newsletter"},"content":{"rendered":"<div class=\"grid-holder grid-border-50\">\n<div class=\"grid grid-desktop-50 grid-mobile-100\"><div class=\"holder\"><h4>PREJMITE REDNE POSODOBITVE<\/h4>\n<p>Z veseljem vam bomo poslali mese\u010dne informacije o napredku na\u0161ega projekta Mahari\u0161ijevih vedskih panditov v Brahmastanu Indije. Ostanite na teko\u010dem z zadnjimi novicami in napredkom preko glasila od Raja Harrisa Kaplana, generalnega direktorja Brahmananda Saraswati sklada.<\/p>\n<blockquote>\n<p>Spo\u0161tujemo elektronsko zasebnost in ne bomo nikomur pod nobenim pogojem posredovali va\u0161ega naslova.  <a  href=\"https:\/\/donation.vedicpandits.org\/privacy\/\">Kliknite tukaj, \u010de \u017eelite videti na\u0161 pravilnik o zasebnosti.<\/a><\/p>\n<\/blockquote>\n<p style=\"text-align: center\"><a href=\"#form-newsletter\" class=\"btn btn-large btn-pop-up\">&gt; PRIJAVI SE<\/a><\/p>\n<\/div><\/div>\n<div class=\"grid grid-desktop-50 grid-mobile-100\"><div class=\"holder\"><h4>PREJMITE REDNE POSODOBITVE V SLOVEN\u0160\u010cINI<\/h4>\n<p>\u010ce \u017eelite prejemati glasila v sloven\u0161\u010dini, po\u0161ljite e-po\u0161tno sporo\u010dilo neposredno lokalnemu veleposlaniku. Kliknite \u00bbPo\u0161lji e-po\u0161to\u00ab. Prika\u017ee se e-po\u0161tni naslov va\u0161ega veleposlanika.<\/p>\n<p><a href = \"mailto:aljosa.slapnik@rcc-irc.si?subject=PREJMITE REDNE POSODOBITVE V SLOVEN\u0160\u010cINI&#038;body=\">Po\u0161lji e-po\u0161to<\/a><\/p>\n<\/div><\/div>\n<\/div>\n<div class=\"border-line\">&nbsp;<\/div>\n","protected":false},"excerpt":{"rendered":"","protected":false},"author":3,"featured_media":17506,"parent":4715,"menu_order":1,"comment_status":"open","ping_status":"closed","template":"template-newsletter.php","meta":{"om_disable_all_campaigns":false,"_monsterinsights_skip_tracking":false,"_monsterinsights_sitenote_active":false,"_monsterinsights_sitenote_note":"","_monsterinsights_sitenote_category":0,"footnotes":""},"class_list":["post-4696","page","type-page","status-publish","has-post-thumbnail","hentry"],"_links":{"self":[{"href":"https:\/\/donation.vedicpandits.org\/sl\/wp-json\/wp\/v2\/pages\/4696","targetHints":{"allow":["GET"]}}],"collection":[{"href":"https:\/\/donation.vedicpandits.org\/sl\/wp-json\/wp\/v2\/pages"}],"about":[{"href":"https:\/\/donation.vedicpandits.org\/sl\/wp-json\/wp\/v2\/types\/page"}],"author":[{"embeddable":true,"href":"https:\/\/donation.vedicpandits.org\/sl\/wp-json\/wp\/v2\/users\/3"}],"replies":[{"embeddable":true,"href":"https:\/\/donation.vedicpandits.org\/sl\/wp-json\/wp\/v2\/comments?post=4696"}],"version-history":[{"count":53,"href":"https:\/\/donation.vedicpandits.org\/sl\/wp-json\/wp\/v2\/pages\/4696\/revisions"}],"predecessor-version":[{"id":54199,"href":"https:\/\/donation.vedicpandits.org\/sl\/wp-json\/wp\/v2\/pages\/4696\/revisions\/54199"}],"up":[{"embeddable":true,"href":"https:\/\/donation.vedicpandits.org\/sl\/wp-json\/wp\/v2\/pages\/4715"}],"wp:featuredmedia":[{"embeddable":true,"href":"https:\/\/donation.vedicpandits.org\/sl\/wp-json\/wp\/v2\/media\/17506"}],"wp:attachment":[{"href":"https:\/\/donation.vedicpandits.org\/sl\/wp-json\/wp\/v2\/media?parent=4696"}],"curies":[{"name":"wp","href":"https:\/\/api.w.org\/{rel}","templated":true}]}}