{"id":4700,"date":"2014-04-08T07:40:21","date_gmt":"2014-04-08T07:40:21","guid":{"rendered":"https:\/\/vedicpandits.org\/?page_id=4700"},"modified":"2015-07-11T12:04:06","modified_gmt":"2015-07-11T12:04:06","slug":"events","status":"publish","type":"page","link":"https:\/\/donation.vedicpandits.org\/sl\/contact\/events\/","title":{"rendered":"Dogodki in te\u010daji"},"content":{"rendered":"<h4>NA\u0160I KAMPUSI SO GOSTILI UDELE\u017dENCE IZ VSEH KONCEV SVETA.<\/h4>\n<p>Tiso\u010di so \u017ee izkoristili to prilo\u017enost in se udele\u017eili dogodkov, te\u010dajev in izletov na treh glavnih lokacijah.<br \/>\nVeselimo se va\u0161ega sprejema v enem ali ve\u010dih centrih, kjer lahko do\u017eivite temeljito izku\u0161njo globoke ti\u0161ine v blji\u017eini velike skupine za ustvarjanje miru in u\u017eivate recitacijah Mahari\u0161ijevih vedskih panditov v \u017eivo.<\/p>\n","protected":false},"excerpt":{"rendered":"<p>NA\u0160I KAMPUSI SO GOSTILI UDELE\u017dENCE IZ VSEH KONCEV SVETA. Tiso\u010di so \u017ee izkoristili to prilo\u017enost in se udele\u017eili dogodkov, te\u010dajev in izletov na treh glavnih lokacijah. Veselimo se va\u0161ega sprejema v enem ali ve\u010dih centrih, kjer lahko do\u017eivite temeljito izku\u0161njo globoke ti\u0161ine v blji\u017eini velike skupine za ustvarjanje miru in u\u017eivate recitacijah Mahari\u0161ijevih vedskih panditov [&hellip;]<\/p>\n","protected":false},"author":3,"featured_media":57,"parent":4715,"menu_order":0,"comment_status":"open","ping_status":"closed","template":"template-events.php","meta":{"om_disable_all_campaigns":false,"_monsterinsights_skip_tracking":false,"_monsterinsights_sitenote_active":false,"_monsterinsights_sitenote_note":"","_monsterinsights_sitenote_category":0,"footnotes":""},"class_list":["post-4700","page","type-page","status-publish","has-post-thumbnail","hentry"],"_links":{"self":[{"href":"https:\/\/donation.vedicpandits.org\/sl\/wp-json\/wp\/v2\/pages\/4700","targetHints":{"allow":["GET"]}}],"collection":[{"href":"https:\/\/donation.vedicpandits.org\/sl\/wp-json\/wp\/v2\/pages"}],"about":[{"href":"https:\/\/donation.vedicpandits.org\/sl\/wp-json\/wp\/v2\/types\/page"}],"author":[{"embeddable":true,"href":"https:\/\/donation.vedicpandits.org\/sl\/wp-json\/wp\/v2\/users\/3"}],"replies":[{"embeddable":true,"href":"https:\/\/donation.vedicpandits.org\/sl\/wp-json\/wp\/v2\/comments?post=4700"}],"version-history":[{"count":5,"href":"https:\/\/donation.vedicpandits.org\/sl\/wp-json\/wp\/v2\/pages\/4700\/revisions"}],"predecessor-version":[{"id":4896,"href":"https:\/\/donation.vedicpandits.org\/sl\/wp-json\/wp\/v2\/pages\/4700\/revisions\/4896"}],"up":[{"embeddable":true,"href":"https:\/\/donation.vedicpandits.org\/sl\/wp-json\/wp\/v2\/pages\/4715"}],"wp:featuredmedia":[{"embeddable":true,"href":"https:\/\/donation.vedicpandits.org\/sl\/wp-json\/wp\/v2\/media\/57"}],"wp:attachment":[{"href":"https:\/\/donation.vedicpandits.org\/sl\/wp-json\/wp\/v2\/media?parent=4700"}],"curies":[{"name":"wp","href":"https:\/\/api.w.org\/{rel}","templated":true}]}}