{"id":4726,"date":"2014-07-10T12:36:56","date_gmt":"2014-07-10T12:36:56","guid":{"rendered":"https:\/\/vedicpandits.org\/?page_id=4726"},"modified":"2023-09-18T15:17:59","modified_gmt":"2023-09-18T15:17:59","slug":"faq","status":"publish","type":"page","link":"https:\/\/donation.vedicpandits.org\/sl\/contact\/faq\/","title":{"rendered":"POGOSTA VPRA\u0160ANJA"},"content":{"rendered":"<h5>O MAHARI\u0160IJEVIH VEDSKIH PANDITIH<\/h5>\n<div class=\"faqstyle\"><em>ZAKAJ JE TA SKUPINA SESTAVLJENA LE IZ MAHARI\u0160IJEVIH VEDSKIH PANDITOV?<\/em><br \/>\nZnanstvene raziskave so pokazale, da \u010de skupine razli\u010dnih ljudi.izvajajo jogijsko letenje skupaj, to povzro\u010da mo\u010dan vpliv miru. Vzdr\u017eevanje harmonije v dru\u017ebi pa je tradicionalna zaposlitev Mahari\u0161ijevih vedskih panditov. To ne delajo le s sodelovanjem v dolgih meditacijah in jogijskim letenjem, temve\u010d izvajajo tudi posebne jajgje za mir. Dnevno izvajanje teh jagij ustvarja stabilen in mo\u010dan vpliv miru, ki je unikaten za Mahari\u0161ijeve vedske pandite.\n<\/div>\n<div class=\"faqstyle\"><em>KAK\u0160NA JE RAZLIKA MED VEDSKIM PANDITOM IN MAHARI\u0160IJEVIM VEDSKIM PANDITOM?<\/em><br \/>\nV osnovi Mahari\u0161ijev vedski pandit vadi Transcendentalno meditacijo, TM-Sidhi program in jogijsko letenje. Te tehnike omogo\u010dajo direktno izku\u0161njo transcendentalne \u010diste zavesti, ki je osnova vsega vedskega znanja.<\/p>\n<p>Ker vsakodnevno meditirajo, Mahari\u0161ijevi vedski panditi izvajajo jagje iz bolj umirjenega nivoja zavedanja. Uporabljajo globje ravni naravnih zakonov, zato imajo jagje mo\u010dnej\u0161i u\u010dinek. Ve\u010d desetletij je Mahari\u0161i tesno sodeloval z zelo cenjenimi mojstri panditi po Indiji in z njimi prenovil in vpeljal odli\u010dno izobra\u017eevanje panditov. <\/p>\n<p>To izobra\u017eevanje jih u\u010di pravilne prakse in izgovorjave z vso tradicionalno u\u010dinkovitostjo. Obiskovalci ve\u010dkrat povedo, kako po\u010dasi in mehko recitirajo Mahari\u0161ijevi vedski panditi. To da vitalno celovitost vedskim zvokom, ko odmevajo skozi okolico.\n<\/p><\/div>\n<div class=\"faqstyle\">\n<em>KOLIKO JE TRENUTNO MAHARI\u0160IJEVIH VEDSKIH PANDITOV?<\/em><br \/>\nOkoli 2000 Mahari\u0161ijevih vedskih panditov je v kampusu v Brahmasthanu Indije. Preko 3000 naprednih \u0161tudentov panditov \u017eivi v 26 bivalnih centrih po Indiji. <\/p>\n<\/div>\n<div class=\"faqstyle\">\n<em>KAJ JE VEDA? <\/em><br \/>\nVeda pomeni znanje. Mahari\u0161i je pojasnil, dosti bolje kot starodavne knjige, da so \u2018Vede\u2019 znanje in organizacijsko gonilo, ki v osnovi upravlja celotno stvarstvo. Veda vsebuje znanje kako voditi \u010dlove\u0161ko \u017eivljenje za dosego najvi\u0161jega in izpolnjenega stanja \u2013 stanja rasvetljenja.<\/p>\n<\/div>\n<div class=\"faqstyle\">\n<em>KAJ JE JOGIJSKO LETENJE?<\/em><br \/>\nJogijsko letenje je del naprednega TM-Sidhi programa. Posamezniku jogijsko letenje integrira tiho koherenco v mo\u017eganih, ki jo zasledimo med globoko meditacijo, z dinami\u010dno aktivnostjo in tako pomaga razvijati vi\u0161ja stanja zavesti. Dru\u017ebi pa skupine jogijskih letalcev, ki vadijo skupaj, prina\u0161ajo vpliv koherence in harmonije okoli\u0161ki populaciji. Ta mre\u017eni u\u010dinek tvori osnovo Iniciative za globalni mir.\n<\/div>\n<div class=\"faqstyle\">\n<em>KAK\u0160NE SO AKTIVNOSTI MAHARI\u0160IJEVIH VEDSKIH PANDITOV?<\/em><br \/>\nNjihov program, kot ga je osnoval Mahari\u0161i, vsebuje zgodnje vstajanje, meditacijo in skupinsko letenje, izvajanje Mahari\u0161ijevih jagij, skupinske obroke in nekaj \u010dasa za rekreacijo.<\/p>\n<\/div>\n<div class=\"faqstyle\">\n<em>ZAKAJ BRAHMASTHAN V INDIJI?<\/em><br \/>\nBrahmastan je osrednja to\u010dka bivanjskega prostora tako v hi\u0161i, mestu ali dr\u017eavi. Mahari\u0161i je dal vedeti, da naj bi bili, za ve\u010dji u\u010dinek miru, jogijskih letalci locirani v Brahmasthanu dr\u017eave. Zato je glavni kampus Mahari\u0161ijevih vedskih panditov postavljen v Brahmasthan Indije blizu Jabalpurja v Madhya Pradesh.\n<\/div>\n<div class=\"faqstyle\">\n<em>KAJ SE BO ZGODILO, KO SE BO DOSEGLO CILJNO \u0160TEVILO 9000 MAHARI\u0160IJEVIH VEDSKIH PANDITOV?<\/em><br \/>\nProslavljali bomo. Pri\u0161la bo nova doba miru v svetu. A ker je vedno prostor za \u0161e ve\u010d napredka, bosta sklad in fundacija nadaljevala z zvi\u0161evanjem \u0161tevila panditov v Indiji, ki v skupinah izvajajo jogijsko letenje in jagje, tako da se bo ustvarjal \u0161e ve\u010dji u\u010dinek miru in koherence po svetu.<\/p>\n<div class=\"faqstyle\">\n<em>KAKO LAHKO OSTANEM NA TEKO\u010cEM Z NAPREDKOM SKUPINE PANDITOV?<\/em><br \/>\nNajbolje je, da se naro\u010dite na novice, ki jih boste prejemali brezpla\u010dno. Vsak mesec Dr. Harris Kaplan, generalni direktor Brahmananda Saraswati sklada, po\u0161lje eno stran dolgo elektronsko sporo\u010dilo vsem naro\u010dnikom. \u010ce boste na tej strani postali donator, potem boste dobivali te novice avtomati\u010dno.<\/p>\n<p>Lahko pa tudi kontaktirate va\u0161ega nacionalnega ambasadorja Brahmananda Saraswati sklada in ga prosite, da vas seznanja z vsemi iniciativami v va\u0161i dr\u017eavi.\n<\/p><\/div>\n<div class=\"faqstyle\">\n<em>ALI LAHKO PODPIRAM POSAMEZNEGA MAHARI\u0160I VEDSKEGA PANDITA?<\/em><br \/>\nMi spodbujamo vsakogar, da prispeva mese\u010dno za podporo panditov. Lahko izberete polno podporo pandita ali le del zneska za to. Popolno sponzorstvo za Mahari\u0161ijevega vedskega pandita znese 250 $ na mesec. Ta vsebuje nastanitev, hrano, pla\u010do, administrativne sto\u0161ke, material za jagjo in drugo. \u017delimo, da se lahko panditi osredoto\u010dijo na vsakodnevne zadol\u017eitve, zato redni osebni stik med donatorjem in posameznim panditom ni mogo\u010d.<\/p>\n<\/div>\n<h5 style=\"margin-top:30px;\">O DONACIJAH IN FINANCAH<\/h5>\n<div class=\"faqstyle\">\n<em>KAK\u0160NA JE RAZLIKA MED DONIRANJEM ZA MAHARI\u0160IJEVO NACIONALNO JAGJO IN DONIRANJEM ZA MAHARI\u0160IJEVE VEDSKE PANDITE?<\/em><br \/>\nVse donacije za podporo Mahari\u0161ijevim vedskim panditom so avtomati\u010dno tudi za program nacionalnih jagij.<\/p>\n<\/div>\n<div class=\"faqstyle\">\n<em>ALI SO MOJE DONACIJE LAHKO UVELJAVLJAJO KOT DAV\u010cNA OLAJ\u0160AVA?<\/em><br \/>\nZa EU donatorje: Stichting Brahmananda Saraswati sklad (Nizozemska) ima status ANBI (in\u0161titucuja za splo\u0161no dobro), tako da se na Nizozemskem in zdaj tudi v drugih dr\u017eavah Evropske unije donacije v sklad lahko uveljavlja kot dav\u010dno olaj\u0161avo. Niso pa vse dr\u017eave EU vpeljale uveljavljanja donacij za dav\u010dno olaj\u0161avo za donacije v sklade v drugih dr\u017eavah. <\/p>\n<p>Za donatorje iz Slovenije: Po 59. \u010dlenu zakona o davku od dohodkov pravnih oseb lahko zavezanci uveljavljajo zmanj\u0161anje dav\u010dne osnove za znesek izpla\u010dil v denarju in naravi za splo\u0161no koristne namene. Za ve\u010d informacij se lahko obrnete na slovenskega nacionalnega ambasadorja.\n<\/p><\/div>\n<div class=\"faqstyle\">\n<em>ZAKAJ JE TAKO POMEMBNO, DA DONIRATE REDNO VSAK MESEC?<\/em><br \/>\nEnkratne donacije so zelo dobrodo\u0161le in vedno v pomo\u010d. A Mahari\u0161ijevi vedski panditi so zaposleni v kampusu Brahmastana, in ko jih enkrat najamemo, si \u017eelimo, da so v zanesljivo podporo tudi za prihodnost. Zato spodbujamo na\u0161e donatorje k rednim mese\u010dnim donacijam, da tako omogo\u010dijo stabilno bazo donacij, s katero bomo zgradili skupino 9000 panditov.<\/p>\n<\/div>\n<div class=\"faqstyle\">\n<em>KAK\u0160EN PROCENT MOJIH DONACIJ GRE ZA PODPORO VEDSKIH PANDITOV?<\/em><br \/>\nPreko 90% rednih donacij gre v Indijo za podporo Mahari\u0161ijevih vedskih panditov. Manj kot 10% se porabi za zavarovanje kreditnih kartic, nakazila in administrativne stro\u0161ke. Med fondacijami velja stro\u0161ek za administracijo pod 10% za zelo nizekega.\n<\/div>\n<div class=\"faqstyle\">\n<em>KOLIKO DR\u017dAV DONIRA ZA MAHARI\u0160IJEVE VEDSKE PANDITE?<\/em><br \/>\nDonatorji iz ve\u010d kot 100 dr\u017eav podpirajo Mahari\u0161ijeve vedske pandite.\n<\/div>\n<div class=\"faqstyle\">\n<em>KAKO SE UPRAVLJA DONACIJSKI SKLAD?<\/em><br \/>\nDonacije v ta fond ne gredo v Indijo, ampak se investirajo. Le dobi\u010dek od investicij se uporabi za podporo panditov, tako da se fond donacij nikoli ne iz\u010drpa. <a href=\"https:\/\/donation.vedicpandits.org\/sl\/about-us\/\" rel=\"noopener\" target=\"_blank\">Kliknite tukaj<\/a>, \u010de si \u017eelite ogledati odbor za nalo\u017ebe.<\/p>\n<\/div>\n","protected":false},"excerpt":{"rendered":"<p>O MAHARI\u0160IJEVIH VEDSKIH PANDITIH ZAKAJ JE TA SKUPINA SESTAVLJENA LE IZ MAHARI\u0160IJEVIH VEDSKIH PANDITOV? Znanstvene raziskave so pokazale, da \u010de skupine razli\u010dnih ljudi.izvajajo jogijsko letenje skupaj, to povzro\u010da mo\u010dan vpliv miru. Vzdr\u017eevanje harmonije v dru\u017ebi pa je tradicionalna zaposlitev Mahari\u0161ijevih vedskih panditov. To ne delajo le s sodelovanjem v dolgih meditacijah in jogijskim letenjem, temve\u010d [&hellip;]<\/p>\n","protected":false},"author":3,"featured_media":165,"parent":4715,"menu_order":0,"comment_status":"open","ping_status":"closed","template":"","meta":{"om_disable_all_campaigns":false,"_monsterinsights_skip_tracking":false,"_monsterinsights_sitenote_active":false,"_monsterinsights_sitenote_note":"","_monsterinsights_sitenote_category":0,"footnotes":""},"class_list":["post-4726","page","type-page","status-publish","has-post-thumbnail","hentry"],"_links":{"self":[{"href":"https:\/\/donation.vedicpandits.org\/sl\/wp-json\/wp\/v2\/pages\/4726","targetHints":{"allow":["GET"]}}],"collection":[{"href":"https:\/\/donation.vedicpandits.org\/sl\/wp-json\/wp\/v2\/pages"}],"about":[{"href":"https:\/\/donation.vedicpandits.org\/sl\/wp-json\/wp\/v2\/types\/page"}],"author":[{"embeddable":true,"href":"https:\/\/donation.vedicpandits.org\/sl\/wp-json\/wp\/v2\/users\/3"}],"replies":[{"embeddable":true,"href":"https:\/\/donation.vedicpandits.org\/sl\/wp-json\/wp\/v2\/comments?post=4726"}],"version-history":[{"count":12,"href":"https:\/\/donation.vedicpandits.org\/sl\/wp-json\/wp\/v2\/pages\/4726\/revisions"}],"predecessor-version":[{"id":80713,"href":"https:\/\/donation.vedicpandits.org\/sl\/wp-json\/wp\/v2\/pages\/4726\/revisions\/80713"}],"up":[{"embeddable":true,"href":"https:\/\/donation.vedicpandits.org\/sl\/wp-json\/wp\/v2\/pages\/4715"}],"wp:featuredmedia":[{"embeddable":true,"href":"https:\/\/donation.vedicpandits.org\/sl\/wp-json\/wp\/v2\/media\/165"}],"wp:attachment":[{"href":"https:\/\/donation.vedicpandits.org\/sl\/wp-json\/wp\/v2\/media?parent=4726"}],"curies":[{"name":"wp","href":"https:\/\/api.w.org\/{rel}","templated":true}]}}