{"id":4874,"date":"2015-07-11T10:43:55","date_gmt":"2015-07-11T10:43:55","guid":{"rendered":"https:\/\/vedicpandits.org\/?page_id=4874"},"modified":"2018-03-25T16:40:22","modified_gmt":"2018-03-25T16:40:22","slug":"intermediary-donation-page","status":"publish","type":"page","link":"https:\/\/donation.vedicpandits.org\/sl\/intermediary-donation-page\/","title":{"rendered":"DONIRAJTE"},"content":{"rendered":"<h2 style=\"margin-bottom: 30px; color: white; background: none repeat scroll 0 0 #e37d22; font-size: 17px; text-align: center; padding-top: 10px;\">VA\u0160A POMO\u010c SKUPINAM MAHARI\u0160IJEVIH VEDSKIH PANDITOV <br \/> USTVARJA MO\u010cAN VPLIV NA SVETOVNI MIR<\/h2>\n<div class=\"grid grid-desktop-30 grid-mobile-100\">\n<div class=\"holder\"><img loading=\"lazy\" decoding=\"async\" class=\"alignleft size-full wp-image-2490\" src=\"\/wp-content\/uploads\/2015\/03\/photo_pandit_donatepage1.jpg\" alt=\"photo_pandit_donatepage\" width=\"234\" height=\"284\" \/><\/div>\n<\/div>\n<div class=\"grid grid-desktop-70 grid-mobile-100\">\n<div class=\"holder\">\n<p>Lahko prispevam v evrih za Brahmananda Saraswati Trust (Nizozemska) ali pa lahko prispevam v ameri\u0161kih dolarjih preko spleta za Brahmananda Saraswati Foundation (ZDA).<\/p>\n<p>V Brahmanada Saraswati Trust (Nizozemska) lahko prispevate v evrih preko ban\u010dnega nakazila, trajnika (SEPA) ali preko PayPala.<\/p>\n<p>Sedaj lahko podpirate Mahari\u0161ijeve vedske pandite in Nacionalni jagja program s trajnim nalogom v va\u0161i banki. Najbolj enostaven na\u010din mese\u010dnega doniranja na ra\u010dun Brahmananda Saraswati Trust (BST) na Nizozemskem je preko SEPA. SEPA je samo za dr\u017eave Evropske unije, ki uporabljajo evro. Ni dodatnih stro\u0161kov.<\/p>\n<p>&nbsp;<br \/>\n&nbsp;<br \/>\n&nbsp;<br \/>\n&nbsp;<\/p>\n<h1>SEPA<\/h1>\n<p>Va\u0161e pravice glede SEPA odloka so pojasnjene v izjavi, ki jo lahko dobite v va\u0161i banki.<\/p>\n<p>SEPA odlok neposredne bremenitve. Ta obrazec lahko prenesete na svoj ra\u010dunalnik.<\/p>\n<p style=\"text-align: center;\"><a class=\"btn btn-large\" href=\"\/wp-content\/uploads\/2016\/03\/Slovenian-form-for-SEPA-Direct-Debit-Mandate-fillable.pdf\"> Nalo\u017eite obrazec SEPA<\/a><\/p>\n<p>&nbsp;<\/p>\n<p>&nbsp;<\/p>\n<h1>ban\u010dna nakazila<\/h1>\n<p>Za ban\u010dna nakazila uporabite naslednjo informacijo.<\/p>\n<div class=\"grid-holder\">\n<div class=\"grid grid-desktop-50 grid-mobile-100\"><div class=\"holder\"><p>Ime banke :<\/p>\n<p>ING Bank, Roermond, The Netherlands<br \/>\nSwift \/BIC: INGBNL2A<br \/>\nIme ra\u010duna: BST<br \/>\nIBAN: NL74 INGB 0659 6208 04<br \/>\n\u0160tevilka ra\u010duna: 65.96.20.804<\/p>\n<\/div><\/div>\n<div class=\"grid grid-desktop-50 grid-mobile-100\"><div class=\"holder\"><p>Naslov prejemnika:<\/p>\n<p>Station 24<br \/>\n6063NP Vlodrop<br \/>\nThe Netherlands<\/p>\n<\/div><\/div>\n<\/div>\n<p><!--\n\n<h1>PayPal<\/h1>\n\n\n\u010ce bi radi prispevali preko PayPala, prosim, usmerite pla\u010dilo na :\nBST108@maharishi.net--><\/p>\n<p>&nbsp;<\/p>\n<h1>Donirajte v svoji valuti<\/h1>\n<p>Spodaj lahko nadaljujete na stran za donatorje, kjer lahko prispevate za Mahari\u0161ijeve vedske pandite preko spleta. Lahko uporabite kreditno kartico ali pa PayPal. Spletna stran je v angle\u0161\u010dini, franco\u0161\u010dini, nem\u0161\u010dini, nizozem\u0161\u010dini in \u0161pan\u0161\u010dini.<\/p>\n<p style=\"text-align: center;\"><a class=\"btn btn-large\" href=\"\/wp-content\/uploads\/2016\/07\/Dav\u010dna-olaj\u0161ava.pdf\">&gt; DAV\u010cNA OLAJ\u0160AVA ZA PODJETJA<\/a><\/p>\n<p style=\"text-align: center;\"><a class=\"btn btn-large\" href=\"https:\/\/aro.vedicpandits.org\/donate\">&gt; Pojdite na stran za doniranje<\/a><\/p>\n<\/div>\n<\/div>\n","protected":false},"excerpt":{"rendered":"<p>VA\u0160A POMO\u010c SKUPINAM MAHARI\u0160IJEVIH VEDSKIH PANDITOV USTVARJA MO\u010cAN VPLIV NA SVETOVNI MIR Lahko prispevam v evrih za Brahmananda Saraswati Trust (Nizozemska) ali pa lahko prispevam v ameri\u0161kih dolarjih preko spleta za Brahmananda Saraswati Foundation (ZDA). V Brahmanada Saraswati Trust (Nizozemska) lahko prispevate v evrih preko ban\u010dnega nakazila, trajnika (SEPA) ali preko PayPala. Sedaj lahko podpirate [&hellip;]<\/p>\n","protected":false},"author":3,"featured_media":0,"parent":0,"menu_order":0,"comment_status":"closed","ping_status":"closed","template":"","meta":{"om_disable_all_campaigns":false,"_monsterinsights_skip_tracking":false,"_monsterinsights_sitenote_active":false,"_monsterinsights_sitenote_note":"","_monsterinsights_sitenote_category":0,"footnotes":""},"class_list":["post-4874","page","type-page","status-publish","hentry"],"_links":{"self":[{"href":"https:\/\/donation.vedicpandits.org\/sl\/wp-json\/wp\/v2\/pages\/4874","targetHints":{"allow":["GET"]}}],"collection":[{"href":"https:\/\/donation.vedicpandits.org\/sl\/wp-json\/wp\/v2\/pages"}],"about":[{"href":"https:\/\/donation.vedicpandits.org\/sl\/wp-json\/wp\/v2\/types\/page"}],"author":[{"embeddable":true,"href":"https:\/\/donation.vedicpandits.org\/sl\/wp-json\/wp\/v2\/users\/3"}],"replies":[{"embeddable":true,"href":"https:\/\/donation.vedicpandits.org\/sl\/wp-json\/wp\/v2\/comments?post=4874"}],"version-history":[{"count":28,"href":"https:\/\/donation.vedicpandits.org\/sl\/wp-json\/wp\/v2\/pages\/4874\/revisions"}],"predecessor-version":[{"id":13707,"href":"https:\/\/donation.vedicpandits.org\/sl\/wp-json\/wp\/v2\/pages\/4874\/revisions\/13707"}],"wp:attachment":[{"href":"https:\/\/donation.vedicpandits.org\/sl\/wp-json\/wp\/v2\/media?parent=4874"}],"curies":[{"name":"wp","href":"https:\/\/api.w.org\/{rel}","templated":true}]}}