{"id":41020,"date":"2017-10-30T18:04:03","date_gmt":"2017-10-30T18:04:03","guid":{"rendered":"https:\/\/vedicpandits.org\/letters-for-newcomers\/"},"modified":"2020-10-06T15:58:34","modified_gmt":"2020-10-06T15:58:34","slug":"letters-for-newcomers","status":"publish","type":"page","link":"https:\/\/donation.vedicpandits.org\/sr\/letters-for-newcomers\/","title":{"rendered":"Letters for Newcomers"},"content":{"rendered":"<h1 style=\"text-align: center;\">Pisma<\/h1>\n<div class=\"grid-holder\">\n<div class=\"grid grid-desktop-50 grid-mobile-100\"><div class=\"holder\"><p>Dobrodo\u0161li u Globalnu Mirovnu Inicijativu. Na\u0161a serija pisama za novoprido\u0161lice je niz pisama od 1 do 8. Po\u010de\u0107emo sa po\u010detnim pismom koje postavlja temelj za 14 minutni uvodni video GPI. Pogledajte pismo i video snimak koriste\u0107i linkove na desnoj strani. <\/p>\n<p>Ovaj 14 minutni video snimak po\u010dinje li\u010dnim iskustvom sre\u0111enog i povezanog na\u010dina rada mozga koji se de\u0161ava za vreme Transcendentalne Meditacije, pro\u0161iruje to na dejstvo grupe i obja\u0161njava kako je to osnova za Globalnu Mirovnu Inicijativu. Po\u0161to je zasnovan na nauci, ovaj video snimak je izvanredan za svakoga ko ve\u017eba Transcendentalnu Meditaciju, od po\u010detnika do onih koji to rade ve\u0107 du\u017ee vreme.<\/p>\n<\/div><\/div>\n<div class=\"grid grid-desktop-50 grid-mobile-100\"><div class=\"holder\">\t<a href=\"https:\/\/donation.vedicpandits.org\/sr\/letters-for-newcomers\/?image_video=https%3A%2F%2Fwww.youtube.com%2Fwatch%3Fv%3D9C1aQKDHVG4%3Frel%3D0\" class=\"video-link \"><img loading=\"lazy\" decoding=\"async\" class=\"alignnone size-full wp-image-285\" src=\"https:\/\/donation.vedicpandits.org\/wp-content\/uploads\/2020\/04\/header-serbian-01.jpg\" alt=\"yagya_hagelin_1web1\" width=\"912\" height=\"363\" \/><\/a>\n\n\t\n<p>Uvodni video GPI je napravljen da ponudi jednostavan i kratak uvid u mirovni poduhvat. <\/p>\n<p><a href=\"https:\/\/mailchi.mp\/b3e069258ea0\/nauka-o-stvaranju-mira?e=584640a2de\" rel=\"noopener noreferrer\" target=\"_blank\">Pogledajte pismo.<\/a><br \/>\n\t<a href=\"https:\/\/donation.vedicpandits.org\/sr\/letters-for-newcomers\/?image_video=https%3A%2F%2Fwww.youtube.com%2Fwatch%3Fv%3DVwDdWnrT0NY%3Frel%3D0\" class=\"video-link no-pointer\"><em> Pogledajte video.<\/em><\/a>\n\n\t\n<\/div><\/div>\n<\/div>\n<div class=\"border-line\">&nbsp;<\/div>\n<div class=\"grid-holder\">\n<div class=\"grid grid-desktop-50 grid-mobile-100\"><div class=\"holder\"><p><img loading=\"lazy\" decoding=\"async\" src=\"https:\/\/donation.vedicpandits.org\/wp-content\/uploads\/2017\/11\/group_meditation.png\" width=\"290\" height=\"290\"\/><\/p>\n<p><img loading=\"lazy\" decoding=\"async\" src=\"https:\/\/donation.vedicpandits.org\/wp-content\/uploads\/2017\/10\/individuals_creating_world_peace.png\" width=\"290\" height=\"290\"\/><\/p>\n<p><img loading=\"lazy\" decoding=\"async\" src=\"https:\/\/donation.vedicpandits.org\/wp-content\/uploads\/2017\/11\/8_pandits.png\" width=\"290\" height=\"290\"\/><\/p>\n<p><img loading=\"lazy\" decoding=\"async\" src=\"https:\/\/donation.vedicpandits.org\/wp-content\/uploads\/2017\/11\/brahmasthan_india.png\" width=\"290\" height=\"290\"\/><\/p>\n<p><img loading=\"lazy\" decoding=\"async\" src=\"https:\/\/donation.vedicpandits.org\/wp-content\/uploads\/2017\/11\/pandit_group_with_embedded_world_map.png\" width=\"290\"  height=\"290\"\/><\/p>\n<\/div><\/div>\n<div class=\"grid grid-desktop-50 grid-mobile-100\"><div class=\"holder\"><h4>NAUKA I SVETSKI MIR<\/h4>\n<p>Ovaj niz uvodnih pisama koja se postepeno razvijaju ukratko prikazuje delotvoran i nau\u010dno proveren na\u010din za pove\u0107anje sklada u svetu i stvaranje mira. Saznajte kako kori\u0161\u0107enje programa Transcendentalne Meditacije mo\u017ee da uti\u010de na dru\u0161tvo i kako napredni TM program koji izvode velike grupe Mahari\u0161ijevih Vedskih Pandita mo\u017ee da stvori trajan mir. <\/p>\n<\/p>\n<h4>PISMA ZA NOVOPRIDO\u0160LICE<\/h4>\n<ol>\n<li>DELOTVORAN PROGRAM ZA STVARANJE UNUTRA\u0160NJEG I SPOLJA\u0160NJEG MIRA <br \/><a href=\"https:\/\/us7.campaign-archive.com\/?e=&#038;u=0cc687d83ddcd228ddb1e46aa&#038;id=08021e2ccb\" rel=\"noopener noreferrer\" target=\"_blank\">Ovde pogledajte pismo<\/a><\/li>\n<li>9000 LJUDI ZAJEDNO MOGU DA POSTIGNU SVETSKI MIR<br \/> <a href=\"https:\/\/us7.campaign-archive.com\/?e=&#038;u=0cc687d83ddcd228ddb1e46aa&#038;id=82b03d58e6\" rel=\"noopener noreferrer\" target=\"_blank\">Ovde pogledajte pismo<\/a><\/li>\n<li>VRHUNSKI OBRAZOVANI STRU\u010cNJACI KORISTE DREVNU NAUKU I TEHNOLOGIJU SVESTI ZA STVARANJE MIRA <br \/><a href=\"https:\/\/us7.campaign-archive.com\/?e=&#038;u=0cc687d83ddcd228ddb1e46aa&#038;id=b40f6f4dc5\" rel=\"noopener noreferrer\" target=\"_blank\">Ovde pogledajte pismo<\/a><\/li>\n<li>\u2018VETROVI HLADNOG RATA SU POSTALI VETROVI NADE.\u2019  <br \/><a href=\"https:\/\/us7.campaign-archive.com\/?e=&#038;u=0cc687d83ddcd228ddb1e46aa&#038;id=e6d0b9584e\" rel=\"noopener noreferrer\" target=\"_blank\">Ovde pogledajte pismo<\/a><\/li>\n<li>TEHNOLOGIJA ZVUKA<br \/><a href=\"https:\/\/us7.campaign-archive.com\/?e=&#038;u=0cc687d83ddcd228ddb1e46aa&#038;id=74ccba5c68\" rel=\"noopener noreferrer\" target=\"_blank\">Ovde pogledajte pismo<\/a><\/li>\n<li>9 000 STRU\u010cNJAKA ZA STVARANJE MIRA \u0106E BORAVITI U OVOJ SVETSKOJ PRESTONICI <br \/><a href=\"https:\/\/us7.campaign-archive.com\/?e=&#038;u=0cc687d83ddcd228ddb1e46aa&#038;id=ff1fc02d29\" rel=\"noopener noreferrer\" target=\"_blank\">Ovde pogledajte pismo<\/a><\/li>\n<li>KAKO DOSTI\u0106I BROJ NEPOBEDIVOSTI ZA SVETSKI MIR <br \/><a href=\"https:\/\/us7.campaign-archive.com\/?e=&#038;u=0cc687d83ddcd228ddb1e46aa&#038;id=cee48009b0\" rel=\"noopener noreferrer\" target=\"_blank\">Ovde pogledajte pismo<\/a><\/li\n\n\n<\/ol>\n<\/div><\/div>\n<\/div>\n","protected":false},"excerpt":{"rendered":"<p>Pisma<\/p>\n","protected":false},"author":3,"featured_media":0,"parent":0,"menu_order":0,"comment_status":"closed","ping_status":"closed","template":"","meta":{"om_disable_all_campaigns":false,"_monsterinsights_skip_tracking":false,"_monsterinsights_sitenote_active":false,"_monsterinsights_sitenote_note":"","_monsterinsights_sitenote_category":0,"footnotes":""},"class_list":["post-41020","page","type-page","status-publish","hentry"],"_links":{"self":[{"href":"https:\/\/donation.vedicpandits.org\/sr\/wp-json\/wp\/v2\/pages\/41020","targetHints":{"allow":["GET"]}}],"collection":[{"href":"https:\/\/donation.vedicpandits.org\/sr\/wp-json\/wp\/v2\/pages"}],"about":[{"href":"https:\/\/donation.vedicpandits.org\/sr\/wp-json\/wp\/v2\/types\/page"}],"author":[{"embeddable":true,"href":"https:\/\/donation.vedicpandits.org\/sr\/wp-json\/wp\/v2\/users\/3"}],"replies":[{"embeddable":true,"href":"https:\/\/donation.vedicpandits.org\/sr\/wp-json\/wp\/v2\/comments?post=41020"}],"version-history":[{"count":6,"href":"https:\/\/donation.vedicpandits.org\/sr\/wp-json\/wp\/v2\/pages\/41020\/revisions"}],"predecessor-version":[{"id":47351,"href":"https:\/\/donation.vedicpandits.org\/sr\/wp-json\/wp\/v2\/pages\/41020\/revisions\/47351"}],"wp:attachment":[{"href":"https:\/\/donation.vedicpandits.org\/sr\/wp-json\/wp\/v2\/media?parent=41020"}],"curies":[{"name":"wp","href":"https:\/\/api.w.org\/{rel}","templated":true}]}}