{"id":4605,"date":"2014-06-08T07:02:34","date_gmt":"2014-06-08T07:02:34","guid":{"rendered":"https:\/\/vedicpandits.org\/?page_id=4605"},"modified":"2018-03-23T18:07:54","modified_gmt":"2018-03-23T18:07:54","slug":"home","status":"publish","type":"page","link":"https:\/\/donation.vedicpandits.org\/sr\/","title":{"rendered":"Po\u010detna"},"content":{"rendered":"<p><!--<img loading=\"lazy\" decoding=\"async\" src=\"\/wp-content\/uploads\/2014\/04\/ecardslidere-new1.jpg\" width=\"912\" height=\"364\" class=\"alignleft size-full wp-image-1800\" \/>\n<a class=\"ecardbutton\" href=\"https:\/\/donation.vedicpandits.org\/ecard\/\"> Novo! Pogledajte besplatne e-\u010destitke! \n<\/a>--><\/p>\n<h4> VEDSKE TEHNOLOGIJE SVESTI ZA SVETSKI MIR<\/h4>\n<p>U Indiji se okuplja velika grupa Mahari\u0161ijevih Vedskih Pandita da bi stvorila uticaj sklada za ceo svet. Nau\u010dna istra\u017eivanja koja traju vi\u0161e od 40 godina su utvrdila da dovoljno velika grupa posebno obu\u010denih mirotvoraca mo\u017ee da uzdigne nivo koherencije i sklada u globalnoj kolektivnoj svesti i preokrene trendove ka miru u celom svetu.<\/p>\n<p>Zahvaljuju\u0107i prilozima velikodu\u0161nih donatora iz vi\u0161e od 90 zemalja, grupa se poslednjih godina pove\u0107ala na preko 2000 Pandita u naselju u Brahmasthanu (geografskom sredi\u0161tu) Indije. Na\u0161 cilj je da godi\u0161nju podr\u0161ku podignemo na nivo dovoljan za celu grupu od 9000 Vedskih Pandita i osnujemo fond koji \u0107e trajno obezbediti grupu, stvaraju\u0107i svetski mir za sva vremena.<\/p>\n<p>UNESCO je proglasio Vedsko recitovanje za remek delo usmenog, duhovnog nasle\u0111a \u010dove\u010danstva.<\/p>\n<div style=\"width:200px; margin-top:50px; margin-left:10px;\"  class=\"align right\">\n\t<a href=\"https:\/\/donation.vedicpandits.org\/sr\/?image_video=https%3A%2F%2Fwww.youtube.com%2Fwatch%3Fv%3D9C1aQKDHVG4%3Frel%3D0\" class=\"video-link \"><img decoding=\"async\" class=\"alignnone size-full wp-image-285\" src=\"https:\/\/donation.vedicpandits.org\/wp-content\/uploads\/2018\/03\/Tall-blue-globe-copy.jpeg\" alt=\"landscape format of blue globe with pandits\" width=\"200\" \/><\/a>\n\n\t<\/div>\n<h4 style=\"margin-top:25px;\">video<\/h4>\n<p>Za samo \u010detrnaest minuta mo\u017eete saznati kako Transcendentalna Meditacija i njene napredne tehnike mogu delotvorno da stvore mir. Ovaj kratak, \u017eivahan video snimak jednostavno i jasno obja\u0161njava, sa animacijama i primerima, korake za postizanje svetskog mira zajedno sa nau\u010dnim istra\u017eivanjima. Kliknite na sliku da pogledate 14 tominutni uvodni video snimak.<\/p>\n<p><!--\n\n<h4>E-\u200b\u010cESTITKE<\/h4>\n\n\nSve e-\u200b\u010destitke su pune divnih slika Mahari\u0161i vedskih pandita zajedno sa audio i video snimcima ili serijama fotografija\u200b (slideshow) recitacija pandita. Nadamo se da \u0107ete u\u017eivati u ovim besplatnim i posebno oboga\u0107enim <a href=\"https:\/\/donation.vedicpandits.org\/ecard\/\">e-\u010destitkama<\/a> Mahari\u0161i vedskih pandita i da \u0107ete ih podeliti sa svojim prijateljima.--><\/p>\n","protected":false},"excerpt":{"rendered":"<p>VEDSKE TEHNOLOGIJE SVESTI ZA SVETSKI MIR U Indiji se okuplja velika grupa Mahari\u0161ijevih Vedskih Pandita da bi stvorila uticaj sklada za ceo svet. Nau\u010dna istra\u017eivanja koja traju vi\u0161e od 40 godina su utvrdila da dovoljno velika grupa posebno obu\u010denih mirotvoraca mo\u017ee da uzdigne nivo koherencije i sklada u globalnoj kolektivnoj svesti i preokrene trendove ka [&hellip;]<\/p>\n","protected":false},"author":3,"featured_media":0,"parent":0,"menu_order":0,"comment_status":"open","ping_status":"closed","template":"template-home.php","meta":{"om_disable_all_campaigns":false,"_monsterinsights_skip_tracking":false,"_monsterinsights_sitenote_active":false,"_monsterinsights_sitenote_note":"","_monsterinsights_sitenote_category":0,"footnotes":""},"class_list":["post-4605","page","type-page","status-publish","hentry"],"_links":{"self":[{"href":"https:\/\/donation.vedicpandits.org\/sr\/wp-json\/wp\/v2\/pages\/4605","targetHints":{"allow":["GET"]}}],"collection":[{"href":"https:\/\/donation.vedicpandits.org\/sr\/wp-json\/wp\/v2\/pages"}],"about":[{"href":"https:\/\/donation.vedicpandits.org\/sr\/wp-json\/wp\/v2\/types\/page"}],"author":[{"embeddable":true,"href":"https:\/\/donation.vedicpandits.org\/sr\/wp-json\/wp\/v2\/users\/3"}],"replies":[{"embeddable":true,"href":"https:\/\/donation.vedicpandits.org\/sr\/wp-json\/wp\/v2\/comments?post=4605"}],"version-history":[{"count":23,"href":"https:\/\/donation.vedicpandits.org\/sr\/wp-json\/wp\/v2\/pages\/4605\/revisions"}],"predecessor-version":[{"id":13675,"href":"https:\/\/donation.vedicpandits.org\/sr\/wp-json\/wp\/v2\/pages\/4605\/revisions\/13675"}],"wp:attachment":[{"href":"https:\/\/donation.vedicpandits.org\/sr\/wp-json\/wp\/v2\/media?parent=4605"}],"curies":[{"name":"wp","href":"https:\/\/api.w.org\/{rel}","templated":true}]}}