{"id":4609,"date":"2014-06-08T07:09:10","date_gmt":"2014-06-08T07:09:10","guid":{"rendered":"https:\/\/vedicpandits.org\/?page_id=4609"},"modified":"2015-07-24T18:53:37","modified_gmt":"2015-07-24T18:53:37","slug":"maharishi","status":"publish","type":"page","link":"https:\/\/donation.vedicpandits.org\/sr\/maharishi\/","title":{"rendered":"Mahari\u0161i"},"content":{"rendered":"<h4>MAHARI\u0160I MAHE\u0160 JOGI<\/h4>\n<p>Mahari\u0161i Mahe\u0161 Jogi je priznat kao najistaknutiji svetski znalac Veda u moderno doba, kao i vode\u0107i svetski nau\u010dnik u podru\u010dju svesti. Izraz \u201cVeda\u201d se odnosi na bezvremenu tradiciju \u010distog, potpunog znanja koja je ustanovljena u Indiji. <\/p>\n<p>Mahari\u0161i je poznat po podu\u010davanju programa Transcendentalne Meditacije, najpotpunije istra\u017eene i najdelotvornije tehnike za samorazvoj (pogledaj dole). Osim toga, on je obnovio celokupno znanje i prakti\u010dne programe Vedske tradicije Indije u njegovoj \u010distoti i celovitosti tako da bi bilo ko bilo gde mogao da \u017eivi potpuno obe\u0107anje Vedskog \u017eivota \u2013 \u017eivot u miru, izobilju i dobrom zdravlju.<\/p>\n<p>Mahari\u0161i je o\u017eiveo vi\u0161e zaboravljenih ili pogre\u0161no shva\u0107enih vidova Vedske Nauke i razvio programe za dono\u0161enje ispunjenja zdravstvu, obrazovanju, odbrani, administraciji, arhitekturi i mnogim drugim oblastima modernog \u017eivota, <\/p>\n<div class=\"border-line\">&nbsp;<\/div>\n<h4>SISTEMATI\u010cAN PRISTUP ZADOBIJANJU PROSVETLJENJA<\/h4>\n<p>Meditacija i put ka prosvetljenju su vekovima bili pogre\u0161no shvatani, \u010dak i u Indiji. Svi su smatrali da je to delokrug religije ili filozofije, \u010desto i povezivali sa odricanjem od sveta. Mahari\u0161i je izneo na svetlost Vedsku istinu da se meditacija ne zasniva na naporu i koncentraciji, nego se de\u0161ava spontano i prirodno kada se umu da ispravan po\u010detak. Izlo\u017eio je sistemati\u010dan put za razvoj vi\u0161ih stanja svesti u kome jedinstvo \u017eivota postaje \u017eiva stvarnost svakodnevnog \u017eivota. <\/p>\n<p>Mahari\u0161i je nadahnuo nau\u010dnike da po\u010dnu da istra\u017euju dobrobiti Transcendentalne Meditacije. Od 1970. kada je objavljeno prvo istra\u017eivanje, preko 600 nau\u010dnih ispitivanja sprovedenih na vi\u0161e od 200 nezavisnih istra\u017eiva\u010dkih institucija u 35 zemalja je dokazalo dobrobiti Transcendentalne Meditacije za um, telo i dru\u0161tvo u celosti. Mnoga od ovih istra\u017eivanja su objavljena u vrhunskim nau\u010dnim, medicinskim i profesionalnim \u010dasopisima.<\/p>\n<div class=\"border-line\">&nbsp;<\/div>\n<h4>PRE\u010cICA DO SVETSKOG MIRA<\/h4>\n<p>Razvojem  naprednog TM-Sidhi programa a posebno grupne primene Jogijskog Letenja, Mahari\u0161i je svetu dao tehnologiju za stvaranje koherentnog, mirnog uticaja na skupnu svest bilo kojeg naroda, kori\u0161\u0107enjem malenog dela stanovni\u0161tva. Grupna primena Jogijskog letenja u velikim razmerama nudi prvi nau\u010dno potvr\u0111eni postupak za stvaranje svetskog mira. Pored toga, ispitivanje polja je utvrdilo da se pobolj\u0161avaju mnogi drugi vidovi \u017eivota kao \u0161to su op\u0161te zdravlje, dru\u0161tveno pona\u0161anje i obilje.<\/p>\n<p>Radi stvaranja i trajnog odr\u017eavanja ovog sna\u017enog delovanja Mahari\u0161i je osmislio Inicijativu za Svetski Mir (Global Peace Initiative) \u2013 projekat koji je usredsre\u0111en na stvaranje velike grupe posebno obu\u010denih Vedskih Pandita. Njihova svakodnevna primena TM i TM-Sidhi programa i izvo\u0111enje Vedskih Jagja \u0107e pro\u0161iriti dubok uticaj pun dobrobiti na svet, koji je mogu\u0107e izmeriti. Da bi se prikupila sredstva za trajno izdr\u017eavanje ove grupe Mahari\u0161i je osnovao Brahmananda Sarasvati Trust 2008. godine. <\/p>\n<div class=\"border-line\">&nbsp;<\/div>\n<h4 id=\"audios\">AUDIO<\/h4>\n<p>Mahari\u0161i pri\u010da o Vedskim Panditima:<\/p>\n<p><em><a href=\"https:\/\/donation.vedicpandits.org\/sr\/maharishi\/?audio_link=%2Fwp-content%2Fuploads%2F2015%2F03%2F01nTraining-Vedic-Pandits-to-Create-Harmony-in-Society-pushing-the-Devatas-buttons-May-18-051.mp3\" class=\"audio-link\">&gt; Training Vedic Pandits to create harmony in society. (Audio 21:02 min)<\/a>\n<p><b><\/b><a href=\"https:\/\/donation.vedicpandits.org\/sr\/maharishi\/?audio_link=%2Fwp-content%2Fuploads%2F2015%2F03%2F04n-Specialty-of-the-Vedic-Pandits-March-16-053.mp3\" class=\"audio-link\">&gt; Specialty of Vedic Pandits. (Audio 7:18 min)<\/a><\/em><\/br><\/p>\n<p>Mahari\u0161i pri\u010da o mo\u0107ima Jagja:<\/p>\n<p><em><a href=\"https:\/\/donation.vedicpandits.org\/sr\/maharishi\/?audio_link=%2Fwp-content%2Fuploads%2F2015%2F03%2F03n-Using-Collective-Yagyas-to-Prevent-the-Danger.mp3\" class=\"audio-link\">&gt; Using collective Yagyas to prevent the danger that has not yet come. (Audio 8:56 min)<\/a>\n<p><b><\/b><a href=\"https:\/\/donation.vedicpandits.org\/sr\/maharishi\/?audio_link=%2Fwp-content%2Fuploads%2F2015%2F03%2F02n-Yagyas%C3%A2%C2%80%C2%94powerful-Vedic-performances-March-23-051.mp3\" class=\"audio-link\">&gt; Yagyas \u2013 powerful Vedic performances arising from the silent level of consciousness of the Vedic Pandits. (Audio 7:26 min)<\/a>\n<p><b><\/b><a href=\"https:\/\/donation.vedicpandits.org\/sr\/maharishi\/?audio_link=%2Fwp-content%2Fuploads%2F2015%2F03%2F06n-Difference-between-practising-TM-and-listening-to-Vedic-R.mp3\" class=\"audio-link\">&gt; The difference between practicing TM and listening to Vedic recitation. (Audio 4:42 min)<\/a><\/em><\/p>\n","protected":false},"excerpt":{"rendered":"<p>MAHARI\u0160I MAHE\u0160 JOGI Mahari\u0161i Mahe\u0161 Jogi je priznat kao najistaknutiji svetski znalac Veda u moderno doba, kao i vode\u0107i svetski nau\u010dnik u podru\u010dju svesti. Izraz \u201cVeda\u201d se odnosi na bezvremenu tradiciju \u010distog, potpunog znanja koja je ustanovljena u Indiji. Mahari\u0161i je poznat po podu\u010davanju programa Transcendentalne Meditacije, najpotpunije istra\u017eene i najdelotvornije tehnike za samorazvoj (pogledaj [&hellip;]<\/p>\n","protected":false},"author":3,"featured_media":149,"parent":0,"menu_order":0,"comment_status":"open","ping_status":"closed","template":"","meta":{"om_disable_all_campaigns":false,"_monsterinsights_skip_tracking":false,"_monsterinsights_sitenote_active":false,"_monsterinsights_sitenote_note":"","_monsterinsights_sitenote_category":0,"footnotes":""},"class_list":["post-4609","page","type-page","status-publish","has-post-thumbnail","hentry"],"_links":{"self":[{"href":"https:\/\/donation.vedicpandits.org\/sr\/wp-json\/wp\/v2\/pages\/4609","targetHints":{"allow":["GET"]}}],"collection":[{"href":"https:\/\/donation.vedicpandits.org\/sr\/wp-json\/wp\/v2\/pages"}],"about":[{"href":"https:\/\/donation.vedicpandits.org\/sr\/wp-json\/wp\/v2\/types\/page"}],"author":[{"embeddable":true,"href":"https:\/\/donation.vedicpandits.org\/sr\/wp-json\/wp\/v2\/users\/3"}],"replies":[{"embeddable":true,"href":"https:\/\/donation.vedicpandits.org\/sr\/wp-json\/wp\/v2\/comments?post=4609"}],"version-history":[{"count":4,"href":"https:\/\/donation.vedicpandits.org\/sr\/wp-json\/wp\/v2\/pages\/4609\/revisions"}],"predecessor-version":[{"id":5220,"href":"https:\/\/donation.vedicpandits.org\/sr\/wp-json\/wp\/v2\/pages\/4609\/revisions\/5220"}],"wp:featuredmedia":[{"embeddable":true,"href":"https:\/\/donation.vedicpandits.org\/sr\/wp-json\/wp\/v2\/media\/149"}],"wp:attachment":[{"href":"https:\/\/donation.vedicpandits.org\/sr\/wp-json\/wp\/v2\/media?parent=4609"}],"curies":[{"name":"wp","href":"https:\/\/api.w.org\/{rel}","templated":true}]}}