{"id":4613,"date":"2014-06-08T07:09:17","date_gmt":"2014-06-08T07:09:17","guid":{"rendered":"https:\/\/vedicpandits.org\/?page_id=4613"},"modified":"2015-07-24T19:01:05","modified_gmt":"2015-07-24T19:01:05","slug":"peace-creating-group","status":"publish","type":"page","link":"https:\/\/donation.vedicpandits.org\/sr\/peace-creating-group\/","title":{"rendered":"Grupa za Stvaranje Mira"},"content":{"rendered":"<h4>9000 MAHARI\u0160IJEVIH VEDSKIH PANDITA ZA SVETSKI MIR<\/h4>\n<p>Mahari\u0161i Mahe\u0161 Jogi je odabrao Vedske Pandite da budu \u010dlanovi grupe za stvaranje mira zato \u0161to su od drevnih vremena oni bili tradicionalni \u010duvari Vedske mudrosti odgovorni za odr\u017eavanje sklada u dru\u0161tvu i ravnote\u017ee u prirodi. Kroz Mahari\u0161ijevo nastojanje da iznese puno razumevanje Vedskog znanja, tehnologije svesti za stvaranje mira obnovljene su u svojoj izvornoj delotvornosti i kao takve potvr\u0111ene kroz nau\u010dna istra\u017eivanja. Ovo je omogu\u0107ilo da Vedski Panditi posle obuke u ovim tehnologijama svesti ponovo ispunjavaju svoju ulogu stvaranja sklada, mira i ravnote\u017ee u svetu.<\/p>\n<p>Januara 2008, Mahari\u0161i je osnovao Brahmananda Sarasvati Trust da obezbedi veliku grupu Maharis\u0161ijevih Vedskih Pandita u naselju u Brahmasthanu (geograskom sredi\u0161tu) Indije. Cilj je da se izdr\u017eava 9000 Pandita. Kao po\u010detni korak, trenutni cilj je da se grupa pove\u0107a sa sada\u0161njih 2000 do 3500 \u2014 broja koji je dovoljan za stvaranje efekta dobrobiti za celu Indiju i \u010dvrst temelj za dostizanje cilja od 9000. <\/p>\n<div class=\"border-line\">&nbsp;<\/div>\n<div class=\"grid-holder\">\n<div class=\"grid grid-desktop-50 grid-mobile-100\"><div class=\"holder\">\t<a href=\"https:\/\/donation.vedicpandits.org\/sr\/peace-creating-group\/?image_video=https%3A%2F%2Fwww.youtube.com%2Fwatch%3Fv%3DoLNxrO4z9GQ%3Frel%3D0\" class=\"video-link \"><img loading=\"lazy\" decoding=\"async\" class=\"alignnone size-full wp-image-103\" src=\"\/wp-content\/uploads\/2014\/04\/post-img-11.jpg\" alt=\"post-img-11\" width=\"432\" height=\"312\" srcset=\"https:\/\/donation.vedicpandits.org\/wp-content\/uploads\/2014\/04\/post-img-11.jpg 432w, https:\/\/donation.vedicpandits.org\/wp-content\/uploads\/2014\/04\/post-img-11-300x216.jpg 300w\" sizes=\"auto, (max-width: 432px) 100vw, 432px\" \/><\/a>\n\n\t\n\t<a href=\"https:\/\/donation.vedicpandits.org\/sr\/peace-creating-group\/?image_video=https%3A%2F%2Fwww.youtube.com%2Fwatch%3Fv%3DoLNxrO4z9GQ%3Frel%3D0\" class=\"video-link no-pointer\"><em>&gt; Watch Maharishi Mahesh Yogi speaking about this phenomenon.<\/em><\/a>\n\n\t\n<\/div><\/div>\n<div class=\"grid grid-desktop-50 grid-mobile-100\"><div class=\"holder\"><h4> PRELIVAJU\u0106E DELOVANJE MIRA<\/h4>\n<p>Na\u0161iroko je poznato i potvr\u0111eno da oni koji primenjuju program Transcendentalne Meditatcije do\u017eivljavaju vi\u0161e mira u sebi. Ovo iskustvo je nau\u010dno povezano sa ve\u0107om sre\u0111eno\u0161\u0107u u radu mozga.<\/p>\n<p>Ono \u0161to nije toliko \u0161iroko poznato je da se kad relativno mali deo stanovni\u0161tva grada ili zemlje primenjuje TM prelivaju\u0107i efekat mira \u0161iri na okolno stanovni\u0161tvo. Ovu pojavu su potvrdila 23 nau\u010dna ispitivanja i prona\u0111eno je da je to posebno sna\u017eno kada se nepredni TM-Sidhi program ve\u017eba u grupi.<\/p>\n<p>Upotreba ove tehnologije je sr\u017e Inicijative za Svetski Mir.<\/p>\n<\/div><\/div>\n<\/div>\n","protected":false},"excerpt":{"rendered":"<p>9000 MAHARI\u0160IJEVIH VEDSKIH PANDITA ZA SVETSKI MIR Mahari\u0161i Mahe\u0161 Jogi je odabrao Vedske Pandite da budu \u010dlanovi grupe za stvaranje mira zato \u0161to su od drevnih vremena oni bili tradicionalni \u010duvari Vedske mudrosti odgovorni za odr\u017eavanje sklada u dru\u0161tvu i ravnote\u017ee u prirodi. Kroz Mahari\u0161ijevo nastojanje da iznese puno razumevanje Vedskog znanja, tehnologije svesti za [&hellip;]<\/p>\n","protected":false},"author":3,"featured_media":102,"parent":0,"menu_order":0,"comment_status":"open","ping_status":"closed","template":"","meta":{"om_disable_all_campaigns":false,"_monsterinsights_skip_tracking":false,"_monsterinsights_sitenote_active":false,"_monsterinsights_sitenote_note":"","_monsterinsights_sitenote_category":0,"footnotes":""},"class_list":["post-4613","page","type-page","status-publish","has-post-thumbnail","hentry"],"_links":{"self":[{"href":"https:\/\/donation.vedicpandits.org\/sr\/wp-json\/wp\/v2\/pages\/4613","targetHints":{"allow":["GET"]}}],"collection":[{"href":"https:\/\/donation.vedicpandits.org\/sr\/wp-json\/wp\/v2\/pages"}],"about":[{"href":"https:\/\/donation.vedicpandits.org\/sr\/wp-json\/wp\/v2\/types\/page"}],"author":[{"embeddable":true,"href":"https:\/\/donation.vedicpandits.org\/sr\/wp-json\/wp\/v2\/users\/3"}],"replies":[{"embeddable":true,"href":"https:\/\/donation.vedicpandits.org\/sr\/wp-json\/wp\/v2\/comments?post=4613"}],"version-history":[{"count":4,"href":"https:\/\/donation.vedicpandits.org\/sr\/wp-json\/wp\/v2\/pages\/4613\/revisions"}],"predecessor-version":[{"id":5221,"href":"https:\/\/donation.vedicpandits.org\/sr\/wp-json\/wp\/v2\/pages\/4613\/revisions\/5221"}],"wp:featuredmedia":[{"embeddable":true,"href":"https:\/\/donation.vedicpandits.org\/sr\/wp-json\/wp\/v2\/media\/102"}],"wp:attachment":[{"href":"https:\/\/donation.vedicpandits.org\/sr\/wp-json\/wp\/v2\/media?parent=4613"}],"curies":[{"name":"wp","href":"https:\/\/api.w.org\/{rel}","templated":true}]}}