{"id":4617,"date":"2014-06-08T07:09:29","date_gmt":"2014-06-08T07:09:29","guid":{"rendered":"https:\/\/vedicpandits.org\/?page_id=4617"},"modified":"2018-08-22T08:42:09","modified_gmt":"2018-08-22T08:42:09","slug":"maharishi-vedic-pandits","status":"publish","type":"page","link":"https:\/\/donation.vedicpandits.org\/sr\/peace-creating-group\/maharishi-vedic-pandits\/","title":{"rendered":"Mahari\u0161ijevi Vedski Panditi"},"content":{"rendered":"<h4>SISTEMATSKA OBUKA MAHARI\u0160IJEVIH VEDSKIH PANDITA<\/h4>\n<p>Od mladih dana, u\u010denici iz tradicionalnih Vedskih porodica Indije slede sistematsku obuku da bi postali profesionalni mirotvorci \u2013 Mahari\u0161ijevi Vedski Panditi. <\/p>\n<p>Od 10. do 20. godine oni slede poseban program u\u010denja koji je oblikovao Mahari\u0161i. Tu spada u\u010denje Transcendentalne Meditacije i TM-Sidhi programa sa Jogijskim Letenjem, prou\u010davanje Sanskrita i sticanje iskustva u vr\u0161enju Jagja, tradicionalnih Vedskih izvo\u0111enja koje daruju dobru sudbinu i mir. Na svojim studijama oni sti\u010du akademska zvanja diplomaca, mastera i doktora nauka koje dodeljuje Maharishi Mahesh Yogi Vedic Vishwavidyalaya, univerzitet koji je osnovala vlada Madhja Prade\u0161a godine 1995.<\/p>\n<div class=\"border-line\">&nbsp;<\/div>\n<div class=\"grid-holder\">\n<div class=\"grid grid-desktop-50 grid-mobile-100\"><div class=\"holder\"><p><img loading=\"lazy\" decoding=\"async\" class=\"alignnone size-full wp-image-105\" src=\"\/wp-content\/uploads\/2014\/04\/post-img-12.jpg\" alt=\"post-img-12\" width=\"432\" height=\"312\" srcset=\"https:\/\/donation.vedicpandits.org\/wp-content\/uploads\/2014\/04\/post-img-12.jpg 432w, https:\/\/donation.vedicpandits.org\/wp-content\/uploads\/2014\/04\/post-img-12-300x216.jpg 300w\" sizes=\"auto, (max-width: 432px) 100vw, 432px\" \/><\/p>\n<\/div><\/div>\n<div class=\"grid grid-desktop-50 grid-mobile-100\"><div class=\"holder\"><h4>STRU\u010cNJACI ZA JOGU \u2013 TRANSCENDENTALNU MEDITACIJU I JOGIJSKO LETENJE<\/h4>\n<p>Po nekoliko sati svakog dana Mahari\u0161ijevi Vedski Panditi u Brahmasthanu primenjuju su\u0161tinu Joge \u2013 Transcendentalnu Meditaciju i TM-Sidhi program. TM-Sidhi program sa Jogijskim Letenjem je Mahari\u0161i izneo iz Patan\u0111alijeve Joga Sutre \u2013 sredi\u0161njeg spisa filozofije Joge.<\/p>\n<p>Ovaj program razvija sposobnost da se deluje sa ti\u0161ih i povezanijih nivoa svesti. Rastu\u0107i u sposobnosti da deluju sa istan\u010danijih nivoa svesti, Panditi postaju veoma delotvorni u svojoj svakodnevnoj primeni Vedskih tehnologija za stvaranje svetskog mira.<\/p>\n<\/div><\/div>\n<\/div>\n<div class=\"border-line\">&nbsp;<\/div>\n<div class=\"grid-holder\">\n<div class=\"grid grid-desktop-100\"><div class=\"holder\"><p>Glavni Vedski spis Joge \u2014 Joga Sutra \u2014 opisuje mo\u0107 koju do\u017eivljaj transcendiranja ima za stvaranje mira u okolini:<\/p>\n<div class=\"box-info\">\n<h5><em>Tat sannidhau vairatyagah<\/em><\/h5>\n<h4>&#8222;U blizini Joge<br \/>\n(iskustva Transcendentalne Svesti, Jedinstvenog Polja)<br \/>\nnasilne, sukobljavaju\u0107e te\u017enje nestaju&#8220;<\/h4>\n<h6>\u2013 Yoga sutra 2.35<\/h6>\n<\/div>\n<p>Kada, kroz naprednu meditaciju, dovoljno velika grupa o\u017eivi Transcendentalnu Svest, \u2018blizina Joge\u2019 se pro\u0161iruje na ceo svet. Ovo je taktika Inicijative za Svetski Mir.<\/p>\n<\/div><\/div>\n<\/div>\n<div class=\"border-line\">&nbsp;<\/div>\n<div class=\"grid-holder\">\n<div class=\"grid grid-desktop-50 grid-mobile-100\"><div class=\"holder\"><h4>STRU\u010cNJACI ZA JAGJU \u2013 OBUHVATNA OBUKA U OBAVLJANJU VEDSKIH TEHNOLOGIJA<\/h4>\n<p>U stotine malih sela \u0161irom Indije Mahari\u0161i je stvorio mre\u017eu uputstava za u\u010denike koji \u017eele da postanu Mahari\u0161ijevi Vedski Panditi. U svakom selu u\u010ditelji koje zovu Guru\u0111i po\u010dinju obuku Pandita u\u010denika od 10-te godine. Kad napune 14 godina oni imaju priliku da se priklju\u010de jednom od 46 oblasnih objekata \u0161irom Indije i dobijaju uputstva pod nadzorom svr\u0161enih a\u010darja (u\u010ditelja). U\u010denici slede sistematski i detaljan program obuke koji je osmislio Mahari\u0161i. Obuka sadr\u017ei i video snimke i u\u010denje uz ra\u010dunare da bi se obezbedilo da svaki Pandit dobije standardizovan visok nivo obuke. Kad diplomiraju sa 20 godina, potpuno su obu\u010deni za izvo\u0111enje Jagja.<\/p>\n<p>Jagja je bezvremena tehnologija iz Vedske tradicije. Panditi izvode Jagje da o\u017eive zakone prirode koji upravljaju univerzumom na posebne na\u010dine i radi posebnih potreba, da bi pomogli ostvarenje odre\u0111ene \u017eelje. Na primer, svaki dan u Brahmasthanu Indije 1331 Pandit zajedno izvode Atirudrabhi\u0161ek, sna\u017enu Jagju za svetski mir. <\/p>\n<\/div><\/div>\n<div class=\"grid grid-desktop-50 grid-mobile-100\"><div class=\"holder\"><p><img loading=\"lazy\" decoding=\"async\" class=\"alignnone size-full wp-image-107\" src=\"\/wp-content\/uploads\/2014\/04\/post-img-13.jpg\" alt=\"post-img-13\" width=\"435\" height=\"482\" srcset=\"https:\/\/donation.vedicpandits.org\/wp-content\/uploads\/2014\/04\/post-img-13.jpg 435w, https:\/\/donation.vedicpandits.org\/wp-content\/uploads\/2014\/04\/post-img-13-270x300.jpg 270w, https:\/\/donation.vedicpandits.org\/wp-content\/uploads\/2014\/04\/post-img-13-300x332.jpg 300w\" sizes=\"auto, (max-width: 435px) 100vw, 435px\" \/><\/p>\n<\/div><\/div>\n<\/div>\n<div class=\"border-line\">&nbsp;<\/div>\n<div class=\"grid-holder\">\n<div class=\"grid grid-desktop-50 grid-mobile-100\"><div class=\"holder\">\t<a href=\"https:\/\/donation.vedicpandits.org\/sr\/peace-creating-group\/maharishi-vedic-pandits\/?image_video=https%3A%2F%2Fwww.youtube.com%2Fwatch%3Fv%3DZQOxpwHk0fQ\" class=\"video-link \">\n<img loading=\"lazy\" decoding=\"async\" class=\"alignnone size-full wp-image-92\" src=\"\/wp-content\/uploads\/2014\/05\/einzelner_pandit_432bright.png\" alt=\"post-img-14\" width=\"432\" height=\"243\" \/><br \/>\n<\/a>\n\n\t\n<\/div><\/div>\n<div class=\"grid grid-desktop-50 grid-mobile-100\"><div class=\"holder\"><h4 id=\"atirudrabhishek\">SLIKE I ZVUCI<\/h4>\n<p>Da biste dobili utisak kako Mahari\u0161ijevi Vedski Panditi izvode Jagje mo\u017eete pogledati slike sa zvu\u010dnim snimkom.<\/p>\n<\/div><\/div>\n<\/div>\n","protected":false},"excerpt":{"rendered":"<p>SISTEMATSKA OBUKA MAHARI\u0160IJEVIH VEDSKIH PANDITA Od mladih dana, u\u010denici iz tradicionalnih Vedskih porodica Indije slede sistematsku obuku da bi postali profesionalni mirotvorci \u2013 Mahari\u0161ijevi Vedski Panditi. Od 10. do 20. godine oni slede poseban program u\u010denja koji je oblikovao Mahari\u0161i. Tu spada u\u010denje Transcendentalne Meditacije i TM-Sidhi programa sa Jogijskim Letenjem, prou\u010davanje Sanskrita i sticanje [&hellip;]<\/p>\n","protected":false},"author":3,"featured_media":202,"parent":4613,"menu_order":1,"comment_status":"open","ping_status":"closed","template":"","meta":{"om_disable_all_campaigns":false,"_monsterinsights_skip_tracking":false,"_monsterinsights_sitenote_active":false,"_monsterinsights_sitenote_note":"","_monsterinsights_sitenote_category":0,"footnotes":""},"class_list":["post-4617","page","type-page","status-publish","has-post-thumbnail","hentry"],"_links":{"self":[{"href":"https:\/\/donation.vedicpandits.org\/sr\/wp-json\/wp\/v2\/pages\/4617","targetHints":{"allow":["GET"]}}],"collection":[{"href":"https:\/\/donation.vedicpandits.org\/sr\/wp-json\/wp\/v2\/pages"}],"about":[{"href":"https:\/\/donation.vedicpandits.org\/sr\/wp-json\/wp\/v2\/types\/page"}],"author":[{"embeddable":true,"href":"https:\/\/donation.vedicpandits.org\/sr\/wp-json\/wp\/v2\/users\/3"}],"replies":[{"embeddable":true,"href":"https:\/\/donation.vedicpandits.org\/sr\/wp-json\/wp\/v2\/comments?post=4617"}],"version-history":[{"count":11,"href":"https:\/\/donation.vedicpandits.org\/sr\/wp-json\/wp\/v2\/pages\/4617\/revisions"}],"predecessor-version":[{"id":15276,"href":"https:\/\/donation.vedicpandits.org\/sr\/wp-json\/wp\/v2\/pages\/4617\/revisions\/15276"}],"up":[{"embeddable":true,"href":"https:\/\/donation.vedicpandits.org\/sr\/wp-json\/wp\/v2\/pages\/4613"}],"wp:featuredmedia":[{"embeddable":true,"href":"https:\/\/donation.vedicpandits.org\/sr\/wp-json\/wp\/v2\/media\/202"}],"wp:attachment":[{"href":"https:\/\/donation.vedicpandits.org\/sr\/wp-json\/wp\/v2\/media?parent=4617"}],"curies":[{"name":"wp","href":"https:\/\/api.w.org\/{rel}","templated":true}]}}