{"id":4625,"date":"2014-06-08T09:14:28","date_gmt":"2014-06-08T09:14:28","guid":{"rendered":"https:\/\/vedicpandits.org\/?page_id=4625"},"modified":"2019-01-07T12:39:35","modified_gmt":"2019-01-07T12:39:35","slug":"science-2","status":"publish","type":"page","link":"https:\/\/donation.vedicpandits.org\/sr\/peace-creating-group\/science-2\/","title":{"rendered":"Nauka"},"content":{"rendered":"<h4>NAU\u010cNA ISTRA\u017dIVANJA POTVR\u0110UJU DELOTVORNOST GRUPE PANDITA<\/h4>\n<p>Glavna svrha osnivanja velike grupe Vedskih Pandita je da se stvori efekat koherencije i sklada u svetskoj svesti.<\/p>\n<p>Nau\u010dna istra\u017eivanja su pokazala da se kad dovoljan broj ljudi primenjuje Transcendentalnu Meditaciju i napredni TM-Sidhi program smanjuju negativna i oja\u010davaju pozitivna de\u0161avanja.<\/p>\n<p>Ovi blagotvorni efekti su prime\u0107eni kad<\/p>\n<ul>\n<li>1% stanovni\u0161tva primenjuje Transcendentalnu Meditaciju ili<\/li>\n<li>koren iz 1% stanovni\u0161tva primenjuje TM-Sidhi program sa Jogijskim Letenjem zajedno, na jednom mestu\n<\/li>\n<\/ul>\n<p>Ova pojava je poznata kao Mahari\u0161ijev Efekat, u \u010dast Mahari\u0161ija koji je predvideo 1960, petnaest godina pre nego \u0161to su je nau\u010dna istra\u017eivanja potvrdila.<br \/>\n<div class=\"grid-holder\">\n<div class=\"grid grid-desktop-50 grid-mobile-100 zoom-image-holder\"><div class=\"holder\"><h4>PROU\u010cAVANJE U VA\u0160INGTONU<\/h4>\n<p>Nasilni kriminal u Va\u0161ingtonu je smanjen za skoro 25% kad se skupila grupa od 4000 Jogijskih Leta\u010da na nekoliko nedelja, u leto 1993. (vidi sliku dole). Ovo istra\u017eivanje je objavljeno 1999. u nau\u010dnom \u010dasopisu <em>Social Indicators Research 1999 47(2):153-201.<\/em><\/p>\n<p><a href=\"\/wp-content\/uploads\/2016\/05\/serbian-violentcrimedc.jpg\"><img loading=\"lazy\" decoding=\"async\" class=\"alignnone size-full wp-image-83\" src=\"\/wp-content\/uploads\/2016\/05\/serbian-violentcrimedc.jpg\" alt=\"post-img-2\" width=\"320\" height=\"250\" \/><\/a><\/p>\n<\/div><\/div>\n<div class=\"grid grid-desktop-50 grid-mobile-100\"><div class=\"holder\"><p><img loading=\"lazy\" decoding=\"async\" class=\"alignnone size-full wp-image-85\" src=\"\/wp-content\/uploads\/2014\/04\/post-img-1.jpg\" alt=\"post-img-1\" width=\"435\" height=\"400\" srcset=\"https:\/\/donation.vedicpandits.org\/wp-content\/uploads\/2014\/04\/post-img-1.jpg 435w, https:\/\/donation.vedicpandits.org\/wp-content\/uploads\/2014\/04\/post-img-1-300x275.jpg 300w\" sizes=\"auto, (max-width: 435px) 100vw, 435px\" \/><\/p>\n<\/div><\/div>\n<\/div>\n<h4>SRAZMERNO POVE\u0106ANJE ZA CEO SVET<\/h4>\n<p>Dokazi pokazuju da grupa Jogijskih Leta\u010da koja broji koren iz 1% stanovni\u0161tva donosi mir celom dru\u0161tvu. Po\u0161to kvadratni koren iz 1% broja stanovnika celog sveta (7 milijardi) iznosi 8400, postavljen je cilj da se grupa Vedskih Pandita pove\u0107a do 9000.<\/p>\n<div class=\"border-line\">&nbsp;<\/div>\n<h4>NAU\u010cNA TEORIJA O GRUPAMA ZA STVARANJE MIRA<\/h4>\n<p>Teorijska obja\u0161njenja sna\u017enog uticaja grupne meditacije na kriminal i dru\u0161tveni stres uklju\u010duju \u201cmodel polja svesti,\u201d u kome je svest na svom najdubljem nivou polje koje povezuje pojedince u celom dru\u0161tvu \u010dine\u0107i njihovu osnovu. Takva teorija je u skladu sa najnovijim otkri\u0107ima fizike, fiziologije i neurologije.<\/p>\n<div class=\"grid-holder\">\n<div class=\"grid grid-desktop-50 grid-mobile-100\"><div class=\"holder\"><p>Na primer, moderna fizika je otkrila sjedinjenije nivoe delovanja prirode na manjim prostornim i vremenskim razmerama a vrhunac toga je otkri\u0107e Jedinstvenog Polja (polje superstruna) koje povezuje i nalazi se u osnovi svih raznolikih sila i \u010destica u univerzumu (pogledaj sliku na desnoj strani).<\/p>\n<p>Sli\u010dno tome, Transcendentalna Meditacija i TM-Sidhi program omogu\u0107avaju neposredno iskustvo ti\u0161ih, dubljih nivoa misli \u2013 i kao vrhunac \u2013  do\u017eivljaj Jedinstvenog Polja u osnovi uma i materije. Grupno primenjivanje ovih tehnika sna\u017eno o\u017eivljava ovo univerzalno, jedinstveno polje zajedni\u010dke svesti, stvaraju\u0107i povezuju\u0107i i uskla\u0111uju\u0107i uticaj u celom dru\u0161tvu.<\/p>\n<\/div><\/div>\n<div class=\"grid grid-desktop-50 grid-mobile-100 zoom-image-holder\"><div class=\"holder\"><p><a href=\"\/wp-content\/uploads\/2014\/05\/uf-chart.jpg\"><img loading=\"lazy\" decoding=\"async\" class=\"alignnone size-full wp-image-90\" src=\"\/wp-content\/uploads\/2014\/05\/uf-chart.jpg\" alt=\"post-img-3\" width=\"320\" height=\"250\" \/><\/a><\/p>\n<\/div><\/div>\n<\/div>\n<p>Nau\u010dna istra\u017eivanja su mere\u0107i delovanje Transcendentalne Meditacije na dru\u0161tvo utvrdila da uticaj pove\u0107anja mira koji stvara grupa ljudi koji primenjuju TM raste srazmerno kvadratu broja ljudi u grupi. Ako je grupa sastavljena od Jogijskih Leta\u010da \u2013 koji su obu\u010deni u naprednom TM-Sidhi programu \u2013 istra\u017eivanja pokazuju da je dovoljan kvadratni koren iz 1% stanovni\u0161tva da se stvori zna\u010dajan povoljan uticaj.<\/p>\n<p>To zna\u010di da je potrebno samo nekoliko stotina pojedinaca da se proizvede krajnje sna\u017eno i nau\u010dno proverljivo dejstvo mira, sklada i napretka u okru\u017eenju \u2013 pa i u nacionalnim ili svetskim razmerama. Za ceo svet je potrebna grupa od 9000 (pribli\u017eno \u221a1% svetskog stanovni\u0161tva). Ta brojka je cilj za na\u0161u grupu Mahari\u0161ijevih Vedskih Pandita u Indiji. <\/p>\n<div class=\"border-line\">&nbsp;<\/div>\n<h4 id=\"science_hagelin\">DELOVANJE SVESTI KAO POLJA<\/h4>\n<p>Kako je mogu\u0107e da ljudi koji primenjuju Transcendentalnu Medtiaciju sami kod svojih ku\u0107a ili u kancelarijama, ili zajedno u grupi, mogu da uti\u010du na druge ljude u svom gradu, zemlji ili \u0161irom sveta \u2014 koji i ne meditiraju?<\/p>\n<div class=\"grid-holder\">\n<div class=\"grid grid-desktop-50 grid-mobile-100\"><div class=\"holder\">\t<a href=\"https:\/\/donation.vedicpandits.org\/sr\/peace-creating-group\/science-2\/?image_video=https%3A%2F%2Fwww.youtube.com%2Fwatch%3Fv%3DyVFa6Wtuxu8\" class=\"video-link \">\n<img loading=\"lazy\" decoding=\"async\" class=\"alignnone size-full wp-image-92\" src=\"\/wp-content\/uploads\/2014\/04\/post-img-14.jpg\" alt=\"post-img-14\" width=\"433\" height=\"321\" srcset=\"https:\/\/donation.vedicpandits.org\/wp-content\/uploads\/2014\/04\/post-img-14.jpg 433w, https:\/\/donation.vedicpandits.org\/wp-content\/uploads\/2014\/04\/post-img-14-300x222.jpg 300w\" sizes=\"auto, (max-width: 433px) 100vw, 433px\" \/><br \/>\n<\/a>\n\n\t\n<\/div><\/div>\n<div class=\"grid grid-desktop-50 grid-mobile-100\"><div class=\"holder\"><p>Uticaj grupe ljudi koji meditiraju putuje kroz polje koje je u osnovi \u2013 na isti na\u010din kao \u0161to mo\u017eete da \u010dujete u\u017eivo radio program koji se emituje na drugoj strani sveta. U jednom slu\u010daju, elektromagnetno polje povezuje radio stanicu i va\u0161 radio. U drugom primeru, polje svesti povezuje meditante i ostatak stanovni\u0161tva. Uskla\u0111uju\u0107i talasi se \u0161ire od grupe koja stvara mir kroz celo polje svesti, proizvode\u0107i povoljan i merljiv uticaj u celom dru\u0161tvu.<\/p>\n\t<a href=\"https:\/\/donation.vedicpandits.org\/sr\/peace-creating-group\/science-2\/?image_video=https%3A%2F%2Fwww.youtube.com%2Fwatch%3Fv%3DyVFa6Wtuxu8\" class=\"video-link no-pointer\"> Pogledajte snimak na kome kvantni fizi\u010dar D\u017eon Hegelin obja\u0161njava efekat polja.<\/a>\n\n\t\n<\/div><\/div>\n<\/div>\n<p>&nbsp;<\/p>\n<h5>USKLA\u0110ENI SISTEMI SU SNA\u017dNIJI \u2013 PRIMER LASERA <\/h5>\n<p>Za\u0161to je dovoljan mali broj ljudi u grupi za stvaranje mira da proizvede povoljan uticaj na celo stanovni\u0161tvo? Fizika je utvrdila da su sistemi koji funkcioni\u0161u uskla\u0111eno sna\u017eniji od onih koji rade neuskla\u0111eno.<\/p>\n<p>Uzmimo primer lasera tj. svetlosnih talasa koji su pode\u0161eni da deluju uskla\u0111eno tako da vrh svakog talasa ide u korak sa vrhovima svih ostalih talasa. Laser je mnogo sna\u017eniji od svetla koje sija iz obi\u010dne sijalice. U stvari, snaga lasera je srazmerna kvadratu broja svetlosnih talasa \u2013 npr. 100 uskla\u0111enih talasa \u0107e imati delovanje kao 10 000 (1002) obi\u010dnih svetlosnih talasa. <\/p>\n<p>Na isti na\u010din, velika grupa ljudi koja primenjuje TM-Sidhi program o\u017eivljava polje svesti na mirnom i koherentnom nivou proizvode\u0107i daleko sna\u017eniji mirovni efekat nego \u0161to bi ti isti ljudi mogli kroz pojedina\u010dna nastojanja. <\/p>\n","protected":false},"excerpt":{"rendered":"<p>NAU\u010cNA ISTRA\u017dIVANJA POTVR\u0110UJU DELOTVORNOST GRUPE PANDITA Glavna svrha osnivanja velike grupe Vedskih Pandita je da se stvori efekat koherencije i sklada u svetskoj svesti. Nau\u010dna istra\u017eivanja su pokazala da se kad dovoljan broj ljudi primenjuje Transcendentalnu Meditaciju i napredni TM-Sidhi program smanjuju negativna i oja\u010davaju pozitivna de\u0161avanja. Ovi blagotvorni efekti su prime\u0107eni kad 1% stanovni\u0161tva [&hellip;]<\/p>\n","protected":false},"author":3,"featured_media":3087,"parent":4613,"menu_order":2,"comment_status":"open","ping_status":"closed","template":"template-science.php","meta":{"om_disable_all_campaigns":false,"_monsterinsights_skip_tracking":false,"_monsterinsights_sitenote_active":false,"_monsterinsights_sitenote_note":"","_monsterinsights_sitenote_category":0,"footnotes":""},"class_list":["post-4625","page","type-page","status-publish","has-post-thumbnail","hentry"],"_links":{"self":[{"href":"https:\/\/donation.vedicpandits.org\/sr\/wp-json\/wp\/v2\/pages\/4625","targetHints":{"allow":["GET"]}}],"collection":[{"href":"https:\/\/donation.vedicpandits.org\/sr\/wp-json\/wp\/v2\/pages"}],"about":[{"href":"https:\/\/donation.vedicpandits.org\/sr\/wp-json\/wp\/v2\/types\/page"}],"author":[{"embeddable":true,"href":"https:\/\/donation.vedicpandits.org\/sr\/wp-json\/wp\/v2\/users\/3"}],"replies":[{"embeddable":true,"href":"https:\/\/donation.vedicpandits.org\/sr\/wp-json\/wp\/v2\/comments?post=4625"}],"version-history":[{"count":9,"href":"https:\/\/donation.vedicpandits.org\/sr\/wp-json\/wp\/v2\/pages\/4625\/revisions"}],"predecessor-version":[{"id":20259,"href":"https:\/\/donation.vedicpandits.org\/sr\/wp-json\/wp\/v2\/pages\/4625\/revisions\/20259"}],"up":[{"embeddable":true,"href":"https:\/\/donation.vedicpandits.org\/sr\/wp-json\/wp\/v2\/pages\/4613"}],"wp:featuredmedia":[{"embeddable":true,"href":"https:\/\/donation.vedicpandits.org\/sr\/wp-json\/wp\/v2\/media\/3087"}],"wp:attachment":[{"href":"https:\/\/donation.vedicpandits.org\/sr\/wp-json\/wp\/v2\/media?parent=4625"}],"curies":[{"name":"wp","href":"https:\/\/api.w.org\/{rel}","templated":true}]}}