{"id":4652,"date":"2014-06-08T07:09:41","date_gmt":"2014-06-08T07:09:41","guid":{"rendered":"https:\/\/vedicpandits.org\/?page_id=4652"},"modified":"2015-07-24T19:38:00","modified_gmt":"2015-07-24T19:38:00","slug":"scope","status":"publish","type":"page","link":"https:\/\/donation.vedicpandits.org\/sr\/peace-creating-group\/scope\/","title":{"rendered":"Delokrug"},"content":{"rendered":"<p>Na\u0161 projekat uklju\u010duje glavnu grupu  i povezan program obuke koji je gradi i dopunjava.<br \/>\n<div class=\"border-line\">&nbsp;<\/div>\n<div class=\"grid-holder\">\n<div class=\"grid grid-desktop-50 grid-mobile-100\"><div class=\"holder\"><h4>GLAVNA GRUPA<\/h4>\n<p>Izbor Vedskih Pandita da \u010dine grupu za na\u0161 projekat u Indiji je i tradicionalna i prakti\u010dna odluka. U drevna vremena Vedski Panditi su tradicionalno bili odgovorni za odr\u017eavanje sklada u dru\u0161tvu i ravnote\u017ee u prirodi. Danas se Indija nudi kao ekonomi\u010dno mesto  koje \u010dini obuku Vedskih Pandita kao profesionalnih mirotvoraca prakti\u010dnom strategijom.<\/p>\n<p>Cilj je da se sakupi 9.000 Mahari\u0161ijevih Vedskih Pandita u jednu grupu za stvaranje efekta svetskog mira. Izdr\u017eavanje te grupe zahteva obezbe\u0111enje plata i osnivanje kompletnog naselja sa infrastrukturom, sme\u0161tajem, naprednom obukom, obrocima, kao i mlekarom i vrtom sa povr\u0107em. Trenutno oko 2000 Pandita \u017eivi u glavnom naselju u Brahmasthanu &#8211; geografskom sredi\u0161tu Indije blizu \u0110abalpura u Madhja Prade\u0161u.<\/p>\n<\/div><\/div>\n<div class=\"grid grid-desktop-50 grid-mobile-100 zoom-image-holder\"><div class=\"holder\"><p><a href=\"\/wp-content\/uploads\/2014\/04\/map-of-india.jpg\"><img loading=\"lazy\" decoding=\"async\" class=\"alignleft size-full wp-image-595\" src=\"\/wp-content\/uploads\/2014\/04\/map-of-india.jpg\" alt=\"map-of-india\" width=\"550\" height=\"523\" srcset=\"https:\/\/donation.vedicpandits.org\/wp-content\/uploads\/2014\/04\/map-of-india.jpg 550w, https:\/\/donation.vedicpandits.org\/wp-content\/uploads\/2014\/04\/map-of-india-300x285.jpg 300w\" sizes=\"auto, (max-width: 550px) 100vw, 550px\" \/><\/a><\/p>\n<\/div><\/div>\n<\/div>\n<div class=\"border-line\">&nbsp;<\/div>\n<div class=\"grid-holder\">\n<div class=\"grid grid-desktop-50 grid-mobile-100 zoom-image-holder\"><div class=\"holder\"><p><a href=\"\/wp-content\/uploads\/2014\/04\/131207_training_chart_web-Kopie.jpg\"><img loading=\"lazy\" decoding=\"async\" class=\"alignnone size-medium wp-image-250\" src=\"\/wp-content\/uploads\/2014\/04\/131207_training_chart_web-Kopie.jpg\" alt=\"\" width=\"432\" height=\"211\" \/><\/a><\/p>\n<\/div><\/div>\n<div class=\"grid grid-desktop-50 grid-mobile-100\"><div class=\"holder\"><h4>PROGRAM ZA OBUKU PANDITA<\/h4>\n<p>Da bi se napravila glavna grupa i zatim nadoknadilo prirodno osipanje, Mahari\u0161i je program za obuku Pandita osnovao \u0161irom Indije.<\/p>\n<p>On podr\u017eava i dopunjava grupu u Brahmasthanu i osmi\u0161ljen je da ima upisanih:<br \/>\n\u2013 20,000 mla\u0111ih u\u010denika koji se obu\u010davaju po selima<br \/>\n\u2013 10,000 starijih u\u010denika na obuci u boravi\u0161nim objektima<br \/>\nProgram je postavljen tako da svake godine diplomira 1200-1500 Pandita da bi se obezbedilo da glavna grupa uvek ostane iznad 9000<\/p>\n<\/div><\/div>\n<\/div>\n","protected":false},"excerpt":{"rendered":"<p>Na\u0161 projekat uklju\u010duje glavnu grupu i povezan program obuke koji je gradi i dopunjava.<\/p>\n","protected":false},"author":3,"featured_media":196,"parent":4613,"menu_order":4,"comment_status":"open","ping_status":"closed","template":"","meta":{"om_disable_all_campaigns":false,"_monsterinsights_skip_tracking":false,"_monsterinsights_sitenote_active":false,"_monsterinsights_sitenote_note":"","_monsterinsights_sitenote_category":0,"footnotes":""},"class_list":["post-4652","page","type-page","status-publish","has-post-thumbnail","hentry"],"_links":{"self":[{"href":"https:\/\/donation.vedicpandits.org\/sr\/wp-json\/wp\/v2\/pages\/4652","targetHints":{"allow":["GET"]}}],"collection":[{"href":"https:\/\/donation.vedicpandits.org\/sr\/wp-json\/wp\/v2\/pages"}],"about":[{"href":"https:\/\/donation.vedicpandits.org\/sr\/wp-json\/wp\/v2\/types\/page"}],"author":[{"embeddable":true,"href":"https:\/\/donation.vedicpandits.org\/sr\/wp-json\/wp\/v2\/users\/3"}],"replies":[{"embeddable":true,"href":"https:\/\/donation.vedicpandits.org\/sr\/wp-json\/wp\/v2\/comments?post=4652"}],"version-history":[{"count":5,"href":"https:\/\/donation.vedicpandits.org\/sr\/wp-json\/wp\/v2\/pages\/4652\/revisions"}],"predecessor-version":[{"id":5230,"href":"https:\/\/donation.vedicpandits.org\/sr\/wp-json\/wp\/v2\/pages\/4652\/revisions\/5230"}],"up":[{"embeddable":true,"href":"https:\/\/donation.vedicpandits.org\/sr\/wp-json\/wp\/v2\/pages\/4613"}],"wp:featuredmedia":[{"embeddable":true,"href":"https:\/\/donation.vedicpandits.org\/sr\/wp-json\/wp\/v2\/media\/196"}],"wp:attachment":[{"href":"https:\/\/donation.vedicpandits.org\/sr\/wp-json\/wp\/v2\/media?parent=4652"}],"curies":[{"name":"wp","href":"https:\/\/api.w.org\/{rel}","templated":true}]}}