{"id":4656,"date":"2014-06-08T07:09:46","date_gmt":"2014-06-08T07:09:46","guid":{"rendered":"https:\/\/vedicpandits.org\/?page_id=4656"},"modified":"2015-07-24T19:49:23","modified_gmt":"2015-07-24T19:49:23","slug":"cost","status":"publish","type":"page","link":"https:\/\/donation.vedicpandits.org\/sr\/peace-creating-group\/cost\/","title":{"rendered":"Tro\u0161kovi"},"content":{"rendered":"<h4>TRAJNI MIR ZA DELI\u0106 TRO\u0160KOVA SADA\u0160NJIH ORU\u017dANIH SNAGA<\/h4>\n<p>Globalna Mirovna Inicijativa ima potencijal da bude najisplativiji i najuspe\u0161niji program za uspostavljanje mira pokrenut u modernim vremenima.<br \/>\nSredstva potrebna da se trajno obezbedi ceo projekat su manja od onoga \u0161to svetske oru\u017eane snage zajedno potro\u0161e svakih \u0161est sati, i manje nego polovina cene jednog B-2 bombardera.<\/p>\n<p>Iako si\u0107u\u0161ni u pore\u0111enju sa vojnim bud\u017eetima, zahtevi projekta za finansijskim sredstvima su ipak znatni. Godi\u0161nja podr\u0161ka potrebna za punu primenu Globalne mirovne inicijative je 45,5 miliona $. Ti ukupni godi\u0161nji tro\u0161kovi se sastoje od dva dela: <\/p>\n<p>1. Izdr\u017eavanje grupe od 9.000 Mahari\u0161ijevih Vedskih Pandita u naselju u sredi\u0161njoj Indiji.<\/p>\n<p>2. Izdr\u017eavanje programa obuke novih Mahari\u0161ijevih Vedskih Pandita.<\/p>\n<p>Po\u0161to su funkcionisanje centralnog naselja i programi obuke sada u fazi primene tro\u0161kovi kao stavke bud\u017eeta su dobro poznati i ovo je njihov op\u0161ti pregled.<\/p>\n<div class=\"border-line\">&nbsp;<\/div>\n<div class=\"grid-holder grid-border-50\">\n<div class=\"grid grid-desktop-50 grid-mobile-100\"><div class=\"holder\"><p><img loading=\"lazy\" decoding=\"async\" src=\"\/wp-content\/uploads\/2014\/04\/2146-432.jpg\" alt=\"2146 - 432\" width=\"432\" height=\"253\" class=\"alignleft size-full wp-image-577\" srcset=\"https:\/\/donation.vedicpandits.org\/wp-content\/uploads\/2014\/04\/2146-432.jpg 432w, https:\/\/donation.vedicpandits.org\/wp-content\/uploads\/2014\/04\/2146-432-300x175.jpg 300w, https:\/\/donation.vedicpandits.org\/wp-content\/uploads\/2014\/04\/2146-432-430x253.jpg 430w\" sizes=\"auto, (max-width: 432px) 100vw, 432px\" \/><\/p>\n<h4>1. ODR\u017dAVANJE GLAVNE GRUPE OD 9.000<\/h4>\n<p>250$ mese\u010dno je dovoljno da obezbedi za svakog Pandita stanovanje i pun pansion, medicinsku negu, ode\u0107u, specijalizaciju u daljem obrazovanju i pomo\u0107 u obuci, kao i skromnu stipendiju za njegovu porodicu. Uklju\u010deni su i odr\u017eavanje, administracija i drugi tro\u0161kovi kojima je izlo\u017een tokom njegovog boravka u Brahmasthanu u Indiji.<\/p>\n<p>Sa 9.000 Vedskih Pandita koji u\u010destvuju u projektu u naselju ukupni godi\u0161nji tro\u0161kovi su 27 miliona dolara.<\/p>\n<\/div><\/div>\n<div class=\"grid grid-desktop-50 grid-mobile-100\"><div class=\"holder\"><p><a href=\"\/wp-content\/uploads\/2014\/04\/9297-432.jpg\"><img loading=\"lazy\" decoding=\"async\" src=\"\/wp-content\/uploads\/2014\/04\/9297-432.jpg\" alt=\"9297 - 432\" width=\"432\" height=\"253\" class=\"alignleft size-full wp-image-579\" srcset=\"https:\/\/donation.vedicpandits.org\/wp-content\/uploads\/2014\/04\/9297-432.jpg 432w, https:\/\/donation.vedicpandits.org\/wp-content\/uploads\/2014\/04\/9297-432-300x175.jpg 300w, https:\/\/donation.vedicpandits.org\/wp-content\/uploads\/2014\/04\/9297-432-430x253.jpg 430w\" sizes=\"auto, (max-width: 432px) 100vw, 432px\" \/><\/a><\/p>\n<h4>2. PROGRAM OBUKE PANDITA<\/h4>\n<p>Da bi obezbedio stalan priliv Mahari\u0161ijevih Vedskih Pandita za glavnu grupu u centralnoj Indiji, program obuke je osmi\u0161ljen da uklju\u010di:<br \/>\n&#8211; 20.000 mladih u\u010denika u njihovim selima sa mese\u010dnim tro\u0161kovima od 12$ po studentu<br \/>\n&#8211; 10.000 starijih studenata u boravi\u0161nim centrima za obuku sa mese\u010dnim tro\u0161kovima od 130$ po studentu.<\/p>\n<p>Godi\u0161nji tro\u0161kovi za program obuke su 18,5 miliona dolara.<\/p>\n<\/div><\/div>\n<\/div>\n<h4 style=\"text-align: center; margin-top: 20px;\">UKUPAN BUD\u017dET<\/h4>\n<p style=\"text-align: center;\">Udru\u017een godi\u0161nji bud\u017eet za glavnu grupu i program obuke je 45,5 miliona dolara.<\/p>\n<div class=\"border-line\">&nbsp;<\/div>\n<p style=\"text-align: center; color: #e07e27;\"><em>Ako \u017eelite da budete sponzor Pandita ili podr\u017eite finansiranje na\u0161eg projekta kliknite dole.<\/em><\/p>\n\t<p style=\"text-align: center\">\n\t\t<a href=\"https:\/\/donate.vedicpandits.org\/ipgeo\/ipgeo.php\"   class=\"btn btn-large \" > > \n\t\t\tPRILO\u017dITE ZA NA\u0160 PROJEKAT\t\t<\/a>\n\t<\/p>\n\n\t\n","protected":false},"excerpt":{"rendered":"<p>TRAJNI MIR ZA DELI\u0106 TRO\u0160KOVA SADA\u0160NJIH ORU\u017dANIH SNAGA Globalna Mirovna Inicijativa ima potencijal da bude najisplativiji i najuspe\u0161niji program za uspostavljanje mira pokrenut u modernim vremenima. Sredstva potrebna da se trajno obezbedi ceo projekat su manja od onoga \u0161to svetske oru\u017eane snage zajedno potro\u0161e svakih \u0161est sati, i manje nego polovina cene jednog B-2 bombardera. [&hellip;]<\/p>\n","protected":false},"author":3,"featured_media":192,"parent":4613,"menu_order":5,"comment_status":"open","ping_status":"closed","template":"","meta":{"om_disable_all_campaigns":false,"_monsterinsights_skip_tracking":false,"_monsterinsights_sitenote_active":false,"_monsterinsights_sitenote_note":"","_monsterinsights_sitenote_category":0,"footnotes":""},"class_list":["post-4656","page","type-page","status-publish","has-post-thumbnail","hentry"],"_links":{"self":[{"href":"https:\/\/donation.vedicpandits.org\/sr\/wp-json\/wp\/v2\/pages\/4656","targetHints":{"allow":["GET"]}}],"collection":[{"href":"https:\/\/donation.vedicpandits.org\/sr\/wp-json\/wp\/v2\/pages"}],"about":[{"href":"https:\/\/donation.vedicpandits.org\/sr\/wp-json\/wp\/v2\/types\/page"}],"author":[{"embeddable":true,"href":"https:\/\/donation.vedicpandits.org\/sr\/wp-json\/wp\/v2\/users\/3"}],"replies":[{"embeddable":true,"href":"https:\/\/donation.vedicpandits.org\/sr\/wp-json\/wp\/v2\/comments?post=4656"}],"version-history":[{"count":8,"href":"https:\/\/donation.vedicpandits.org\/sr\/wp-json\/wp\/v2\/pages\/4656\/revisions"}],"predecessor-version":[{"id":5234,"href":"https:\/\/donation.vedicpandits.org\/sr\/wp-json\/wp\/v2\/pages\/4656\/revisions\/5234"}],"up":[{"embeddable":true,"href":"https:\/\/donation.vedicpandits.org\/sr\/wp-json\/wp\/v2\/pages\/4613"}],"wp:featuredmedia":[{"embeddable":true,"href":"https:\/\/donation.vedicpandits.org\/sr\/wp-json\/wp\/v2\/media\/192"}],"wp:attachment":[{"href":"https:\/\/donation.vedicpandits.org\/sr\/wp-json\/wp\/v2\/media?parent=4656"}],"curies":[{"name":"wp","href":"https:\/\/api.w.org\/{rel}","templated":true}]}}