{"id":4660,"date":"2014-06-08T07:09:52","date_gmt":"2014-06-08T07:09:52","guid":{"rendered":"https:\/\/vedicpandits.org\/?page_id=4660"},"modified":"2016-07-27T10:10:55","modified_gmt":"2016-07-27T10:10:55","slug":"progress","status":"publish","type":"page","link":"https:\/\/donation.vedicpandits.org\/sr\/peace-creating-group\/progress\/","title":{"rendered":"Napredak"},"content":{"rendered":"<h4>NAJZNA\u010cAJNIJE FAZE NA PUTU KA NA\u0160EM CILJU<\/h4>\n<ul>\n<li>Za naselje za 9 000 Mahari\u0161ijevih Vedskih Pandita kupljeno je 1700 jutara (688 hektara) zemlje nedaleko od \u0110abalpura u Madhja Prade\u0161u u Indiji. (slika gore je snimljena 2013.).<\/li>\n<li>Sme\u0161taj za 2 500 Mahari\u0161ijevih Vedskih Pandita je ve\u0107 zavr\u0161en. To uklju\u010duje infrastrukturu, administrativne zgrade, dvorane za ru\u010davanje i Jagje i mlekaru \u2013 sve izgradjeno u skladu sa principima Sthapatja vede, Vedske nauke o arhitekturi.<\/li>\n<li>Vi\u0161e od 2000 potpuno obu\u010denih Mahari\u0161ijevih Vedskih Pandita je ve\u0107 useljeno i slede dnevni program za stvaranje mira.<\/li>\n<li>Sme\u0161taj za jo\u0161 5000 Pandita je zapo\u010det, ali zahteva dodatna sredstva da bi bio dovr\u0161en.<\/li>\n<li>Guru \u0110i program za obuku mladih u\u010denika Pandita u njihovim selima je zapo\u010det pre vi\u0161e od jedne decenije i nastavlja se.<\/li>\n<li>Obuka za starije u\u010denike se odr\u017eava u 46 boravi\u0161nih centara za obuku \u0161irom Indije. Trenutno ima oko 3000 upisanih u\u010denika. <\/li>\n<li>Osnovane su dve organizacije za prikupljanje sredstava za izdr\u017eavanje Globalne mirovne inicijative. Brahmananda Sarasvati Fondacija u SAD i Brahmananda Sarasvati Trust u Holandiji su registrovani kao dobrotvorna dru\u0161tva u svojim zemljama. <\/li>\n<li>Osnovana je mre\u017ea dobrovoljaca-nacionalnih koordinatora (<a href=\"https:\/\/donation.vedicpandits.org\/contact\/\">\u2018Ambasadora\u2019<\/a>) da podupre ovu inicijativu u 90 zemalja.<\/li>\n<li>Za samo nekoliko godina, program koji treba da obezbedi redovne mese\u010dne donacije je dostigao 430.000 $ mese\u010dno za izdr\u017eavanje Pandita.<\/li>\n<li>Mnoge nacionalne organizacije u okviru TM pokreta u svetu takodje sakupljaju sredstva da podr\u017ee Mahari\u0161ijeve Vedske Pandite.<\/li>\n<p>\t<!--\n\n<li>U Americi je osnovana grupa Mahari\u0161ijevih Vedskih Pandita u Mahari\u0161ijevom Vedskom Gradu u Ajovi koju finansiraju donatori iz SAD.<\/li>\n\n-->\n<\/ul>\n","protected":false},"excerpt":{"rendered":"<p>NAJZNA\u010cAJNIJE FAZE NA PUTU KA NA\u0160EM CILJU Za naselje za 9 000 Mahari\u0161ijevih Vedskih Pandita kupljeno je 1700 jutara (688 hektara) zemlje nedaleko od \u0110abalpura u Madhja Prade\u0161u u Indiji. (slika gore je snimljena 2013.). Sme\u0161taj za 2 500 Mahari\u0161ijevih Vedskih Pandita je ve\u0107 zavr\u0161en. To uklju\u010duje infrastrukturu, administrativne zgrade, dvorane za ru\u010davanje i Jagje [&hellip;]<\/p>\n","protected":false},"author":3,"featured_media":189,"parent":4613,"menu_order":6,"comment_status":"open","ping_status":"closed","template":"","meta":{"om_disable_all_campaigns":false,"_monsterinsights_skip_tracking":false,"_monsterinsights_sitenote_active":false,"_monsterinsights_sitenote_note":"","_monsterinsights_sitenote_category":0,"footnotes":""},"class_list":["post-4660","page","type-page","status-publish","has-post-thumbnail","hentry"],"_links":{"self":[{"href":"https:\/\/donation.vedicpandits.org\/sr\/wp-json\/wp\/v2\/pages\/4660","targetHints":{"allow":["GET"]}}],"collection":[{"href":"https:\/\/donation.vedicpandits.org\/sr\/wp-json\/wp\/v2\/pages"}],"about":[{"href":"https:\/\/donation.vedicpandits.org\/sr\/wp-json\/wp\/v2\/types\/page"}],"author":[{"embeddable":true,"href":"https:\/\/donation.vedicpandits.org\/sr\/wp-json\/wp\/v2\/users\/3"}],"replies":[{"embeddable":true,"href":"https:\/\/donation.vedicpandits.org\/sr\/wp-json\/wp\/v2\/comments?post=4660"}],"version-history":[{"count":9,"href":"https:\/\/donation.vedicpandits.org\/sr\/wp-json\/wp\/v2\/pages\/4660\/revisions"}],"predecessor-version":[{"id":8667,"href":"https:\/\/donation.vedicpandits.org\/sr\/wp-json\/wp\/v2\/pages\/4660\/revisions\/8667"}],"up":[{"embeddable":true,"href":"https:\/\/donation.vedicpandits.org\/sr\/wp-json\/wp\/v2\/pages\/4613"}],"wp:featuredmedia":[{"embeddable":true,"href":"https:\/\/donation.vedicpandits.org\/sr\/wp-json\/wp\/v2\/media\/189"}],"wp:attachment":[{"href":"https:\/\/donation.vedicpandits.org\/sr\/wp-json\/wp\/v2\/media?parent=4660"}],"curies":[{"name":"wp","href":"https:\/\/api.w.org\/{rel}","templated":true}]}}