{"id":4664,"date":"2014-06-08T07:10:00","date_gmt":"2014-06-08T07:10:00","guid":{"rendered":"https:\/\/vedicpandits.org\/?page_id=4664"},"modified":"2016-01-09T11:06:45","modified_gmt":"2016-01-09T11:06:45","slug":"yagya","status":"publish","type":"page","link":"https:\/\/donation.vedicpandits.org\/sr\/yagya\/","title":{"rendered":"Jagja"},"content":{"rendered":"<br \/>\n<h4>MAHARI\u0160I JAGJE <\/h4>\n<p>Prilozi za grupu Vedskih Pandita u Indiji su istovremeno i doprinos za posebne Vedske tehnologije koje se zovu Jagje i koje izvode Panditi. Ove Jagje koriste nauku o zvuku da stvore mno\u0161tvo dobrobiti za va\u0161u zemlju Nacionalna Jagja i vas same Specialna Jagja.<\/p>\n<div class=\"border-line\">&nbsp;<\/div>\n<div class=\"grid-holder\">\n<div class=\"grid grid-desktop-50 grid-mobile-100\">\n<div class=\"holder button\">\n<a class=\"btn btn-large btn-full\" href=\"https:\/\/donation.vedicpandits.org\/sr\/yagya\/national-yagya\/\"> > Nacionalna Jagja <\/a>\n<\/div>\n<\/div>\n<div class=\"grid grid-desktop-50 grid-mobile-100\">\n<div class=\"holder button\">\n<a class=\"btn btn-large btn-full\" href=\" \/?page_id=4672\"> > Specialna Jagja <\/a>\n<\/div>\n<\/div>\n<\/div>\n<p><\/p>\n<div class=\"border-line\">&nbsp;<\/div>\n<h4>\u0160TA JE JAGJA?<\/h4>\n<p>Jagja je drevna i delotvorna Vedska tehnologija za spre\u010davanje problema kao i pove\u0107anje uspe\u0161nosti i sre\u0107e na svakom nivou. UNESCO je tradiciju Vedskog recitovanja proglasio za svetsko duhovno nasle\u0111e.<br \/>\n<div class=\"border-line\">&nbsp;<\/div>\n<div class=\"grid-holder\">\n<div class=\"grid grid-desktop-50 grid-mobile-100\"><div class=\"holder\"><h4> PO \u010cEMU SU MAHARI\u0160I JAGJE POSEBNE?<\/h4>\n<p>Mahari\u0161i Mahe\u0161 Jogi je posvetio dugi niz godina bri\u017eljivom, sistematskom o\u017eivljavanju Jagje, obnavljaju\u0107i ovu drevnu tehnologiju u njenoj punoj snazi. O\u017eiveo je su\u0161tinsko razumevanje da Vedske Mantre treba da proizilaze iz svesnosti koja je utemeljena u Para (Transcendentalnom) nivou govora, gde su zvuk i oblik \u2013  \u017eelja i ispunjenje \u017eelje \u2013 prisno povezani, gde je veza me\u0111u njima neverovatno sna\u017ena. Mahari\u0161i je definisao dva aspekta kao su\u0161tinske za ispravno izvo\u0111enje Vedske Jagje: <\/p>\n<p>Prvo, kroz svakodnevnu praksu TM i TM-Sidhi programa, Mahari\u0161i Vedski Panditi do\u017eivljavaju duboko smirena stanja svesti. Time o\u017eivljavaju Transcendentni izvor govora pre recitovanja i izvo\u0111enja Jagje. Posledica toga je da Panditi izvode Jagje iz ovog veoma smirenog stanja svesti i koriste dublje nivoe Prirodnog Zakona.<\/p>\n<p>Drugo, Mahari\u0161i Vedski Panditi su podvrgnuti jedinstvenoj i obuhvatnoj obuci. Mahari\u0161i je nekoliko decenija blisko sara\u0111ivao sa najpo\u0161tovanijim stare\u0161inama Pandita iz cele Indije da bi profinio i ustanovio savr\u0161eno obrazovanje Pandita. Kroz ovo obrazovanje oni u\u010de ispravnu praksu i izgovor u punoj tradicionalnoj delotvornosti. <\/p>\n<p>Zato Mahari\u0161i Jagje imaju tako sna\u017eno i dalekose\u017eno delovanje.<\/p>\n<\/div><\/div>\n<div class=\"grid grid-desktop-50 grid-mobile-100\"><div class=\"holder\"><p><img loading=\"lazy\" decoding=\"async\" class=\"alignright size-full wp-image-261\" src=\"\/wp-content\/uploads\/2014\/04\/CHANTING-PANDIT-EYES-CLOSED432.jpg\" alt=\"CHANTING PANDIT EYES CLOSED432\" width=\"432\" height=\"516\" srcset=\"https:\/\/donation.vedicpandits.org\/wp-content\/uploads\/2014\/04\/CHANTING-PANDIT-EYES-CLOSED432.jpg 432w, https:\/\/donation.vedicpandits.org\/wp-content\/uploads\/2014\/04\/CHANTING-PANDIT-EYES-CLOSED432-251x300.jpg 251w, https:\/\/donation.vedicpandits.org\/wp-content\/uploads\/2014\/04\/CHANTING-PANDIT-EYES-CLOSED432-300x358.jpg 300w\" sizes=\"auto, (max-width: 432px) 100vw, 432px\" \/><\/p>\n<\/div><\/div>\n<\/div>\n","protected":false},"excerpt":{"rendered":"<p>MAHARI\u0160I JAGJE Prilozi za grupu Vedskih Pandita u Indiji su istovremeno i doprinos za posebne Vedske tehnologije koje se zovu Jagje i koje izvode Panditi. Ove Jagje koriste nauku o zvuku da stvore mno\u0161tvo dobrobiti za va\u0161u zemlju Nacionalna Jagja i vas same Specialna Jagja. > Nacionalna Jagja > Specialna Jagja \u0160TA JE JAGJA? Jagja [&hellip;]<\/p>\n","protected":false},"author":3,"featured_media":183,"parent":0,"menu_order":0,"comment_status":"open","ping_status":"closed","template":"","meta":{"om_disable_all_campaigns":false,"_monsterinsights_skip_tracking":false,"_monsterinsights_sitenote_active":false,"_monsterinsights_sitenote_note":"","_monsterinsights_sitenote_category":0,"footnotes":""},"class_list":["post-4664","page","type-page","status-publish","has-post-thumbnail","hentry"],"_links":{"self":[{"href":"https:\/\/donation.vedicpandits.org\/sr\/wp-json\/wp\/v2\/pages\/4664","targetHints":{"allow":["GET"]}}],"collection":[{"href":"https:\/\/donation.vedicpandits.org\/sr\/wp-json\/wp\/v2\/pages"}],"about":[{"href":"https:\/\/donation.vedicpandits.org\/sr\/wp-json\/wp\/v2\/types\/page"}],"author":[{"embeddable":true,"href":"https:\/\/donation.vedicpandits.org\/sr\/wp-json\/wp\/v2\/users\/3"}],"replies":[{"embeddable":true,"href":"https:\/\/donation.vedicpandits.org\/sr\/wp-json\/wp\/v2\/comments?post=4664"}],"version-history":[{"count":8,"href":"https:\/\/donation.vedicpandits.org\/sr\/wp-json\/wp\/v2\/pages\/4664\/revisions"}],"predecessor-version":[{"id":7865,"href":"https:\/\/donation.vedicpandits.org\/sr\/wp-json\/wp\/v2\/pages\/4664\/revisions\/7865"}],"wp:featuredmedia":[{"embeddable":true,"href":"https:\/\/donation.vedicpandits.org\/sr\/wp-json\/wp\/v2\/media\/183"}],"wp:attachment":[{"href":"https:\/\/donation.vedicpandits.org\/sr\/wp-json\/wp\/v2\/media?parent=4664"}],"curies":[{"name":"wp","href":"https:\/\/api.w.org\/{rel}","templated":true}]}}