{"id":4672,"date":"2014-06-10T12:57:22","date_gmt":"2014-06-10T12:57:22","guid":{"rendered":"https:\/\/vedicpandits.org\/?page_id=4672"},"modified":"2023-03-15T15:57:07","modified_gmt":"2023-03-15T15:57:07","slug":"special-yagya","status":"publish","type":"page","link":"https:\/\/donation.vedicpandits.org\/sr\/yagya\/special-yagya\/","title":{"rendered":"Posebne Jagje"},"content":{"rendered":"<h4>Posebne Mahari\u0161i Jagje<\/h4>\n<p>Posebne jagje su pre svega na\u010din da se obezbedi mir i napredak za ceo svet. Do-datno, one slu\u017ee dobrobiti korisnika jagje kao i poklonodavca koji uplati.<br \/>\nMahari\u0161i je osmislio jedinstven izbor Posebnih Jagja za sveukupnu podr\u0161ku li\u010dnom rastu i uspehu primaoca. Ove Posebne Jagje donose blagoslove Prirode pojedincima i porodicama. Jagje za ro\u0111endan, ven\u010danje, godi\u0161njicu braka i ro\u0111enje deteta se izvode u klju\u010dnim prelaznim trenucima kad su odre\u0111eni Zakoni Prirode koji pru\u017eaju podr\u0161ku posebno o\u017eivljeni i dostupni. <\/p>\n<p>Od nedavno nam je na raspolaganju i nova Posebna Jagja\u2014Jagja za Sveop\u0161tu Dobrobit\u2014koja mo\u017ee da bude izvedena na bezmalo bilo koji dan koji izaberete. Ova Jagja mo\u017ee biti izvedena koliko god puta \u017eelite tokom godine, \u010dak i svakog meseca. Kada se prijavljujete za ovu Jagju, vi \u0107ete izabrati datum na koji biste \u017eeleli da se izvede Jagja za Sveop\u0161tu Dobrobit.<\/p>\n<p>Sve posebne Jagje mo\u017eete poru\u010diti za sebe, \u010dlanove porodice ili za prijatelje. Svaka od ovih va\u017enih Jagja pobu\u0111uje \u017eivotnost iz dubine\u2014sa temeljnog nivoa samog jedinstvenog polja. Na taj na\u010din ne samo da uzdi\u017eu \u017eivot pojedinca ve\u0107 poma\u017eu i da se otkloni nesklad i da se mir i napredak u celom dru\u0161tvu podignu na vi\u0161i nivo.  <\/p>\n<p>&nbsp;<\/p>\n<div style=\"padding:10px; background-color:white;\">\n<div style=\"border-size:2px;border-style:solid;border-color:#e4bb4b;\">\n<div style=\"text-align: center; padding-top:10px; padding-right:5px; padding-bottom:0px; padding-left:5px;\">\n&nbsp;<\/p>\n<h4>POSEBNO OBAVE\u0160TENJE RA\u0110A HARRISA \u2013 VI\u0160EDNEVNE JAGJE<\/h4>\n<\/div>\n<div style=\"text-align: left; padding-top:20px; padding-right:20px; padding-bottom:40px; padding-left:20px;\">Na osnovu pozitivnih iskustava koja su imali sa Posebnim Jagjama, mnogi ljudi su pitali da li te Jagje mogu da se produ\u017ee na vi\u0161e od jednog dana. Nakon \u0161to se posavetujemo sa predvodnicima Pandita ponudi\u0107emo mogu\u0107nosti za drugi i tre\u0107i dan posebnih Jagja. Da bi to bilo pristupa\u010dnije, cena ovih Jagja po danu je smanjena.   <\/p>\n<\/div>\n<\/div>\n<\/div>\n<p>&nbsp;<\/p>\n<div class=\"grid-holder\">\n<div class=\"grid grid-desktop-50 grid-mobile-100\"><div class=\"holder\"><p><strong>Izaberite vrstu \u0408\u0430g\u0458\u0435:<\/strong><br \/>\nNa svakom vi\u0161em nivou sve vi\u0161e Pandita u\u010destvuje u Jagji \u010dine\u0107i je znatno sna\u017enijom.<\/p>\n<ul>\n<li>\t<a href=\"https:\/\/sponsor.specialyagyas.org\/bwb.php?site=vp&amp;bwb=birthday\" class=\"tooltipster\" title=\"Posebne Jagje su pod upravom Brahmananda Sarasvati Jagja Fondacije, registrovane dobrotvorne organizacije sa sedi\u0161tem u SAD. Kliknite ovde i prebaci\u0107emo vas na tu internet stranicu.\">\n\t\tRo\u0111endanska Jagja &#8211; izvodi se na ro\u0111endan\t<\/a>\n\t\n<p>Jednodnevna Jagja: Donacije mogu biti: 1,000 $ | 2,500 $<br \/>\nDvodnevna Jagja:   Donacije mogu biti: 1,500 $ | 3,000 $<br \/>\nJagja od tri dana: Donacije mogu biti: 2,000 $ | 3,500 $<\/p>\n<li>\t<a href=\"https:\/\/sponsor.specialyagyas.org\/bwb.php?site=vp&amp;bwb=well-being\" class=\"tooltipster\" title=\"Posebne Jagje su pod upravom Brahmananda Sarasvati Jagja Fondacije, registrovane dobrotvorne organizacije sa sedi\u0161tem u SAD. Kliknite ovde i prebaci\u0107emo vas na tu internet stranicu.\">\n\t\tJagja za Sveop\u0161tu Dobrobit &#8211; koja mo\u017ee da bude izvedena na bezmalo bilo koji dan koji izaberete\t<\/a>\n\t\n<p>Jednodnevna Jagja: Donacije mogu biti: 1,000 $ | 2,500 $<br \/>\nDvodnevna Jagja:   Donacije mogu biti: 1,500 $ | 3,000 $<br \/>\nJagja od tri dana: Donacije mogu biti: 2,000 $ | 3,500 $<\/p>\n<li>\t<a href=\"https:\/\/sponsor.specialyagyas.org\/wedding.php?site=vp&amp;waw=w\" class=\"tooltipster\" title=\"Posebne Jagje su pod upravom Brahmananda Sarasvati Jagja Fondacije, registrovane dobrotvorne organizacije sa sedi\u0161tem u SAD. Kliknite ovde i prebaci\u0107emo vas na tu internet stranicu.\">\n\t\tJagja za brak: izvodi se na dan ven\u010danja \t<\/a>\n\t\n<p>Jednodnevna Jagja: Donacije mogu biti: 1,500 $ | 3,000 $<br \/>\nDvodnevna Jagja: Donacije mogu biti:2,000 $ | 3,500 $<br \/>\nJagja od tri dana: Donacije mogu biti:2,500 $ | 4,000 $<\/p>\n<li>\t<a href=\"https:\/\/sponsor.specialyagyas.org\/wedding.php?site=vp&amp;waw=wa\" class=\"tooltipster\" title=\"Posebne Jagje su pod upravom Brahmananda Sarasvati Jagja Fondacije, registrovane dobrotvorne organizacije sa sedi\u0161tem u SAD. Kliknite ovde i prebaci\u0107emo vas na tu internet stranicu.\">\n\t\tJagje za godi\u0161njicu braka: izvodi se na dan godi\u0161njice braka\t<\/a>\n\t\n<p>Jednodnevna Jagja: Donacije mogu biti: 1,500 $ | 3,000 $<br \/>\nDvodnevna Jagja: Donacije mogu biti:2,000 $ | 3,500 $<br \/>\nJagja od tri dana: Donacije mogu biti:2,500 $ | 4,000 $<\/p>\n<li>\t<a href=\"https:\/\/sponsor.specialyagyas.org\/newborn.php?site=vp\" class=\"tooltipster\" title=\"Posebne Jagje su pod upravom Brahmananda Sarasvati Jagja Fondacije, registrovane dobrotvorne organizacije sa sedi\u0161tem u SAD. Kliknite ovde i prebaci\u0107emo vas na tu internet stranicu.\">\n\t\tJagja za novoro\u0111en\u010de: izvodi se 40 dana nakon ro\u0111anja deteta \t<\/a>\n\t\n<p>Jednodnevna Jagja: Donacije mogu biti: 1,000 $ | 2,500 $<br \/>\nDvodnevna Jagja:   Donacije mogu biti: 1,500 $ | 3,000 $<br \/>\nJagja od tri dana: Donacije mogu biti: 2,000 $ | 3,500 $\n<\/ul>\n<\/div><\/div>\n<div class=\"grid grid-desktop-50 grid-mobile-100\"><div class=\"holder\"><p><img loading=\"lazy\" decoding=\"async\" class=\"alignleft size-full wp-image-423\" src=\"\/wp-content\/uploads\/2014\/04\/pandits_5320.jpg\" alt=\"pandits_5320\" width=\"432\" height=\"326\" srcset=\"https:\/\/donation.vedicpandits.org\/wp-content\/uploads\/2014\/04\/pandits_5320.jpg 432w, https:\/\/donation.vedicpandits.org\/wp-content\/uploads\/2014\/04\/pandits_5320-300x226.jpg 300w\" sizes=\"auto, (max-width: 432px) 100vw, 432px\" \/><\/p>\n<\/div><\/div>\n<\/div>\n<p>Prilozi za Posebne Jagje se upla\u0107uju u Brahmananda Sarasvati Yagya Fondaciju u SAD, neprofitna \u043e\u0440\u0433\u0430\u043d\u0438\u0437\u0430\u0446\u0438\u0458\u0430.<\/p>\n<div class=\"border-line\">&nbsp;<\/div>\n<h4>KAKO SE PRIJAVITI<\/h4>\n<p>Popunjavanje zahteva za Posebnu Mahari\u0161i Jagju je jednostavno. Celokupna prijava i pla\u0107anje mogu da se obave preko interneta. Pritisnite narand\u017easto dugme na kome pi\u0161e &#8216;Prijava za Posebnu Jagju&#8217;. <\/p>\n<p><strong>Molimo vas da zahtev podnesete najmanje sedam dana unapred. <\/strong> Treba da znate datum, vreme i mesto ro\u0111enja.<\/p>\n<p>Za vi\u0161e informacija pogledajte stranicu &#8222;\u010cesto Postavljana Pitanja&#8220; \u010diji link se nalazi dole. Ako imate bilo kakva pitanja javite nam se na adresu:  <a href=\"mailto:specialyagyas@vedicpandits.org\">specialyagyas@vedicpandits.org<\/a><\/p>\n<p>Pla\u0107anje mo\u017ee da se obavi Visa karticom, MasterCard, American Express ili PayPalom.<br \/>\n<div class=\"border-line\">&nbsp;<\/div>\n\t<p style=\"text-align: center\">\n\t\t<a href=\"https:\/\/sponsor.specialyagyas.org\/apply.php?site=vp\"   class=\"btn btn-large tooltipster\" title=\"Posebne Jagje su pod upravom Brahmananda Sarasvati Jagja Fondacije, registrovane dobrotvorne organizacije sa sedi\u0161tem u SAD. Kliknite ovde i prebaci\u0107emo vas na tu internet stranicu.\"> > \n\t\t\tPrijava za Posebnu Jagju\t\t<\/a>\n\t<\/p>\n\n\t\n<div class=\"border-line\">&nbsp;<\/div>\n<div class=\"box-quote\">\n<p><strong>Bilo je to divno iskustvo  <\/strong><br \/>\u201cOvo mi je bila prva Mahari\u0161i Jagja i do\u017eivljaj je bio izvanredan. Planiram da svake godine sebi priu\u0161tim jednu. No\u0107 pred ro\u0111endan sam po\u010dela da ose\u0107am talase bla\u017eenstva. Od tada su se razre\u0161ili mnogi dugotrajni problemi (\u0161to je takvo olak\u0161anje) i ose\u0107am mnogo vi\u0161e bla\u017eenstva i mnogo sam zadovoljnija. Ako se u svakodnevnom \u017eivotu pojave prepreke izgleda da mnogo lak\u0161e nestaju i akcije su mi delotvornije. Hvala vam \u0161to ste nam omogu\u0107ili ove Jagje.\u201d<br \/>Kanada<\/p>\n<\/div>\n<div class=\"accordion\"><div class=\"accordion-entry\"><em><a href=\"#\">&gt; Verodostojni izve\u0161taji o iskustvima nakon Posebnih Jagja: <\/a><\/em><div class=\"hidden-content\">\n<div class=\"box-quote\">\n<p><strong>Sve je radilo nenaporno <\/strong><br \/>\u201cIznenadila me je dubina ose\u0107aja da sve oko mene radi nenaporno, mirno i ne\u017eno na moj ro\u0111endan. Bilo je primetno razli\u010dito od drugih ro\u0111endana. Hvala onima koji su organizovali.\u201d<br \/>Kanada<\/p>\n<p><strong>Najsre\u0107niji ro\u0111endan koga se se\u0107am <\/strong><br \/>&#8222;Neke situacije koje su bile u zastoju su po\u010dele da se kre\u0107u u pravom smeru. \u0160to se ti\u010de mog ro\u0111endana, to je bio najsre\u0107niji ro\u0111endan koga se se\u0107am odavno. To je bila nedelja puna slavlja, ne\u0161to \u0161to verovatno nisam imala ni u svojim \u201czvezdanim\u201d danima kao tinejd\u017eer. Veoma sam zadovoljna rezultatima ove Jagje. Jedva \u010dekam slede\u0107i ro\u0111endan.&#8220;<br \/>Italija<\/p>\n<p><strong>Ose\u0107am se blagosloveno<\/strong><br \/>\u201cJagja je definitivno donela promenu u svesti. Ose\u0107am se stvarno blagosloveno. Definitivno nameravam da imam ro\u0111endansku Jagju svake godine.\u201d<br \/>Engleska<\/p>\n<p><strong>Kosmi\u010dki osmeh<\/strong><br \/>\u201cDo\u017eivljaj je zaista kosmi\u010dki i sjedinjuje sve nivoe ljudskog postojanja u Kosmi\u010dki Osmeh a \u010dovek se ose\u0107a kao da je posut Zlatnim Prahom. Hvala svim Vedskim Panditima koji izvode Jagje i celoj Vedskoj Tradiciji koja nam je iznela ovo \u010cisto Bo\u017eansko Znanje.\u201d<br \/>Srbija<\/p>\n<p><strong>Bilo je to divno iskustvo  <\/strong><br \/>\u201cOvo mi je bila prva Mahari\u0161i Jagja i do\u017eivljaj je bio izvanredan. Planiram da svake godine sebi priu\u0161tim jednu. No\u0107 pred ro\u0111endan sam po\u010dela da ose\u0107am talase bla\u017eenstva. Od tada su se razre\u0161ili mnogi dugotrajni problemi (\u0161to je takvo olak\u0161anje) i ose\u0107am mnogo vi\u0161e bla\u017eenstva i mnogo sam zadovoljnija. Ako se u svakodnevnom \u017eivotu pojave prepreke izgleda da mnogo lak\u0161e nestaju i akcije su mi delotvornije. Hvala vam \u0161to ste nam omogu\u0107ili ove Jagje.\u201d<br \/>Kanada<\/p>\n<p><strong>Uticaj je o\u010digledan<\/strong><br \/>\u201cNismo o\u010dekivali da Jagja ima takvo neposredno delovanje na nas ali uticaj je bio o\u010digledan. Podse\u0107alo me je na uticaj dugog rezidensa. Te\u0161ko opisati ali nemogu\u0107e ne primetiti.\u201d<br \/>CAD<\/p>\n<p><strong>Desilo se ne\u0161to veoma posebno  <\/strong><br \/>\u201c\u010cim sam uplatio za Jagju za Godi\u0161njicu Braka ne\u0161to veoma posebno se dogodilo u na\u0161em odnosu. Sada kao da je sve tako \u010disto, tako prozra\u010dno. \u010cudo je da Jagja mo\u017ee da deluje samim tim \u0161to sam uplatio.\u201d<br \/>Holandija<\/p>\n<p><strong>Usidreni u Apsolutnom <\/strong><br \/>\u201cOboje smo se ose\u0107ali usidreni u Apsolutnom \u010ditavo vreme: ose\u0107aj da smo nepokretni\u2014stvarno. Ne treba ni re\u0107i da jedva \u010dekamo slede\u0107u.\u201d<br \/>CAD<\/p>\n<p><strong>Jagja je \u201coduvala\u201d umor i strah  <\/strong><br \/>&#8222;Pokloniti sebi Jagju za \u2018slatki \u0161ezdeseti\u2019 ro\u0111endan je bila veoma dobra odluka. Imao sam lep do\u017eivljaj tog dana. Ose\u0107ao sam se vrlo sre\u0107no, mirno a sve moje aktivnosti su se odvijale ti\u0161e i opu\u0161tenije nego obi\u010dno. Jo\u0161 uvek ose\u0107am vi\u0161e nade i ceo moj svakodnevni \u017eivot izgleda kao da imam podr\u0161ku. Ali najbolje je to da je moje srce postalo otvorenije i meditacije su mi dublje nego ranije. Izgleda da je Jagja \u2018oduvala\u2019 umor i strah iz pro\u0161losti, nestali su. Zaista svakom preporu\u010dujem da sebi priu\u0161ti Ro\u0111endansku Jagju!.&#8220;<br \/>Nema\u010dka<\/p>\n<p><strong>\u017divot te\u010de mek\u0161e<\/strong><br \/>\u201cDelovanje Jagja je zadivljuju\u0107e\u2014mnogi sa kojima sam pri\u010dao su primetili isto svojstvo do\u017eivljaja kao i ja. \u017divot te\u010de mek\u0161e, podr\u0161ka Prirode je stalna u malim i velikim stvarima, granice se sklanjaju. Ose\u0107am da sam u miru sa svim.\u201d<br \/>CAD<\/p>\n<\/div>\n<a href=\"#\" class=\"close\">Close Section<\/a><\/div><\/div>\n<\/div>\n<div class=\"border-line\">&nbsp;<\/div>\n<a id=\"jhagelin\"><\/a><br \/>\n<div class=\"grid-holder\">\n<div class=\"grid grid-desktop-50 grid-mobile-100\"><div class=\"holder\">\t<a href=\"https:\/\/donation.vedicpandits.org\/sr\/yagya\/special-yagya\/?image_video=https%3A%2F%2Fvimeo.com%2F557892494%2Fff96aa9b1c\" class=\"video-link \"><img loading=\"lazy\" decoding=\"async\" class=\"alignnone size-full wp-image-285\" src=\"https:\/\/donation.vedicpandits.org\/wp-content\/uploads\/2023\/02\/J_Hagelin_what-is-Yagya_video-600x321-1.png\" alt=\"yagya_hagelin_1web1\" width=\"432\" height=\"242\" \/><\/a>\n\n\t\n\t<a href=\"https:\/\/donation.vedicpandits.org\/sr\/yagya\/special-yagya\/?image_video=https%3A%2F%2Fvimeo.com%2F557892494%2Fff96aa9b1c\" class=\"video-link no-pointer\"><em>&gt; Video 1: \u0160\u200bta je Mahari\u0161i Jagja?<\/em><\/a>\n\n\t\n<\/div><\/div>\n<div class=\"grid grid-desktop-50 grid-mobile-100\"><div class=\"holder\"><h4>\u0160TA JE TO MAHARI\u0160I JAGJA?<\/h4>\n<p>Mahari\u0161i Mahe\u0161 Jogi je posvetio dugi niz godina bri\u017eljivom, sistematskom o\u017eivljavanju Jagje, obnavljaju\u0107i ovu drevnu tehnologiju u njenoj punoj snazi. O\u017eiveo je su\u0161tinsko razumevanje da Vedske Mantre treba da proizilaze iz svesnosti koja je utemeljena u Para (Transcendentalnom) nivou govora, gde su zvuk i oblik \u2013 \u017eelja i ispunjenje \u017eelje \u2013 prisno povezani, gde je veza me\u0111u njima neverovatno sna\u017ena.<br \/>\nkroz svakodnevnu praksu TM i TM-Sidhi programa, Mahari\u0161i Vedski Panditi do\u017eivljavaju duboko smirena stanja svesti. Time o\u017eivljavaju Transcendentni izvor govora pre recitovanja i izvo\u0111enja Jagje. Posledica toga je da Panditi izvode Jagje iz ovog veoma smirenog stanja svesti i koriste dublje nivoe Prirodnog Zakona.<br \/>\nMahari\u0161i Vedski Panditi su podvrgnuti jedinstvenoj i obuhvatnoj obuci. Kroz ovo obrazovanje oni u\u010de ispravnu praksu i izgovor u punoj tradicionalnoj delotvornosti.<\/p>\n<p>Zato Mahari\u0161i Jagje imaju tako sna\u017eno i obimno delovanje. Za potpunijje obja\u0161njenje mo\u017eete slu\u0161ati Dr. D\u017eon\u200ba\u200b Hegelin\u200ba\u200b, svetski poznatog kvantnog fizi\u010dara, stru\u010dnjaka za obrazovanje i \u200bpolitiku i mirovnog aktivistu. <\/p>\n<\/div><\/div>\n<\/div>\n<div class=\"border-line\">&nbsp;<\/div>\n<div class=\"accordion\"><div class=\"accordion-entry\"><em><a href=\"#\">&gt; \u010cesto postavljana pitanja u vezi Posebnih Jagja: <\/a><\/em><div class=\"hidden-content\">\n<p>POSTOJI LI POSEBNA JAGJA ZA ZDRAVLJE?<br \/>\nNemamo Posebnu Mahari\u0161i Jagju za zdravlje. Posebne Jagje su osmi\u0161ljene da daju op\u0161tu podr\u0161ku \u010dovekovom \u017eivotu i evoluciji. Posebne Jagje nisu osmi\u0161ljene za re\u0161avanje odre\u0111enih stvari kao \u0161to su zdravstveni problemi ili hirur\u0161ke intervencije.  <\/p>\n<p>KAKO SE OBU\u010cAVAJU MAHARI\u0160IJEVI VEDSKI PANDITI?<br \/>\nObuka po\u010dinje od malih nogu kad deca u\u010de od svojih roditelja. De\u010daci iz porodica Pandita se priklju\u010duju Mahari\u00ac\u0161ijevom zvani\u010dnom programu za obuku u svojim oblastima oko desete godine u jednom od mnogih \u201cGuru \u0110i\u201d centara za obuku. Oko 14te godine, mladi Panditi-na-obuci se sele u jedno od boravi\u0161nih naselja za obuku kojih ima u razli\u010ditim delovima Indije. Odatle se uglavnom sele u jedno od glavnih naselja za Mahari\u0161ijeve Vedske pandite. Svi Panditi su upisani na Mahari\u0161i Mahe\u0161 Jogi Vedic Vi\u0161vavidyalaya, ovla\u0161\u0107eni univerzitet. Njihova sistematska obuka se nastavlja do PhD nivoa (Dr nauka). Svi na\u0161i Panditi primenjuju Transcendentalnu Meditaciju\u00ae i TM-Sidhi\u00ae program. <\/p>\n<p>\u0160TA AKO NE ZNAM PRECIZNO VREME RO\u0110ENJA?<br \/>\nPoku\u0161ajte da nam date \u0161to je mogu\u0107e ta\u010dnije vreme ro\u0111enja. Ako ne znate ta\u010dno vreme, prihvatljivo je i pribli\u017eno vreme. <\/p>\n<p>DA LI JE BOLJE DATI PRILOG ZA POSEBNU JAGJU ILI DOPRINOS NACIONALNU JAGJU?<br \/>\nI jedna i druga mogu\u0107nost su divne i obe neposredno podr\u017eavaju velike grupe Mahari\u0161ijevih Vedskih Pandita. Sve zavisi od \u017eelje donatora. U slu\u010daju Nacionalnih Jagja, donatori podr\u017eavaju svoju zemlju i kroz tu nameru i sebe same. Sa Posebnim Jagjama, glavna svrha je dobrobit u\u010desnika. Najbolji predlog je da donator uradi Posebnu jagju jednom ili dva puta godi\u0161nje a redovno, svakog meseca da prilog za Nacionalne Jagje u zavisnosti od svojih mogu\u0107nosti. <\/p>\n<p>KUDA IDU DONACIJE?<br \/>\nDonacije za program Posebnih Jagja se upla\u0107uju u Brahmananda Sarasvati Yagya Fondaciju, neprofitnu, obrazovnu organizaciju pod Delom 501(c)(3) ameri\u010dkog me\u0111unarodnog propisa o porezu.<br \/>\nSredstva prilo\u017eena za Posebne Jagje idu za izdr\u017eavanje Mahari\u0161ijevih Vedskih Pandita.<\/p>\n<p>Donacije se odbijaju od poreza  ameri\u010dkim poreskim obveznicima. Za svaku donaciju \u0107ete dobiti potvrdu. <\/p>\n<p>\u0160to se ti\u010de ostalih zemalja raspitajte se o poreskim propisima u va\u0161oj zemlji. Ako imate jo\u0161 pitanja va\u0161em Nacionalnom Ambasadoru \u0107e biti drago da vam pomogne.   Za podatke za kontakt pogledajte: O Nama \/ Na\u0161a Me\u0111unarodna Mre\u017ea Ambasadora. <\/p>\n<a href=\"#\" class=\"close\">Close Section<\/a><\/div><\/div>\n<\/div>\n","protected":false},"excerpt":{"rendered":"<p>Posebne Mahari\u0161i Jagje Posebne jagje su pre svega na\u010din da se obezbedi mir i napredak za ceo svet. Do-datno, one slu\u017ee dobrobiti korisnika jagje kao i poklonodavca koji uplati. Mahari\u0161i je osmislio jedinstven izbor Posebnih Jagja za sveukupnu podr\u0161ku li\u010dnom rastu i uspehu primaoca. Ove Posebne Jagje donose blagoslove Prirode pojedincima i porodicama. Jagje za [&hellip;]<\/p>\n","protected":false},"author":3,"featured_media":75967,"parent":4664,"menu_order":2,"comment_status":"open","ping_status":"closed","template":"","meta":{"om_disable_all_campaigns":false,"_monsterinsights_skip_tracking":false,"_monsterinsights_sitenote_active":false,"_monsterinsights_sitenote_note":"","_monsterinsights_sitenote_category":0,"footnotes":""},"class_list":["post-4672","page","type-page","status-publish","has-post-thumbnail","hentry"],"_links":{"self":[{"href":"https:\/\/donation.vedicpandits.org\/sr\/wp-json\/wp\/v2\/pages\/4672","targetHints":{"allow":["GET"]}}],"collection":[{"href":"https:\/\/donation.vedicpandits.org\/sr\/wp-json\/wp\/v2\/pages"}],"about":[{"href":"https:\/\/donation.vedicpandits.org\/sr\/wp-json\/wp\/v2\/types\/page"}],"author":[{"embeddable":true,"href":"https:\/\/donation.vedicpandits.org\/sr\/wp-json\/wp\/v2\/users\/3"}],"replies":[{"embeddable":true,"href":"https:\/\/donation.vedicpandits.org\/sr\/wp-json\/wp\/v2\/comments?post=4672"}],"version-history":[{"count":42,"href":"https:\/\/donation.vedicpandits.org\/sr\/wp-json\/wp\/v2\/pages\/4672\/revisions"}],"predecessor-version":[{"id":76004,"href":"https:\/\/donation.vedicpandits.org\/sr\/wp-json\/wp\/v2\/pages\/4672\/revisions\/76004"}],"up":[{"embeddable":true,"href":"https:\/\/donation.vedicpandits.org\/sr\/wp-json\/wp\/v2\/pages\/4664"}],"wp:featuredmedia":[{"embeddable":true,"href":"https:\/\/donation.vedicpandits.org\/sr\/wp-json\/wp\/v2\/media\/75967"}],"wp:attachment":[{"href":"https:\/\/donation.vedicpandits.org\/sr\/wp-json\/wp\/v2\/media?parent=4672"}],"curies":[{"name":"wp","href":"https:\/\/api.w.org\/{rel}","templated":true}]}}