{"id":4676,"date":"2014-06-08T07:10:05","date_gmt":"2014-06-08T07:10:05","guid":{"rendered":"https:\/\/vedicpandits.org\/?page_id=4676"},"modified":"2024-06-12T14:50:24","modified_gmt":"2024-06-12T14:50:24","slug":"about-us","status":"publish","type":"page","link":"https:\/\/donation.vedicpandits.org\/sr\/about-us\/","title":{"rendered":"O NAMA"},"content":{"rendered":"<h4>TRUST I FONDACIJA<\/h4>\n<p>Prikupljanje sredstava za grupu Mahari\u0161ijevih Vedskih Pandita organizuje i njime upravlja Brahmananda Sarasvati Trust (Stichting Brahmananda Saraswati) u Holandiji i Brahmananda Sarasvati Fondacija u SAD. <\/p>\n<p>Misija Trusta i Fondacije uklju\u010duje nadgledanje programa za prikupljanje sredstava iz celog sveta, primanje donacija i upravljanje ulaganjima fonda zave\u0161tanja. Oni zajedni\u010dki usmeravaju i nadgledaju sve isplate njihovim upravlja\u010dkim partnerima u Indiji da obezbede da se postignu ciljevi projekta. Trust i Fondaciju nadgleda odbor nau\u010dnika, obrazovnih radnika i poslovnih vo\u0111a iz celog sveta.<\/p>\n<p>Ove organizacije je osnovao Mahari\u0161i Mahe\u0161 Jogi i nazvao ih u \u010dast svog u\u010ditelja, Guru Deva, Brahmananda Sarasvati, jednog od najpo\u0161tovanijih duhovnih vo\u0111a Indije, koji je slu\u017eio kao \u0160ankara\u0107arja \u0110jotir Matha u Indiji \u2013 glavni predstavnik Vedske tradicije znanja<\/p>\n<div class=\"border-line\">&nbsp;<\/div>\n<div class=\"grid-holder grid-border-50\">\n<div class=\"grid grid-desktop-50 grid-mobile-100\"><div class=\"holder\"><h4>Brahmananda Saraswati Trust<\/h4>\n<p>Osnovan u Holandiji 2008. kao neprofitna organizacija, Brahmananda Sarasvati Trust (Stichting) je usmeren na Evropu i Srednje Isto\u010dne, Afri\u010dke i Azijske zemlje. Donacije se odbijaju od poreza u ve\u0107ini zemalja.<\/p>\n<\/div><\/div>\n<div class=\"grid grid-desktop-50 grid-mobile-100\"><div class=\"holder\"><h4>Brahmananda SARASvATI FONDAcIja<\/h4>\n<p>Osnovana u SAD 2008. Brahmananda Sarasvati Fondacija je 501(c)(3) neprofitna organizacija u SAD. Donacije se odbijaju od poreza ameri\u010dkim poreskim obveznicima.<\/p>\n<\/div><\/div>\n<\/div>\n<div class=\"border-line\">&nbsp;<\/div>\n<strong>Predsednik Brahmananda Sarasvati Fondacije <\/strong><\/p>\n<p><img loading=\"lazy\" decoding=\"async\" src=\"https:\/\/globalpeaceproject.net\/wp-content\/uploads\/2020\/08\/Dr._Tony_Nader4.png\" alt=\"\" width=\"125\" height=\"164\" class=\"alignleft size-full wp-image-359\" \/><\/p>\n<p><strong>Tony Nader, MD PhD MARR <\/strong><\/p>\n<p style=\"margin-bottom:20px;\">Dr Nader je lekar koji se obu\u010davao na Masa\u010dusetskom Institutu Tehnologije (doktorat iz neurologije) i Harvardskom Univerzitetu, i svetski poznat znalac Veda. Kao naslednik Mahari\u0161i Mahe\u0161 Jogija Dr Nader rukovodi me\u0111unarodnim organizacijama za Transcendentalnu Meditaciju u vi\u0161e od 100 zemalja. Dr Nader vodi program Transcendentalne Meditacije i njegove napredne prakse radi ispunjenja najvi\u0161ih te\u017enji dru\u0161tva u svim oblastima nacionalnog \u017eivota. <\/p>\n<div class=\"border-line\">&nbsp;<\/div>\n<p><strong> Predsedavaju\u0107i Odbora Brahmananda Sarasvati Fondacije <\/strong><\/p>\n<p><img loading=\"lazy\" decoding=\"async\" src=\"https:\/\/donation.vedicpandits.org\/wp-content\/uploads\/2020\/10\/DrMorris.jpg\" alt=\"\" width=\"125\" height=\"164\" class=\"alignleft size-full wp-image-359\" \/><\/p>\n<p><strong>Dr. Bevan Morris, Dr NKI<\/strong><\/p>\n<p style=\"margin-bottom:0px;\">Dr Moris je diplomirao na Kembrid\u017eu u Engleskoj. Bio je prva osoba na svetu kojoj je Mahari\u0161i dodelio naziv Doktora Nauke o Kreativnoj Inteligenciji. 36 godina je bio predsednik Mahari\u0161ijevog Univerziteta za Menad\u017ement u Ferfildu, SAD, a sada je po\u010dasni predsednik i Me\u0111unarodni Predsednik Mahari\u0161ijevih Univerziteta za Menad\u017ement. Najve\u0107i je svetski stru\u010dnjak za Mahari\u0161ijevo obrazovanje zasnovano na svesti i predstavljao je Mahari\u0161ijeve programe u vi\u0161e od 120 zemalja, javnosti, vladama i \u010delnim ljudima u oblastima obrazovanja i posla. <\/p>\n<div class=\"border-line\">&nbsp;<\/div>\n<strong> Predsedavaju\u0107i Odbora Brahmananda Sarasvati Trusta i Direktor Brahmananda Sarasvati Fondacije i Trusta <\/strong><\/p>\n<p><img loading=\"lazy\" decoding=\"async\" src=\"https:\/\/donation.vedicpandits.org\/wp-content\/uploads\/2020\/10\/harris_kaplan_4.jpg\" alt=\"\" width=\"125\" height=\"164\" class=\"alignleft size-full wp-image-359\" \/><\/p>\n<p><strong>Dr. Harris Kaplan, Dr NKI <\/strong><\/p>\n<p style=\"margin-bottom:0px;\">Nakon povla\u010denja iz uspe\u0161ne karijere menad\u017eera investicionog fonda 1999. Dr Kaplan je posvetio svoje vreme podr\u0161ci programa koje vode organizacije za Transcendentalnu Meditaciju \u0161irom sveta. Od 2006. je glavni rukovodilac organizacije za Transcendentalnu Meditaciju u Indiji \u0161to uklju\u010duje i obuku i izdr\u017eavanje hiljada Mahari\u0161ijevih Vedskih Pandita. Direktor BSF je od njenog osnivanja a u\u010destvuje i u radu njenog finansijskog komiteta, poma\u017eu\u0107i da se nadgleda Zadu\u017ebina.  <\/p>\n<div class=\"border-line\">&nbsp;<\/div>\n<div class=\"grid-holder\">\n<div class=\"grid grid-desktop-50 grid-mobile-100\"><div class=\"holder\"><p><strong>Izvr\u0161ni odbor BSF &#038; BST <\/strong><\/p>\n<ul>\n<li>Dr. Bevan Morris &#8211; Prosvetni radnik<br \/>\n    Mahari\u0161ijev Vedski Grad, Iowa<\/p>\n<li>Harris Kaplan Dr NKI \u2013 penzionisani menad\u017eer investicionog fonda<br \/>\nVlodrop, Holandija<\/p>\n<li>Dr D\u017eon Hegelin \u2013 kvantni fizi\u010dar: predsednik Svetske Zajednice nau\u010dnika za mir; Predsednik Mahari\u0161ijevog Me\u0111unarodnog Univerziteta,<br \/>\nFerfild, SAD <\/p>\n<li> Robert LoPinto &#8211; Biznismen i rukovodilac<br \/>\nRokvil, SAD <\/p>\n<li>Stiv Rubin \u2013 Biznismen i rukovodilac<br \/>\nSebastian, Florida, SAD<\/p>\n<\/ul>\n<\/div><\/div>\n<div class=\"grid grid-desktop-50 grid-mobile-100\"><div class=\"holder\"><p><strong>\u010clanovi BSF Odbora <\/strong><\/p>\n<ul>\n<li>Jose Luis Alvares \u2013 Rukovodilac<br \/>\nBarselona, \u0160panija<\/p>\n<li>Antonio Bartolom\u00e9 \u2013 Businessman<br \/>\n    Banast\u00e1s, Huesca, Spain<\/p>\n<li>Dr. Leslie Brooks, M.A. \u2013 Upravitelj<br \/>\nLincoln, MA, USA<\/p>\n<li>Howard Martin Chandler, Ph.D. \u2013 Prosvetni radnik<br \/>\n Boston, MA, USA<\/p>\n<li>Rafael David &#8211; Poslovni preduzetnik<br \/>\nVero Beach, FL, USA<\/p>\n<li>Dr. Arlene Kaplan \u2013 Rukovodilac<br \/>\n    Vlodrop,  Holandija<\/p>\n<li>Dr. Neil Paterson  &#8211; Rukovodilac<br \/>\n    Salt Spring Island, Kanada<\/p>\n<li>Rainer Picha, M.D. \u2013 Kardiolog i istra\u017eiva\u010d<br \/>\n    Be\u010d, Austrija<\/p>\n<li>Dr. Susie Swan  &#8211; Rukovodilac i likovni umetnik<br \/>\n  Upravni Direktor ARO<br \/>\n  Holandija i Cape Town, Ju\u017ena Afrika<\/p>\n<li>Maureen Wynne, J.D. \u2013 \u2013 Advokat<br \/>\n Maharishi Vedic City, IA, SAD <\/p>\n<\/ul>\n<\/div><\/div>\n<\/div>\n<h4 ID=\"srfinancialcommittee\"><\/h4>\n<div class=\"border-line\">&nbsp;<\/div>\n<p><strong>Finansijski odbor BSF &#038; BST<\/strong><\/p>\n<div class=\"grid-holder\">\n<div class=\"grid grid-desktop-50 grid-mobile-100\"><div class=\"holder\"><ul>\n<li>Harris Kaplan, Dr NKI<br \/>\n penzionisani menad\u017eer investicionog fonda<br \/>\n Osniva\u010d i biv\u0161i direktor Eastgate Financial Services Ltd., SAD<\/p>\n<li>Robert LoPinto<br \/>\nPenzionisani biznismen<br \/>\n    Rokvil, SAD<\/p>\n<li>Jeffrey S. Abramson<br \/>\nPartner za razvoj nekretnina,<br \/>\n Tower Companies, USA<\/p>\n<li>Steve Rubin<br \/>\n    Penzionisani poslovni direktor<br \/>\n    Biv\u0161i predsedavaju\u0107i i direktor, United Fuels International Inc., USA\n<\/ul>\n<\/div><\/div>\n<div class=\"grid grid-desktop-50 grid-mobile-100\"><div class=\"holder\"><ul>\n<li>Eric Schwartz<br \/>\nInvestment Advisor<br \/>\nFounder and CEO, Cambridge Investment Research, USA<\/p>\n<li>Ted Hirsch<br \/>\nEconomist and portfolio manager<br \/>\nVanderbilt Financial Group, New York, USA<\/p>\n<li>Michael Dreben<br \/>\nCorporate Finance and Business Development Executive<br \/>\nCEO, Grenadier Management, LLC<\/p>\n<\/ul>\n<\/div><\/div>\n<\/div>\n","protected":false},"excerpt":{"rendered":"<p>TRUST I FONDACIJA Prikupljanje sredstava za grupu Mahari\u0161ijevih Vedskih Pandita organizuje i njime upravlja Brahmananda Sarasvati Trust (Stichting Brahmananda Saraswati) u Holandiji i Brahmananda Sarasvati Fondacija u SAD. Misija Trusta i Fondacije uklju\u010duje nadgledanje programa za prikupljanje sredstava iz celog sveta, primanje donacija i upravljanje ulaganjima fonda zave\u0161tanja. Oni zajedni\u010dki usmeravaju i nadgledaju sve isplate [&hellip;]<\/p>\n","protected":false},"author":3,"featured_media":54004,"parent":0,"menu_order":0,"comment_status":"open","ping_status":"closed","template":"template-about.php","meta":{"om_disable_all_campaigns":false,"_monsterinsights_skip_tracking":false,"_monsterinsights_sitenote_active":false,"_monsterinsights_sitenote_note":"","_monsterinsights_sitenote_category":0,"footnotes":""},"class_list":["post-4676","page","type-page","status-publish","has-post-thumbnail","hentry"],"_links":{"self":[{"href":"https:\/\/donation.vedicpandits.org\/sr\/wp-json\/wp\/v2\/pages\/4676","targetHints":{"allow":["GET"]}}],"collection":[{"href":"https:\/\/donation.vedicpandits.org\/sr\/wp-json\/wp\/v2\/pages"}],"about":[{"href":"https:\/\/donation.vedicpandits.org\/sr\/wp-json\/wp\/v2\/types\/page"}],"author":[{"embeddable":true,"href":"https:\/\/donation.vedicpandits.org\/sr\/wp-json\/wp\/v2\/users\/3"}],"replies":[{"embeddable":true,"href":"https:\/\/donation.vedicpandits.org\/sr\/wp-json\/wp\/v2\/comments?post=4676"}],"version-history":[{"count":8,"href":"https:\/\/donation.vedicpandits.org\/sr\/wp-json\/wp\/v2\/pages\/4676\/revisions"}],"predecessor-version":[{"id":78815,"href":"https:\/\/donation.vedicpandits.org\/sr\/wp-json\/wp\/v2\/pages\/4676\/revisions\/78815"}],"wp:featuredmedia":[{"embeddable":true,"href":"https:\/\/donation.vedicpandits.org\/sr\/wp-json\/wp\/v2\/media\/54004"}],"wp:attachment":[{"href":"https:\/\/donation.vedicpandits.org\/sr\/wp-json\/wp\/v2\/media?parent=4676"}],"curies":[{"name":"wp","href":"https:\/\/api.w.org\/{rel}","templated":true}]}}