{"id":4732,"date":"2015-07-15T14:34:07","date_gmt":"2015-07-15T14:34:07","guid":{"rendered":"https:\/\/vedicpandits.org\/?page_id=4732"},"modified":"2015-10-31T20:56:37","modified_gmt":"2015-10-31T20:56:37","slug":"testimonials","status":"publish","type":"page","link":"https:\/\/donation.vedicpandits.org\/sr\/testimonials\/","title":{"rendered":"ISKUSTVA"},"content":{"rendered":"<h4 id=\"testimonials\">IZVE\u0160TAJI O DELOVANJU NACIONALNIH JAGJA IZ PRVE RUKE\u200b<\/h4>\n<p style=\"text-align: left;\"> Za vreme\u200b Nacionalnih Jagja va\u0161 narod ima dobrobiti od va\u0161e podr\u0161ke, a \u200bu skladu sa na\u010delom uzajamnog delovanja \u201cKako seje\u0161 tako \u0107e\u0161 \u017enjeti\u201d, i vi \u0107ete osetiti dobrobiti. U drevnoj Vedskoj tradiciji se ka\u017ee da su oni koji podr\u017eavaju Jagje korisnici njihovih dobrobiti.  Dole su iskustva ljudi koji podr\u017eavaju Nacionalne Jagje. <\/p>\n<div class=\"box-quote\">\n<p><strong>Iskusio sam manje otpora a vi\u0161e bla\u017eenstva<\/strong><br \/> \u201cZa vreme Nacionalne Jagje za koju sam uplatio ose\u0107ao sam da moja predavanja imaju svojstvo toka bez otpora. Iskusio sam manje otpora i vi\u0161e bla\u017eenstva kad sam dr\u017eao predavanja. Na li\u010dnom nivou sam osetio da su mi odnosi sa ljudima postali bogatiji u to vreme. Srda\u010dno preporu\u010dujem Nacionalne Jagje da unapredite sve svoje aktivnosti u \u017eivotu.\u201c <br \/> \u2014 Norve\u0161ka<\/p>\n<p><strong>\u017divot je tako ne\u017ean prema meni<\/strong><br \/> \u201cMnogo, mnogo hvala Nacionalnim Jagjama. U\u017eivali smo u najmirnijem avgustu u Tajvanu od 1947. Avgusta 2014. nije bilo tajfuna. Meteorolozi nisu mogli da veruju! \u017divot je tako ne\u017ean prema meni i u\u017eivam u svemu \u0161to radim. I verujem da za to mogu da zahvalim Nacionalnim Jagjama koje smo imali. Sve mi je postalo tako nenaporno i samo sledim tok svoje Dharme i posti\u017eem sve \u0161to \u017eelim da uradim, jedno po jedno u savr\u0161enom redu. Stalno iska\u010du nove mogu\u0107nosti i prihodi su mi sve bolji.\u201c <br \/> \u2014 Taiwan<\/p>\n<p><strong>Ose\u0107am se za\u0161ti\u0107enom  <\/strong><br \/> \u201cDo\u017eivljavam duboku povezanost sa grupom Mahari\u0161ijevih Vedskih Pandita u Brahmasthanu Indije. Ose\u0107am se za\u0161ti\u0107ena, ose\u0107am da u te\u0161kim vremenima kroz koja sam prolazila (i prolazim i dalje) nisam prepu\u0161tena &#8222;na milost i nemilost vetrova koji duvaju&#8220;. I ta za\u0161tita i blagoslovi se kroz mene prenose i na porodicu (deo porodice je daleko, u inostranstvu) i na bliske prijatelje i njihove porodice. To iskustvo mi omogu\u0107ava da sebe do\u017eivim i kao neposrednog primaoca dobrobiti od ovog projekta, ali i kao deo velike svetske porodice, i da uvidim kolike su dobrobiti delovanja grupe MV Pandita za ceo svet.\u201c<br \/> \u2014 Srbija<\/p>\n<p><strong>Nakon tri nedelje sam dobio povi\u0161icu plate <\/strong><br \/> \u201cPo\u010detkom januara sam dao da se uradi Jagja za napredak za celo osoblje preduze\u0107a u kome radim. Nakon tri nedelje sam dobio povi\u0161icu plate 12%! U dana\u0161nje vreme! Jagja koja je ura\u0111ena za preduze\u0107e se ubrzo isplatila!\u201c<br \/> \u2014 Holandija<\/p>\n<\/div>\n<div class=\"accordion\"><div class=\"accordion-entry\"><em><a href=\"#\">&gt; Pro\u010ditajte neka li\u010dna iskustva pojedinaca koji su davali priloge za Nacionalne Jagje<\/a><\/em><div class=\"hidden-content\">\n<div class=\"box-quote\">\n<p><strong>Ose\u0107am vi\u0161e podr\u0161ke <\/strong><br \/>\u201cSvaki put kad mogu da podr\u017eim Vedske Pandite donacijom moje porodice, imam vi\u0161e podr\u0161ke u razli\u010ditim podru\u010djima \u017eivota, i to je kao lavina. Ta podr\u0161ka te\u010de i ka ljudima koje cenim i na taj na\u010din mi smo sve vi\u0161e kao male, bla\u017eene reke koje daju svoj doprinos poma\u017eu\u0107i bla\u017eenstvu svuda oko nas da raste. Jo\u0161 jednom hvala \u0161to ste nam pomogli da u\u010destvujemo u ovom velikom postignu\u0107u.\u201c<br \/>\u2014 Francuska<\/p>\n<p><strong>Porodica mi je blagoslovena <\/strong><br \/>&#8222;Sigurno je zadovoljstvo imati priliku uzeti u\u010de\u0161\u0107a u akciji da se ukloni negativnost i svet u\u010dini boljim mestom za \u017eivot. Mogu vam sa sigurno\u0161\u0107u tvrditi da se danas ose\u0107am \u2018\u010darobno\u2019 i \u2018prosvetljeno\u2019 s\u2019 obzirom da sam kona\u010dno prona\u0161ao ono za \u010dim sam tragao. To je zaista divan ose\u0107aj  koji ne mogu da objasnim druga\u010dije nego kao da osvetljava neprekidnom pozitivnom energijom. Porodica mi je blagoslovena i obasuta dobrobitima boljeg \u017eivota kroz novu karijeru i pobolj\u0161ane talente. Najbogatiji Bo\u017eji blagoslovi na\u0161im Mahari\u0161i Vedskim Panditima i mnogo hvala za Nacionalne Jagje.\u201c<br \/>\u2014 Trinidad i Tobago<\/p>\n<p><strong>To je druga\u010diji \u017eivot<\/strong><br \/>\u201cMoji prvi prilozi za Nacionalne Jagje su bili umereni, ali ipak se moglo primetiti sve vi\u0161e podr\u0161ke Prirode svakog meseca. Problemi i prepreke su po\u010deli da se re\u0161avaju u moju korist. Pojavile su se nove prilike. Prihodi su polako po\u010deli da rastu i u poslednja tri meseca su se svakog meseca udvostru\u010davali. Prethodnog meseca sam mogao da dam prilog u iznosu od $1250 \u2014 i koja razlika, ime mi je pomenuto u Jagji. To je druga\u010diji \u017eivot\u201c<br \/>\u2014 CAD<\/p>\n<p><strong>Nakon ove Jagje na\u0161 biznis je \u201cuzleteo na nebo<\/strong><br \/>\u201cPoru\u010dila sam Nacionalnu Jagju za Novi Zeland  sa potrebama mog naroda, moje porodice i na\u0161eg posla na umu. Kriza je ovde, posebno 2011. bila te\u0161ka za svakoga, pa i za na\u0161 biznis. Nakon ove Jagje na\u0161 biznis je \u201cuzleteo na nebo\u201d!  Morali smo \u010dak da odbijemo posao \u0161to se nije desilo NIKADA ranije.\u201c <br \/>\u2014 Novi Zeland<\/p>\n<p><strong>Stvarna povezanost sa Prirodnim Zakonom <\/strong><br \/>\u201cImali smo vi\u0161e uspeha u poslu i stvarnu povezanost sa Prirodnim Zakonom i u\u017eivali u tome. Ovo je jo\u0161 jedan veliki dar i prilika koju nam je dao Mahari\u0161i, i smatramo da treba da postane su\u0161tinski deo na\u0161eg biznisa.\u201d \u2014 CAD<\/p>\n<p><strong>Lak\u0161e i prozra\u010dnije<\/strong><br \/>\u201cMoje telo, ose\u0107anja i svakodnevne aktivnosti kao da su lak\u0161e i prozra\u010dnije za vreme Jagja. I najizazovnije situacije, bilo da su li\u010dne prirode, u vezi posla ili porodice, izgleda da se nenaporno srede. To je \u017eivot kakav bi trebalo da bude.\u201d <br \/>\u2014 CAD<\/p>\n<p><strong>Sve ostaje glatko <\/strong><br \/>\u201cPosebno za vreme mojih programa u kupoli sam shvatio da od po\u010detka Nacionalnih Mahari\u0161i Jagja \u010dak i ako se dogode dramati\u010dna de\u0161avanja u na\u0161em \u017eivotu, sve ostaje glatko, bez prevelikih uznemiravanja. Delovanje je mnogo dublje nego \u0161to zaista shvatamo i to razumevanje me \u010dini veoma zahvalnim i radosnim!\u201d<br \/>\u2014 Holandija<\/p>\n<\/div>\n<a href=\"#\" class=\"close\">Close Section<\/a><\/div><\/div>\n<\/div>\n<div class=\"border-line\">&nbsp;<\/div>\n<div class=\"grid-holder\">\n<div class=\"grid grid-desktop-50 grid-mobile-100\"><div class=\"holder\"><h4 id=\"testimonials\"> PROMENE U ZEMLJI <\/h4>\n<p>Dole mo\u017eete pro\u010ditati o promenama u ekonomskoj i politi\u010dkoj situaciji nakon izvo\u0111enja Nacionalne Jagje. Nacionalne Jagje se izvode sa odre\u0111enom svrhom (namerom) koju zemlja izabere. Primeri pojedinih namera su pove\u0107ani ekonomski napredak, pobolj\u0161ano zdravlje, nacionalni sklad ili smanjenje problema kao \u0161to su prirodne nepogode, nasilje ili nezdrava ekonomija. Mo\u017eete izabrate da date prilog u iznosu koji pokriva celu Jagju. U tom slu\u010daju \u0107e u Jagji biti pominjano va\u0161e ime ili ime va\u0161eg preduze\u0107a i mo\u017eete da izaberete svrhu (nameru) Jagje.   \u200b<\/p>\n<\/div><\/div>\n<div class=\"grid grid-desktop-50 grid-mobile-100\"><div class=\"holder\"><p><img loading=\"lazy\" decoding=\"async\" class=\"alignright wp-image-2189\" src=\"\/wp-content\/uploads\/2015\/01\/testimonial_sized_small-300x226.jpg\" alt=\"testimonial_sized_small\" width=\"376\" height=\"284\" srcset=\"https:\/\/donation.vedicpandits.org\/wp-content\/uploads\/2015\/01\/testimonial_sized_small-300x226.jpg 300w, https:\/\/donation.vedicpandits.org\/wp-content\/uploads\/2015\/01\/testimonial_sized_small.jpg 408w\" sizes=\"auto, (max-width: 376px) 100vw, 376px\" \/><\/p>\n<\/div><\/div>\n<\/div>\n<div class=\"box-quote\">\nTAJVAN  2015<br \/>\n&#8222;Pored svega, i ova Nacionalna Jagja koja je u toku je obavila mo\u0107an posao! Dva tajfuna (CNN je drugi od njih opisao kao &#8222;\u010dudovi\u0161ni tajfun&#8220;) su pro\u0161la i nisu mogla da se spuste na Tajvan! Bilo je samo ne\u0161to vetrovitih dana i taman dovoljno ki\u0161e za rezervoare kojima je nedostajalo vode. Zahvaljuju\u0107i Nacionalnoj Jagji svi su bili bezbedni. Najgora stvar koja se desila je da su neki letovi i polasci vozova otkazani pa su nekim ljudima poreme\u0107eni planovi za putovanja.&#8220;<br \/><em> Chin-Fen Lee &#8211; Ambasador za Tajvan<\/em><\/p>\n<p>LIBAN 2014<br \/>\n\u201cVerovatno je svako \u010duo za teroriste u Siriji i Iraku. Objavili su da \u0107e napasti neke gradove u Libanu. U poslednjih 10 dana su pripremana tri napada ali su sva tri propala jer su ih policija i vojska otkrile na vreme. U vestima je posvuda bilo re\u010deno da je Liban spa\u0161en od tri propala napada terorista: to je neobja\u0161njivo; to je Bo\u017eje Provi\u0111enje. Ve\u0107 smo do\u017eiveli mnogo sli\u010dnih situacija. Nije ovo prvi put. Jasno je da je ova za\u0161tita u Libanu posledica nagomilanih efekata Mahari\u0161i Nacionalnih Jagja u poslednje tri godine. Imamo Nacionalnu Jagju u svakom krugu \u2014 dva puta mese\u010dno. Nastavi\u0107emo sa tim da bismo stalno odr\u017eali za\u0161titu Libana. Sva zahvalnost Mahari\u0161ijevim programima i Mahari\u0161ijevim Vedskim Panditima u Brahmasthanu Indije.\u201d<br \/><em>Salim Haddad &#8211; Ambasador za Liban<\/em><\/p>\n<p>SRBIJA 2014<br \/>\n&#8222;Srbiju su pre nekoliko meseci pogodile razorne poplave. Neo\u010dekivana pomo\u0107 za Nacionalne Jagje je do\u0161la ba\u0161 pre predvi\u0111ene nove poplave. U to vreme, politi\u010dari su sa \u010du\u0111enjem govorili da smo imali neverovatnu sre\u0107u da ne nai\u0111e najavljivani drugi talas poplava. Samo mi znamo da je tu sre\u0107u podr\u017eala Nacionalna Mahari\u0161i Jagja.\u201d &#8222;<br \/><em>Voja Trajkovi\u0107 \u2013 Ambasador za Srbiju<\/em><\/p>\n<\/div>\n<div class=\"accordion\"><div class=\"accordion-entry\"><em><a href=\"#\">&gt; O promenama u ekonomskoj i politi\u010dkoj situaciji u narodu nakon izvo\u0111enja Nacionalne Jagje<\/a><\/em><div class=\"hidden-content\">\n<div class=\"box-quote\">\nKOLUMBIJA 2013<br \/>\n\u201cMahari\u0161i Nacionalne Jagje za na\u0161u zemlju su jedan od najve\u0107ih blagoslova koje smo ikada dobili. Zadivljeni smo time kako su za vreme i posle izvo\u0111enja na\u0161ih Nacionalnih Jagja izvanredna iskustva Meditanata i Sidha, posebno onih koji daju donacije, dok cela zemlja u\u017eiva u veoma pove\u0107anom nivou koherencije i podr\u0161ke u razli\u010ditim oblastima nacionalnog \u017eivota. U novinskim izve\u0161tajima vidimo da se posebna namera ili Sankalpa Nacionalne Jagje odra\u017eava u prikladnim odlukama vo\u0111a zemlje. Ose\u0107amo da je program Nacionalnih Mahari\u0161i Jagja sna\u017ena tehnika da se zauzda beskona\u010dna organizuju\u0107a mo\u0107 Prirodnog Zakona i za ceo narod i za posebna podru\u010dja. Veoma smo zahvalni Mahari\u0161iju i Guru Devu \u0161to su nam ove mo\u0107ne tehnologije za pozitivan uticaj na tokove vremena u\u010dinili dostupnim.\u201d <br \/><em>Paul Fabre &#8211; Ambasador za Kolumbiju<\/em><br \/>\nENGLESKA, 2013<br \/>\nIzvanredno postignu\u0107e ekonomije u UK je potpuno porazilo predvi\u0111anja Bankara i Ekonomista. Toliko napretka na svim nivoima.<\/p>\n<p>PORTUGAL, 2012<br \/>\nDesio se masovni ustanak protiv novog surovog poreza. Sve se re\u0161ilo na potpuno nenasilan, nacionalno ujedinjuju\u0107i i miroljubiv na\u010din.<\/p>\n<p>LIBAN, 2012<br \/>\nRedovne Nacionalne Jagje su po\u010dele januara 2011. Pritisci i unutra\u0161nji sukobi su bili bezna\u010dajni, mnogi poku\u0161aji politi\u010dkih ubistava su propali, teroristi\u010dki planovi su otkriveni i izbegnuti a oru\u017eani sukobi predupre\u0111eni. Donatori izve\u0161tavaju o divnim li\u010dnim dobrobitima. I Predsednik Libana je objavio: \u201cLiban \u017eivi u uslovima neo\u010dekivane stabilnosti od januara 2011. do sada\u201d.<\/p>\n<p>CAD, 2012<br \/>\nNacionane Jagje posebno namenjene da omogu\u0107e ki\u0161u su prethodile ki\u0161i koja je nakvasila isu\u0161ena podru\u010dja \u0161irom zemlje, postojano pobolj\u0161anje ekonomskog rasta je sada 3.1%, nezaposlenost je smanjena, pove\u0107ana industrijska proizvodnja, izuzetan porast poverenja potro\u0161a\u010da, izbori su pro\u0161li glatko i koherentno, \u010dak je i stra\u0161ni 21. decembar pro\u0161ao sa neverovatnom pozitivno\u0161\u0107u.<\/p>\n<p>GANA 2012<br \/>\n\u201c\u0160aljem vam novosti o najnovijim izborima u Gani koji su se zbili posle prethodne Jagje za na\u0161 narod. Opisani su kao najmirniji i najbolji u istoriji nacije. To mnogo govori po\u0161to je re\u010d o Africi. Zahvalni smo na\u0161em dragom Mahari\u0161i\u0111iju \u0161to nam je dao ovo divno znanje. Nadamo se da na svoj mali na\u010din doprinesemo i miru.\u201d Nacionalni Direktor Gane: Transcendental Meditation Programme.\n<\/div>\n<a href=\"#\" class=\"close\">Close Section<\/a><\/div><\/div>\n<\/div>\n<div class=\"border-line\">&nbsp;<\/div>\n<div class=\"grid-holder\">\n<div class=\"grid grid-desktop-50 grid-mobile-100\"><div class=\"holder\"><h4 id=\"testimonials\">POSEBNE JAGJE\u200b\u200b\u200b\u2013IZVE\u0160TAJI IZ PRVE RUKE<\/h4>\n<p>Posebne Jagje se razlikuju od Nacionalnih Jagja. Mahari\u0161i je osmislio niz Posebnih Jagja da u njima u\u017eivamo u va\u017enim i prelaznim trenucima u \u017eivotu.<a title=\"Special Yagya page\" href=\"https:\/\/donation.vedicpandits.org\/sr\/yagya\/special-yagya\/\"> Posebne Jagje <\/a> su za: \u200b<\/p>\n<ul>\n<li>Ro\u0111endan: izvodi se za osobu na ro\u0111endan <\/li>\n<li>Jagja za Blagostanje \u2013 koja mo\u017ee da bude izvedena na bezmalo bilo koji dan koji izaberete <\/li>\n<li>Ven\u010danje: izvodi se za dve osobe na dan njihovog ven\u010danja <\/li>\n<li>Godi\u0161njica Braka: izvodi se za dvoje na godi\u0161njicu ven\u010danja<\/li>\n<li>Ro\u0111enje Deteta: izvodi se za novoro\u0111en\u010de 40 dana nakon ro\u0111enja\n<\/li>\n<\/ul>\n<p>Dole mo\u017eete da pro\u010ditate iskustva ljudi koji su imali Jagje za ro\u0111endan i godi\u0161njicu braka. \u200b<\/p>\n<\/div><\/div>\n<div class=\"grid grid-desktop-50 grid-mobile-100\"><div class=\"holder\"><p><img loading=\"lazy\" decoding=\"async\" class=\"alignright size-full wp-image-2345\" src=\"\/wp-content\/uploads\/2015\/01\/testimonials_specialyagya.jpg\" alt=\"testimonials_specialyagya\" width=\"408\" height=\"308\" srcset=\"https:\/\/donation.vedicpandits.org\/wp-content\/uploads\/2015\/01\/testimonials_specialyagya.jpg 408w, https:\/\/donation.vedicpandits.org\/wp-content\/uploads\/2015\/01\/testimonials_specialyagya-300x226.jpg 300w\" sizes=\"auto, (max-width: 408px) 100vw, 408px\" \/><\/p>\n<\/div><\/div>\n<\/div>\n<div class=\"box-quote\">\n<p><strong>Sve je radilo nenaporno <\/strong><br \/>\u201cIznenadila me je dubina ose\u0107aja da sve oko mene radi nenaporno, mirno i ne\u017eno na moj ro\u0111endan. Bilo je primetno razli\u010dito od drugih ro\u0111endana. Hvala onima koji su organizovali.\u201d<br \/>Kanada<\/p>\n<p><strong>Najsre\u0107niji ro\u0111endan koga se se\u0107am <\/strong><br \/>&#8222;Neke situacije koje su bile u zastoju su po\u010dele da se kre\u0107u u pravom smeru. \u0160to se ti\u010de mog ro\u0111endana, to je bio najsre\u0107niji ro\u0111endan koga se se\u0107am odavno. To je bila nedelja puna slavlja, ne\u0161to \u0161to verovatno nisam imala ni u svojim \u201czvezdanim\u201d danima kao tinejd\u017eer. Veoma sam zadovoljna rezultatima ove Jagje. Jedva \u010dekam slede\u0107i ro\u0111endan.&#8220;<br \/>Italija<\/p>\n<p><strong>Ose\u0107am se blagosloveno<\/strong><br \/>\u201cJagja je definitivno donela promenu u svesti. Ose\u0107am se stvarno blagosloveno. Definitivno nameravam da imam ro\u0111endansku Jagju svake godine.\u201d<br \/>Engleska<\/p>\n<p><strong>Kosmi\u010dki osmeh<\/strong><br \/>\u201cDo\u017eivljaj je zaista kosmi\u010dki i sjedinjuje sve nivoe ljudskog postojanja u Kosmi\u010dki Osmeh a \u010dovek se ose\u0107a kao da je posut Zlatnim Prahom. Hvala svim Vedskim Panditima koji izvode Jagje i celoj Vedskoj Tradiciji koja nam je iznela ovo \u010cisto Bo\u017eansko Znanje.\u201d<br \/>Srbija<\/p>\n<\/div>\n<div class=\"accordion\"><div class=\"accordion-entry\"><em><a href=\"#\">&gt; Verodostojni izve\u0161taji o iskustvima nakon Posebnih Jagja: <\/a><\/em><div class=\"hidden-content\">\n<div class=\"box-quote\">\n<p><strong>Bilo je to divno iskustvo  <\/strong><br \/>\u201cOvo mi je bila prva Mahari\u0161i Jagja i do\u017eivljaj je bio izvanredan. Planiram da svake godine sebi priu\u0161tim jednu. No\u0107 pred ro\u0111endan sam po\u010dela da ose\u0107am talase bla\u017eenstva. Od tada su se razre\u0161ili mnogi dugotrajni problemi (\u0161to je takvo olak\u0161anje) i ose\u0107am mnogo vi\u0161e bla\u017eenstva i mnogo sam zadovoljnija. Ako se u svakodnevnom \u017eivotu pojave prepreke izgleda da mnogo lak\u0161e nestaju i akcije su mi delotvornije. Hvala vam \u0161to ste nam omogu\u0107ili ove Jagje.\u201d<br \/>Kanada<\/p>\n<p><strong>Uticaj je o\u010digledan<\/strong><br \/>\u201cNismo o\u010dekivali da Jagja ima takvo neposredno delovanje na nas ali uticaj je bio o\u010digledan. Podse\u0107alo me je na uticaj dugog rezidensa. Te\u0161ko opisati ali nemogu\u0107e ne primetiti.\u201d<br \/>CAD<\/p>\n<p><strong>Desilo se ne\u0161to veoma posebno  <\/strong><br \/>\u201c\u010cim sam uplatio za Jagju za Godi\u0161njicu Braka ne\u0161to veoma posebno se dogodilo u na\u0161em odnosu. Sada kao da je sve tako \u010disto, tako prozra\u010dno. \u010cudo je da Jagja mo\u017ee da deluje samim tim \u0161to sam uplatio.\u201d<br \/>Holandija<\/p>\n<p><strong>Usidreni u Apsolutnom <\/strong><br \/>\u201cOboje smo se ose\u0107ali usidreni u Apsolutnom \u010ditavo vreme: ose\u0107aj da smo nepokretni\u2014stvarno. Ne treba ni re\u0107i da jedva \u010dekamo slede\u0107u.\u201d<br \/>CAD<\/p>\n<p><strong>Jagja je \u201coduvala\u201d umor i strah  <\/strong><br \/>&#8222;Pokloniti sebi Jagju za \u2018slatki \u0161ezdeseti\u2019 ro\u0111endan je bila veoma dobra odluka. Imao sam lep do\u017eivljaj tog dana. Ose\u0107ao sam se vrlo sre\u0107no, mirno a sve moje aktivnosti su se odvijale ti\u0161e i opu\u0161tenije nego obi\u010dno. Jo\u0161 uvek ose\u0107am vi\u0161e nade i ceo moj svakodnevni \u017eivot izgleda kao da imam podr\u0161ku. Ali najbolje je to da je moje srce postalo otvorenije i meditacije su mi dublje nego ranije. Izgleda da je Jagja \u2018oduvala\u2019 umor i strah iz pro\u0161losti, nestali su. Zaista svakom preporu\u010dujem da sebi priu\u0161ti Ro\u0111endansku Jagju!.&#8220;<br \/>Nema\u010dka<\/p>\n<p><strong>\u017divot te\u010de mek\u0161e<\/strong><br \/>\u201cDelovanje Jagja je zadivljuju\u0107e\u2014mnogi sa kojima sam pri\u010dao su primetili isto svojstvo do\u017eivljaja kao i ja. \u017divot te\u010de mek\u0161e, podr\u0161ka Prirode je stalna u malim i velikim stvarima, granice se sklanjaju. Ose\u0107am da sam u miru sa svim.\u201d<br \/>CAD<\/p>\n<a href=\"#\" class=\"close\">Close Section<\/a><\/div><\/div>\n<\/div>\n","protected":false},"excerpt":{"rendered":"<p>IZVE\u0160TAJI O DELOVANJU NACIONALNIH JAGJA IZ PRVE RUKE\u200b Za vreme\u200b Nacionalnih Jagja va\u0161 narod ima dobrobiti od va\u0161e podr\u0161ke, a \u200bu skladu sa na\u010delom uzajamnog delovanja \u201cKako seje\u0161 tako \u0107e\u0161 \u017enjeti\u201d, i vi \u0107ete osetiti dobrobiti. U drevnoj Vedskoj tradiciji se ka\u017ee da su oni koji podr\u017eavaju Jagje korisnici njihovih dobrobiti. Dole su iskustva ljudi [&hellip;]<\/p>\n","protected":false},"author":3,"featured_media":2394,"parent":0,"menu_order":0,"comment_status":"closed","ping_status":"closed","template":"","meta":{"om_disable_all_campaigns":false,"_monsterinsights_skip_tracking":false,"_monsterinsights_sitenote_active":false,"_monsterinsights_sitenote_note":"","_monsterinsights_sitenote_category":0,"footnotes":""},"class_list":["post-4732","page","type-page","status-publish","has-post-thumbnail","hentry"],"_links":{"self":[{"href":"https:\/\/donation.vedicpandits.org\/sr\/wp-json\/wp\/v2\/pages\/4732","targetHints":{"allow":["GET"]}}],"collection":[{"href":"https:\/\/donation.vedicpandits.org\/sr\/wp-json\/wp\/v2\/pages"}],"about":[{"href":"https:\/\/donation.vedicpandits.org\/sr\/wp-json\/wp\/v2\/types\/page"}],"author":[{"embeddable":true,"href":"https:\/\/donation.vedicpandits.org\/sr\/wp-json\/wp\/v2\/users\/3"}],"replies":[{"embeddable":true,"href":"https:\/\/donation.vedicpandits.org\/sr\/wp-json\/wp\/v2\/comments?post=4732"}],"version-history":[{"count":27,"href":"https:\/\/donation.vedicpandits.org\/sr\/wp-json\/wp\/v2\/pages\/4732\/revisions"}],"predecessor-version":[{"id":7193,"href":"https:\/\/donation.vedicpandits.org\/sr\/wp-json\/wp\/v2\/pages\/4732\/revisions\/7193"}],"wp:featuredmedia":[{"embeddable":true,"href":"https:\/\/donation.vedicpandits.org\/sr\/wp-json\/wp\/v2\/media\/2394"}],"wp:attachment":[{"href":"https:\/\/donation.vedicpandits.org\/sr\/wp-json\/wp\/v2\/media?parent=4732"}],"curies":[{"name":"wp","href":"https:\/\/api.w.org\/{rel}","templated":true}]}}