{"id":4743,"date":"2014-07-08T07:40:21","date_gmt":"2014-07-08T07:40:21","guid":{"rendered":"https:\/\/vedicpandits.org\/?page_id=4743"},"modified":"2015-07-06T18:28:36","modified_gmt":"2015-07-06T18:28:36","slug":"events","status":"publish","type":"page","link":"https:\/\/donation.vedicpandits.org\/sr\/contact\/events\/","title":{"rendered":"Doga\u0111aji"},"content":{"rendered":"<h4>NA\u0160A NASELJA SU UGOSTILA GOSTE IZ SVIH KRAJEVA SVETA.<\/h4>\n<p>Hiljade ljudi su ve\u0107 koristile ovu priliku u\u010destvuju\u0107i u doga\u0111ajima, te\u010dajevima i turama na tri glavne lokacije.<br \/>\nBi\u0107e nam drago da vam po\u017eelimo dobrodo\u0161licu u jednom ili vi\u0161e ovih centara gde mo\u017eete imati temeljno iskustvo duboke ti\u0161ine u blizini velike grupe za stvaranje mira i u\u017eivati u recitacijama Mahari\u0161ijevih Vedskih Pandita u\u017eivo.<\/p>\n","protected":false},"excerpt":{"rendered":"<p>NA\u0160A NASELJA SU UGOSTILA GOSTE IZ SVIH KRAJEVA SVETA. Hiljade ljudi su ve\u0107 koristile ovu priliku u\u010destvuju\u0107i u doga\u0111ajima, te\u010dajevima i turama na tri glavne lokacije. Bi\u0107e nam drago da vam po\u017eelimo dobrodo\u0161licu u jednom ili vi\u0161e ovih centara gde mo\u017eete imati temeljno iskustvo duboke ti\u0161ine u blizini velike grupe za stvaranje mira i u\u017eivati [&hellip;]<\/p>\n","protected":false},"author":3,"featured_media":57,"parent":4758,"menu_order":0,"comment_status":"open","ping_status":"closed","template":"template-events.php","meta":{"om_disable_all_campaigns":false,"_monsterinsights_skip_tracking":false,"_monsterinsights_sitenote_active":false,"_monsterinsights_sitenote_note":"","_monsterinsights_sitenote_category":0,"footnotes":""},"class_list":["post-4743","page","type-page","status-publish","has-post-thumbnail","hentry"],"_links":{"self":[{"href":"https:\/\/donation.vedicpandits.org\/sr\/wp-json\/wp\/v2\/pages\/4743","targetHints":{"allow":["GET"]}}],"collection":[{"href":"https:\/\/donation.vedicpandits.org\/sr\/wp-json\/wp\/v2\/pages"}],"about":[{"href":"https:\/\/donation.vedicpandits.org\/sr\/wp-json\/wp\/v2\/types\/page"}],"author":[{"embeddable":true,"href":"https:\/\/donation.vedicpandits.org\/sr\/wp-json\/wp\/v2\/users\/3"}],"replies":[{"embeddable":true,"href":"https:\/\/donation.vedicpandits.org\/sr\/wp-json\/wp\/v2\/comments?post=4743"}],"version-history":[{"count":2,"href":"https:\/\/donation.vedicpandits.org\/sr\/wp-json\/wp\/v2\/pages\/4743\/revisions"}],"predecessor-version":[{"id":4745,"href":"https:\/\/donation.vedicpandits.org\/sr\/wp-json\/wp\/v2\/pages\/4743\/revisions\/4745"}],"up":[{"embeddable":true,"href":"https:\/\/donation.vedicpandits.org\/sr\/wp-json\/wp\/v2\/pages\/4758"}],"wp:featuredmedia":[{"embeddable":true,"href":"https:\/\/donation.vedicpandits.org\/sr\/wp-json\/wp\/v2\/media\/57"}],"wp:attachment":[{"href":"https:\/\/donation.vedicpandits.org\/sr\/wp-json\/wp\/v2\/media?parent=4743"}],"curies":[{"name":"wp","href":"https:\/\/api.w.org\/{rel}","templated":true}]}}