{"id":4753,"date":"2014-07-10T12:36:56","date_gmt":"2014-07-10T12:36:56","guid":{"rendered":"https:\/\/vedicpandits.org\/?page_id=4753"},"modified":"2023-08-01T10:48:02","modified_gmt":"2023-08-01T10:48:02","slug":"faq","status":"publish","type":"page","link":"https:\/\/donation.vedicpandits.org\/sr\/contact\/faq\/","title":{"rendered":"\u010cESTO POSTAVLJANA PITANJA"},"content":{"rendered":"<h5>U VEZI  MAHARI\u0160IJEVIH VEDSKIH PANDITA<\/h5>\n<div class=\"faqstyle\"><em>ZA\u0160TO SE OVA GRUPA SASTOJI SAMO OD MAHARI\u0160IJEVIH VEDSKIH PANDITA? <\/em><br \/>\nNau\u010dna istra\u017eivanja su pokazala da grupe ljudi svih stilova \u017eivota koji zajedno izvode Jogijsko Letenje mogu da proizvedu sna\u017ean uticaj mira, ali odr\u017eavanje mira je tradicionalno zanimanje Mahari\u0161ijevih Vedskih Pandita. Oni to rade ne samo u\u010destvovanjem u dugim meditacijama i Jogijskom Letenju, pored toga oni izvode i posebne Jagje za mir. Svakodnevno izvo\u0111enje ovih Jagja stvara postojan i sna\u017ean uticaj mira koji je jedinstven za Mahari\u0161ijeve Vedske Pandite.\n<\/div>\n<div class=\"faqstyle\"><em>KAKVA JE RAZLIKA IZME\u0110U VEDSKIH PANDITA I MAHARI\u0160IJEVIH VEDSKIH PANDITA? <\/em><br \/>\nPre svega, Mahari\u0161ijevi Vedski Panditi upra\u017enjavaju Transcendentalnu Meditaciju i TM-Sidhi program koji uklju\u010duje i Jogijsko Letenje. Ove tehnike omogu\u0107uju neposredno iskustvo transcendentalne \u010diste svesti koja je osnova za sve Vedsko znanje. <\/p>\n<p>Posledica njihove svakodnevne meditacije je da Mahari\u0161ijevi Vedski Panditi izvode Jagje sa stalo\u017eenijeg nivoa svesti. Oni koriste dublje nivoe Prirodnog Zakona tako da Jagje imaju sna\u017enije delovanje.<\/p>\n<p>Osim toga, Mahari\u0161i je decenijama radio u bliskoj saradnji sa najpo\u0161tovanijim Stare\u0161inama Pandita da obnovi obuku Vedskih Pandita tako da nau\u010de ispravnu praksu i izgovor u punoj tradicionalnoj delotvornosti. Posetioci \u010desto zapaze da Mahari\u0161ijevi Vedski Panditi recituju polako i mekano. To daje presudnu celovitost Vedskim zvucima dok odjekuju kroz okolinu.<\/p>\n<\/div>\n<div class=\"faqstyle\">\n<em>KOLIKO SADA IMA MAHARI\u0160IJEVIH VEDSKIH PANDITA? <\/em><br \/>\nOko 2000 Mahari\u0161ijevih Vedskih Pandita je sada u grupi u naselju u Brahmasthanu Indije. Preko 3000 naprednih u\u010denika Pandita \u017eivi u 26 oblasnih centara za obuku \u0161irom Indije.\n<\/div>\n<div class=\"faqstyle\">\n<em>\u0160TA JE VEDA?<\/em><br \/>\nVeda zna\u010di znanje. Mahari\u0161i je objasnio da je Veda mnogo vi\u0161e od drevnih knjiga, to je znanje i organizuju\u0107a snaga koja je u osnovi cele tvorevine kojom i upravlja. Veda sadr\u017ei znanje o tome kako \u017eiveti ljudski \u017eivot da se dostigne najuzvi\u0161enije i najispunjenije stanje\u2014stanje prosvetljenja\n<\/div>\n<div class=\"faqstyle\">\n<em>\u0160TA JE JOGIJSKO LETENJE?<\/em><br \/>\nJogijsko Letenje je deo Naprednog TM-Sidhi programa. Za pojedinca, Jogijsko Letenje sjedinjuje tihu koherenciju u mozgu koja je otkrivena tokom duboke meditacije sa dinami\u010dnom aktivno\u0161\u0107u, poma\u017eu\u0107i na taj na\u010din da se razviju vi\u0161a stanja svesti. Za dru\u0161tvo, pokazalo se da grupe Jogijskih Leta\u010da koji ve\u017ebaju zajedno \u0161ire uticaj koherencije i sklada na ostalo stanovni\u0161tvo. Ovo je osnova za Globalnu Mirovnu Inicijativu.\n<\/div>\n<div class=\"faqstyle\">\n<em>KAKVE AKTIVNOSTI IMAJU MAHARI\u0160IJEVI VEDSKI PANDITI? <\/em><br \/>\nNjihov dnevni raspored koji je osmislio Mahari\u0161i,uklju\u010duje rano ustajanje, meditaciju i grupno letenje, izvo\u0111enja Mahari\u0161i Jagja, zajedni\u010dko obedovanje i ne\u0161to vremena za rekreaciju.\n<\/div>\n<div class=\"faqstyle\">\n<em>ZA\u0160TO BRAHMASTHAN INDIJE? <\/em><br \/>\nBrahmasthan se odnosi na sredi\u0161nju ta\u010dku oblasti u kojoj se \u017eivi, kao \u0161to je ku\u0107a, grad ili zemlja. Mahari\u0161i je ukazao da za najve\u0107i efekat mira, grupa Jogijskih Leta\u010da treba da bude sme\u0161tena u Brahmasthan zemlje. Zbog toga je glavno naselje Mahari\u0161ijevih Vedskih Pandita sme\u0161teno u  Brahmasthanu  Indije, blizu \u0110abalpura u oblasti Madhya Prade\u0161.\n<\/div>\n<div class=\"faqstyle\">\n<em>\u0160TA \u0106E SE DESITI JEDNOM KADA SE DOSTIGNE CILJ OD 9000 MAHARI\u0160IJEVIH VEDSKIH PANDITA??<\/em><br \/>\nSlavi\u0107emo. Svet \u0107e u\u0107i u novo doba mira. Po \u0161to uvek ima mesta da se jo\u0161 napreduje, Trust i Fondacija \u0107e nastaviti da pove\u0107avaju broj Pandita u Indiji koji primenjuju Jogijsko Letenje u grupama i izvode Jagje tako da se stvori jo\u0161 ve\u0107i uticaj mira i sklada u celom svetu.\n<\/div>\n<div class=\"faqstyle\">\n<em>KAKO MOGU DA OSTANEM U TOKU SA NOVOSTIMA O NAPREDOVANJU GRUPE PANDITA? <\/em><br \/>\nNajbolji na\u010din je da se jednostavno pretplatite na bilten koji je besplatan. Svakog meseca Dr Harris Kaplan, Direktor Brahmananda Sarasvati Trusta, \u0161alje email svim pretplatnicima. Ako postanete donator na ovoj internet stranici, automatski \u0107ete dobijati ove e-mailove. <\/p>\n<p>Mo\u017eete i pitati svog nacionalnog \u2018Ambasadora Brahmananda Sarasvati Trusta\u2019 da budete obave\u0161teni o svim de\u0161avanjima u va\u0161oj zemlji.<\/p>\n<\/div>\n<div class=\"faqstyle\">\n<em>DA LI MOGU DA IZDR\u017dAVAM JEDNOG MAHARI\u0160IJEVOG VEDSKOG PANDITA? <\/em><br \/>\nMi svakoga ohrabrujemo da redovno, svakog meseca daje doprinos za izdr\u017eavanje Pandita. Mo\u017eete da izaberete da obezbedite izdr\u017eavanje za jednog Pandita ili neki deo tog iznosa. Za jednog Mahari\u0161ijevog Vedskog Pandita je potrebno US $250 mese\u010dno. To uklju\u010duje njihov sme\u0161taj, hranu, platu i administrativne tro\u0161kove, materijal za Jagje i sporedne tro\u0161kove. Me\u0111utim, da bi Panditi mogli da dr\u017ee pa\u017enju na svojim svakodnevnim du\u017enostima ne uspostavlja se li\u010dni odnos izme\u0111u donatora i pojedina\u010dnih Pandita. <\/p>\n<\/div>\n<h5 style=\"margin-top:30px;\">O DONACIJAMA I FINANSIJAMA <\/h5>\n<div class=\"faqstyle\">\n<em>KAKVA JE RAZLIKA IZME\u0110U DAVANJA PRILOGA ZA MAHARI\u0160I NACIONALNU JAGJU I DAVANJA PRILOGA ZA MAHARI\u0160IJEVE VEDSKE PANDITE? <\/em><br \/>\nSve donacije za izdr\u017eavanje Mahari\u0161ijevih Vedskih Pandita automatski se ra\u010dunaju za program nacionalnih Jagja.\n<\/div>\n<div class=\"faqstyle\">\n<em>DA LI MI SE DONACIJA ODBIJA OD POREZA? <\/em><br \/>\nZa Donatore iz EU: Stichting Brahmananda Saraswati Trust (Holandija) ima status ANBI (Institucija \u010diji Cilj je Op\u0161te Dobro), tako da se donacije Trustu odbijaju od poreza stanovnicima Holandije a sada i u drugim zemljama EU. Ipak, nisu sve zemlje EU usvojile odbijanje od poreza za donacije institucijama u inostranstvu tako da je za zemlje EU osim Holandije najbolje da pitate svog Ambasadora BSF. <\/p>\n<p>Za donatore iz SAD: Brahmananda Sarasvati Fondacija (US) je 501 (c) (3) organizacija i donacije ovoj Fondaciji se odbijaju od poreza ameri\u010dkim poreskim obveznicima. <\/p>\n<p>Ostale zemlje: Neke nacionalne dobrotvorne organizacije omogu\u0107uju da se donacije za Mahari\u0161ijeve Vedske Pandite odbijaju od poreza . Tu spadaju dobrotvorne ustanove u  Ujedinjenom Kraljevstvu, Kanadi, i Novom Zelandu. Odaberite ime zemlje da saznate vi\u0161e o tome kako donirati putem va\u0161e nacionalne organizacije.Vi mo\u017eete podr\u017eati Mahari\u0161ijeve Vedske Pandite iz bilo koje zemlje, iako va\u0161a zemlja nije na spisku zemalja gde se ove donacije odbijaju od poreza, putem online donacija Brahmananda Sarasvati Trustu ili Fondaciji. <\/p>\n<\/div>\n<div class=\"faqstyle\">\n<em>ZA\u0160TO JE TAKO VA\u017dNO DAVATI REDOVNE MESE\u010cNE DONACIJE? <\/em><br \/>\nJednokratne donacije su veoma dobrodo\u0161le i uvek korisne. Me\u0111utim, po\u0161to Mahari\u0161ijevi Vedski Panditi potpisuju ugovor o zaposlenju u naselju u Brahmasthanu, kada ih preuzmemo mi \u017eelimo da budu sigurni da \u0107e izdr\u017eavanje biti pouzdano. Zato podsti\u010demo donatore da daju redovne mese\u010dne priloge i stvore postojanu osnovu za stvaranje grupe od 9000 Mahari\u0161ijevih Vedskih Pandita.\n<\/div>\n<div class=\"faqstyle\">\n<em>KOJI PROCENAT MOJE DONACIJE IDE ZA IZDR\u017dAVANJE VEDSKIH PANDITA? <\/em><br \/>\nPreko 90% redovnih donacija ide u Indiju za izdr\u017eavanje Mahari\u0161ijevih Vedskih Pandita. Manje od 10% se koristi da se pokriju tro\u0161kovi prebacivanja novca i administrativni tro\u0161kovi. Me\u0111u organizacijama za prikupljanje priloga ispod 10% se smatra malim procentom. <\/p>\n<\/div>\n<div class=\"faqstyle\">\n<em>KOLIKO ZEMALJA DAJE  DONACIJE ZA MAHARI\u0160IJEVE VEDSKE PANDITE? <\/em><br \/>\nDonatori iz vi\u0161e od 100 zemalja podr\u017eavaju Mahari\u0161ijeve Vedske Pandite.<\/p>\n<\/div>\n<div class=\"faqstyle\">\n<em>Kako se upravlja Zadu\u017ebinskim fondom? <\/em><br \/>\nDonacije za Fond\u200b ne idu u Indiju nego se investiraju. Samo zarada od ulaganja se koristi za izdr\u017eavanje Pandita tako da se Fond ne iscrpi. Grupa iskusnih administratora iz razli\u010ditih preduze\u0107a i finansijskih institucija upravlja BSF i BST Investicionim komitetom. Kliknite da vidite Investicioni komitet. <a href=\"https:\/\/donation.vedicpandits.org\/sr\/about-us\/#srfinancialcommittee\" rel=\"noopener\" target=\"_blank\">Finansijski odbor BSF &#038; BST<\/a>\n<\/div>\n<p><a id=\"bequests\" name=\"bequests\"><\/a><\/p>\n<div class=\"faqstyle\"><em>DA LI MOGU DA OSTAVIM ZAVE\u0160TANJE MAHARI\u0160IJEVIM VEDSKIM PANDITIMA?<\/em><br \/>\nDa. Naimenovanje Brahmananda Saraswati Foundation (BSF) u va\u0161em testamentu \u0107e vam omogu\u0107iti da date va\u017ean dobrotvorni poklon Mahari\u0161ijevim Vedskim Panditima. Koristi su dvostruke \u2014 za izdr\u017eavanje Mahari\u0161ijevih Vedskih Pandita i za vas. Dobro\u010dinstvo u tako retku i vrednu svrhu je izuzetno povoljno. Ako imate pitanja obratite se D\u017eeni Rouz na adresu:<br \/>\njeannie@bsf-international.org<br \/>\nDole \u0107ete na\u0107i vi\u0161e o tome.<\/p>\n<\/div>\n<div class=\"faqstyle\"><em>KOJE KORAKE TREBA DA PREDUZMEM DA BIH OSTAVIO ZAVE\u0160TANJE MAHARI\u0160IJEVIM VEDSKIM PANDITIMA U SVOM TESTAMENTU?<\/em><\/p>\n<p>Donatori \u0107e radije izabrati da zave\u0161tanje daju Brahmananda Sarasvati Fondaciji u SAD koja je neprofitna dobrotvorna organizacija u SAD. Ako \u017eivite u nekoj drugoj zemlji (osim SAD i Holandije) i ostavili biste pozama\u0161no zave\u0161tanje molimo vas da se obratite BSF ili BST po\u0161to bi mo\u017eda bilo najbolje da se osnuje poseban Brahmananda Sarasvati Trust u va\u0161oj zemlji da biste imali najvi\u0161e koristi po pitanju poreskih zakona va\u0161e zemlje. O tome kojim re\u010dima sastaviti testament pro\u010ditajte u daljem tekstu. Mo\u017eete se obratiti emailom na adresu Jeannie Rose \u2013 jeannie@bsf-international.org<\/p>\n<p>Donatori treba da zatra\u017ee pravni savet od svojih nezavisnih savetnika da budu sigurni da \u0107e njihova poslednja volja ispuniti sve zakonske i poreske zahteve njihove zemlje. Kad \u017eelite da ostavite zave\u0161tanje Mahari\u0161ijevim Vedskim Panditima mo\u017eemo da vam pomognemo predlogom na\u010dina izra\u017eavanja (pogledajte u daljem tekstu) koji mo\u017ee da bude koristan va\u0161em advokatu u uobli\u010davanju jednostavne zaostav\u0161tine u va\u0161em testamentu. <\/p>\n<\/div>\n<div class=\"faqstyle\"><em>KAKO DA JASNO NAVEDEM KORISNIKA U TESTAMENTU?<\/em><\/p>\n<p>Korisnik testamenta treba da bude precizno naveden. Korisnik mora biti jasno i odre\u0111eno naveden kao \u2018Brahmananda Saraswati Foundation\u2019. Ne mo\u017ee da stoji samo \u2018Vedski Panditi\u2019 ili \u2018Mahari\u0161ijevi Vedski Panditi\u2019. Osim toga testament mora da sadr\u017ei i potpunu adresu i poreski broj BSF. I jedno i drugo je navedeno dole. Re\u010di koje treba upotrebiti u testamentu da biste podr\u017eali Vedske Pandite su jednostavne. Dobrotvorni poklon mo\u017ee da bude ili odre\u0111en iznos ili procenat va\u0161e ukupne imovine ili procenat va\u0161e imovine kad se odbiju drugi pokloni koje zave\u0161tate. Donator mo\u017ee da koristi jednu od slede\u0107e tri mogu\u0107nosti za \u2018re\u010dnik testamenta\u2019. A mo\u017ee i da koristi izraze koje mu predlo\u017ei advokat. Pripremili smo \u2018predlo\u017eeni re\u010dnik za testament\u2019 da upotrebite kad \u017eelite da ostavite poklon Mahari\u0161ijevim Vedskim Panditima. Pogledajte ispod.<\/p>\n<div class=\"accordion\"><div class=\"accordion-entry\"><em><a href=\"#\">&gt;Pro\u010ditajte vi\u0161e o ostavljanju poklona Mahari\u0161ijevim Vedskim Panditima<\/a><\/em><div class=\"hidden-content\">\n<p>&nbsp;<\/p>\n<h4>PREPORU\u010cENI NA\u010cIN IZRA\u017dAVANJA ZA SASTAVLJANJE TESTAMENTA ZA BSF<br \/>\n<\/h4>\n<p>Odre\u0111eno zave\u0161tanje:<\/p>\n<p>\u201cPoklanjam Brahmananda Saraswati Fondaciji koja se nalazi u Fairfieldu, Iowa, iznos od $_______ da se koristi za op\u0161tu podr\u0161ku (ili za podr\u0161ku odre\u0111ene lokacije ili programa).\u201d<\/p>\n<p>ILI <\/p>\n<p>Procenat od Imovine:<\/p>\n<p>\u201cPoklanjam _____% svoje imovine Brahmananda Saraswati Fondaciji koja se nalazi u Fairfieldu, Iowa.\u201d<\/p>\n<p>ILI<\/p>\n<p>Zave\u0161tanje ostatka:<br \/>\nZave\u0161tanje ostatka dobijamo kad se odbiju tro\u0161kovi va\u0161e imovine i drugi pokloni koje ostavljate.<\/p>\n<p>\u201cPoklanjam Brahmananda Saraswati Fondaciji koja se nalazi u Fairfieldu, Iowa, sve (ili odre\u0111eni procenat od onoga) \u0161to preostane od moje imovine, pokretne i nepokretne, da se koristi za op\u0161tu podr\u0161ku (ili za odr\u0161ku odre\u0111ene lokacije ili programa).\u201d <\/p>\n<p>Donator koristi  Brahmananda Saraswati Foundation US poreski broj  # 26-2986750<\/p>\n<p>Brahmananda Saraswati Foundation<br \/>\n1100 N. 4th Street, Suite 124<br \/>\nFairfield, Iowa 52556<br \/>\nTelefon: 1-641-209-5022<\/p>\n<p>Mo\u017eete se obratiti Jeannie Rose &#8211; jeannie@bsf-international.org<\/p>\n<p>Nadamo se da vam je sve ovo jasno i korisno. Mnogi ljudi su tra\u017eili od nas savet i pomo\u0107 oko toga kako da svoj poslednji i najdragoceniji poklon ponude za ovaj program koji je tako drag Mahari\u0161iju i izuzetno dragocen za budu\u0107nost \u010dove\u010danstva.<\/p>\n<a href=\"#\" class=\"close\">Close Section<\/a><\/div><\/div>\n<\/div>\n","protected":false},"excerpt":{"rendered":"<p>U VEZI MAHARI\u0160IJEVIH VEDSKIH PANDITA ZA\u0160TO SE OVA GRUPA SASTOJI SAMO OD MAHARI\u0160IJEVIH VEDSKIH PANDITA? Nau\u010dna istra\u017eivanja su pokazala da grupe ljudi svih stilova \u017eivota koji zajedno izvode Jogijsko Letenje mogu da proizvedu sna\u017ean uticaj mira, ali odr\u017eavanje mira je tradicionalno zanimanje Mahari\u0161ijevih Vedskih Pandita. Oni to rade ne samo u\u010destvovanjem u dugim meditacijama i [&hellip;]<\/p>\n","protected":false},"author":3,"featured_media":165,"parent":4758,"menu_order":0,"comment_status":"open","ping_status":"closed","template":"","meta":{"om_disable_all_campaigns":false,"_monsterinsights_skip_tracking":false,"_monsterinsights_sitenote_active":false,"_monsterinsights_sitenote_note":"","_monsterinsights_sitenote_category":0,"footnotes":""},"class_list":["post-4753","page","type-page","status-publish","has-post-thumbnail","hentry"],"_links":{"self":[{"href":"https:\/\/donation.vedicpandits.org\/sr\/wp-json\/wp\/v2\/pages\/4753","targetHints":{"allow":["GET"]}}],"collection":[{"href":"https:\/\/donation.vedicpandits.org\/sr\/wp-json\/wp\/v2\/pages"}],"about":[{"href":"https:\/\/donation.vedicpandits.org\/sr\/wp-json\/wp\/v2\/types\/page"}],"author":[{"embeddable":true,"href":"https:\/\/donation.vedicpandits.org\/sr\/wp-json\/wp\/v2\/users\/3"}],"replies":[{"embeddable":true,"href":"https:\/\/donation.vedicpandits.org\/sr\/wp-json\/wp\/v2\/comments?post=4753"}],"version-history":[{"count":17,"href":"https:\/\/donation.vedicpandits.org\/sr\/wp-json\/wp\/v2\/pages\/4753\/revisions"}],"predecessor-version":[{"id":79171,"href":"https:\/\/donation.vedicpandits.org\/sr\/wp-json\/wp\/v2\/pages\/4753\/revisions\/79171"}],"up":[{"embeddable":true,"href":"https:\/\/donation.vedicpandits.org\/sr\/wp-json\/wp\/v2\/pages\/4758"}],"wp:featuredmedia":[{"embeddable":true,"href":"https:\/\/donation.vedicpandits.org\/sr\/wp-json\/wp\/v2\/media\/165"}],"wp:attachment":[{"href":"https:\/\/donation.vedicpandits.org\/sr\/wp-json\/wp\/v2\/media?parent=4753"}],"curies":[{"name":"wp","href":"https:\/\/api.w.org\/{rel}","templated":true}]}}