{"id":5050,"date":"2015-07-11T10:43:55","date_gmt":"2015-07-11T10:43:55","guid":{"rendered":"https:\/\/vedicpandits.org\/?page_id=5050"},"modified":"2024-05-08T18:54:47","modified_gmt":"2024-05-08T18:54:47","slug":"intermediary-donation-page","status":"publish","type":"page","link":"https:\/\/donation.vedicpandits.org\/sr\/intermediary-donation-page\/","title":{"rendered":"KAKO DATI PRILOG"},"content":{"rendered":"<h2 style=\"margin-bottom: 30px; color: white; background: none repeat scroll 0 0 #e37d22; font-size: 17px; text-align: center; padding-top: 10px;\">VA\u0160A PODR\u0160KA GRUPAMA MAHARI\u0160IJEVIH VEDSKIH <\/br>PANDITA STVARA SNA\u017dAN UTICAJ MIRA ZA SVET\u200b<\/h2>\n<div class=\"grid grid-desktop-30 grid-mobile-100\">\n<div class=\"holder\"><img loading=\"lazy\" decoding=\"async\" class=\"alignleft size-full wp-image-2490\" src=\"\/wp-content\/uploads\/2015\/03\/photo_pandit_donatepage1.jpg\" alt=\"photo_pandit_donatepage\" width=\"234\" height=\"284\" \/><\/div>\n<\/div>\n<div class=\"grid grid-desktop-70 grid-mobile-100\">\n<div class=\"holder\">\n<p>Dole mo\u017eete dati prilog i u evrima i u dolarima ili vlastitoj valuti.<\/p>\n<h4>Dajte prilog u dolarima (BSF) ili vlastitoj valuti (BST).<\/h4>\n<p>Pritiskom na narand\u017easto dugme na dnu mo\u017eete nastaviti do stranice za uplatu donacija na kojoj mo\u017eete neposredno da uplatite donaciju za Mahari\u0161ijeve Vedske Pandite. Mo\u017eete uplatiti koriste\u0107i karticu za pla\u0107anje preko interneta ili PayPal nalog. Web stranice su na engleskom jeziku.. <\/p>\n<p style=\"text-align: center;\"><a class=\"btn btn-large\" href=\"https:\/\/aro.vedicpandits.org\/donate\">&gt; BST &#8211; NASTAVITE NA STRANICU ZA \u200bD\u200bAVANJE PRILO\u200bGA\u200b<\/a><\/p>\n<p style=\"text-align: center;\"><a class=\"btn btn-large\" href=\"https:\/\/donate.vedicpandits.org\/ipgeo\/ipgeo.php\">&gt; BSF &#8211; NASTAVITE NA STRANICU ZA \u200bD\u200bAVANJE PRILO\u200bGA\u200b<\/a><\/p>\n<p>&nbsp;<br \/>\n&nbsp;<br \/>\n&nbsp;<\/p>\n<h4>Dajte prilog u evrima.<\/h4>\n<p>Mo\u017eete uplatiti donaciju u evrima u Brahmananda Sarasvati Trust (Holandija) transferom sa ra\u010duna na ra\u010dun (u banci) ili koriste\u0107i PayPal.<\/p>\n<p>Ako \u017eelite da uplatite koriste\u0107i PayPal, uplate usmerite na:<br \/>\nBST108@maharishi.net<\/p>\n<p>Ovo su podaci potrebni za prebacivanje sa ra\u010duna na ra\u010dun u banci. \u200b<\/p>\n<div class=\"grid-holder\">\n<div class=\"grid grid-desktop-50 grid-mobile-100\"><div class=\"holder\"><p>Bank Account Information :<\/p>\n<p>ING Bank, Roermond, The Netherlands<br \/>\nSwift Code\/BIC: INGBNL2A<br \/>\nAccount Name: BST<br \/>\nIBAN: NL74 INGB 0659 6208 04<br \/>\nAccount Number: 65.96.20.804<\/p>\n<\/div><\/div>\n<div class=\"grid grid-desktop-50 grid-mobile-100\"><div class=\"holder\"><p>Address of Beneficiary:<\/p>\n<p>Station 24<br \/>\n6063NP Vlodrop<br \/>\nThe Netherlands<\/p>\n<\/div><\/div>\n<\/div>\n<p>Ako nemate karticu za online pla\u0107anje ni PayPal nalog ili ne \u017eelite da ih koristite javite se<br \/>\n<div class=\"grid-holder\">\n<div class=\"grid grid-desktop-50 grid-mobile-100\"><div class=\"holder\"><p><strong>Ambasadoru BSF za Srbiju:<br \/>\nVoji Trajkovi\u0107u:<br \/>\nmaharishiyagyasrbija@gmail.com<br \/>\ntelefon 381 65 8192022<\/strong><\/p>\n<\/div><\/div>\n<div class=\"grid grid-desktop-50 grid-mobile-100\"><div class=\"holder\"><p><strong>Ambasadoru BSF za Crnu Goru:<br \/>\nAndrijani Mirkovi\u0107 Kosti\u0107,<br \/>\nrajnam@t-com.me<br \/>\ntelefon +38269532100<br \/>\n<\/strong><\/p>\n<\/div><\/div>\n<\/div>\n<\/div>\n<\/div>\n","protected":false},"excerpt":{"rendered":"<p>VA\u0160A PODR\u0160KA GRUPAMA MAHARI\u0160IJEVIH VEDSKIH PANDITA STVARA SNA\u017dAN UTICAJ MIRA ZA SVET\u200b Dole mo\u017eete dati prilog i u evrima i u dolarima ili vlastitoj valuti. Dajte prilog u dolarima (BSF) ili vlastitoj valuti (BST). Pritiskom na narand\u017easto dugme na dnu mo\u017eete nastaviti do stranice za uplatu donacija na kojoj mo\u017eete neposredno da uplatite donaciju za [&hellip;]<\/p>\n","protected":false},"author":3,"featured_media":0,"parent":0,"menu_order":0,"comment_status":"closed","ping_status":"closed","template":"","meta":{"om_disable_all_campaigns":false,"_monsterinsights_skip_tracking":false,"_monsterinsights_sitenote_active":false,"_monsterinsights_sitenote_note":"","_monsterinsights_sitenote_category":0,"footnotes":""},"class_list":["post-5050","page","type-page","status-publish","hentry"],"_links":{"self":[{"href":"https:\/\/donation.vedicpandits.org\/sr\/wp-json\/wp\/v2\/pages\/5050","targetHints":{"allow":["GET"]}}],"collection":[{"href":"https:\/\/donation.vedicpandits.org\/sr\/wp-json\/wp\/v2\/pages"}],"about":[{"href":"https:\/\/donation.vedicpandits.org\/sr\/wp-json\/wp\/v2\/types\/page"}],"author":[{"embeddable":true,"href":"https:\/\/donation.vedicpandits.org\/sr\/wp-json\/wp\/v2\/users\/3"}],"replies":[{"embeddable":true,"href":"https:\/\/donation.vedicpandits.org\/sr\/wp-json\/wp\/v2\/comments?post=5050"}],"version-history":[{"count":20,"href":"https:\/\/donation.vedicpandits.org\/sr\/wp-json\/wp\/v2\/pages\/5050\/revisions"}],"predecessor-version":[{"id":89577,"href":"https:\/\/donation.vedicpandits.org\/sr\/wp-json\/wp\/v2\/pages\/5050\/revisions\/89577"}],"wp:attachment":[{"href":"https:\/\/donation.vedicpandits.org\/sr\/wp-json\/wp\/v2\/media?parent=5050"}],"curies":[{"name":"wp","href":"https:\/\/api.w.org\/{rel}","templated":true}]}}