{"id":11573,"date":"2014-04-08T07:10:00","date_gmt":"2014-04-08T07:10:00","guid":{"rendered":"https:\/\/vedicpandits.org\/yagya\/"},"modified":"2017-10-01T13:36:56","modified_gmt":"2017-10-01T13:36:56","slug":"yagya","status":"publish","type":"page","link":"https:\/\/donation.vedicpandits.org\/sv\/yagya\/","title":{"rendered":"Yagya"},"content":{"rendered":"<h4>Maharishi Yagya<\/h4>\n<p>Ett bidrag till Maharishi Veda-panditarna i Indien \u00e4r samtidigt ett bidrag till en yagya. Yagya \u00e4r en speciell vedisk metod som panditarna anv\u00e4nder sig av. Den bygger p\u00e5 kunskapen om ljud och den kan ge positiva effekter i ett helt land (nationell yagya) eller i en enskild persons liv (special-yagya).<\/p>\n<div class=\"border-line\">&nbsp;<\/div>\n<div class=\"grid-holder\">\n<div class=\"grid grid-desktop-50 grid-mobile-100\">\n<div class=\"holder button\">\n<a class=\"btn btn-large btn-full\" href=\"https:\/\/donation.vedicpandits.org\/yagya\/national-yagya\/\"> > nationell yagya <\/a>\n<\/div>\n<\/div>\n<div class=\"grid grid-desktop-50 grid-mobile-100\">\n<div class=\"holder button\">\n<a class=\"btn btn-large btn-full \" href=\"https:\/\/donation.vedicpandits.org\/yagya\/special-yagya\/\"> > special-yagya <\/a>\n<\/div>\n<\/div>\n<\/div>\n<p><\/p>\n<div class=\"border-line\">&nbsp;<\/div>\n<h4>Vad \u00e4r en yagya?<\/h4>\n<p>En yagya \u00e4r en bepr\u00f6vad effektiv vedisk metod som skapar balans och f\u00f6rebygger problem, och den ger framg\u00e5ng och f\u00f6rb\u00e4ttrar levnadsvillkoren p\u00e5 alla niv\u00e5er. Panditen reciterar vediska ljud, samtidigt som han utf\u00f6r symboliska handlingar p\u00e5 ett speciellt s\u00e4tt. UNESCO har utsett vedisk recitation till ett immateriellt v\u00e4rldsarv.<\/p>\n<div class=\"border-line\">&nbsp;<\/div>\n<div class=\"grid-holder\">\n<div class=\"grid grid-desktop-50 grid-mobile-100\"><div class=\"holder\"><h4>Vad \u00e4r speciellt med en Maharishi-Yagya?<\/h4>\n<p>Maharishi Mahesh Yogi \u00e4gnade m\u00e5nga \u00e5r \u00e5t att noggrant och systematiskt \u00e5terst\u00e4lla yagyor s\u00e5 att de kan ge full effekt. Han menade att vedisk recitation beh\u00f6ver g\u00f6ras utifr\u00e5n trancendentalt medvetande, fr\u00e5n den djupaste transcendentala niv\u00e5n, f\u00f6r att f\u00e5 maximal effekt. P\u00e5 den niv\u00e5n \u00e4r ljud och form (\u00f6nskningar och resultatet av \u00f6nskningarna) n\u00e4ra sammankopplade och resultatet blir mycket kraftfullt. Maharishi p\u00e5pekade att det \u00e4r tv\u00e5 saker som \u00e4r avg\u00f6rande f\u00f6r att yagyor ska kunna utf\u00f6ras p\u00e5 r\u00e4tt s\u00e4tt:<\/p>\n<p>F\u00f6r det f\u00f6rsta att Veda-panditarna erfar djupa, lugna niv\u00e5er, i sitt medvetande genom Transcendental Meditation och TM-Sidhiprogrammet, och att yagyorna g\u00f6rs utifr\u00e5n den niv\u00e5n. P\u00e5 s\u00e5 s\u00e4tt livar de upp naturlagarnas mest grundl\u00e4ggande niv\u00e5.<\/p>\n<p>F\u00f6r det andra genomg\u00e5r de en omfattande och unik utbildning. Maharishi arbetade under flera decennier, tillsammans med de fr\u00e4msta panditarna i Indien, med att skapa en perfekt utbildning f\u00f6r Veda-panditar. Utbildningen s\u00e4kerst\u00e4ller att de l\u00e4r sig b\u00e5de r\u00e4tt uttal och riktigt utf\u00f6rande, allt enligt gammal tradition, s\u00e5 att yagyorna har full effekt. <\/p>\n<p>D\u00e4rf\u00f6r \u00e4r Maharishi-yagyorna \u00e4r s\u00e5 effektiva och kraftfulla.<\/p>\n<\/div><\/div>\n<div class=\"grid grid-desktop-50 grid-mobile-100\"><div class=\"holder\"><p><img loading=\"lazy\" decoding=\"async\" class=\"alignright size-full wp-image-261\" src=\"\/wp-content\/uploads\/2014\/04\/CHANTING-PANDIT-EYES-CLOSED432.jpg\" alt=\"CHANTING PANDIT EYES CLOSED432\" width=\"432\" height=\"516\" srcset=\"https:\/\/donation.vedicpandits.org\/wp-content\/uploads\/2014\/04\/CHANTING-PANDIT-EYES-CLOSED432.jpg 432w, https:\/\/donation.vedicpandits.org\/wp-content\/uploads\/2014\/04\/CHANTING-PANDIT-EYES-CLOSED432-251x300.jpg 251w, https:\/\/donation.vedicpandits.org\/wp-content\/uploads\/2014\/04\/CHANTING-PANDIT-EYES-CLOSED432-300x358.jpg 300w\" sizes=\"auto, (max-width: 432px) 100vw, 432px\" \/><\/p>\n<\/div><\/div>\n<\/div>\n","protected":false},"excerpt":{"rendered":"<p>Maharishi Yagya Ett bidrag till Maharishi Veda-panditarna i Indien \u00e4r samtidigt ett bidrag till en yagya. Yagya \u00e4r en speciell vedisk metod som panditarna anv\u00e4nder sig av. Den bygger p\u00e5 kunskapen om ljud och den kan ge positiva effekter i ett helt land (nationell yagya) eller i en enskild persons liv (special-yagya). > nationell yagya [&hellip;]<\/p>\n","protected":false},"author":3,"featured_media":183,"parent":0,"menu_order":0,"comment_status":"open","ping_status":"closed","template":"","meta":{"om_disable_all_campaigns":false,"_monsterinsights_skip_tracking":false,"_monsterinsights_sitenote_active":false,"_monsterinsights_sitenote_note":"","_monsterinsights_sitenote_category":0,"footnotes":""},"class_list":["post-11573","page","type-page","status-publish","has-post-thumbnail","hentry"],"_links":{"self":[{"href":"https:\/\/donation.vedicpandits.org\/sv\/wp-json\/wp\/v2\/pages\/11573","targetHints":{"allow":["GET"]}}],"collection":[{"href":"https:\/\/donation.vedicpandits.org\/sv\/wp-json\/wp\/v2\/pages"}],"about":[{"href":"https:\/\/donation.vedicpandits.org\/sv\/wp-json\/wp\/v2\/types\/page"}],"author":[{"embeddable":true,"href":"https:\/\/donation.vedicpandits.org\/sv\/wp-json\/wp\/v2\/users\/3"}],"replies":[{"embeddable":true,"href":"https:\/\/donation.vedicpandits.org\/sv\/wp-json\/wp\/v2\/comments?post=11573"}],"version-history":[{"count":2,"href":"https:\/\/donation.vedicpandits.org\/sv\/wp-json\/wp\/v2\/pages\/11573\/revisions"}],"predecessor-version":[{"id":11575,"href":"https:\/\/donation.vedicpandits.org\/sv\/wp-json\/wp\/v2\/pages\/11573\/revisions\/11575"}],"wp:featuredmedia":[{"embeddable":true,"href":"https:\/\/donation.vedicpandits.org\/sv\/wp-json\/wp\/v2\/media\/183"}],"wp:attachment":[{"href":"https:\/\/donation.vedicpandits.org\/sv\/wp-json\/wp\/v2\/media?parent=11573"}],"curies":[{"name":"wp","href":"https:\/\/api.w.org\/{rel}","templated":true}]}}