{"id":11577,"date":"2014-04-10T12:56:25","date_gmt":"2014-04-10T12:56:25","guid":{"rendered":"https:\/\/vedicpandits.org\/yagya\/national-yagya\/"},"modified":"2023-04-17T11:40:58","modified_gmt":"2023-04-17T11:40:58","slug":"national-yagya","status":"publish","type":"page","link":"https:\/\/donation.vedicpandits.org\/sv\/yagya\/national-yagya\/","title":{"rendered":"National  Yagya"},"content":{"rendered":"<h4>vad \u00c4r nationella yagyor?<\/h4>\n<p>En nationell yagya \u00e4r en speciell metod f\u00f6r att \u00f6ka v\u00e4lst\u00e5ndet och f\u00f6rebygga problem i ett helt land. Dessa yagyor g\u00f6rs av stora grupper Maharishi Veda-panditar i Brahmasthan (geografiska mittpunkten) i Indien.<\/p>\n<div class=\"border-line\">&nbsp;<\/div>\n<div class=\"grid-holder\">\n<div class=\"grid grid-desktop-50 grid-mobile-100\"><div class=\"holder\"><p><img loading=\"lazy\" decoding=\"async\" class=\"alignleft size-full wp-image-277\" src=\"\/wp-content\/uploads\/2014\/04\/IMG_4957_reverse_web1.jpg\" alt=\"IMG_4957_reverse_web1\" width=\"432\" height=\"288\" srcset=\"https:\/\/donation.vedicpandits.org\/wp-content\/uploads\/2014\/04\/IMG_4957_reverse_web1.jpg 432w, https:\/\/donation.vedicpandits.org\/wp-content\/uploads\/2014\/04\/IMG_4957_reverse_web1-300x200.jpg 300w, https:\/\/donation.vedicpandits.org\/wp-content\/uploads\/2014\/04\/IMG_4957_reverse_web1-430x288.jpg 430w\" sizes=\"auto, (max-width: 432px) 100vw, 432px\" \/><\/p>\n<\/div><\/div>\n<div class=\"grid grid-desktop-50 grid-mobile-100\"><div class=\"holder\"><h4>Hur g\u00f6rs de?<\/h4>\n<p>Nationella yagyor g\u00f6rs under flera dagar, eller veckor, beroende p\u00e5 yagyans storlek. Det speciella syftet med yagyan best\u00e4ms i respektive land. Syftet kan till exempel vara \u00f6kat ekonomiskt v\u00e4lst\u00e5nd, harmoni i landet, b\u00e4ttre h\u00e4lsa hos befolkningen eller att avv\u00e4rja problem som naturkatastrofer och v\u00e5ld.<\/p>\n\t<a href=\"https:\/\/donation.vedicpandits.org\/sv\/yagya\/national-yagya\/?image_video=https%3A%2F%2Fwww.youtube.com%2Fwatch%3Fv%3D1sXsta5ZzFI%3Frel%3D0\" class=\"video-link no-pointer\"><em>&gt; Lyssna h\u00e4r p\u00e5 Maharishi Veda-panditarna n\u00e4r de g\u00f6r en yagya till skydd f\u00f6r ett land.<\/em><\/a>\n\n\t\n<\/div><\/div>\n<\/div>\n<div class=\"border-line\">&nbsp;<\/div>\n<a id=\"scienceofyagya\" name=\"scienceofyagya\"><\/a><\/p>\n<h4>VEtenskapen bakom yagyor<\/h4>\n<p>Lyssna p\u00e5 dr John Hagelin \u2013 internationellt k\u00e4nd kvantfysiker, f\u00f6rel\u00e4sare, politisk r\u00e5dgivare och ledande fredsf\u00f6respr\u00e5kare:<\/p>\n<div class=\"grid-holder\">\n<div class=\"grid grid-desktop-50 grid-mobile-100\"><div class=\"holder\"><p span style=\"margin-left: 15px;\">\n<p span style=\"margin-left: 15px;\">\t<a href=\"https:\/\/donation.vedicpandits.org\/sv\/yagya\/national-yagya\/?image_video=https%3A%2F%2Fvimeo.com%2F80285421\" class=\"video-link \"><img decoding=\"async\" class=\"alignnone size-full wp-image-285\" src=\"https:\/\/donation.vedicpandits.org\/wp-content\/uploads\/2020\/02\/hagelin_5_videoimage.png\" alt=\"yagya_hagelin_1web1\" width=\"362\" \/><\/a>\n\n\t\n\t<a href=\"https:\/\/donation.vedicpandits.org\/sv\/yagya\/national-yagya\/?image_video=https%3A%2F%2Fvimeo.com%2F80285421\" class=\"video-link no-pointer\"><em>&gt; Video 1: Vad \u00e4r en Maharishi-yagya?<\/em><\/a>\n\n\t\n<\/div><\/div>\n<div class=\"grid grid-desktop-50 grid-mobile-100\"><div class=\"holder\">\t<a href=\"https:\/\/donation.vedicpandits.org\/sv\/yagya\/national-yagya\/?image_video=https%3A%2F%2Fwww.youtube.com%2Fwatch%3Fv%3DPEEbpF59O4g%3Frel%3D0\" class=\"video-link \"><img loading=\"lazy\" decoding=\"async\" class=\"alignnone size-full wp-image-285\" src=\"https:\/\/donation.vedicpandits.org\/wp-content\/uploads\/2020\/02\/hagelin_yagya_charlie2.png\" alt=\"yagya_hagelin_2web2\" alt=\"yagya_hagelin_2web2\" width=\"432\" height=\"242\" \/><\/a>\n\n\t\n\t<a href=\"https:\/\/donation.vedicpandits.org\/sv\/yagya\/national-yagya\/?image_video=https%3A%2F%2Fwww.youtube.com%2Fwatch%3Fv%3DPEEbpF59O4g%3Frel%3D0\" class=\"video-link no-pointer\"><em>&gt; Video 2: Den vetenskapliga f\u00f6rklaringen till yagyor.<\/em><\/a>\n\n\t\n<\/div><\/div>\n<\/div>\n<div class=\"border-line\">&nbsp;<\/div>\n<h4 style=\"text-align: center;\">Fyra anledningar att st\u00f6dja Maharishi Veda-panditar och nationella yagyor.<br \/>\n<\/h4>\n<h4 style=\"text-align: center;\">1. St\u00f6d ditt land<\/h4>\n<p style=\"text-align: center;\">Nationella yagyor befr\u00e4mjar fred, framg\u00e5ng, v\u00e4lst\u00e5nd och nationell o\u00f6vervinnlighet i ditt land.<\/p>\n<h4 style=\"text-align: center;\">2. Skydda v\u00e4rlden \u2013 din omgivning<\/h4>\n<p style=\"text-align: center;\">N\u00e4r det g\u00f6rs m\u00e5nga nationella yagyor s\u00e5 har det en positiv effekt p\u00e5 hela v\u00e4rlden. Och genom att bidra till projektet i Indiens Brahmasthan s\u00e5 hj\u00e4lper du den fredsskapande gruppen att v\u00e4xa, s\u00e5 att den till slut n\u00e5r den kritiska niv\u00e5n \u2013 9000 personer \u2013 det antal som beh\u00f6vs f\u00f6r att s\u00e4kerst\u00e4lla v\u00e4rldsfred!<\/p>\n<h4 style=\"text-align: center;\">3. Skydda dig sj\u00e4lv och din familj<\/h4>\n<p style=\"text-align: center;\">Ditt ekonomiska bidrag till projektet gagnar b\u00e5de ditt land och dig sj\u00e4lv. Vi k\u00e4nner alla till tales\u00e4ttet \u201dsom man s\u00e5r f\u00e5r man sk\u00f6rda\u201d. I den anrika vediska traditionen s\u00e4gs det, att den som st\u00f6djer en yagya \u00e4r den som f\u00e5r ut mest av den.<\/p>\n<h4 style=\"text-align: center;\">4. Bevara det vediska v\u00e4rldsarvet<\/h4>\n<p style=\"text-align: center;\">Maharishi betonade starkt hur viktigt det \u00e4r att \u00e5terst\u00e4lla Veda-traditionen, eftersom den inneh\u00e5ller kunskap och metoder f\u00f6r att utveckla hela v\u00e5r potential \u2013 b\u00e5de individuellt och kollektivt. Bidragen till nationella yagyor st\u00f6djer samtidigt panditarna och p\u00e5 s\u00e5 s\u00e4tt s\u00e4kerst\u00e4ller vi att den h\u00e4r kunskapen kan leva vidare till kommande generationer. <\/p>\n<div class=\"border-line\">&nbsp;<\/div>\n\t<p style=\"text-align: center\">\n\t\t<a href=\"https:\/\/aro.vedicpandits.org\/donate\"   class=\"btn btn-large \" > > \n\t\t\tBidra till en nationell yagya!<br \/>\t\t<\/a>\n\t<\/p>\n\n\t\n<div class=\"border-line\">&nbsp;<\/div>\n<h4>F\u00c5 MED DITT NAMN i yagyaN<\/h4>\n<p>Du kan ensam sponsra en hel nationell yagya. Den kostar fr\u00e5n ca $1,250 USD och upp\u00e5t. D\u00e5 inkluderas ditt namn i sankalpan, syftet med yagyan, som fastst\u00e4lls i b\u00f6rjan av den. N\u00e4r du ger $1,250 USD eller mer, kontaktas du av en s. k. ambassad\u00f6r som hj\u00e4lper dig att ans\u00f6ka om en nationell yagya.<\/p>\n<p>N\u00e4r du sk\u00e4nker pengar till en nationell yagya, bidrar du till att generera positivitet i ditt land \u2013 och dessutom gagnar yagyan dig sj\u00e4lv.<\/p>\n","protected":false},"excerpt":{"rendered":"<p>vad \u00c4r nationella yagyor? En nationell yagya \u00e4r en speciell metod f\u00f6r att \u00f6ka v\u00e4lst\u00e5ndet och f\u00f6rebygga problem i ett helt land. Dessa yagyor g\u00f6rs av stora grupper Maharishi Veda-panditar i Brahmasthan (geografiska mittpunkten) i Indien. VEtenskapen bakom yagyor Lyssna p\u00e5 dr John Hagelin \u2013 internationellt k\u00e4nd kvantfysiker, f\u00f6rel\u00e4sare, politisk r\u00e5dgivare och ledande fredsf\u00f6respr\u00e5kare: Fyra [&hellip;]<\/p>\n","protected":false},"author":3,"featured_media":3260,"parent":11573,"menu_order":0,"comment_status":"open","ping_status":"closed","template":"","meta":{"om_disable_all_campaigns":false,"_monsterinsights_skip_tracking":false,"_monsterinsights_sitenote_active":false,"_monsterinsights_sitenote_note":"","_monsterinsights_sitenote_category":0,"footnotes":""},"class_list":["post-11577","page","type-page","status-publish","has-post-thumbnail","hentry"],"_links":{"self":[{"href":"https:\/\/donation.vedicpandits.org\/sv\/wp-json\/wp\/v2\/pages\/11577","targetHints":{"allow":["GET"]}}],"collection":[{"href":"https:\/\/donation.vedicpandits.org\/sv\/wp-json\/wp\/v2\/pages"}],"about":[{"href":"https:\/\/donation.vedicpandits.org\/sv\/wp-json\/wp\/v2\/types\/page"}],"author":[{"embeddable":true,"href":"https:\/\/donation.vedicpandits.org\/sv\/wp-json\/wp\/v2\/users\/3"}],"replies":[{"embeddable":true,"href":"https:\/\/donation.vedicpandits.org\/sv\/wp-json\/wp\/v2\/comments?post=11577"}],"version-history":[{"count":9,"href":"https:\/\/donation.vedicpandits.org\/sv\/wp-json\/wp\/v2\/pages\/11577\/revisions"}],"predecessor-version":[{"id":76636,"href":"https:\/\/donation.vedicpandits.org\/sv\/wp-json\/wp\/v2\/pages\/11577\/revisions\/76636"}],"up":[{"embeddable":true,"href":"https:\/\/donation.vedicpandits.org\/sv\/wp-json\/wp\/v2\/pages\/11573"}],"wp:featuredmedia":[{"embeddable":true,"href":"https:\/\/donation.vedicpandits.org\/sv\/wp-json\/wp\/v2\/media\/3260"}],"wp:attachment":[{"href":"https:\/\/donation.vedicpandits.org\/sv\/wp-json\/wp\/v2\/media?parent=11577"}],"curies":[{"name":"wp","href":"https:\/\/api.w.org\/{rel}","templated":true}]}}