{"id":11582,"date":"2014-04-10T12:57:22","date_gmt":"2014-04-10T12:57:22","guid":{"rendered":"https:\/\/vedicpandits.org\/yagya\/special-yagya\/"},"modified":"2023-03-15T18:39:21","modified_gmt":"2023-03-15T18:39:21","slug":"special-yagya","status":"publish","type":"page","link":"https:\/\/donation.vedicpandits.org\/sv\/yagya\/special-yagya\/","title":{"rendered":"Special Yagya"},"content":{"rendered":"<h4>Maharishi special-yagyor<\/h4>\n<p>Specialyagyor \u00e4r fr\u00e4mst ett medel f\u00f6r att skapa fred och v\u00e4lst\u00e5nd f\u00f6r v\u00e5r v\u00e4rldsfa-milj. Dessutom gynnar de mottagaren av yagyan och givaren som sponsrar dem.<\/p>\n<p>Maharishi sammanst\u00e4llde en rad unika special-yagyor f\u00f6r h\u00e4lsa, v\u00e4lg\u00e5ng och personlig utveckling. Dessa st\u00f6djer enskilda personers och familjers utveckling. Det finns special-yagyor som g\u00f6rs i samband med f\u00f6delsedagar, br\u00f6llop, br\u00f6llopsdagar och barnaf\u00f6dslar, och de g\u00f6rs vid en tidpunkt d\u00e5 speciella naturlagar \u00e4r mer tillg\u00e4ngliga och livaktiga. <\/p>\n<p>Bland special-yagyorna finns \u00e4ven \u201dyagya f\u00f6r \u00f6kat v\u00e4lbefinnande\u201d (the Well-Being Yagya) \u2013 du kan best\u00e4lla den n\u00e4r som helst under \u00e5ret, och den kan upprepas, t. ex. varje m\u00e5nad.<\/p>\n<p>Special-yagyor kan du best\u00e4lla till dig sj\u00e4lv, liksom till familjemedlemmar och v\u00e4nner. <\/p>\n<p>Yagyorna v\u00e4cker liv en djupare niv\u00e5 \u2013 enhetsf\u00e4ltets grundl\u00e4ggande niv\u00e5. De lyfter upp personen i fr\u00e5ga och bidrar samtidigt till \u00f6kad harmoni, fred och framg\u00e5ng i samh\u00e4llet. <\/p>\n<p>&nbsp;<\/p>\n<div style=\"padding:10px; background-color:white;\">\n<div style=\"border-size:2px;border-style:solid;border-color:#e4bb4b;\">\n<div style=\"text-align: center; padding-top:10px; padding-right:5px; padding-bottom:0px; padding-left:5px;\">\n&nbsp;<\/p>\n<h4>SPECIELL MEDDELANDE FR\u00c5N RAJA HARRIS \u2013 F\u00d6RL\u00c4NGDA DAGAR<\/h4>\n<\/div>\n<div style=\"text-align: left; padding-top:20px; padding-right:20px; padding-bottom:40px; padding-left:20px;\">Baserat p\u00e5 sina positiva erfarenheter av Special Yagyas har m\u00e5nga fr\u00e5gat om dessa Yagyas kan f\u00f6rl\u00e4ngas med mer \u00e4n en dag. Efter samr\u00e5d med Pandit-ledare kommer vi att erbjuda alternativen f\u00f6r en andra och tredje dag av Special Yagyas. F\u00f6r att g\u00f6ra detta mer tillg\u00e4ngligt har kostnaden per dag f\u00f6r dessa Yagyas s\u00e4nkts.  <\/p>\n<\/div>\n<\/div>\n<\/div>\n<p>&nbsp;<\/p>\n<div class=\"grid-holder\">\n<div class=\"grid grid-desktop-50 grid-mobile-100\"><div class=\"holder\"><p><strong>Klicka nedan f\u00f6r att v\u00e4lja yagya.<\/strong><br \/>\nVarje yagya g\u00f6rs av flera panditar tillsammans \u2013 ju h\u00f6gre kategori desto fler panditar, vilket g\u00f6r yagyan kraftfullare.<\/p>\n<ul>\n<li>\t<a href=\"https:\/\/sponsor.specialyagyas.org\/bwb.php?site=vp&amp;bwb=birthday\" class=\"tooltipster\" title=\"Special Yagyas are administered by Brahmananda Saraswati Yagya Foundation, a US based registered charity. We will transfer you to that website.\">\n\t\tF\u00f6delsedags-yagya \u2013 g\u00f6rs p\u00e5 f\u00f6delsedagen\t<\/a>\n\t\nEndags Yagya: Kategorier USD: $1,000 | $2,500<br \/>\nTv\u00e5 dagars Yagya: Kategorier USD: $1,500 | $3,000<br \/>\nTre dagars Yagya: Kategorier USD: $2,000 | $3,500<\/p>\n<li>\t<a href=\"https:\/\/sponsor.specialyagyas.org\/bwb.php?site=vp&amp;bwb=well-being\" class=\"tooltipster\" title=\"Special Yagyas are administered by Brahmananda Saraswati Yagya Foundation, a US based registered charity. We will transfer you to that website.\">\n\t\tYagya f\u00f6r \u00f6kat v\u00e4lbefinnande \u2013 g\u00f6rs p\u00e5 valfri dag\t<\/a>\n\t\nEndags Yagya: Kategorier USD: $1,000 | $2,500<br \/>\nTv\u00e5 dagars Yagya: Kategorier USD: $1,500 | $3,000<br \/>\nTre dagars Yagya: Kategorier USD: $2,000 | $3,500<\/p>\n<li>\t<a href=\"https:\/\/sponsor.specialyagyas.org\/wedding.php?site=vp&amp;waw=w\" class=\"tooltipster\" title=\"Special Yagyas are administered by Brahmananda Saraswati Yagya Foundation, a US based registered charity. We will transfer you to that website.\">\n\t\tBr\u00f6llops-yagya \u2013 g\u00f6rs dagen f\u00f6r br\u00f6llopet\t<\/a>\n\t\nEndags Yagya: Kategorier: USD: $1,500 | $3,000<br \/>\nTv\u00e5 dagars Yagya: Kategorier: USD: $2,000 | $3,500<br \/>\nTre dagars Yagya: Kategorier: USD: $2,500 | $4,000<\/p>\n<li>\t<a href=\"https:\/\/sponsor.specialyagyas.org\/wedding.php?site=vp&amp;waw=wa\" class=\"tooltipster\" title=\"Special Yagyas are administered by Brahmananda Saraswati Yagya Foundation, a US based registered charity. We will transfer you to that website.\">\n\t\tBr\u00f6llopsdags-yagya \u2013 g\u00f6rs p\u00e5 den \u00e5rliga br\u00f6llopsdagen\t<\/a>\n\t\nEndags Yagya: Kategorier: USD: $1,500 | $3,000<br \/>\nTv\u00e5 dagars Yagya: Kategorier: USD: $2,000 | $3,500<br \/>\nTre dagars Yagya: Kategorier: USD: $2,500 | $4,000<\/p>\n<li>\t<a href=\"https:\/\/sponsor.specialyagyas.org\/newborn.php?site=vp\" class=\"tooltipster\" title=\"Special Yagyas are administered by Brahmananda Saraswati Yagya Foundation, a US based registered charity. We will transfer you to that website.\">\n\t\tYagya f\u00f6r ett nyf\u00f6tt barn \u2013 g\u00f6rs 40 dagar efter f\u00f6delsen\t<\/a>\n\t\nEndags Yagya: Kategorier USD: $1,000 | $2,500<br \/>\nTv\u00e5 dagars Yagya: Kategorier USD: $1,500 | $3,000<br \/>\nTre dagars Yagya: Kategorier USD: $2,000 | $3,500<\/p>\n<\/ul>\n<\/div><\/div>\n<div class=\"grid grid-desktop-50 grid-mobile-100\"><div class=\"holder\"><p><img loading=\"lazy\" decoding=\"async\" class=\"alignleft size-full wp-image-423\" src=\"\/wp-content\/uploads\/2014\/04\/pandits_5320.jpg\" alt=\"pandits_5320\" width=\"432\" height=\"326\" srcset=\"https:\/\/donation.vedicpandits.org\/wp-content\/uploads\/2014\/04\/pandits_5320.jpg 432w, https:\/\/donation.vedicpandits.org\/wp-content\/uploads\/2014\/04\/pandits_5320-300x226.jpg 300w\" sizes=\"auto, (max-width: 432px) 100vw, 432px\" \/><\/p>\n<\/div><\/div>\n<\/div>\nDonations go to Brahmananda Saraswati Yagya Foundation (USA). Deductible for U.S. taxpayers.<br \/>\n<div class=\"border-line\">&nbsp;<\/div>\n<h4>Hur BEST\u00c4LLer MAN EN YAGYA?<\/h4>\n<p>Det \u00e4r l\u00e4tt att best\u00e4lla en Maharishi special-yagya. Best\u00e4llning och betalning g\u00f6rs online. Klicka p\u00e5 orange knapp nedan \u201dBest\u00e4ll en special-yagya\u201d. <\/p>\n<p><strong>Skicka best\u00e4llningen minst en vecka innan. Vi beh\u00f6ver din exakta f\u00f6delsetid och din f\u00f6delseort.<\/strong><\/p>\n<p>F\u00f6r mer information se \u201dVanliga fr\u00e5gor\u201d (FAQ ) l\u00e4ngst ner p\u00e5 sidan.<br \/>\nH\u00f6r g\u00e4rna av dig om du har andra fr\u00e5gor: applications@specialyagyas.org<br \/>\n <a href=\"mailto:specialyagyas@vedicpandits.org\">specialyagyas@vedicpandits.org<\/a><\/p>\n<p>Du kan betala med Visa, MasterCard, American Express eller PayPal.<\/p>\n<div class=\"border-line\">&nbsp;<\/div>\n\t<p style=\"text-align: center\">\n\t\t<a href=\"https:\/\/sponsor.specialyagyas.org\/apply.php?site=vp\"   class=\"btn btn-large tooltipster\" title=\"Special Yagyas are administered by Brahmananda Saraswati Yagya Foundation, a US based registered charity. We will transfer you to that website.\"> > \n\t\t\tAns\u00f6k om en special-yagya\t\t<\/a>\n\t<\/p>\n\n\t\n<div class=\"border-line\">&nbsp;<\/div>\n<p style=\"text-align: left;\"><strong> Jag k\u00e4nde en ny styrka och \u00f6kad klarhet.<br \/>\n <\/strong>\u00a0\u00a0 \u201dRedan natten n\u00e4r min v\u00e4lbefinnande-yagya startade k\u00e4nde jag en mjukhet, l\u00e4tthet och gl\u00e4dje (yagyorna g\u00f6rs ofta tidig morgon i Indien 4 \u00bd tim f\u00f6re oss). Under dagen d\u00e5 yagyan gjordes upplevde jag att min meditation och mitt TM-Sidhiprogram, var djupare \u00e4n n\u00e5gonsin. P\u00e5 kv\u00e4llen, och under de f\u00f6ljande dagarna, upplevde jag en ny styrka och \u00f6kad klarhet i sinnet.\u201d<br \/>\nNederl\u00e4nderna\n<\/p>\n<div class=\"accordion\"><div class=\"accordion-entry\"><em><a href=\"#\">&gt; Read More Experiences from Special Yagya Recipients<\/a><\/em><div class=\"hidden-content\">\n<strong>Allting fungerade utan anstr\u00e4ngning<\/strong><br \/>\n\u201dJag blev f\u00f6rv\u00e5nad \u00f6ver djupet i k\u00e4nslan att allt runt mig fungerade anstr\u00e4ngningsl\u00f6st, fridfullt och mjukt p\u00e5 min f\u00f6delsedag. Det var en tydlig skillnad j\u00e4mf\u00f6rt med andra f\u00f6delsedagar. Tack till dem som organiserade det.\u201d<br \/>\nKanada<\/p>\n<p><strong>Det gladaste jag kan minnas<\/strong><br \/>\n\u201dVissa situationer som hade stagnerat b\u00f6rjade r\u00f6ra sig i r\u00e4tt riktning. Och min f\u00f6delsedag var den lyckligaste som jag har haft p\u00e5 m\u00e5nga \u00e5r. Det var en hel vecka av firanden, vilket jag inte ens hade under min toppenperiod i ton\u00e5ren. Jag \u00e4r v\u00e4ldigt n\u00f6jd med resultatet av yagyan. Jag hoppas n\u00e4sta f\u00f6delsedag kommer snart.\u201d<br \/>\nItalien<\/p>\n<p><strong>Jag k\u00e4nner mig s\u00e5 lycklig <\/strong><br \/>\n\u201dYagyan f\u00f6r\u00e4ndrade tydligt mitt medvetande \u2013 jag k\u00e4nner mig s\u00e5 lycklig nu. Jag ser fram emot att f\u00e5 en f\u00f6delsedagsyagya varje \u00e5r.\u201d<br \/>\nStorbritannien <\/p>\n<p><strong>Det var helt underbart!<\/strong><br \/>\n\u201dDet h\u00e4r var min f\u00f6rsta Maharishi yagya och det var en underbar upplevelse. Jag planerar att ta en yagya varje \u00e5r nu. Redan natten innan f\u00f6delsedagen k\u00e4nda jag intensiva v\u00e5gor av \u201dbliss\u201d\u2013 ren gl\u00e4dje. Och sedan dess har m\u00e5nga problem, som jag haft under en l\u00e4ngre tid, l\u00f6sts. Det har varit en stor l\u00e4ttnad. Jag har k\u00e4nt mig gladare och n\u00f6jdare och n\u00e4r hinder har uppst\u00e5tt i vardagen, s\u00e5 har de l\u00f6st sig l\u00e4tt och min aktivitet \u00e4r effektivare. Tack f\u00f6r att ni har gjort dessa yagyor tillg\u00e4ngliga!\u201d<br \/>\nKanada<\/p>\n<p><strong>P\u00e5taglig effekt<\/strong><br \/>\n\u201dVi hade inte f\u00f6v\u00e4ntat oss att yagyan skulle ha en s\u00e5 p\u00e5taglig effekt. Den var s\u00e5 uppenbar, den p\u00e5minde mig om hur man k\u00e4nner sig efter en l\u00e5ng \u201drondning\u201d (TM-retreat). Effekten \u00e4r sv\u00e5r att beskriva, men om\u00f6jlig att missa.\u201d<br \/>\nUSA<\/p>\n<p><strong>Something very special happened<\/strong><br \/>\n\u201cAs soon as I paid for the Wedding Anniversary Yagya something very special happened in our relationship. Now it is as if everything is so clean, so transparent. It is a wonder that a Yagya can work, only by paying for it.\u201d<br \/>\nNetherlands<\/p>\n<p><strong>F\u00f6rankrad i det absoluta<\/strong><br \/>\n\u201dHela tiden k\u00e4nde vi oss f\u00f6rankrade i det absoluta: en k\u00e4nsla av att vi var orubbliga \u2013 ja verkligen! Sj\u00e4lvklart ser vi fram emot n\u00e4sta yagya!\u201d<br \/>\nUSA<\/p>\n<p><strong>Yagyan bl\u00e5ste bort tr\u00f6tthet och r\u00e4dsla<\/strong><br \/>\n\u201dAtt ge mig sj\u00e4lv en yagya i present p\u00e5 min sextio\u00e5rsdag var ett mycket klokt beslut. Jag hade s\u00e5 fina erfarenheter den dagen. Jag k\u00e4nde mig v\u00e4ldigt lugn och glad, och min aktivitet var lugnare och mer avsp\u00e4nd. Jag \u00e4r fortfarande mer hoppfull och mitt dagliga liv har underl\u00e4ttats. Och det allra b\u00e4sta \u00e4r att mitt hj\u00e4rta har \u00f6ppnats mer och mina meditationer \u00e4r djupare \u00e4n tidigare. Det tycks som om yagyan bl\u00e5ste bort gammal tr\u00f6tthet och gamla r\u00e4dslor. De \u00e4r borta nu! Jag rekommenderar verkligen alla att ta en f\u00f6delsedagsyagya!\u201d<br \/>\nTyskland<\/p>\n<p><strong>Livet flyter p\u00e5 friktionsfritt<\/strong><br \/>\n\u201dYagyornas effekter \u00e4r helt fantastiska \u2013 och m\u00e5nga andra som jag talat med har samma erfarenhet. Livet flyter p\u00e5 mycket mjukare och st\u00f6det fr\u00e5n naturen finns st\u00e4ndigt d\u00e4r, i stort och i sm\u00e5tt, hindren f\u00f6rsvinner. Jag k\u00e4nner mig tillfreds med allt.\u201d<br \/>\nUSA<\/p>\n<a href=\"#\" class=\"close\">Close Section<\/a><\/div><\/div>\n<\/div>\n<div class=\"border-line\">&nbsp;<\/div>\n<a id=\"jhagelin\"><\/a><br \/>\n<div class=\"grid-holder\">\n<div class=\"grid grid-desktop-50 grid-mobile-100\"><div class=\"holder\">\t<a href=\"https:\/\/donation.vedicpandits.org\/sv\/yagya\/special-yagya\/?image_video=https%3A%2F%2Fvimeo.com%2F80285421\" class=\"video-link \"><img loading=\"lazy\" decoding=\"async\" class=\"alignnone size-full wp-image-285\" src=\"https:\/\/donation.vedicpandits.org\/wp-content\/uploads\/2023\/02\/J_Hagelin_what-is-Yagya_video-600x321-1.png\" alt=\"yagya_hagelin_1web1\" width=\"432\" height=\"242\" \/><\/a>\n\n\t\n\t<a href=\"https:\/\/donation.vedicpandits.org\/sv\/yagya\/special-yagya\/?image_video=https%3A%2F%2Fvimeo.com%2F80285421\" class=\"video-link no-pointer\"><em>&gt; Video 1: Vad \u00e4r Maharishi yagya?<\/em><\/a>\n\n\t\n<\/div><\/div>\n<div class=\"grid grid-desktop-50 grid-mobile-100\"><div class=\"holder\"><h4>Vad \u00e4r Maharishi yagya?<\/h4>\n<p>Maharishi \u00e5teruppr\u00e4ttade f\u00f6rst\u00e5elsen, och det korrekta utf\u00f6randet, av yagyor. Recitationen b\u00f6r utg\u00e5 fr\u00e5n transcendentalt medvetande, d\u00e4r ljud och form \u2013 \u00f6nskan och f\u00f6rverkligandet av \u00f6nskningarna \u2013 \u00e4r n\u00e4ra sammankopplade. F\u00f6rst d\u00e5 har yagyan full kraft och kan ge \u00f6nskat resultat. <\/p>\n<p>F\u00f6r att uppn\u00e5 detta \u00e4r det n\u00f6dv\u00e4ndigt med Yoga \u2013 d v s Transcendental Meditation och TM-Sidhiprogrammet inklusive yogaflygning \u2013 vilket leder till att den transcendentala k\u00e4llan upplivas innan yagyan. Det \u00e4r endast Maharishi Veda-panditar som har den utbildningen och denna s\u00e5 avg\u00f6rande f\u00f6rm\u00e5ga. F\u00f6r en mer utf\u00f6rlig f\u00f6rklaring kan du lyssna p\u00e5 dr John Hagelin, internationellt k\u00e4nd kvantfysiker, f\u00f6rel\u00e4sare och fredsf\u00f6respr\u00e5kare.<\/p>\n<\/div><\/div>\n<\/div>\n<div class=\"border-line\">&nbsp;<\/div>\n<div class=\"accordion\"><div class=\"accordion-entry\"><em><a href=\"#\">&gt; FREQUENTLY ASKED QUESTIONS<\/a><\/em><div class=\"hidden-content\">\n<p>IS THERE A SPECIAL YAGYA FOR HEALTH?<br \/>\nWe do not have a Maharishi Special Yagya for health. All of the Maharishi Special Yagyas are designed to give an overall boost to one\u2019s life and evolution. These Yagyas are not designed to address specific issues, such as problems relating to health or medical surgery.<\/p>\n<p>HOW ARE MAHARISHI VEDIC PANDITS TRAINED?<br \/>\nThe training begins at an early age, where children begin to learn from their parents. Young boys from Pandit families join Maharishi\u2019s formal training program in their local areas around the age of 10 in one of many \u201cGuru Ji\u201d training centers. Around the age of 14, the young Pandits-in-training move on to one of the residential training campuses in various parts of the country. Generally, from there they move on to one of the main Maharishi Vedic Pandit campuses. The Pandits are all enrolled in Maharishi Mahesh Yogi Vedic Vishwavidyalaya, a chartered university. Their systematic training continues through the PhD level. Our Pandits all practice the Transcendental Meditation\u00ae and TM-Sidhi\u00ae programs.<\/p>\n<p>WHAT IF I DO NOT HAVE THE EXACT BIRTH TIME?<br \/>\nPlease try to determine the birth time as accurately as possible. If you do not have the exact time, a good sense of the approximate time is acceptable.<\/p>\n<p>FOR A NEWBORN CHILD YAGYA, DO I NEED THE PARENTS&#8217; BIRTH INFORMATION?<br \/>\nWhile it is ideal to have the full birth information for both parents, you may apply with the information that you have.<\/p>\n<p>IS IT BETTER TO SPONSOR A SPECIAL YAGYA OR CONTRIBUTE TO A NATIONAL YAGYA?<br \/>\nBoth are wonderful options and both directly support the large groups of Maharishi Vedic Pandits. It depends on the desire of the donor. In the case of the National Yagyas, the donor is supporting their country and, through that intention, themselves as well. Special Yagyas are primarily a means of creating peace and prosperity for our world family. Additionally, they celebrate the donors who sponsor them, enlivening the blessings of Nature for them and their family in different areas of life.<br \/>\nIdeally, the donor might consider doing a Special Yagya once or twice a year, but kindly also helping with the National Yagyas every month, depending on their budget.<\/p>\n<p>WHERE DO THE DONATIONS GO?<br \/>\nDonations for Special Yagyas are made to Brahmananda Saraswati Yagya Foundation, a non-profit organization under Section 501(c)(3) of the U.S. Internal Revenue Code.<\/p>\n<p>Donations are used to support Maharishi Yagya performances and to promote education and training programs in Maharishi Vedic Science and Technologies.<\/p>\n<p>Donations are tax-deductible for U.S. taxpayers, but please always consult your own tax advisor regarding your specific situation. A receipt will be sent to you for each donation.<\/p>\n<p>For other countries please consult your own tax advisor regarding tax deductibility. If you have further questions your National Ambassador will be glad to help. For contact information please refer to &gt; About Us \/ Our International Network of Ambassadors.<\/p>\n<a href=\"#\" class=\"close\">Close Section<\/a><\/div><\/div>\n<\/div>\n","protected":false},"excerpt":{"rendered":"<p>Maharishi special-yagyor Specialyagyor \u00e4r fr\u00e4mst ett medel f\u00f6r att skapa fred och v\u00e4lst\u00e5nd f\u00f6r v\u00e5r v\u00e4rldsfa-milj. Dessutom gynnar de mottagaren av yagyan och givaren som sponsrar dem. Maharishi sammanst\u00e4llde en rad unika special-yagyor f\u00f6r h\u00e4lsa, v\u00e4lg\u00e5ng och personlig utveckling. Dessa st\u00f6djer enskilda personers och familjers utveckling. Det finns special-yagyor som g\u00f6rs i samband med f\u00f6delsedagar, [&hellip;]<\/p>\n","protected":false},"author":3,"featured_media":75970,"parent":11573,"menu_order":2,"comment_status":"open","ping_status":"closed","template":"","meta":{"om_disable_all_campaigns":false,"_monsterinsights_skip_tracking":false,"_monsterinsights_sitenote_active":false,"_monsterinsights_sitenote_note":"","_monsterinsights_sitenote_category":0,"footnotes":""},"class_list":["post-11582","page","type-page","status-publish","has-post-thumbnail","hentry"],"_links":{"self":[{"href":"https:\/\/donation.vedicpandits.org\/sv\/wp-json\/wp\/v2\/pages\/11582","targetHints":{"allow":["GET"]}}],"collection":[{"href":"https:\/\/donation.vedicpandits.org\/sv\/wp-json\/wp\/v2\/pages"}],"about":[{"href":"https:\/\/donation.vedicpandits.org\/sv\/wp-json\/wp\/v2\/types\/page"}],"author":[{"embeddable":true,"href":"https:\/\/donation.vedicpandits.org\/sv\/wp-json\/wp\/v2\/users\/3"}],"replies":[{"embeddable":true,"href":"https:\/\/donation.vedicpandits.org\/sv\/wp-json\/wp\/v2\/comments?post=11582"}],"version-history":[{"count":15,"href":"https:\/\/donation.vedicpandits.org\/sv\/wp-json\/wp\/v2\/pages\/11582\/revisions"}],"predecessor-version":[{"id":76020,"href":"https:\/\/donation.vedicpandits.org\/sv\/wp-json\/wp\/v2\/pages\/11582\/revisions\/76020"}],"up":[{"embeddable":true,"href":"https:\/\/donation.vedicpandits.org\/sv\/wp-json\/wp\/v2\/pages\/11573"}],"wp:featuredmedia":[{"embeddable":true,"href":"https:\/\/donation.vedicpandits.org\/sv\/wp-json\/wp\/v2\/media\/75970"}],"wp:attachment":[{"href":"https:\/\/donation.vedicpandits.org\/sv\/wp-json\/wp\/v2\/media?parent=11582"}],"curies":[{"name":"wp","href":"https:\/\/api.w.org\/{rel}","templated":true}]}}