{"id":11586,"date":"2014-04-08T07:10:05","date_gmt":"2014-04-08T07:10:05","guid":{"rendered":"https:\/\/vedicpandits.org\/about-us\/"},"modified":"2024-06-12T14:56:53","modified_gmt":"2024-06-12T14:56:53","slug":"about-us","status":"publish","type":"page","link":"https:\/\/donation.vedicpandits.org\/sv\/about-us\/","title":{"rendered":"About Us"},"content":{"rendered":"<h4>STIFTELSERNA<\/h4>\n<p>Finansieringen av Maharishi Veda-panditarna administreras av \u201dBrahmananda Saraswati Trust\u201d i Nederl\u00e4nderna och \u201dBrahmananda Saraswati Foundation\u201d i USA.<\/p>\n<p>Syftet med stiftelserna \u00e4r att ta emot g\u00e5vor och donationer, samt sk\u00f6ta investeringar till f\u00f6rm\u00e5n f\u00f6r donationsfonden. Tillsammans leder och \u00f6vervakar de \u00f6verf\u00f6ringarna till v\u00e5ra partners i Indien, och s\u00e4kerst\u00e4ller att projektets m\u00e5l uppn\u00e5s. Stiftelserna \u00f6vervakas i sin tur av en grupp vetenskapsm\u00e4n, utbildare och f\u00f6retagsledare fr\u00e5n olika delar av v\u00e4rlden<\/p>\n<p>Stiftelserna grundades av Maharishi Mahesh Yogi och de namngavs till minne av hans l\u00e4rom\u00e4stare, Guru Dev, Brahmananda Saraswati, en av Indiens mest ansedda andliga ledare. Han innehade \u00e4mbetet Shankaracharya av Jyotir Math i Indien och var d\u00e4rmed den fr\u00e4mste representanten f\u00f6r Veda-traditionen.<\/p>\n<div class=\"border-line\">&nbsp;<\/div>\n<div class=\"grid-holder grid-border-50\">\n<div class=\"grid grid-desktop-50 grid-mobile-100\"><div class=\"holder\"><h4>Brahmananda Saraswati Trust<\/h4>\n<p>Brahmananda Saraswati Trust (Stichting) \u00e4r en icke vinstdrivande stiftelse, grundad i Nederl\u00e4nderna 2008. Den inriktar sig p\u00e5 bidrag till projektet fr\u00e5n Europa, Mellan\u00f6stern, Afrika och Asien. G\u00e5vorna \u00e4r avdragsgilla i m\u00e5nga europeiska l\u00e4nder \u2013 dock inte i Sverige.<\/p>\n<\/div><\/div>\n<div class=\"grid grid-desktop-50 grid-mobile-100\"><div class=\"holder\"><h4>Brahmananda Saraswati Foundation<\/h4>\n<p>Brahmananda Saraswati Foundation \u00e4r en icke vinstdrivande, 501(c)(3), stiftelse som grundades i USA 2008. G\u00e5vor till stiftelsen \u00e4r avdragsgilla f\u00f6r amerikanska skattebetalare.<\/p>\n<\/div><\/div>\n<\/div>\n[\/column]\n[\/columns_holder]\n<div class=\"border-line\">&nbsp;<\/div>\n<strong>Ordf\u00f6rande f\u00f6r Brahmananda Saraswati Foundation<\/strong><\/p>\n<p><img loading=\"lazy\" decoding=\"async\" src=\"https:\/\/globalpeaceproject.net\/wp-content\/uploads\/2020\/08\/Dr._Tony_Nader4.png\" alt=\"\" width=\"125\" height=\"164\" class=\"alignleft size-full wp-image-359\" \/><\/p>\n<p><strong>Tony Nader, MD PhD MARR <\/strong><\/p>\n<p style=\"margin-bottom:20px;\">Dr Nader \u00e4r l\u00e4kare och utbildad vid Massachusetts Institute of Technology (doktorsexamen i neurovetenskap) och Harvard University, och en globalt erk\u00e4nd Vedaforskare. Som Maharishi Mahesh Yogis eftertr\u00e4dare \u00e4r dr Nader chef f\u00f6r de internationella organisationerna f\u00f6r Transcendental Meditation\u00ae i \u00f6ver 100 l\u00e4nder. Dr Nader v\u00e4gleder programmet Transcendental Meditation och dess avancerade metoder f\u00f6r att uppfylla samh\u00e4llets h\u00f6gsta ambitioner inom alla omr\u00e5den av samh\u00e4llslivet.<\/p>\n<div class=\"border-line\">&nbsp;<\/div>\n<p><strong> Styrelseordf\u00f6rande f\u00f6r Brahmananda Saraswati Foundation<\/strong><\/p>\n<p><img loading=\"lazy\" decoding=\"async\" src=\"https:\/\/donation.vedicpandits.org\/wp-content\/uploads\/2020\/10\/DrMorris.jpg\" alt=\"\" width=\"125\" height=\"164\" class=\"alignleft size-full wp-image-359\" \/><\/p>\n<p><strong>Dr. Bevan Morris, D.S.C.I<\/strong><\/p>\n<p style=\"margin-bottom:0px;\">Dr. Morris tog examen fr\u00e5n Cambridge University, England. Han var den f\u00f6rsta personen i v\u00e4rlden som fick doktorsexamen i Vetenskapen om Kreativ Intelligens av Maharishi. I 36 \u00e5r var han rektor f\u00f6r Maharishi University of Management i Fairfield, Iowa, USA, och \u00e4r nu rektor emeritus och internationell ordf\u00f6rande f\u00f6r Maharishi Universities of Management. Dr. Morris \u00e4r v\u00e4rldens fr\u00e4msta expert p\u00e5 Maharishis medvetandebaserade utbildning och har presenterat Maharishis program i \u00f6ver 120 l\u00e4nder f\u00f6r allm\u00e4nheten och f\u00f6r ledare inom regering, utbildning och n\u00e4ringsliv.<\/p>\n<div class=\"border-line\">&nbsp;<\/div>\n<strong> Styrelseordf\u00f6rande f\u00f6r Brahmananda Saraswati Trust och verkst\u00e4llande direkt\u00f6r f\u00f6r Brahmananda Saraswati Foundation and Trust. <\/strong><\/p>\n<p><img loading=\"lazy\" decoding=\"async\" src=\"https:\/\/donation.vedicpandits.org\/wp-content\/uploads\/2020\/10\/harris_kaplan_4.jpg\" alt=\"\" width=\"125\" height=\"164\" class=\"alignleft size-full wp-image-359\" \/><\/p>\n<p><strong>Dr. Harris Kaplan, D.S.C.I <\/strong><\/p>\n<p style=\"margin-bottom:0px;\">Efter att ha pensionerat sig 1999 fr\u00e5n en framg\u00e5ngsrik karri\u00e4r som f\u00f6rvaltare av investeringsfonder har Dr Kaplan \u00e4gnat sin tid \u00e5t att st\u00f6dja program som leds av organisationer f\u00f6r Transcendental Meditation runt om i v\u00e4rlden. Sedan 2006 har han varit chefsadministrat\u00f6r f\u00f6r Transcendental Meditation-organisationens projekt i Indien, inklusive utbildning och st\u00f6d till tusentals Maharishi Vedapanditar. Han har varit VD f\u00f6r BSF sedan starten och sitter ocks\u00e5 i BSF:s finanskommitt\u00e9, d\u00e4r han hj\u00e4lper till att \u00f6vervaka stiftelsen. <\/p>\n<div class=\"border-line\">&nbsp;<\/div>\n<div class=\"grid-holder\">\n<div class=\"grid grid-desktop-50 grid-mobile-100\"><div class=\"holder\"><p><strong>BSF &#038; BST:s verkst\u00e4llande kommitt\u00e9<\/strong><\/p>\n<ul>\n<li>Dr. Bevan Morris &#8211; Utbildningsexpert<br \/>\n    Maharishi Vedic City, Iowa<\/p>\n<li>Harris Kaplan DSCI &#8211; Pensionerad f\u00f6rvaltare av investeringsfonder<br \/>\n    Vlodrop, Nederl\u00e4nderna<\/p>\n<li>John Hagelin. Ph.D. \u2013 kvantfysiker: Ordf\u00f6rande, Global Union of Scientists for Peace; ordf\u00f6rande, Maharishi International University, Fairfield, IA, USA\n<li> Robert LoPinto &#8211; aff\u00e4rsman och administrat\u00f6r<br \/>\n     Rockville, MD, USA<\/p>\n<li>Steve Rubin \u2013 aff\u00e4rsman och administrat\u00f6r<br \/>\n    Sebastian, FL, USA\n<\/ul>\n<\/div><\/div>\n<div class=\"grid grid-desktop-50 grid-mobile-100\"><div class=\"holder\"><p><strong>BSF Board Member:s styrelseledam\u00f6ter<\/strong><\/p>\n<ul>\n<li>Jose Luis Alvares \u2013 Administrat\u00f6r<br \/>\n    Barcelona, Spanien<\/p>\n<li>Antonio Bartolom\u00e9 \u2013 aff\u00e4rsman<br \/>\n Banast\u00e1s, Huesca, Spanien<\/p>\n<li>Dr. Leslie Brooks, M.A. \u2013 Administrat\u00f6r<br \/>\n    Lincoln, MA, USA<\/p>\n<li>Howard Martin Chandler, Ph.D. \u2013 Utbildare<br \/>\n    Boston, MA , USA<\/p>\n<li>Rafael David &#8211; F\u00f6retagare<br \/>\nVero Beach, FL, USA<\/p>\n<li>Dr. Arlene Kaplan \u2013 administrat\u00f6r<br \/>\n Vlodrop, Nederl\u00e4nderna<\/p>\n<li>Dr. Neil Paterson  &#8211; administrat\u00f6r<br \/>\n Salt Spring Island, Kanada<\/p>\n<li>Rainer Picha, M.D. \u2013 Kardiolog och forskare<br \/>\n    Wien, \u00d6sterrike<\/p>\n<li>Dr. Susie Swan  &#8211; administrat\u00f6r och grafiker<br \/>\n  Nederl\u00e4nderna och Kapstaden, Sydafrika<\/p>\n<li>Maureen Wynne, J.D. \u2013 Advokat<br \/>\n    Maharishi Vedic City, IA, USA\n<\/ul>\n<\/div><\/div>\n<\/div>\n<p id=\"svinvestmentcommittee\">\n<p><strong>BSF &#038; BST investeringskommitt\u00e9<\/strong><br \/>\n<div class=\"grid-holder\">\n<div class=\"grid grid-desktop-50 grid-mobile-100\"><div class=\"holder\"><ul>\n<li>Harris Kaplan, D.S.C.I<br \/>\nPensionerad f\u00f6rvaltare av investeringsfonder. Grundare och tidigare VD f\u00f6r<br \/>\nEastgate Financial Services Ltd., USA<\/p>\n<li>Robert LoPinto<br \/>\nPensionerad aff\u00e4rsman<br \/>\nRockville, MD, USA<\/p>\n<li>Jeffrey S. Abramson<br \/>\nFastighetsutvecklare<br \/>\nPartner, Tower Companies, USA<\/p>\n<li>Steve Rubin<br \/>\nPensionerad f\u00f6retagsledare<br \/>\nTidigare ordf\u00f6rande och VD,<br \/>\nUnited Fuels International Inc., USA\n<\/ul>\n<\/div><\/div>\n<div class=\"grid grid-desktop-50 grid-mobile-100\"><div class=\"holder\"><ul>\n<li>Eric Schwartz<br \/>\nInvesteringsr\u00e5dgivare<br \/>\nGrundare och VD,  Cambridge Investment Research, USA<\/p>\n<li>Michael Dreben<br \/>\nF\u00f6retagsfinansiering och aff\u00e4rsutveckling<br \/>\nVD,  Grenadier Management, LLC<\/p>\n<li>Ted Hirsch<br \/>\nEkonom och portf\u00f6ljf\u00f6rvaltare<br \/>\nVanderbilt Financial Group, New York, USA\n<\/ul>\n<\/div><\/div>\n<\/div>\n","protected":false},"excerpt":{"rendered":"<p>STIFTELSERNA Finansieringen av Maharishi Veda-panditarna administreras av \u201dBrahmananda Saraswati Trust\u201d i Nederl\u00e4nderna och \u201dBrahmananda Saraswati Foundation\u201d i USA. Syftet med stiftelserna \u00e4r att ta emot g\u00e5vor och donationer, samt sk\u00f6ta investeringar till f\u00f6rm\u00e5n f\u00f6r donationsfonden. Tillsammans leder och \u00f6vervakar de \u00f6verf\u00f6ringarna till v\u00e5ra partners i Indien, och s\u00e4kerst\u00e4ller att projektets m\u00e5l uppn\u00e5s. Stiftelserna \u00f6vervakas i [&hellip;]<\/p>\n","protected":false},"author":3,"featured_media":72337,"parent":0,"menu_order":0,"comment_status":"open","ping_status":"closed","template":"template-about.php","meta":{"om_disable_all_campaigns":false,"_monsterinsights_skip_tracking":false,"_monsterinsights_sitenote_active":false,"_monsterinsights_sitenote_note":"","_monsterinsights_sitenote_category":0,"footnotes":""},"class_list":["post-11586","page","type-page","status-publish","has-post-thumbnail","hentry"],"_links":{"self":[{"href":"https:\/\/donation.vedicpandits.org\/sv\/wp-json\/wp\/v2\/pages\/11586","targetHints":{"allow":["GET"]}}],"collection":[{"href":"https:\/\/donation.vedicpandits.org\/sv\/wp-json\/wp\/v2\/pages"}],"about":[{"href":"https:\/\/donation.vedicpandits.org\/sv\/wp-json\/wp\/v2\/types\/page"}],"author":[{"embeddable":true,"href":"https:\/\/donation.vedicpandits.org\/sv\/wp-json\/wp\/v2\/users\/3"}],"replies":[{"embeddable":true,"href":"https:\/\/donation.vedicpandits.org\/sv\/wp-json\/wp\/v2\/comments?post=11586"}],"version-history":[{"count":5,"href":"https:\/\/donation.vedicpandits.org\/sv\/wp-json\/wp\/v2\/pages\/11586\/revisions"}],"predecessor-version":[{"id":78151,"href":"https:\/\/donation.vedicpandits.org\/sv\/wp-json\/wp\/v2\/pages\/11586\/revisions\/78151"}],"wp:featuredmedia":[{"embeddable":true,"href":"https:\/\/donation.vedicpandits.org\/sv\/wp-json\/wp\/v2\/media\/72337"}],"wp:attachment":[{"href":"https:\/\/donation.vedicpandits.org\/sv\/wp-json\/wp\/v2\/media?parent=11586"}],"curies":[{"name":"wp","href":"https:\/\/api.w.org\/{rel}","templated":true}]}}