{"id":11599,"date":"2014-04-08T07:40:21","date_gmt":"2014-04-08T07:40:21","guid":{"rendered":"https:\/\/vedicpandits.org\/contact\/events\/"},"modified":"2017-10-01T16:41:17","modified_gmt":"2017-10-01T16:41:17","slug":"events","status":"publish","type":"page","link":"https:\/\/donation.vedicpandits.org\/sv\/contact\/events\/","title":{"rendered":"Events"},"content":{"rendered":"<h4>G\u00c4STER FR\u00c5N HELA V\u00c4RLDEN BES\u00d6KER V\u00c5RA CAMPUS<\/h4>\n<p>Vi ser fram emot att v\u00e4lkomna dig till en retreat, eller ett evenemang, p\u00e5 v\u00e5ra center i Nederl\u00e4nderna och Indien! Tusentals m\u00e4nniskor fr\u00e5n hela v\u00e4rlden har bes\u00f6kt oss och upplevt harmonin och stillheten n\u00e4ra de fredsskapande grupperna, och lyssnat p\u00e5 live-recitation av Maharishi Veda-panditar.<\/p>\n","protected":false},"excerpt":{"rendered":"<p>G\u00c4STER FR\u00c5N HELA V\u00c4RLDEN BES\u00d6KER V\u00c5RA CAMPUS Vi ser fram emot att v\u00e4lkomna dig till en retreat, eller ett evenemang, p\u00e5 v\u00e5ra center i Nederl\u00e4nderna och Indien! Tusentals m\u00e4nniskor fr\u00e5n hela v\u00e4rlden har bes\u00f6kt oss och upplevt harmonin och stillheten n\u00e4ra de fredsskapande grupperna, och lyssnat p\u00e5 live-recitation av Maharishi Veda-panditar.<\/p>\n","protected":false},"author":3,"featured_media":1193,"parent":11590,"menu_order":0,"comment_status":"open","ping_status":"closed","template":"template-events.php","meta":{"om_disable_all_campaigns":false,"_monsterinsights_skip_tracking":false,"_monsterinsights_sitenote_active":false,"_monsterinsights_sitenote_note":"","_monsterinsights_sitenote_category":0,"footnotes":""},"class_list":["post-11599","page","type-page","status-publish","has-post-thumbnail","hentry"],"_links":{"self":[{"href":"https:\/\/donation.vedicpandits.org\/sv\/wp-json\/wp\/v2\/pages\/11599","targetHints":{"allow":["GET"]}}],"collection":[{"href":"https:\/\/donation.vedicpandits.org\/sv\/wp-json\/wp\/v2\/pages"}],"about":[{"href":"https:\/\/donation.vedicpandits.org\/sv\/wp-json\/wp\/v2\/types\/page"}],"author":[{"embeddable":true,"href":"https:\/\/donation.vedicpandits.org\/sv\/wp-json\/wp\/v2\/users\/3"}],"replies":[{"embeddable":true,"href":"https:\/\/donation.vedicpandits.org\/sv\/wp-json\/wp\/v2\/comments?post=11599"}],"version-history":[{"count":2,"href":"https:\/\/donation.vedicpandits.org\/sv\/wp-json\/wp\/v2\/pages\/11599\/revisions"}],"predecessor-version":[{"id":11601,"href":"https:\/\/donation.vedicpandits.org\/sv\/wp-json\/wp\/v2\/pages\/11599\/revisions\/11601"}],"up":[{"embeddable":true,"href":"https:\/\/donation.vedicpandits.org\/sv\/wp-json\/wp\/v2\/pages\/11590"}],"wp:featuredmedia":[{"embeddable":true,"href":"https:\/\/donation.vedicpandits.org\/sv\/wp-json\/wp\/v2\/media\/1193"}],"wp:attachment":[{"href":"https:\/\/donation.vedicpandits.org\/sv\/wp-json\/wp\/v2\/media?parent=11599"}],"curies":[{"name":"wp","href":"https:\/\/api.w.org\/{rel}","templated":true}]}}