{"id":11691,"date":"2015-01-15T14:34:07","date_gmt":"2015-01-15T14:34:07","guid":{"rendered":"https:\/\/vedicpandits.org\/testimonials\/"},"modified":"2017-10-02T16:48:30","modified_gmt":"2017-10-02T16:48:30","slug":"testimonials","status":"publish","type":"page","link":"https:\/\/donation.vedicpandits.org\/sv\/testimonials\/","title":{"rendered":"Testimonials"},"content":{"rendered":"<h4 id=\"testimonials\">ERFARENHETER AV NATIONELLA YAGYOR  <\/h4>\n<p style=\"text-align: left;\">N\u00e4r du bidrar till en nationell yagya s\u00e5 ger det positiva effekter i ditt land, och enligt principen \u201dsom man s\u00e5r f\u00e5r man sk\u00f6rda\u201d, s\u00e5 kommer du m\u00e4rka att det \u00e4ven har positiva effekter p\u00e5 dig. I den m\u00e5ngtusen\u00e5riga Veda-traditionen s\u00e4gs det att de som st\u00f6djer en yagya drar sj\u00e4lva nytta av den. H\u00e4r \u00e4r n\u00e5gra erfarenheter fr\u00e5n de som bidragit till nationella yagyor:<\/p>\n<div class=\"box-quote\">\n<p><strong> Kunskap som kan skapa v\u00e4rldsfred<\/strong><br \/>\n\u201dS\u00e5 snart man k\u00e4nner till att det finns en kunskap som kan skapa v\u00e4rldsfred och ett himmelrike p\u00e5 jorden, s\u00e5 tycker man att man har ett ansvar. I och med detta kommer gl\u00e4dje och lycka, och man f\u00e5r mer \u00e4n man ger\u2026 s\u00e5 f\u00f6r mig \u00e4r det en investering\u2026 och jag menar det bokstavligen. Ju mer jag ger desto mer pengar f\u00e5r jag.\u201d \u2013 Givare fr\u00e5n Belgien<\/p>\n<p><strong>Livet har varig s\u00e5 v\u00e4nligt<\/strong><br \/>\n\u201dTack s\u00e5 hemskt mycket f\u00f6r de nationella yagyorna! Vi har haft den lugnaste och fridfullaste augusti-m\u00e5naden i Taiwan sedan 1947. Det kom ingen orkan i augusti (2014), och det \u00e4r helt otroligt enligt meteorologerna! Livet har varig s\u00e5 v\u00e4nligt mot mig och jag njuter av allt jag g\u00f6r. Jag tror att det \u00e4r tack vare de nationella yagyorna f\u00f6r Taiwan. Allting har blivit s\u00e5 anstr\u00e4ngningsl\u00f6st och jag flyter bara med, f\u00f6ljer mitt dharma och uppn\u00e5r allt jag vill, det ena efter det andra i perfekt ordning. Nya m\u00f6jligheter dyker upp hela tiden och min inkomst \u00f6kar och \u00f6kar.\u201d \u2013  Givare fr\u00e5n Taiwan<\/p>\n<p><strong>Allt g\u00e5r s\u00e5 bra<\/strong><br \/>\n\u201dSedan vi b\u00f6rjade med nationella yagyor har jag m\u00e4rkt att allt g\u00e5r s\u00e5 l\u00e4tt, utan n\u00e5gra st\u00f6rre problem, \u00e4ven i dramatiska situationer. Effekten av yagyorna \u00e4r djupg\u00e5ende, mer \u00e4n vi f\u00f6rst\u00e5r, och n\u00e4r jag inser det k\u00e4nner jag mig v\u00e4ldigt tacksam och glad.\u201d \u2013 Givare fr\u00e5n Nederl\u00e4nderna<\/p>\n<\/div>\n<p><!--[accordion]\n[accordion_entry title=\"&gt; Read More First Hand Accounts of the Effects of National Yagyas\"]\n\n\n<div class=\"box-quote\">\n\n<strong>The more I gave the more money I received.<\/strong>\n\u201cOnce you know that there is that knowledge which can create World Peace and Heaven on Earth you think: oh, I have a responsibility here. But with it the bliss and the joy comes, and you get more than you give. \u2026so for me it is an investment\u2026 and I mean it literally. The more money I gave the more money I received.\u201d \u2014 Belgium\n\n<strong>I feel more support<\/strong>\n\u201cEach time I can support the Vedic Pandits with the donations from my family I have more support in the different areas of my life and it is like a snowball. This support flows also to the people I cherish and like that we are more and more a small, blissful river contributing to help the bliss all around us to grow. Thank you again for helping us to participate in this great accomplishment.\u201d\u2014 France\n\n<strong>The police uncovered a whole chain of organized crime<\/strong>\n\"While sitting with friends telling them about the great support I was experiencing during the National Yagya I sponsored, suddenly I spotted my bike (a very expensive one\u2014Bike of 2009 in USA) being stolen! Luckily the waiter saw the thief clearly and we could give the police a full report. Due to this, a few days later the police found my bike along with seven others, and uncovered a whole chain of organized crime. I was delighted to have my bike returned in better condition than before and looking almost new! Since then the police in my city have not had another bike stolen. I realized just how much coherence the National Yagya was creating in our country, in my city, and even for individuals\u2019\"\u2014 Croatia\n\n<strong>I felt satisfied all the time<\/strong>\n\u201c'Even though I gave a modest, minimum contribution, during the National Yagya I experienced a peak state of wellbeing that was so high that I felt satisfied at all times, no matter what I did or did not do. \u00a0That wellbeing allowed me to relate to others as if my mind was tuned to a channel owned by all the people. It was communication based on trust that brings down the 'barriers' that are normally held high\u201d\u2014 Italy\n\n<strong>Since this Yagya our business has sky rocketed<\/strong>\n\u201cI ordered a National Yagya for New Zealand with my nation, my family and our business needs in mind. The recession here, particularly in 2011, has been very hard on everyone including our own business. Since this Yagya our business has sky rocketed! We have even had to turn work away - that has NEVER happened before.\u201d \u2014 New Zealand\n\n<strong>An essential part of our business <\/strong>\n\u201cWe have enjoyed greater success in our business and a real connectedness with Natural Law. This is another great gift and opportunity from Maharishi that we now consider to be an essential part of our business.\u201d \u2014 USA\n\n<strong>Life has been so kind to me<\/strong>\n\u201cMany, many thanks to the National Yagyas. We've enjoyed the most peaceful August in Taiwan since 1947. There were no typhoons in August 2014. It's just unbelievable for meteorologists! Life has been kind to me and I just enjoy everything I'm doing. And I believe the credit goes to the National Yagyas we've done for Taiwan. Everything has become so effortless for me and I just go with the flow of my dharma and achieve everything I want to do, one by one in perfect order. New possibilities keep popping up and I have better and better income.\u201d \u2014 Taiwan\n\n<strong>Life as it was meant to be<\/strong>\n\u201cMy body, emotions and daily activities seem more fluid and easy during the Yagyas. Even the most challenging situations, whether personal or with work or family, seemed to sort themselves out effortlessly. This is life as it was meant to be.\u201d \u2014 USA\n\n<strong>Everything remains smooth<\/strong>\n\u201cIt's especially during my programs in the dome that I realise that, since the beginning of the National Maharishi Yagyas, even if dramatic events take place in our lives, everything remains smooth, without too big upheavals. The effect is much more profound than we really realise and that understanding makes me very thankful and joyful!\u201d\u2014 Netherlands\n\n<\/div>\n\n\n[\/accordion_entry]\n[\/accordion]--><br \/>\n<div class=\"border-line\">&nbsp;<\/div>\n<div class=\"grid-holder\">\n<div class=\"grid grid-desktop-50 grid-mobile-100\"><div class=\"holder\"><p>&nbsp;<\/p>\n<h4 id=\"testimonials\">EFFEKTER P\u00c5 L\u00c4NDER<\/h4>\n<p>Nedan f\u00f6ljer rapporter om f\u00f6r\u00e4ndringar i n\u00e5gra l\u00e4nder som f\u00e5tt nationella yagyor.  <a title=\"National Yagya page\" href=\"https:\/\/donation.vedicpandits.org\/sv\/yagya\/national-yagya\/\">Yagyorna<\/a> g\u00f6rs alltid i ett visst syfte, t. ex. ekonomisk tillv\u00e4xt, b\u00e4ttre h\u00e4lsa, \u00f6kad harmoni, undvikande av v\u00e5ld och naturkatastrofer. You can choose to sponsor the entire cost of a National Yagya. In this case, you or your company will be named in the Yagya and you can choose the intended purpose of the Yagya.<\/p>\n<\/div><\/div>\n<div class=\"grid grid-desktop-50 grid-mobile-100\"><div class=\"holder\"><p><img loading=\"lazy\" decoding=\"async\" class=\"alignright wp-image-2189\" src=\"\/wp-content\/uploads\/2015\/01\/testimonial_sized_small-300x226.jpg\" alt=\"testimonial_sized_small\" width=\"376\" height=\"284\" srcset=\"https:\/\/donation.vedicpandits.org\/wp-content\/uploads\/2015\/01\/testimonial_sized_small-300x226.jpg 300w, https:\/\/donation.vedicpandits.org\/wp-content\/uploads\/2015\/01\/testimonial_sized_small.jpg 408w\" sizes=\"auto, (max-width: 376px) 100vw, 376px\" \/><\/p>\n<\/div><\/div>\n<\/div>\n<div class=\"box-quote\">TAIWAN 2015<br \/>\n\u201dDen p\u00e5g\u00e5ende nationella yagyan ger imponerande resultat! Tv\u00e5 orkaner (CNN beskrev den andra som en \u201dmonsterorkan\u201d) passerade utan att komma in \u00f6ver Taiwan! Vi fick bara n\u00e5gra bl\u00e5siga dagar och lagom med regn f\u00f6r att fylla vatten-reservoarerna efter tidigare vattenbrist. Tack vare den nationella yagyan har allt och alla varit i s\u00e4kerhet. Det v\u00e4rsta som h\u00e4nde var bara att n\u00e5gra flighter och t\u00e5g blev inst\u00e4llda och resor f\u00f6rsenade.\u201d <\/p>\n<p><em> Chin-Fen Lee &#8211; fredsambassad\u00f6r i Taiwan<\/em><\/p>\n<p>NYA ZEELAND 2015<br \/>\n\u201dEfter n\u00e5gra yagyor f\u00f6r att fr\u00e4mja ren mat, best\u00e4mde sig ett livsmedelsf\u00f6retag f\u00f6r att enbart s\u00e4lja GMO-fria livsmedel (utan genmodifierade ingredienser), och Hastings District Council godk\u00e4nde en tio\u00e5rsplan, i vilken genmodifierade organismer f\u00f6rbjuds inom jordbruk, inklusive f\u00f6rs\u00f6ksverksamhet. Detta lyckades de med trots att de har motarbetats av m\u00e4ktiga lobby-organisationer. Det h\u00e4r \u00e4r mycket goda nyheter tycker jag och alla andra som k\u00e4mpar f\u00f6r GMO-fria livsmedel.\u201d<\/p>\n<p>ARGENTINA 2015<br \/>\n\u201dUnder oktober och november gjorde vi tv\u00e5 mycket stora nationella yagyor f\u00f6r en harmonisk utveckling i Argentina och i slutet av 2015 s\u00e5gs stora f\u00f6r\u00e4ndringar i landet; och politiska och sociala f\u00f6r\u00e4ndringar under valen i oktober-november skedde p\u00e5 ett smidigt och v\u00e4lordnat s\u00e4tt.\u201d<\/p>\n<\/div>\n<div class=\"accordion\"><div class=\"accordion-entry\"><em><a href=\"#\">&gt; Read More Reports of the Benefits from Countries who have Sponsored National Yagyas<\/a><\/em><div class=\"hidden-content\">\n<div class=\"box-quote\">\n<p>LEBANON 2014<br \/>\n\u201dAlla har v\u00e4l h\u00f6rt talas om terroristerna i Syrien och Irak. De sa att de skulle attackera n\u00e5gra st\u00e4der i Libanon. De f\u00f6rberedde tre attacker, men alla misslyckades f\u00f6r de uppt\u00e4cktes i tid av arm\u00e9n och polisen.P\u00e5 nyheterna sa man: Libanon r\u00e4ddades fr\u00e5n en tredje terroristattack; detta \u00e4r helt of\u00f6rklarligt; det \u00e4r Guds f\u00f6rsyn. Vi har upplevt liknande situationer tidigare, det h\u00e4r \u00e4r inte f\u00f6rsta g\u00e5ngen. Att Libanon skyddas, \u00e4r en p\u00e5taglig effekt av alla nationella yagyor som gjorts under de senaste tre \u00e5ren. Vi har l\u00e5tit g\u00f6ra nationella yagyor tv\u00e5 g\u00e5nger i m\u00e5naden, och det kommer vi forts\u00e4tta med f\u00f6r alltid, f\u00f6r att skydda Libanon. Vi \u00e4r s\u00e5 tacksamma f\u00f6r Maharishis program och f\u00f6r Maharishi Veda-panditarna i Indiens Brahmasthan.\u201d<br \/>\n<em>Salim Haddad &#8211; ambassad\u00f6r fr\u00e5n Libanon<\/em><\/p>\n<p>COLOMBIA 2013<br \/>\n\u201dDe nationella Maharishi-yagyorna har varit en v\u00e4lsignelse f\u00f6r Colombia. Vi \u00e4r f\u00f6rbluffade \u00f6ver vilka fina erfarenheter meditat\u00f6rerna har haft, s\u00e4rskilt de som har bidragit till de nationella yagyorna. Vi m\u00e4rker att harmonin och samarbetet har \u00f6kat i v\u00e5rt land och att vi p\u00e5 olika s\u00e4tt har mer tur nu. I nyhetsrapporteringen ser vi att syftet med yagyan (sankalpan) \u00e5terspeglas i de kloka beslut som landets ledare tar. Vi upplever att Maharishis nationella yagya-program \u00e4r v\u00e4ldigt kraftfullt \u2013 det anv\u00e4nder sig av den organiserande kraften som finns i naturlagarna, och det gagnar landet i sin helhet s\u00e5v\u00e4l som specifika samh\u00e4llsomr\u00e5den. Vi \u00e4r s\u00e5 tacksamma f\u00f6r att Maharishi gav oss det h\u00e4r programmet som kan v\u00e4nda tidens trend i en positiv riktning.\u201d<br \/>\n<em>Paul Fabre &#8211; fredsambassad\u00f6r fr\u00e5n Colombia<\/em><\/p>\n<p>USA, 2012<br \/>\n\u201dDet gjordes nationella yagyor f\u00f6r att framkalla regn p\u00e5 platser runtom i landet som haft torka \u2013 och sedan regnade det d\u00e4r! Och vi har \u00e4ven f\u00e5tt en stadigt \u00f6kande ekonomisk tillv\u00e4xt, nu p\u00e5 3,1%, liksom en minskad arbetsl\u00f6shet och en \u00f6kad industriproduktion, vi ser en optimism bland konsumenterna \u2013 och valet 2012 gick mycket lugnt tillv\u00e4ga.\u201d<\/p>\n<p>SERBIA 2014<br \/>\n\u201dSerbien drabbades tidigare av f\u00f6r\u00f6dande \u00f6versv\u00e4mningar. Efter dessa gav v\u00e4nliga m\u00e4nniskor ekonomiskt st\u00f6d till nationella yagyor och g\u00e5vor kom \u00e4ven fr\u00e5n helt ov\u00e4ntat h\u00e5ll s\u00e5 att yagyor kunde g\u00f6ras alldeles innan n\u00e4sta \u00f6versv\u00e4mning f\u00f6rv\u00e4ntades. D\u00e4refter sa politikerna f\u00f6rv\u00e5nat: \u201dVi hade verkligen tur att inga nya \u00f6versv\u00e4mningar intr\u00e4ffade<br \/>\n<em>Voja Trajkovic &#8211; fredsambassad\u00f6r fr\u00e5n Serbien<\/em><\/p>\n<p>GHANA 2012<br \/>\n\u201dJag skickar nyheter om valet i Ghana, vilket \u00e4gde rum strax efter att en nationell yagya gjordes. Valet har beskrivits som det b\u00e4sta och fredligaste i landets historia! Och med tanke p\u00e5 att det h\u00e4r \u00e4r Afrika, s\u00e5 s\u00e4ger det faktiskt en hel del. Vi k\u00e4nner stor tacksamhet till Maharishi som har givit denna fantastiska kunskap till oss.\u201d <\/p>\n<p><em>\u2014Nationell ledare f\u00f6r Transcendental Meditation i Ghana<\/em><\/p>\n<\/div>\n<a href=\"#\" class=\"close\">Close Section<\/a><\/div><\/div>\n<\/div>\n<div class=\"border-line\">&nbsp;<\/div>\n<div class=\"grid-holder\">\n<div class=\"grid grid-desktop-50 grid-mobile-100\"><div class=\"holder\"><h4 id=\"testimonials\">ERFARENHETER AV &#8211; SPECIALYAGYOR<br \/>\n<\/h4>\n<p>Special Yagyas are different from National Yagyas. Maharishi utformade en rad special-yagyor f\u00f6r s\u00e4rskilt viktiga tidpunkter och \u00f6verg\u00e5ngsstadier i livet.<br \/>\n <a title=\"Special Yagya page\" href=\"https:\/\/donation.vedicpandits.org\/sv\/yagya\/special-yagya\/\">Special Yagyas<\/a> are for:<\/p>\n<ul>\n<li>F\u00d6DELSEDAGAR: g\u00f6rs p\u00e5 f\u00f6delsedagen<\/li>\n<li>V\u00c4LBEFINNANDE: g\u00f6rs n\u00e4r som helst under \u00e5ret, och upprepas g\u00e4rna<\/li>\n<li>BR\u00d6LLOP: g\u00f6rs p\u00e5 dagen f\u00f6r br\u00f6llopet<\/li>\n<li>BR\u00d6LLOPSDAGAR: g\u00f6rs p\u00e5 br\u00f6llopsdagar<\/li>\n<li>NYF\u00d6DDA BARN: g\u00f6rs 40 dagar efter f\u00f6delsen<\/li>\n<\/ul>\n<p>L\u00e4s om erfarenheter av yagyor f\u00f6r v\u00e4lbefinnande, f\u00f6delsedagar och br\u00f6llopsdagar nedan<\/p>\n<\/div><\/div>\n<div class=\"grid grid-desktop-50 grid-mobile-100\"><div class=\"holder\"><p><img loading=\"lazy\" decoding=\"async\" class=\"alignright size-full wp-image-2345\" src=\"\/wp-content\/uploads\/2015\/01\/testimonials_specialyagya.jpg\" alt=\"testimonials_specialyagya\" width=\"408\" height=\"308\" srcset=\"https:\/\/donation.vedicpandits.org\/wp-content\/uploads\/2015\/01\/testimonials_specialyagya.jpg 408w, https:\/\/donation.vedicpandits.org\/wp-content\/uploads\/2015\/01\/testimonials_specialyagya-300x226.jpg 300w\" sizes=\"auto, (max-width: 408px) 100vw, 408px\" \/><\/p>\n<\/div><\/div>\n<\/div>\n<div class=\"box-quote\">\n<p><strong>Jag k\u00e4nde en ny styrka och \u00f6kad klarhet.<\/strong><br \/>\n\u201dRedan natten n\u00e4r min v\u00e4lbefinnande-yagya startade k\u00e4nde jag en mjukhet, l\u00e4tthet och gl\u00e4dje (yagyorna g\u00f6rs ofta tidig morgon i Indien 4 \u00bd tim f\u00f6re oss). Under dagen d\u00e5 yagyan gjordes upplevde jag att min meditation och mitt TM-Sidhiprogram, var djupare \u00e4n n\u00e5gonsin. P\u00e5 kv\u00e4llen, och under de f\u00f6ljande dagarna, upplevde jag en ny styrka och \u00f6kad klarhet i sinnet.\u201d<br \/>\nNederl\u00e4nderna<\/p>\n<p>Allting fungerade utan anstr\u00e4ngning<br \/>\nEverything was Working Effortlessly <\/strong><br \/>\n\u201dJag blev f\u00f6rv\u00e5nad \u00f6ver djupet i k\u00e4nslan att allt runt mig fungerade anstr\u00e4ngningsl\u00f6st, fridfullt och mjukt p\u00e5 min f\u00f6delsedag. Det var en tydlig skillnad j\u00e4mf\u00f6rt med andra f\u00f6delsedagar. Tack till dem som organiserade det.\u201d<br \/>\nKanada<\/p>\n<p><strong>Det gladaste jag kan minnas<\/strong><br \/>\n\u201dVissa situationer som hade stagnerat b\u00f6rjade r\u00f6ra sig i r\u00e4tt riktning. Och min f\u00f6delsedag var den lyckligaste som jag har haft p\u00e5 m\u00e5nga \u00e5r. Det var en hel vecka av firanden, vilket jag inte ens hade under min toppenperiod i ton\u00e5ren. Jag \u00e4r v\u00e4ldigt n\u00f6jd med resultatet av yagyan. Jag hoppas n\u00e4sta f\u00f6delsedag kommer snart.\u201d<br \/>\nItalien<\/p>\n<p><strong>Jag k\u00e4nner mig s\u00e5 lycklig <\/strong><br \/>\n\u201dYagyan f\u00f6r\u00e4ndrade tydligt mitt medvetande \u2013 jag k\u00e4nner mig s\u00e5 lycklig nu. Jag ser fram emot att f\u00e5 en f\u00f6delsedagsyagya varje \u00e5r.\u201d<br \/>\nStorbritannien <\/p>\n<\/div>\n<div class=\"accordion\"><div class=\"accordion-entry\"><em><a href=\"#\">&gt; Fler erfarenheter av special-yagyor<\/a><\/em><div class=\"hidden-content\">\n<div class=\"box-quote\">\n<p><strong>Det var helt underbart!<\/strong><br \/>\n\u201dDet h\u00e4r var min f\u00f6rsta Maharishi yagya och det var en underbar upplevelse. Jag planerar att ta en yagya varje \u00e5r nu. Redan natten innan f\u00f6delsedagen k\u00e4nda jag intensiva v\u00e5gor av \u201dbliss\u201d\u2013 ren gl\u00e4dje. Och sedan dess har m\u00e5nga problem, som jag haft under en l\u00e4ngre tid, l\u00f6sts. Det har varit en stor l\u00e4ttnad. Jag har k\u00e4nt mig gladare och n\u00f6jdare och n\u00e4r hinder har uppst\u00e5tt i vardagen, s\u00e5 har de l\u00f6st sig l\u00e4tt och min aktivitet \u00e4r effektivare. Tack f\u00f6r att ni har gjort dessa yagyor tillg\u00e4ngliga!\u201d<br \/>\nKanada<\/p>\n<p><strong>P\u00e5taglig effekt<\/strong><br \/>\n\u201dVi hade inte f\u00f6v\u00e4ntat oss att yagyan skulle ha en s\u00e5 p\u00e5taglig effekt. Den var s\u00e5 uppenbar, den p\u00e5minde mig om hur man k\u00e4nner sig efter en l\u00e5ng \u201drondning\u201d (TM-retreat). Effekten \u00e4r sv\u00e5r att beskriva, men om\u00f6jlig att missa.\u201d<br \/>\nUSA<\/p>\n<p><strong>Something very special happened<\/strong><br \/>\n\u201cAs soon as I paid for the Wedding Anniversary Yagya something very special happened in our relationship. Now it is as if everything is so clean, so transparent. It is a wonder that a Yagya can work, only by paying for it.\u201d<br \/>\nNetherlands<\/p>\n<p><strong>F\u00f6rankrad i det absoluta<\/strong><br \/>\n\u201dHela tiden k\u00e4nde vi oss f\u00f6rankrade i det absoluta: en k\u00e4nsla av att vi var orubbliga \u2013 ja verkligen! Sj\u00e4lvklart ser vi fram emot n\u00e4sta yagya!\u201d<br \/>\nUSA<\/p>\n<p><strong>Yagyan bl\u00e5ste bort tr\u00f6tthet och r\u00e4dsla<\/strong><br \/>\n\u201dAtt ge mig sj\u00e4lv en yagya i present p\u00e5 min sextio\u00e5rsdag var ett mycket klokt beslut. Jag hade s\u00e5 fina erfarenheter den dagen. Jag k\u00e4nde mig v\u00e4ldigt lugn och glad, och min aktivitet var lugnare och mer avsp\u00e4nd. Jag \u00e4r fortfarande mer hoppfull och mitt dagliga liv har underl\u00e4ttats. Och det allra b\u00e4sta \u00e4r att mitt hj\u00e4rta har \u00f6ppnats mer och mina meditationer \u00e4r djupare \u00e4n tidigare. Det tycks som om yagyan bl\u00e5ste bort gammal tr\u00f6tthet och gamla r\u00e4dslor. De \u00e4r borta nu! Jag rekommenderar verkligen alla att ta en f\u00f6delsedagsyagya!\u201d<br \/>\nTyskland<\/p>\n<p><strong>Livet flyter p\u00e5 friktionsfritt<\/strong><br \/>\n\u201dYagyornas effekter \u00e4r helt fantastiska \u2013 och m\u00e5nga andra som jag talat med har samma erfarenhet. Livet flyter p\u00e5 mycket mjukare och st\u00f6det fr\u00e5n naturen finns st\u00e4ndigt d\u00e4r, i stort och i sm\u00e5tt, hindren f\u00f6rsvinner. Jag k\u00e4nner mig tillfreds med allt.\u201d<br \/>\nUSA<\/p>\n<a href=\"#\" class=\"close\">Close Section<\/a><\/div><\/div>\n<\/div>\n<\/div>\n","protected":false},"excerpt":{"rendered":"<p>ERFARENHETER AV NATIONELLA YAGYOR N\u00e4r du bidrar till en nationell yagya s\u00e5 ger det positiva effekter i ditt land, och enligt principen \u201dsom man s\u00e5r f\u00e5r man sk\u00f6rda\u201d, s\u00e5 kommer du m\u00e4rka att det \u00e4ven har positiva effekter p\u00e5 dig. I den m\u00e5ngtusen\u00e5riga Veda-traditionen s\u00e4gs det att de som st\u00f6djer en yagya drar sj\u00e4lva nytta [&hellip;]<\/p>\n","protected":false},"author":3,"featured_media":2394,"parent":0,"menu_order":0,"comment_status":"closed","ping_status":"closed","template":"","meta":{"om_disable_all_campaigns":false,"_monsterinsights_skip_tracking":false,"_monsterinsights_sitenote_active":false,"_monsterinsights_sitenote_note":"","_monsterinsights_sitenote_category":0,"footnotes":""},"class_list":["post-11691","page","type-page","status-publish","has-post-thumbnail","hentry"],"_links":{"self":[{"href":"https:\/\/donation.vedicpandits.org\/sv\/wp-json\/wp\/v2\/pages\/11691","targetHints":{"allow":["GET"]}}],"collection":[{"href":"https:\/\/donation.vedicpandits.org\/sv\/wp-json\/wp\/v2\/pages"}],"about":[{"href":"https:\/\/donation.vedicpandits.org\/sv\/wp-json\/wp\/v2\/types\/page"}],"author":[{"embeddable":true,"href":"https:\/\/donation.vedicpandits.org\/sv\/wp-json\/wp\/v2\/users\/3"}],"replies":[{"embeddable":true,"href":"https:\/\/donation.vedicpandits.org\/sv\/wp-json\/wp\/v2\/comments?post=11691"}],"version-history":[{"count":6,"href":"https:\/\/donation.vedicpandits.org\/sv\/wp-json\/wp\/v2\/pages\/11691\/revisions"}],"predecessor-version":[{"id":11702,"href":"https:\/\/donation.vedicpandits.org\/sv\/wp-json\/wp\/v2\/pages\/11691\/revisions\/11702"}],"wp:featuredmedia":[{"embeddable":true,"href":"https:\/\/donation.vedicpandits.org\/sv\/wp-json\/wp\/v2\/media\/2394"}],"wp:attachment":[{"href":"https:\/\/donation.vedicpandits.org\/sv\/wp-json\/wp\/v2\/media?parent=11691"}],"curies":[{"name":"wp","href":"https:\/\/api.w.org\/{rel}","templated":true}]}}