{"id":11764,"date":"2015-03-11T10:43:55","date_gmt":"2015-03-11T10:43:55","guid":{"rendered":"https:\/\/vedicpandits.org\/intermediary-donation-page\/"},"modified":"2017-10-04T09:53:49","modified_gmt":"2017-10-04T09:53:49","slug":"intermediary-donation-page","status":"publish","type":"page","link":"https:\/\/donation.vedicpandits.org\/sv\/intermediary-donation-page\/","title":{"rendered":"Intermediary Donation Page"},"content":{"rendered":"<h2 style=\"margin-bottom: 30px; color: white; background: none repeat scroll 0 0 #e37d22; font-size: 17px; text-align: center; padding-top: 10px;\">DITT BIDRAG TILL PANDIT-GRUPPEN HAR STOR BETYDELSE<br \/>\n\u2013 DET  BIDRAR TILL V\u00c4RLDSFRED!<\/h2>\n<div class=\"grid grid-desktop-30 grid-mobile-100\">\n<div class=\"holder\"><img loading=\"lazy\" decoding=\"async\" class=\"alignleft size-full wp-image-2490\" src=\"\/wp-content\/uploads\/2015\/03\/photo_pandit_donatepage1.jpg\" alt=\"photo_pandit_donatepage\" width=\"234\" height=\"284\" \/><\/div>\n<\/div>\n<div class=\"grid grid-desktop-70 grid-mobile-100\">\n<div class=\"holder\">\n<h4>Donera i svenska kronor, USD eller euro<\/h4>\n<p>Nedan ser du l\u00e4nken till sidan d\u00e4r du l\u00e4mnar ditt st\u00f6d till fredsprojektet.<br \/>\nDu kan anv\u00e4nda kort eller PayPal.<\/p>\n<p>Det \u00e4r en stor f\u00f6rdel om du kan bidra regelbundet, s\u00e5 arrang\u00f6rerna vet hur mycket pengar som kommer i varje m\u00e5nad och hur m\u00e5nga panditer de kan rekrytera. Sponsor med det belopp som k\u00e4nns bekv\u00e4mt f\u00f6r dig, alla bidrag \u00e4r v\u00e4lkomna.<br \/>\nV\u00e4lj en av f\u00f6ljande betalningsmetoder: <\/p>\n<p>P\u00e5 https:\/\/aro.vedicpandits.org\/donate kan du ange att ett valfritt belopp, till exempel $ 10, kommer att dras av varje m\u00e5nad via ditt kredit- \/ betalkort.<\/p>\n<p><a class=\"btn btn-large\" href=\"https:\/\/aro.vedicpandits.org\/donate\">&gt; G\u00e5 vidare till donationssidan<br \/>\n<\/a><\/p>\n<p>&nbsp;&nbsp;&nbsp;<\/p>\n<h4>BANK\u00d6VERF\u00d6RING I SVENSKA KRONOR<\/h4>\n<p>L\u00e4gg in automatiska \u00f6verf\u00f6ringar via din internetbank till MIKIs g\u00e5vokonto: Pg 100101-5, MIKI, eller bankkonto 9960-3401001015 (i Nordea). Ange Y och ditt namn i meddelandef\u00e4ltet (bara f\u00f6rnamnets initial samt efternamn).<br \/>\nOavsett vilket av betals\u00e4tten du v\u00e4ljer s\u00e5 g\u00e5r dina bidrag till den svenska yagyafonden, dvs du st\u00f6djer b\u00e5de panditprojektet och en positiv utveckling f\u00f6r Sverige och hela v\u00e4rlden.<\/p>\n<p>Du kanske sj\u00e4lv kan sponsra en hel yagya?<br \/>\nOm du bidrar med minst 1250 USD (f n ca 10 200 kr) kan du sj\u00e4lv sponsra en nationell yagya och ditt namn kommer d\u00e5 att vara med i sj\u00e4lva yagyan och den har en extra gynnsam effekt f\u00f6r just dig. Du kan sj\u00e4lv v\u00e4lja syfte (se nedan).<br \/>\n\u00a0<br \/>\nS\u00e5 snart du har skickat g\u00e5van, mejla till &#8221;panditar.yagya@veda.se&#8221;\u00a0s\u00e5 f\u00e5r du mer information.\u00a0<br \/>\n&nbsp;<\/p>\n<h4>BANK\u00d6VERF\u00d6RING I EURO<\/h4>\n<p>Bidraget ger du i euro, till Brahmananda Saraswati Trust i Nederl\u00e4nderna, via PayPal, eller genom en bank\u00f6verf\u00f6ring \u2013 du kan ocks\u00e5 ordna en automatisk \u00f6verf\u00f6ring av en viss summa varje m\u00e5nad via din internetbank. Vid bank\u00f6verf\u00f6ring anv\u00e4nd nedanst\u00e5ende information:<br \/>\n<div class=\"grid-holder\">\n<div class=\"grid grid-desktop-50 grid-mobile-100\"><div class=\"holder\"><p>Bank Account Information :<br \/>\nING Bank, Roermond, The Netherlands<br \/>\nSwift\/BIC: INGBNL2A<br \/>\nKontots namn: BST<br \/>\nIBAN: NL74 INGB 0659 6208 04<br \/>\nKontonummer: 65.96.20.804<\/p>\n<\/div><\/div>\n<div class=\"grid grid-desktop-50 grid-mobile-100\"><div class=\"holder\"><p>Mottagarens adress: <\/p>\n<p>Station 24<br \/>\n6063NP Vlodrop<br \/>\nHolland<\/p>\n<\/div><\/div>\n<\/div>\n<\/div>\n<\/div>\n","protected":false},"excerpt":{"rendered":"<p>DITT BIDRAG TILL PANDIT-GRUPPEN HAR STOR BETYDELSE \u2013 DET BIDRAR TILL V\u00c4RLDSFRED! Donera i svenska kronor, USD eller euro Nedan ser du l\u00e4nken till sidan d\u00e4r du l\u00e4mnar ditt st\u00f6d till fredsprojektet. Du kan anv\u00e4nda kort eller PayPal. Det \u00e4r en stor f\u00f6rdel om du kan bidra regelbundet, s\u00e5 arrang\u00f6rerna vet hur mycket pengar som [&hellip;]<\/p>\n","protected":false},"author":3,"featured_media":0,"parent":0,"menu_order":0,"comment_status":"closed","ping_status":"closed","template":"","meta":{"om_disable_all_campaigns":false,"_monsterinsights_skip_tracking":false,"_monsterinsights_sitenote_active":false,"_monsterinsights_sitenote_note":"","_monsterinsights_sitenote_category":0,"footnotes":""},"class_list":["post-11764","page","type-page","status-publish","hentry"],"_links":{"self":[{"href":"https:\/\/donation.vedicpandits.org\/sv\/wp-json\/wp\/v2\/pages\/11764","targetHints":{"allow":["GET"]}}],"collection":[{"href":"https:\/\/donation.vedicpandits.org\/sv\/wp-json\/wp\/v2\/pages"}],"about":[{"href":"https:\/\/donation.vedicpandits.org\/sv\/wp-json\/wp\/v2\/types\/page"}],"author":[{"embeddable":true,"href":"https:\/\/donation.vedicpandits.org\/sv\/wp-json\/wp\/v2\/users\/3"}],"replies":[{"embeddable":true,"href":"https:\/\/donation.vedicpandits.org\/sv\/wp-json\/wp\/v2\/comments?post=11764"}],"version-history":[{"count":10,"href":"https:\/\/donation.vedicpandits.org\/sv\/wp-json\/wp\/v2\/pages\/11764\/revisions"}],"predecessor-version":[{"id":11801,"href":"https:\/\/donation.vedicpandits.org\/sv\/wp-json\/wp\/v2\/pages\/11764\/revisions\/11801"}],"wp:attachment":[{"href":"https:\/\/donation.vedicpandits.org\/sv\/wp-json\/wp\/v2\/media?parent=11764"}],"curies":[{"name":"wp","href":"https:\/\/api.w.org\/{rel}","templated":true}]}}