{"id":20638,"date":"2017-10-30T18:04:03","date_gmt":"2017-10-30T18:04:03","guid":{"rendered":"https:\/\/vedicpandits.org\/letters-for-newcomers\/"},"modified":"2020-06-18T14:11:07","modified_gmt":"2020-06-18T14:11:07","slug":"letters-for-newcomers","status":"publish","type":"page","link":"https:\/\/donation.vedicpandits.org\/sv\/letters-for-newcomers\/","title":{"rendered":"Letters for Newcomers"},"content":{"rendered":"<h1 style=\"text-align: center;\">INTRODUKTIONSBREV PORTFOLIO <\/h1>\n<div class=\"grid-holder\">\n<div class=\"grid grid-desktop-50 grid-mobile-100\"><div class=\"holder\"><p>V\u00e4lkommen till Global Peace Initiative! Vi har en serie med informationsbrev som bygger vidare p\u00e5 varandra. Det f\u00f6rsta ger oss en bakgrund till en 14 min video. Anv\u00e4nd l\u00e4nkarna till h\u00f6ger f\u00f6r att l\u00e4sa introduktions brevet och se videon! Och l\u00e4ngre ned till h\u00f6ger finns sedan de 7 informationsbreven.<\/p>\n<p>Videon handlar f\u00f6rst om hur v\u00e5r hj\u00e4rnfunktion samordnas genom Transcendental Meditation (TM). Sedan tar den upp effekten av grupper som g\u00f6r TM-Sidhiprogrammet, och d\u00e4refter f\u00f6rklaras vad Global Peace Initiative \u00e4r.<\/p>\n<\/div><\/div>\n<div class=\"grid grid-desktop-50 grid-mobile-100\"><div class=\"holder\">\t<a href=\"https:\/\/donation.vedicpandits.org\/sv\/letters-for-newcomers\/?image_video=https%3A%2F%2Fwww.youtube.com%2Fwatch%3Fv%3Dl1XblVBKxbw%3Frel%3D0\" class=\"video-link \"><img loading=\"lazy\" decoding=\"async\" class=\"alignnone size-full wp-image-285\" src=\"\/wp-content\/uploads\/2019\/02\/header-swedish-01.png\" alt=\"yagya_hagelin_1web1\" width=\"912\" height=\"363\" \/><\/a>\n\n\t\n<p>Videon ger en enkel och snabb introduktion till fredprojektet.<\/p>\n<p><a href=\"http:\/\/us7.campaign-archive.com\/?e=&#038;u=0cc687d83ddcd228ddb1e46aa&#038;id=53d8534ff3\" rel=\"noopener noreferrer\" target=\"_blank\">L\u00e4s brevet h\u00e4r!<\/a><br \/>\n\t<a href=\"https:\/\/donation.vedicpandits.org\/sv\/letters-for-newcomers\/?image_video=https%3A%2F%2Fwww.youtube.com%2Fwatch%3Fv%3Dl1XblVBKxbw%3Frel%3D0\" class=\"video-link no-pointer\"><em> Se videon h\u00e4r!<\/em><\/a>\n\n\t <\/p>\n<\/div><\/div>\n<\/div>\n<div class=\"border-line\">&nbsp;<\/div>\n<div class=\"grid-holder\">\n<div class=\"grid grid-desktop-50 grid-mobile-100\"><div class=\"holder\"><p><img loading=\"lazy\" decoding=\"async\" src=\"https:\/\/donation.vedicpandits.org\/wp-content\/uploads\/2017\/11\/group_meditation.png\" width=\"290\" height=\"290\"\/><\/p>\n<p><img loading=\"lazy\" decoding=\"async\" src=\"https:\/\/donation.vedicpandits.org\/wp-content\/uploads\/2017\/10\/individuals_creating_world_peace.png\" width=\"290\" height=\"290\"\/><\/p>\n<p><img loading=\"lazy\" decoding=\"async\" src=\"https:\/\/donation.vedicpandits.org\/wp-content\/uploads\/2017\/11\/8_pandits.png\" width=\"290\" height=\"290\"\/><\/p>\n<p><img loading=\"lazy\" decoding=\"async\" src=\"https:\/\/donation.vedicpandits.org\/wp-content\/uploads\/2017\/11\/brahmasthan_india.png\" width=\"290\" height=\"290\"\/><\/p>\n<p><img loading=\"lazy\" decoding=\"async\" src=\"https:\/\/donation.vedicpandits.org\/wp-content\/uploads\/2017\/11\/pandit_group_with_embedded_world_map.png\" width=\"290\"  height=\"290\"\/><\/p>\n<\/div><\/div>\n<div class=\"grid grid-desktop-50 grid-mobile-100\"><div class=\"holder\"><h4>VETENSKAP OCH V\u00c4RLDSFRED<\/h4>\n<p>De \u00e5tta breven bygger p\u00e5 varandra. De beskriver en effektiv metod, dokumenterad av vetenskaplig forskning. Den har visat sig \u00f6ka harmonin i samh\u00e4llet, vilket i f\u00f6rl\u00e4ngningen leder till v\u00e4rldsfred. L\u00e4r dig mer om hur Transcendental Meditation har en positiv effekt p\u00e5 samh\u00e4llet och hur stora grupper med Maharishi Veda-panditar kan skapa fred genom det mer avancerade TM-Sidhiprogrammet!<\/p>\n<\/p>\n<h4>INFORMATIONS-BREVEN <\/h4>\n<ol>\n<li>Ett effektivt program f\u00f6r inre frid och fred i v\u00e4rlden <br \/><a href=\"https:\/\/us7.campaign-archive.com\/?e=&#038;u=0cc687d83ddcd228ddb1e46aa&#038;id=b7a171de63\" rel=\"noopener noreferrer\" target=\"_blank\">L\u00e4s brevet h\u00e4r!<\/a><\/li>\n<li>9000 personer kan skapa v\u00e4rldsfred<br \/> <a href=\"https:\/\/us7.campaign-archive.com\/?e=&#038;u=0cc687d83ddcd228ddb1e46aa&#038;id=b51c534abb\" rel=\"noopener noreferrer\" target=\"_blank\">L\u00e4s brevet h\u00e4r!<\/a><\/li>\n<li>V\u00e4lutbildade experter som anv\u00e4nder gamla v\u00e4lbepr\u00f6vade metoder f\u00f6r att skapa fred <br \/><a href=\"https:\/\/us7.campaign-archive.com\/?e=&#038;u=0cc687d83ddcd228ddb1e46aa&#038;id=21b5318978\" rel=\"noopener noreferrer\" target=\"_blank\">L\u00e4s brevet h\u00e4r!<\/a><\/li>\n<li>Kalla krigets vindar har bytts till hoppets vindar <br \/><a href=\"https:\/\/us7.campaign-archive.com\/?e=&#038;u=0cc687d83ddcd228ddb1e46aa&#038;id=f1176d79d5\" rel=\"noopener noreferrer\" target=\"_blank\">L\u00e4s brevet h\u00e4r!<\/a><\/li>\n<li>Yagya och ljud<br \/><a href=\"https:\/\/us7.campaign-archive.com\/?e=&#038;u=0cc687d83ddcd228ddb1e46aa&#038;id=ec7ef779d1\" rel=\"noopener noreferrer\" target=\"_blank\">L\u00e4s brevet h\u00e4r!<\/a><\/li>\n<li>9000 fredsexperter i centrala Indien <br \/><a href=\"https:\/\/us7.campaign-archive.com\/?e=&#038;u=0cc687d83ddcd228ddb1e46aa&#038;id=0248e6c5c1\" rel=\"noopener noreferrer\" target=\"_blank\">L\u00e4s brevet h\u00e4r!<\/a><\/li>\n<li>Hur vi kan uppn\u00e5 antalet som beh\u00f6vs f\u00f6r v\u00e4rldsfred! <br \/><a href=\"https:\/\/us7.campaign-archive.com\/?e=&#038;u=0cc687d83ddcd228ddb1e46aa&#038;id=171783d420\" rel=\"noopener noreferrer\" target=\"_blank\">L\u00e4s brevet h\u00e4r!<\/a><\/li\n\n\n<\/ol>\n<\/div><\/div>\n<\/div>\n","protected":false},"excerpt":{"rendered":"<p>INTRODUKTIONSBREV PORTFOLIO<\/p>\n","protected":false},"author":3,"featured_media":0,"parent":0,"menu_order":0,"comment_status":"closed","ping_status":"closed","template":"","meta":{"om_disable_all_campaigns":false,"_monsterinsights_skip_tracking":false,"_monsterinsights_sitenote_active":false,"_monsterinsights_sitenote_note":"","_monsterinsights_sitenote_category":0,"footnotes":""},"class_list":["post-20638","page","type-page","status-publish","hentry"],"_links":{"self":[{"href":"https:\/\/donation.vedicpandits.org\/sv\/wp-json\/wp\/v2\/pages\/20638","targetHints":{"allow":["GET"]}}],"collection":[{"href":"https:\/\/donation.vedicpandits.org\/sv\/wp-json\/wp\/v2\/pages"}],"about":[{"href":"https:\/\/donation.vedicpandits.org\/sv\/wp-json\/wp\/v2\/types\/page"}],"author":[{"embeddable":true,"href":"https:\/\/donation.vedicpandits.org\/sv\/wp-json\/wp\/v2\/users\/3"}],"replies":[{"embeddable":true,"href":"https:\/\/donation.vedicpandits.org\/sv\/wp-json\/wp\/v2\/comments?post=20638"}],"version-history":[{"count":8,"href":"https:\/\/donation.vedicpandits.org\/sv\/wp-json\/wp\/v2\/pages\/20638\/revisions"}],"predecessor-version":[{"id":43254,"href":"https:\/\/donation.vedicpandits.org\/sv\/wp-json\/wp\/v2\/pages\/20638\/revisions\/43254"}],"wp:attachment":[{"href":"https:\/\/donation.vedicpandits.org\/sv\/wp-json\/wp\/v2\/media?parent=20638"}],"curies":[{"name":"wp","href":"https:\/\/api.w.org\/{rel}","templated":true}]}}