{"id":8699,"date":"2014-04-08T07:02:34","date_gmt":"2014-04-08T07:02:34","guid":{"rendered":"https:\/\/vedicpandits.org\/sv\/?page_id=8699"},"modified":"2018-08-15T13:54:28","modified_gmt":"2018-08-15T13:54:28","slug":"home","status":"publish","type":"page","link":"https:\/\/donation.vedicpandits.org\/sv\/","title":{"rendered":"Home"},"content":{"rendered":"<p><!--<img loading=\"lazy\" decoding=\"async\" src=\"\/wp-content\/uploads\/2014\/04\/ecardslidere-new1.jpg\" width=\"912\" height=\"364\" class=\"alignleft size-full wp-image-1800\" \/>\n<a class=\"ecardbutton\" href=\"https:\/\/donation.vedicpandits.org\/sv\/ecard\/\"> > New! Free eCards to enjoy<\/a>--><\/p>\n<h4>VEDISKA METODER F\u00d6R V\u00c4RLDSFRED<\/h4>\n<p>Genom Global Peace Initiative finns en konkret m\u00f6jlighet att skapa v\u00e4rldsfred.<br \/>\nDu kan bidra s\u00e5 att det snabbare blir en verklighet!<\/p>\n<p>Global Peace Initiative samlar specialutbildade experter, Maharishi Veda-panditar, i Indiens geografiska mittpunkt, i syfte att skapa fred och harmoni i v\u00e4rlden. <\/p>\n<p>Stora grupper med s\u00e5dana experter, utbildade i speciella vediska metoder, har visat sig kunna \u00f6ka harmonin i samh\u00e4llet \u2013 en grundf\u00f6ruts\u00e4ttning f\u00f6r v\u00e4rldsfred. Forskning under 40 \u00e5r bekr\u00e4ftar metodernas effektivitet.<\/p>\n<p>Veda-panditarna ut\u00f6var dagligen Transcendental Meditation (TM) och TM-Sidhi-programmet i grupp. Dessutom reciterar de Veda. <\/p>\n<p>Tack vare gener\u00f6sa bidragsgivare i 90 l\u00e4nder har gruppen nu vuxit till 2000 personer. V\u00e5rt m\u00e5l \u00e4r 9000 \u2013 det antal som beh\u00f6vs f\u00f6r att f\u00e5 en global effekt. Vi vill bygga upp en donationsfond, s\u00e5 stor att den s\u00e4krar gruppens framtid och d\u00e4rmed permanent v\u00e4rldsfred!<\/p>\n<p>UNESCO menar att vedisk recitation (Vedic chanting) \u00e4r ett m\u00e4sterverk och de har utsett den till ett immateriellt muntligt v\u00e4rldsarv.<\/p>\n<div style=\"width:200px; margin-top:50px; margin-left:10px;\"  class=\"align right\">\n\t<a href=\"https:\/\/donation.vedicpandits.org\/sv\/?image_video=https%3A%2F%2Fwww.youtube.com%2Fwatch%3Fv%3Dl1XblVBKxbw%3Frel%3D0\" class=\"video-link \"><img decoding=\"async\" class=\"alignnone size-full wp-image-285\" src=\"https:\/\/donation.vedicpandits.org\/wp-content\/uploads\/2018\/03\/Tall-blue-globe-copy.jpeg\" alt=\"landscape format of blue globe with pandits\" width=\"200\" \/><\/a>\n\n\t<\/div>\n<h4 style=\"margin-top:25px;\">VIDEO OM PROJEKTET<\/h4>\n<p>P\u00e5 mindre \u00e4n en kvart kan du l\u00e4ra dig hur Transcendental Meditation, och de mer avancerade teknikerna, kan skapa fred. Den korta videon beskriver enkelt och tydligt, med animerade exempel, vilka steg som kr\u00e4vs f\u00f6r att uppn\u00e5 v\u00e4rldsfred liksom den forskning som st\u00f6djer metoden.<br \/>\nKlicka p\u00e5 bilden f\u00f6r att se videon (14 min).<\/p>\n","protected":false},"excerpt":{"rendered":"<p>VEDISKA METODER F\u00d6R V\u00c4RLDSFRED Genom Global Peace Initiative finns en konkret m\u00f6jlighet att skapa v\u00e4rldsfred. Du kan bidra s\u00e5 att det snabbare blir en verklighet! Global Peace Initiative samlar specialutbildade experter, Maharishi Veda-panditar, i Indiens geografiska mittpunkt, i syfte att skapa fred och harmoni i v\u00e4rlden. Stora grupper med s\u00e5dana experter, utbildade i speciella vediska [&hellip;]<\/p>\n","protected":false},"author":3,"featured_media":0,"parent":0,"menu_order":0,"comment_status":"open","ping_status":"closed","template":"template-home.php","meta":{"om_disable_all_campaigns":false,"_monsterinsights_skip_tracking":false,"_monsterinsights_sitenote_active":false,"_monsterinsights_sitenote_note":"","_monsterinsights_sitenote_category":0,"footnotes":""},"class_list":["post-8699","page","type-page","status-publish","hentry"],"_links":{"self":[{"href":"https:\/\/donation.vedicpandits.org\/sv\/wp-json\/wp\/v2\/pages\/8699","targetHints":{"allow":["GET"]}}],"collection":[{"href":"https:\/\/donation.vedicpandits.org\/sv\/wp-json\/wp\/v2\/pages"}],"about":[{"href":"https:\/\/donation.vedicpandits.org\/sv\/wp-json\/wp\/v2\/types\/page"}],"author":[{"embeddable":true,"href":"https:\/\/donation.vedicpandits.org\/sv\/wp-json\/wp\/v2\/users\/3"}],"replies":[{"embeddable":true,"href":"https:\/\/donation.vedicpandits.org\/sv\/wp-json\/wp\/v2\/comments?post=8699"}],"version-history":[{"count":70,"href":"https:\/\/donation.vedicpandits.org\/sv\/wp-json\/wp\/v2\/pages\/8699\/revisions"}],"predecessor-version":[{"id":14077,"href":"https:\/\/donation.vedicpandits.org\/sv\/wp-json\/wp\/v2\/pages\/8699\/revisions\/14077"}],"wp:attachment":[{"href":"https:\/\/donation.vedicpandits.org\/sv\/wp-json\/wp\/v2\/media?parent=8699"}],"curies":[{"name":"wp","href":"https:\/\/api.w.org\/{rel}","templated":true}]}}