{"id":8703,"date":"2014-04-08T07:09:10","date_gmt":"2014-04-08T07:09:10","guid":{"rendered":"https:\/\/vedicpandits.org\/sv\/?page_id=8703"},"modified":"2017-10-01T09:00:49","modified_gmt":"2017-10-01T09:00:49","slug":"maharishi","status":"publish","type":"page","link":"https:\/\/donation.vedicpandits.org\/sv\/maharishi\/","title":{"rendered":"Maharishi"},"content":{"rendered":"<h4>MAHARISHI MAHESH YOGI<\/h4>\n<p>Maharishi Mahesh Yogi \u00e4r vida erk\u00e4nd som den fr\u00e4mste forskaren inom vedisk vetenskap och medvetandeutveckling. Han \u00e4r kanske fr\u00e4mst k\u00e4nd f\u00f6r sin undervisning i Transcendental Meditation (TM), en effektiv mental teknik f\u00f6r personlig utveckling, som \u00e4r vetenskapligt v\u00e4ldokumenterad. Dessutom \u00e4gnade han m\u00e5nga \u00e5r \u00e5t att \u00e5teruppr\u00e4tta ayurveda (den vediska h\u00e4lsokunskapen) till ursprunglig helhet och renhet. Han skapade \u00e4ven omfattande program inom utbildning, f\u00f6rsvar, jordbruk, administration och arkitektur. De syftar till att skapa h\u00e4lsa, upplysning, fred och v\u00e4lst\u00e5nd till alla p\u00e5 v\u00e5r jord.<\/p>\n<div class=\"border-line\">&nbsp;<\/div>\n<h4>ETT SYSTEMATISKT S\u00c4TT ATT N\u00c5 UPPLYSNING<\/h4>\n<p>Meditation och v\u00e4gen till upplysning har missf\u00f6rst\u00e5tts under \u00e5rhundraden, \u00e4ven i Indien. Det har varit f\u00f6rknippat med religion och filosofi \u2013 och ofta handlat om att avst\u00e5 fr\u00e5n allt materiellt och bli v\u00e4rldsfr\u00e5nv\u00e4nd. Maharishi fann en djup sanning inom Veda: meditation bygger inte p\u00e5 anstr\u00e4ngning och koncentration, och kan ut\u00f6vas av vem som helst, oavsett \u00e5lder, livsstil och religion. Han skapade ett systematiskt tillv\u00e4gag\u00e5ngss\u00e4tt att utveckla h\u00f6gre medvetandetillst\u00e5nd, s\u00e5 att v\u00e5r kosmiska potential levandeg\u00f6rs och blir en del av v\u00e5rt dagliga liv.<\/p>\n<p>Inspirerade av Maharishi b\u00f6rjade forskare unders\u00f6ka effekterna av Transcendental Meditation. Sedan 1970, d\u00e5 den f\u00f6rsta unders\u00f6kningen publicerades, har det gjorts mer \u00e4n 600 vetenskapliga studier, vid fler \u00e4n 200 oberoende universitet och forskningscentra i 35 l\u00e4nder. Man har bekr\u00e4ftat de positiva effekterna av Transcendental Meditation p\u00e5 sinne, fysiologi och samh\u00e4lle, och runt 350 studier har publicerats i ledande fackgranskade vetenskapliga tidskrifter.<\/p>\n<div class=\"border-line\">&nbsp;<\/div>\n<h4>EN GENV\u00c4G TILL V\u00c4RLDSFRED<\/h4>\n<p>I och med att Maharishi utvecklade Transcendental Meditation och det mer avancerade TM Sidhi-programmet, inklusive yogaflygning, s\u00e5 gav han v\u00e4rlden en metod som m\u00f6jligg\u00f6r f\u00f6r en liten grupp personer att ha ett lugnande inflytande p\u00e5 omgivningen. P\u00e5 ett tillf\u00f6rlitligt s\u00e4tt kan de minska negativitet \u2013 brottslighet, sjukdom och olyckor. Metoden \u00e4r en vetenskapligt utv\u00e4rderad \u2013 och n\u00e4r den appliceras p\u00e5 global niv\u00e5, \u00e4r det m\u00f6jligt att skapa v\u00e4rldsfred!<\/p>\n<p>F\u00f6r att \u00e5stadkomma permanent v\u00e4rldsfred, och uppr\u00e4tth\u00e5lla den, utformade Maharishi projektet Global Peace Initiative. En stor permanent grupp specialutbildade Veda-panditar, som ut\u00f6var Transcendental Meditation och TM-Sidhiprogrammet, inklusive yogaflygning, och dessutom utf\u00f6r yagyor, har en djupg\u00e5ende och m\u00e4tbar effekt p\u00e5 stabiliteten och freden i v\u00e4rlden. \u00c5r 2008 grundade Maharishi \u00e4ven \u2019Brahmananda Saraswati Trust\u2019 i syfte att st\u00f6dja och bevara gruppen med professionella fredsbevarare f\u00f6r all framtid.<\/p>\n<div class=\"border-line\">&nbsp;<\/div>\n<h4 id=\"audios\">AUDIO<\/h4>\n<p>Maharishi talar om Veda-panditar:<\/p>\n<p><em><a href=\"https:\/\/donation.vedicpandits.org\/sv\/maharishi\/?audio_link=%2Fwp-content%2Fuploads%2F2015%2F03%2F01nTraining-Vedic-Pandits-to-Create-Harmony-in-Society-pushing-the-Devatas-buttons-May-18-051.mp3\" class=\"audio-link\">&gt; Att tr\u00e4na vediska panditar f\u00f6r att skapa harmoni i samh\u00e4llet  (Audio 21:02 min)<\/a>\n<p><b><\/b><a href=\"https:\/\/donation.vedicpandits.org\/sv\/maharishi\/?audio_link=%2Fwp-content%2Fuploads%2F2015%2F03%2F04n-Specialty-of-the-Vedic-Pandits-March-16-053.mp3\" class=\"audio-link\">&gt; De vediska panditarnas specialitet. (Audio 7:18 min)<\/a><\/em><\/br><\/p>\n<p>Maharishi om den kraftfulla effekten av yagyor:<\/p>\n<p><em><a href=\"https:\/\/donation.vedicpandits.org\/sv\/maharishi\/?audio_link=%2Fwp-content%2Fuploads%2F2015%2F03%2F03n-Using-Collective-Yagyas-to-Prevent-the-Danger.mp3\" class=\"audio-link\">&gt; Att anv\u00e4nda kollektiva yagyor f\u00f6r att undvika faror innan de uppst\u00e5r.  (Audio 8:56 min)<\/a>\n<p><b><\/b><a href=\"https:\/\/donation.vedicpandits.org\/sv\/maharishi\/?audio_link=%2Fwp-content%2Fuploads%2F2015%2F03%2F02n-Yagyas%C3%A2%C2%80%C2%94powerful-Vedic-performances-March-23-051.mp3\" class=\"audio-link\">&gt; Yagyor \u2013 kraftfulla vediska tekniker som utg\u00e5r fr\u00e5n de vediska panditarnas stilla medvetandeniv\u00e5. (Audio 7:26 min)<\/a>\n<p><b><\/b><a href=\"https:\/\/donation.vedicpandits.org\/sv\/maharishi\/?audio_link=%2Fwp-content%2Fuploads%2F2015%2F03%2F06n-Difference-between-practising-TM-and-listening-to-Vedic-R.mp3\" class=\"audio-link\">&gt; Skillnaden mellan att ut\u00f6va TM och att lyssna till vedisk recitation. (Audio 4:42 min)<\/a><\/em><\/p>\n","protected":false},"excerpt":{"rendered":"<p>MAHARISHI MAHESH YOGI Maharishi Mahesh Yogi \u00e4r vida erk\u00e4nd som den fr\u00e4mste forskaren inom vedisk vetenskap och medvetandeutveckling. Han \u00e4r kanske fr\u00e4mst k\u00e4nd f\u00f6r sin undervisning i Transcendental Meditation (TM), en effektiv mental teknik f\u00f6r personlig utveckling, som \u00e4r vetenskapligt v\u00e4ldokumenterad. Dessutom \u00e4gnade han m\u00e5nga \u00e5r \u00e5t att \u00e5teruppr\u00e4tta ayurveda (den vediska h\u00e4lsokunskapen) till ursprunglig [&hellip;]<\/p>\n","protected":false},"author":3,"featured_media":3303,"parent":0,"menu_order":0,"comment_status":"open","ping_status":"closed","template":"","meta":{"om_disable_all_campaigns":false,"_monsterinsights_skip_tracking":false,"_monsterinsights_sitenote_active":false,"_monsterinsights_sitenote_note":"","_monsterinsights_sitenote_category":0,"footnotes":""},"class_list":["post-8703","page","type-page","status-publish","has-post-thumbnail","hentry"],"_links":{"self":[{"href":"https:\/\/donation.vedicpandits.org\/sv\/wp-json\/wp\/v2\/pages\/8703","targetHints":{"allow":["GET"]}}],"collection":[{"href":"https:\/\/donation.vedicpandits.org\/sv\/wp-json\/wp\/v2\/pages"}],"about":[{"href":"https:\/\/donation.vedicpandits.org\/sv\/wp-json\/wp\/v2\/types\/page"}],"author":[{"embeddable":true,"href":"https:\/\/donation.vedicpandits.org\/sv\/wp-json\/wp\/v2\/users\/3"}],"replies":[{"embeddable":true,"href":"https:\/\/donation.vedicpandits.org\/sv\/wp-json\/wp\/v2\/comments?post=8703"}],"version-history":[{"count":4,"href":"https:\/\/donation.vedicpandits.org\/sv\/wp-json\/wp\/v2\/pages\/8703\/revisions"}],"predecessor-version":[{"id":11565,"href":"https:\/\/donation.vedicpandits.org\/sv\/wp-json\/wp\/v2\/pages\/8703\/revisions\/11565"}],"wp:featuredmedia":[{"embeddable":true,"href":"https:\/\/donation.vedicpandits.org\/sv\/wp-json\/wp\/v2\/media\/3303"}],"wp:attachment":[{"href":"https:\/\/donation.vedicpandits.org\/sv\/wp-json\/wp\/v2\/media?parent=8703"}],"curies":[{"name":"wp","href":"https:\/\/api.w.org\/{rel}","templated":true}]}}