{"id":8707,"date":"2014-04-08T07:09:29","date_gmt":"2014-04-08T07:09:29","guid":{"rendered":"https:\/\/vedicpandits.org\/sv\/?page_id=8707"},"modified":"2018-08-27T17:04:00","modified_gmt":"2018-08-27T17:04:00","slug":"maharishi-vedic-pandits","status":"publish","type":"page","link":"https:\/\/donation.vedicpandits.org\/sv\/peace-creating-group\/maharishi-vedic-pandits\/","title":{"rendered":"Maharishi vedic pandits"},"content":{"rendered":"<h4>Utbildningen av Maharishi Veda-panditar<\/h4>\n<p>Fr\u00e5n tidig \u00e5lder p\u00e5b\u00f6rjas utbildningen till professionella fredsskapare. Eleverna kommer fr\u00e5n hem som redan fr\u00e5n b\u00f6rjan har Veda-kunskapen i sin familjetradition. Fr\u00e5n det att de \u00e4r 10 \u00e5r, tills de \u00e4r 20, f\u00f6ljer de ett speciellt utbildningsprogram som Maharishi utformade. Det omfattar Transcendental Meditation och TM-Sidhiprogrammet, inklusive yogaflygning, och dessutom har de lektioner i sanskrit och yagya, traditionella Veda-tekniker som skapar utveckling, harmoni och fred. Studierna syftar till kandidat-, magister- och doktorsexamen vid Maharishi Mahesh Yogi Vedic Vishwavidyalaya, ett universitet grundat 1995 av delstatsregeringen i Madhya Pradesh.<\/p>\n<div class=\"border-line\">&nbsp;<\/div>\n<div class=\"grid-holder\">\n<div class=\"grid grid-desktop-50 grid-mobile-100\"><div class=\"holder\"><p><img loading=\"lazy\" decoding=\"async\" class=\"alignnone size-full wp-image-105\" src=\"\/wp-content\/uploads\/2014\/04\/post-img-12.jpg\" alt=\"post-img-12\" width=\"432\" height=\"312\" srcset=\"https:\/\/donation.vedicpandits.org\/wp-content\/uploads\/2014\/04\/post-img-12.jpg 432w, https:\/\/donation.vedicpandits.org\/wp-content\/uploads\/2014\/04\/post-img-12-300x216.jpg 300w\" sizes=\"auto, (max-width: 432px) 100vw, 432px\" \/><\/p>\n<\/div><\/div>\n<div class=\"grid grid-desktop-50 grid-mobile-100\"><div class=\"holder\"><h4>Experter inom Yoga \u2013 Transcendental Meditation och yogaflygning<\/h4>\n<p>Under flera timmar om dagen, ut\u00f6var Veda-panditarna i Brahmasthan, Transcendental Meditation och TM-Sidhiprogrammet \u2013 sj\u00e4lva k\u00e4rnan inom Yoga. Maharishi utformade TM-Sidhiprogrammet, inklusive yogaflygning, utifr\u00e5n Patanjalis Yoga-sutror \u2013 Yoga-filosofins centrala text. TM-Sidhiprogrammet utvecklar f\u00f6rm\u00e5gan att agera fr\u00e5n en rofylld och samordnad medvetandeniv\u00e5. Allteftersom Veda-panditarna \u00f6kar sin f\u00f6rm\u00e5ga att agera utifr\u00e5n finare medvetandeniv\u00e5er, \u00f6kar effektiviteten i de dagligen utf\u00f6rda fredsskapande Veda-teknikerna. <\/p>\n<\/div><\/div>\n<\/div>\n<div class=\"border-line\">&nbsp;<\/div>\n<div class=\"grid-holder\">\n<div class=\"grid grid-desktop-100\"><div class=\"holder\"><p>Den fr\u00e4msta texten inom Yoga \u00e4r Yoga-sutrorna och den beskriver hur fred kan skapas genom transcendering: <\/p>\n<div class=\"box-info\">\n<h5><em>Tat sannidhau vairatyagah<\/em><\/h5>\n<h4>\u201dRuntom Yoga (erfarenheten av transcendentalt medvetande \u2013 det enhetliga f\u00e4ltet)<br \/>\nf\u00f6rsvinner aggressivitet och konflikter\u201d<br \/>\n<\/h4>\n<h6>\u2013 Yoga sutra 2.35<\/h6>\n<\/div>\n<p>N\u00e4r transcendentalt medvetande livas upp, genom avancerad meditation, utav en tillr\u00e4ckligt stor grupp, s\u00e5 kommer \u201dYogas omgivning\u201d \u2013 det vill s\u00e4ga det geografiska omr\u00e5det som kan n\u00e5s av det fredliga inflytandet \u2013 att kunna omfatta hela v\u00e4rlden! Detta \u00e4r m\u00e5let f\u00f6r Global Peace Initiative.<\/p>\n<\/div><\/div>\n<\/div>\n<div class=\"border-line\">&nbsp;<\/div>\n<div class=\"grid-holder\">\n<div class=\"grid grid-desktop-50 grid-mobile-100\"><div class=\"holder\"><h4>intensiv utbildning i veda-tekniker \u2013 Experter p\u00e5 yagya  <\/h4>\n<p>I tusentals byar runtom i Indien har Maharishi startat utbildning av Maharishi Veda- panditar. I varje by finns l\u00e4rare\/guruer som utbildar eleverna fr\u00e5n 10 \u00e5rs \u00e5lder. N\u00e4r de \u00e4r 14 \u00e5r kan de \u00e5ka till n\u00e5got av de 46 regionala utbildningscentra, d\u00e4r de undervisas av meriterade l\u00e4rare s. k. acharyor. Eleverna f\u00e5r en systematisk och detaljerad utbildning utformad av Maharishi sj\u00e4lv. Den inneh\u00e5ller inspelade f\u00f6rel\u00e4sningar och undervisning med IT-st\u00f6d, vilket g\u00f6r att varje elev f\u00e5r en standardiserad utbildning av h\u00f6g klass. N\u00e4r de utexamineras vid ca 20 \u00e5rs \u00e5lder \u00e4r de experter p\u00e5 att utf\u00f6ra yagyor. <\/p>\n<p>Yagya \u00e4r en tidl\u00f6s teknik fr\u00e5n Veda-traditionen. Yagyor \u00e4r n\u00e5got som utf\u00f6rs p\u00e5 specifika s\u00e4tt av utbildade panditar. De upplivar naturlagarna som administrerar universum. En yagya kan ocks\u00e5 ha ett speciellt syfte. Till exempel utf\u00f6r 1331 panditar, i Indiens Brahmasthan, dagligen Atirudrabhishek \u2013 en kraftfull yagya f\u00f6r v\u00e4rldsfred.<\/p>\n<\/div><\/div>\n<div class=\"grid grid-desktop-50 grid-mobile-100\"><div class=\"holder\"><p><img loading=\"lazy\" decoding=\"async\" class=\"alignnone size-full wp-image-107\" src=\"\/wp-content\/uploads\/2014\/04\/post-img-13.jpg\" alt=\"post-img-13\" width=\"435\" height=\"482\" srcset=\"https:\/\/donation.vedicpandits.org\/wp-content\/uploads\/2014\/04\/post-img-13.jpg 435w, https:\/\/donation.vedicpandits.org\/wp-content\/uploads\/2014\/04\/post-img-13-270x300.jpg 270w, https:\/\/donation.vedicpandits.org\/wp-content\/uploads\/2014\/04\/post-img-13-300x332.jpg 300w\" sizes=\"auto, (max-width: 435px) 100vw, 435px\" \/><\/p>\n<\/div><\/div>\n<\/div>\n<div class=\"border-line\">&nbsp;<\/div>\n<div class=\"grid-holder\">\n<div class=\"grid grid-desktop-50 grid-mobile-100\"><div class=\"holder\">\t<a href=\"https:\/\/donation.vedicpandits.org\/sv\/peace-creating-group\/maharishi-vedic-pandits\/?image_video=https%3A%2F%2Fwww.youtube.com%2Fwatch%3Fv%3DZQOxpwHk0fQ\" class=\"video-link \">\n<img loading=\"lazy\" decoding=\"async\" class=\"alignnone size-full wp-image-92\" src=\"\/wp-content\/uploads\/2014\/05\/einzelner_pandit_432bright.png\" alt=\"post-img-14\" width=\"432\" height=\"243\" \/><br \/>\n<\/a>\n\n\t\n<\/div><\/div>\n<div class=\"grid grid-desktop-50 grid-mobile-100\"><div class=\"holder\"><h4 id=\"atirudrabhishek\">LJUD OCH BILD<\/h4>\n<p>Klicka h\u00e4r s\u00e5 f\u00e5r du en glimt av Maharishi Veda-panditar som g\u00f6r yagyor. <\/p>\n<\/div><\/div>\n<\/div>\n","protected":false},"excerpt":{"rendered":"<p>Utbildningen av Maharishi Veda-panditar Fr\u00e5n tidig \u00e5lder p\u00e5b\u00f6rjas utbildningen till professionella fredsskapare. Eleverna kommer fr\u00e5n hem som redan fr\u00e5n b\u00f6rjan har Veda-kunskapen i sin familjetradition. Fr\u00e5n det att de \u00e4r 10 \u00e5r, tills de \u00e4r 20, f\u00f6ljer de ett speciellt utbildningsprogram som Maharishi utformade. Det omfattar Transcendental Meditation och TM-Sidhiprogrammet, inklusive yogaflygning, och dessutom har [&hellip;]<\/p>\n","protected":false},"author":3,"featured_media":202,"parent":8711,"menu_order":1,"comment_status":"open","ping_status":"closed","template":"","meta":{"om_disable_all_campaigns":false,"_monsterinsights_skip_tracking":false,"_monsterinsights_sitenote_active":false,"_monsterinsights_sitenote_note":"","_monsterinsights_sitenote_category":0,"footnotes":""},"class_list":["post-8707","page","type-page","status-publish","has-post-thumbnail","hentry"],"_links":{"self":[{"href":"https:\/\/donation.vedicpandits.org\/sv\/wp-json\/wp\/v2\/pages\/8707","targetHints":{"allow":["GET"]}}],"collection":[{"href":"https:\/\/donation.vedicpandits.org\/sv\/wp-json\/wp\/v2\/pages"}],"about":[{"href":"https:\/\/donation.vedicpandits.org\/sv\/wp-json\/wp\/v2\/types\/page"}],"author":[{"embeddable":true,"href":"https:\/\/donation.vedicpandits.org\/sv\/wp-json\/wp\/v2\/users\/3"}],"replies":[{"embeddable":true,"href":"https:\/\/donation.vedicpandits.org\/sv\/wp-json\/wp\/v2\/comments?post=8707"}],"version-history":[{"count":7,"href":"https:\/\/donation.vedicpandits.org\/sv\/wp-json\/wp\/v2\/pages\/8707\/revisions"}],"predecessor-version":[{"id":15532,"href":"https:\/\/donation.vedicpandits.org\/sv\/wp-json\/wp\/v2\/pages\/8707\/revisions\/15532"}],"up":[{"embeddable":true,"href":"https:\/\/donation.vedicpandits.org\/sv\/wp-json\/wp\/v2\/pages\/8711"}],"wp:featuredmedia":[{"embeddable":true,"href":"https:\/\/donation.vedicpandits.org\/sv\/wp-json\/wp\/v2\/media\/202"}],"wp:attachment":[{"href":"https:\/\/donation.vedicpandits.org\/sv\/wp-json\/wp\/v2\/media?parent=8707"}],"curies":[{"name":"wp","href":"https:\/\/api.w.org\/{rel}","templated":true}]}}