{"id":8711,"date":"2014-04-08T07:09:17","date_gmt":"2014-04-08T07:09:17","guid":{"rendered":"https:\/\/vedicpandits.org\/sv\/?page_id=8711"},"modified":"2017-10-01T09:04:48","modified_gmt":"2017-10-01T09:04:48","slug":"peace-creating-group","status":"publish","type":"page","link":"https:\/\/donation.vedicpandits.org\/sv\/peace-creating-group\/","title":{"rendered":"Peace-creating group"},"content":{"rendered":"<h4>V\u00e4rldsfred genom 9000 Maharishi Veda-panditar<\/h4>\n<p>Maharishi Mahesh Yogi ans\u00e5g att Veda-panditar l\u00e4mpar sig b\u00e4st i en fredsbevarande grupp, eftersom de sedan urminnes tider har v\u00e4rnat om vedisk visdom f\u00f6r att uppn\u00e5 harmoni i samh\u00e4llet och balans i naturen.<\/p>\n<p>Genom Maharishis fullst\u00e4ndiga f\u00f6rst\u00e5else f\u00f6r vedisk kunskap, har medvetande-teknikerna f\u00f6r fred kunnat \u00e5terskapas och n\u00e5 ursprunglig effektivitet, och de har dessutom kunnat utv\u00e4rderas vetenskapligt.  <\/p>\n<p>Detta har gjort att Veda-panditarna som nu har utbildats i dessa medvetandetekniker, nu kan fullborda sin roll, och skapa fred, harmoni och balans i v\u00e4rlden!<\/p>\n<p>I januari 2008 grundade Maharishi \u2019Brahmananda Saraswati Trust\u2019 \u2013 en stiftelse vars syfte \u00e4r att f\u00f6rs\u00f6rja en  professionell grupp Maharishi Veda-panditar p\u00e5 en campus i Indiens Brahmasthan (den geografiska mittpunkten). M\u00e5let \u00e4r att bygga upp en fond som kan f\u00f6rs\u00f6rja en grupp med 9000 Veda-panditar permanent. Som ett f\u00f6rsta steg vill vi expandera gruppen fr\u00e5n nuvarande 2000 personer till 3500 \u2013 det \u00e4r en tillr\u00e4ckligt stor grupp f\u00f6r att ge en positiv effekt \u00f6ver hela Indien, och den skulle utg\u00f6ra en stabil grund f\u00f6r att sedan jobba vidare mot m\u00e5let, 9000 personer! En grupp f\u00f6r hela v\u00e4rlden!<\/p>\n<div class=\"border-line\">&nbsp;<\/div>\n<div class=\"grid-holder\">\n<div class=\"grid grid-desktop-50 grid-mobile-100\"><div class=\"holder\">\t<a href=\"https:\/\/donation.vedicpandits.org\/sv\/peace-creating-group\/?image_video=https%3A%2F%2Fwww.youtube.com%2Fwatch%3Fv%3DoLNxrO4z9GQ%3Frel%3D0\" class=\"video-link \"><img loading=\"lazy\" decoding=\"async\" class=\"alignnone size-full wp-image-103\" src=\"\/wp-content\/uploads\/2014\/04\/post-img-11.jpg\" alt=\"post-img-11\" width=\"432\" height=\"312\" srcset=\"https:\/\/donation.vedicpandits.org\/wp-content\/uploads\/2014\/04\/post-img-11.jpg 432w, https:\/\/donation.vedicpandits.org\/wp-content\/uploads\/2014\/04\/post-img-11-300x216.jpg 300w\" sizes=\"auto, (max-width: 432px) 100vw, 432px\" \/><\/a>\n\n\t\n\t<a href=\"https:\/\/donation.vedicpandits.org\/sv\/peace-creating-group\/?image_video=https%3A%2F%2Fwww.youtube.com%2Fwatch%3Fv%3DoLNxrO4z9GQ%3Frel%3D0\" class=\"video-link no-pointer\"><em>&gt; Se Maharishi tala om detta<\/em><\/a>\n\n\t\n<\/div><\/div>\n<div class=\"grid grid-desktop-50 grid-mobile-100\"><div class=\"holder\"><h4>FRED SOM BIPRODUKT<\/h4>\n<p>Det \u00e4r allm\u00e4nt k\u00e4nt att de som ut\u00f6var Transcendental Meditation (TM) upplever lugn och harmoni inom sig. Forskning har visat att erfarenheten \u00e4r relaterad till en mer ordnad hj\u00e4rnaktivitet.<\/p>\n<p>Det \u00e4r dock inte lika k\u00e4nt att n\u00e4r en relativt liten del av en stads, eller ett lands, befolkning ut\u00f6var TM, s\u00e5 har det en spridningseffekt. Lugnet och harmonin sprids i staden, eller landet ifr\u00e5ga. Detta fenomen har bekr\u00e4ftats av 23 vetenskapliga studier och det visar sig att effekten \u00e4r st\u00f6rst n\u00e4r det mer avancerade TM-Sidhiprogrammet ut\u00f6vas tillsammans i en grupp.<\/p>\n<p>D\u00e4rf\u00f6r \u00e4r detta program centralt i Globala Fredsinitiativet.<\/p>\n<\/div><\/div>\n<\/div>\n","protected":false},"excerpt":{"rendered":"<p>V\u00e4rldsfred genom 9000 Maharishi Veda-panditar Maharishi Mahesh Yogi ans\u00e5g att Veda-panditar l\u00e4mpar sig b\u00e4st i en fredsbevarande grupp, eftersom de sedan urminnes tider har v\u00e4rnat om vedisk visdom f\u00f6r att uppn\u00e5 harmoni i samh\u00e4llet och balans i naturen. Genom Maharishis fullst\u00e4ndiga f\u00f6rst\u00e5else f\u00f6r vedisk kunskap, har medvetande-teknikerna f\u00f6r fred kunnat \u00e5terskapas och n\u00e5 ursprunglig effektivitet, [&hellip;]<\/p>\n","protected":false},"author":3,"featured_media":102,"parent":0,"menu_order":0,"comment_status":"open","ping_status":"closed","template":"","meta":{"om_disable_all_campaigns":false,"_monsterinsights_skip_tracking":false,"_monsterinsights_sitenote_active":false,"_monsterinsights_sitenote_note":"","_monsterinsights_sitenote_category":0,"footnotes":""},"class_list":["post-8711","page","type-page","status-publish","has-post-thumbnail","hentry"],"_links":{"self":[{"href":"https:\/\/donation.vedicpandits.org\/sv\/wp-json\/wp\/v2\/pages\/8711","targetHints":{"allow":["GET"]}}],"collection":[{"href":"https:\/\/donation.vedicpandits.org\/sv\/wp-json\/wp\/v2\/pages"}],"about":[{"href":"https:\/\/donation.vedicpandits.org\/sv\/wp-json\/wp\/v2\/types\/page"}],"author":[{"embeddable":true,"href":"https:\/\/donation.vedicpandits.org\/sv\/wp-json\/wp\/v2\/users\/3"}],"replies":[{"embeddable":true,"href":"https:\/\/donation.vedicpandits.org\/sv\/wp-json\/wp\/v2\/comments?post=8711"}],"version-history":[{"count":4,"href":"https:\/\/donation.vedicpandits.org\/sv\/wp-json\/wp\/v2\/pages\/8711\/revisions"}],"predecessor-version":[{"id":11566,"href":"https:\/\/donation.vedicpandits.org\/sv\/wp-json\/wp\/v2\/pages\/8711\/revisions\/11566"}],"wp:featuredmedia":[{"embeddable":true,"href":"https:\/\/donation.vedicpandits.org\/sv\/wp-json\/wp\/v2\/media\/102"}],"wp:attachment":[{"href":"https:\/\/donation.vedicpandits.org\/sv\/wp-json\/wp\/v2\/media?parent=8711"}],"curies":[{"name":"wp","href":"https:\/\/api.w.org\/{rel}","templated":true}]}}