{"id":8715,"date":"2014-04-08T09:14:28","date_gmt":"2014-04-08T09:14:28","guid":{"rendered":"https:\/\/vedicpandits.org\/sv\/?page_id=8715"},"modified":"2019-01-07T12:42:44","modified_gmt":"2019-01-07T12:42:44","slug":"science-2","status":"publish","type":"page","link":"https:\/\/donation.vedicpandits.org\/sv\/peace-creating-group\/science-2\/","title":{"rendered":"Science"},"content":{"rendered":"<h4>VETENSKAPLIG FORSKNING BEKR\u00c4FTAR PANDITGRUPPENS EFFEKTIVITET<\/h4>\n<p>Huvudsyftet med en stor grupp Veda-panditar \u00e4r att skapa harmoni och samordning i v\u00e4rldsmedvetandet.<\/p>\n<p>Vetenskaplig forskning har visat att negativitet minskar och positivitet \u00f6kar i samh\u00e4llet n\u00e4r tillr\u00e4ckligt m\u00e5nga ut\u00f6var Transcendental Meditation och TM-Sidhiprogrammet.<\/p>\n<p>Dessa positiva effekter har observerats n\u00e4r:<\/p>\n<ul>\n<li>1% av en befolkning har l\u00e4rt sig Transcendental Meditation, eller n\u00e4r<\/li>\n<li>kvadratroten ur 1% av befolkningen ut\u00f6var TM-Sidhiprogrammet tillsammans, inklusive yogaflygning.<\/li>\n<\/ul>\n<p>Fenomenet kallas Maharishi-effekten, f\u00f6r att hedra Maharishi som f\u00f6ruts\u00e5g den redan 1960, femton \u00e5r innan vetenskaplig forskning bekr\u00e4ftade den. <\/p>\n<div class=\"grid-holder\">\n<div class=\"grid grid-desktop-50 grid-mobile-100 zoom-image-holder\"><div class=\"holder\"><h4>washington-studien<\/h4>\n<p>Sommaren 1993 samlades 4 000 yogaflygare i Washington, DC under n\u00e5gra veckor.<br \/>\nDet resulterade i att antalet v\u00e5ldsbrott minskade med n\u00e4ra 25% (se diagram nedan).<br \/>\nDenna studie publicerades i den vetenskapligt granskade tidskriften <em>Social Indicators Research 1999 47(2):153-201.<\/em><\/p>\n<p><a href=\"\/wp-content\/uploads\/2014\/05\/washington_reduced_crime.jpg\"><img loading=\"lazy\" decoding=\"async\" class=\"alignnone size-full wp-image-83\" src=\"\/wp-content\/uploads\/2014\/05\/washington_reduced_crime.jpg\" alt=\"post-img-2\" width=\"320\" height=\"250\" \/><\/a><\/p>\n<\/div><\/div>\n<div class=\"grid grid-desktop-50 grid-mobile-100\"><div class=\"holder\"><p><img loading=\"lazy\" decoding=\"async\" class=\"alignnone size-full wp-image-85\" src=\"\/wp-content\/uploads\/2014\/04\/post-img-1.jpg\" alt=\"post-img-1\" width=\"435\" height=\"400\" srcset=\"https:\/\/donation.vedicpandits.org\/wp-content\/uploads\/2014\/04\/post-img-1.jpg 435w, https:\/\/donation.vedicpandits.org\/wp-content\/uploads\/2014\/04\/post-img-1-300x275.jpg 300w\" sizes=\"auto, (max-width: 435px) 100vw, 435px\" \/><\/p>\n<\/div><\/div>\n<\/div>\n<h4>F\u00f6r hela V\u00c4RLDEN<\/h4>\n<p>Det finns bel\u00e4gg f\u00f6r att n\u00e4r en grupp yogaflygare \u00e4r tillr\u00e4ckligt stor s\u00e5 skapas harmoni i hela samh\u00e4llet. F\u00f6r att f\u00e5 en p\u00e5taglig effekt beh\u00f6vs en grupp motsvarande kvadratroten ur 1% av befolkningen. Kvadratroten ur 1% av hela jordens befolkning \u00e4r ca 8700 personer \u2013 d\u00e4rf\u00f6r \u00e4r v\u00e5rt m\u00e5l 9000 Veda-panditar!<\/p>\n<div class=\"border-line\">&nbsp;<\/div>\n<h4>vetenskaplig f\u00f6rklaring<\/h4>\n<p>De teoretiska f\u00f6rklaringarna till den kraftfulla effekten som gruppmeditationen har p\u00e5 kriminalitet och sp\u00e4nningar i samh\u00e4llet, bygger p\u00e5 en f\u00e4ltmodell av medvetandet. Medvetandet ses som ett grundl\u00e4ggande f\u00e4lt som \u00e4r gemensamt f\u00f6r alla individer. Denna teori st\u00e4mmer v\u00e4l \u00f6verens med de senaste uppt\u00e4ckterna inom fysik, fysiologi och neurovetenskap.<\/p>\n<div class=\"grid-holder\">\n<div class=\"grid grid-desktop-50 grid-mobile-100\"><div class=\"holder\"><p>Inom modern fysik har man funnit att naturen fungerar p\u00e5 ett mer enhetligt s\u00e4tt n\u00e4r tids- och rumsskalan minskar. Det f\u00f6renade f\u00e4ltet (superstr\u00e4ngf\u00e4ltet) ligger till grund f\u00f6r, och sammankopplar, alla krafter och partiklar i universum (se diagrammet till h\u00f6ger).<\/p>\n<p>P\u00e5 motsvarande s\u00e4tt ger Transcendental Meditation och TM-Sidhiprogrammet en direkt erfarenhet av stilla tankeniv\u00e5er \u2013 och ytterst av det f\u00f6renade f\u00e4ltet, som \u00e4r grunden i b\u00e5de sinne och materia. N\u00e4r m\u00e5nga g\u00f6r TM-Sidhiprogrammet tillsammans, stimuleras det enhetliga f\u00e4ltet kraftigt, vilket har en effekt p\u00e5 det kollektiva medvetandet, s\u00e5 att harmoni skapas i samh\u00e4llet.<\/p>\n<\/div><\/div>\n<div class=\"grid grid-desktop-50 grid-mobile-100 zoom-image-holder\"><div class=\"holder\"><p><a href=\"\/wp-content\/uploads\/2014\/05\/uf-chart.jpg\"><img loading=\"lazy\" decoding=\"async\" class=\"alignnone size-full wp-image-90\" src=\"\/wp-content\/uploads\/2014\/05\/uf-chart.jpg\" alt=\"post-img-3\" width=\"320\" height=\"250\" \/><\/a><\/p>\n<\/div><\/div>\n<\/div>\n<p>Vetenskapliga studier som m\u00e4ter effekten av Transcendental Meditation (TM) p\u00e5 samh\u00e4llet, har visat att det positiva inflytandet som en grupp TM-ut\u00f6vare har, str\u00e4cker sig l\u00e5ngt utanf\u00f6r den mediterande gruppen. Forskning visar att om gruppen best\u00e5r av yogaflygare \u2013 de som utbildats i det avancerade TM-Sidhiprogrammet \u2013 s\u00e5 r\u00e4cker det med kvadratroten ur 1% av befolkningen, f\u00f6r att ha ett signifikant v\u00e4lg\u00f6rande inflytande. F\u00f6r hela v\u00e4rlden skulle det beh\u00f6vas en grupp med ca 9000 yogaflygare (kvadratroten av 1% av jordens befolkning).<\/p>\n<p>Det inneb\u00e4r att det endast beh\u00f6vs n\u00e5gra hundra, eller n\u00e5gra tusen, personer f\u00f6r att \u00e5stadkomma en kraftfull, vetenskapligt verifierbar, effekt av harmoni och fred som utg\u00f6r grunden f\u00f6r ett blomstrande samh\u00e4lle. F\u00f6r att ge den effekten i hela v\u00e4rlden skulle det allts\u00e5 beh\u00f6vas en grupp p\u00e5 9 000 personer (kvadratroten ur 1% av jordens befolkning). Detta \u00e4r m\u00e5let med projektet i Indien.<\/p>\n<div class=\"border-line\">&nbsp;<\/div>\n<h4 id=\"science_hagelin\">Medvetandets f\u00e4lteffekT<\/h4>\n<p>Hur \u00e4r det m\u00f6jligt att m\u00e4nniskor som ut\u00f6var Transcendental Meditation, ensamma eller i grupp, p\u00e5verkar andra som inte mediterar \u2013 i en hel stad, ett helt land eller i hela v\u00e4rlden?<\/p>\n<div class=\"grid-holder\">\n<div class=\"grid grid-desktop-50 grid-mobile-100\"><div class=\"holder\">\t<a href=\"https:\/\/donation.vedicpandits.org\/sv\/peace-creating-group\/science-2\/?image_video=https%3A%2F%2Fwww.youtube.com%2Fwatch%3Fv%3DyVFa6Wtuxu8\" class=\"video-link \">\n<img loading=\"lazy\" decoding=\"async\" class=\"alignnone size-full wp-image-92\" src=\"\/wp-content\/uploads\/2014\/04\/post-img-14.jpg\" alt=\"post-img-14\" width=\"433\" height=\"321\" srcset=\"https:\/\/donation.vedicpandits.org\/wp-content\/uploads\/2014\/04\/post-img-14.jpg 433w, https:\/\/donation.vedicpandits.org\/wp-content\/uploads\/2014\/04\/post-img-14-300x222.jpg 300w\" sizes=\"auto, (max-width: 433px) 100vw, 433px\" \/><br \/>\n<\/a>\n\n\t\n<\/div><\/div>\n<div class=\"grid grid-desktop-50 grid-mobile-100\"><div class=\"holder\"><p>Inflytandet av meditationen sker p\u00e5 en djupare niv\u00e5 av v\u00e5r verklighet, i ett underliggande f\u00e4lt \u2013 p\u00e5 samma s\u00e4tt som n\u00e4r ett radioprogram som s\u00e4nds fr\u00e5n andra sidan jorden och du kan h\u00f6ra det h\u00e4r. I det fallet kopplar det elektromagnetiska f\u00e4ltet ihop radiostationen och din radio. Vad g\u00e4ller meditationen \u00e4r det ett medvetande-f\u00e4lt som kopplar ihop meditat\u00f6ren med resten av befolkningen. Ett samordnande inflytande sprider sig \u00f6ver medvetandef\u00e4ltet, fr\u00e5n meditat\u00f6ren eller den fredsskapande gruppen, och det har en m\u00e4tbar v\u00e4lg\u00f6rande effekt p\u00e5 samh\u00e4llet.<\/p>\n\t<a href=\"https:\/\/donation.vedicpandits.org\/sv\/peace-creating-group\/science-2\/?image_video=https%3A%2F%2Fwww.youtube.com%2Fwatch%3Fv%3DyVFa6Wtuxu8\" class=\"video-link no-pointer\"> Se videon! Kvantfysiker John Hagelin f\u00f6rklarar f\u00e4lteffekten.<\/p>\n<\/a>\n\n\t\n<\/div><\/div>\n<\/div>\n<p>&nbsp;<\/p>\n<h5>SAMORDNADE SYSTEM \u00c4R MER KRAFTFULLA \u2013 EXEMPel MED LASERN<\/h5>\n<p>Hur kommer det sig att det beh\u00f6vs s\u00e5 pass f\u00e5 personer i en fredsskapande grupp som har ett positivt inflytande p\u00e5 en hel befolkning? Inom fysiken har man sett att ett system som fungerar samordnat, koherent, har st\u00f6rre kraft \u00e4n ett system som inte \u00e4r samordnat.<\/p>\n<p>Ta till exempel laserljus. Det \u00e4r ljusstr\u00e5lar som \u00e4r koherenta, samordnade \u2013 v\u00e5gdalarna och v\u00e5gtopparna \u00e4r i fas med varandra. Laserljus \u00e4r mycket kraftfullare \u00e4n ljus fr\u00e5n en vanlig gl\u00f6dlampa. Effekten av laserljus \u00e4r proportionell mot kvadraten p\u00e5 antalet v\u00e5gor. Exempelvis ger 100 samordnade v\u00e5gor samma effekt som  (100<sup>2<\/sup>) vanliga v\u00e5gor.<\/p>\n<p>P\u00e5 samma s\u00e4tt kan en stor grupp m\u00e4nniskor som ut\u00f6var TM-Sidhiprogrammet tillsammans, uppliva medvetandef\u00e4ltet p\u00e5 en stilla samordnad niv\u00e5, och d\u00e4rmed ha ett positivt och fredligt inflytande p\u00e5 samh\u00e4llet, ett mycket starkare inflytande \u00e4n det som samma m\u00e4nniskor skulle kunna \u00e5stadkomma om de mediterade var och en f\u00f6r sig.<\/p>\n","protected":false},"excerpt":{"rendered":"<p>VETENSKAPLIG FORSKNING BEKR\u00c4FTAR PANDITGRUPPENS EFFEKTIVITET Huvudsyftet med en stor grupp Veda-panditar \u00e4r att skapa harmoni och samordning i v\u00e4rldsmedvetandet. Vetenskaplig forskning har visat att negativitet minskar och positivitet \u00f6kar i samh\u00e4llet n\u00e4r tillr\u00e4ckligt m\u00e5nga ut\u00f6var Transcendental Meditation och TM-Sidhiprogrammet. Dessa positiva effekter har observerats n\u00e4r: 1% av en befolkning har l\u00e4rt sig Transcendental Meditation, eller [&hellip;]<\/p>\n","protected":false},"author":3,"featured_media":0,"parent":8711,"menu_order":2,"comment_status":"open","ping_status":"closed","template":"template-science.php","meta":{"om_disable_all_campaigns":false,"_monsterinsights_skip_tracking":false,"_monsterinsights_sitenote_active":false,"_monsterinsights_sitenote_note":"","_monsterinsights_sitenote_category":0,"footnotes":""},"class_list":["post-8715","page","type-page","status-publish","hentry"],"_links":{"self":[{"href":"https:\/\/donation.vedicpandits.org\/sv\/wp-json\/wp\/v2\/pages\/8715","targetHints":{"allow":["GET"]}}],"collection":[{"href":"https:\/\/donation.vedicpandits.org\/sv\/wp-json\/wp\/v2\/pages"}],"about":[{"href":"https:\/\/donation.vedicpandits.org\/sv\/wp-json\/wp\/v2\/types\/page"}],"author":[{"embeddable":true,"href":"https:\/\/donation.vedicpandits.org\/sv\/wp-json\/wp\/v2\/users\/3"}],"replies":[{"embeddable":true,"href":"https:\/\/donation.vedicpandits.org\/sv\/wp-json\/wp\/v2\/comments?post=8715"}],"version-history":[{"count":5,"href":"https:\/\/donation.vedicpandits.org\/sv\/wp-json\/wp\/v2\/pages\/8715\/revisions"}],"predecessor-version":[{"id":20261,"href":"https:\/\/donation.vedicpandits.org\/sv\/wp-json\/wp\/v2\/pages\/8715\/revisions\/20261"}],"up":[{"embeddable":true,"href":"https:\/\/donation.vedicpandits.org\/sv\/wp-json\/wp\/v2\/pages\/8711"}],"wp:attachment":[{"href":"https:\/\/donation.vedicpandits.org\/sv\/wp-json\/wp\/v2\/media?parent=8715"}],"curies":[{"name":"wp","href":"https:\/\/api.w.org\/{rel}","templated":true}]}}