{"id":8749,"date":"2014-04-08T07:09:41","date_gmt":"2014-04-08T07:09:41","guid":{"rendered":"https:\/\/vedicpandits.org\/sv\/?page_id=8749"},"modified":"2017-10-01T13:19:52","modified_gmt":"2017-10-01T13:19:52","slug":"scope","status":"publish","type":"page","link":"https:\/\/donation.vedicpandits.org\/sv\/peace-creating-group\/scope\/","title":{"rendered":"Scope"},"content":{"rendered":"<p>V\u00e5rt projekt omfattar dels en stor fredsskapande grupp och dels ett utbildningsprogram f\u00f6r att bygga upp och uppr\u00e4tth\u00e5lla gruppen.<\/p>\n<div class=\"border-line\">&nbsp;<\/div>\n<div class=\"grid-holder\">\n<div class=\"grid grid-desktop-50 grid-mobile-100\"><div class=\"holder\"><h4>GRUPPEN<\/h4>\n<p>N\u00e4r vi v\u00e4ljer att skapa en stor grupp i Indien best\u00e5ende av just Veda-panditar, s\u00e5 beror det dels p\u00e5 tradition och dels p\u00e5 praktiska sk\u00e4l. Traditionellt sett har Veda-panditarna ansvarat f\u00f6r att uppr\u00e4tth\u00e5lla harmoni i samh\u00e4llet och balans i naturen \u2013 och idag \u00e4r det b\u00e5de ekonomiskt och praktiskt att utbilda Veda-panditar till professionella fredsskapare. <\/p>\n<p>M\u00e5let \u00e4r 9 000 Maharishi Veda-panditar i en grupp, f\u00f6r att skapa fred i v\u00e4rlden. F\u00f6r att uppr\u00e4tth\u00e5lla gruppen beh\u00f6vs det dels l\u00f6ner till deltagarna och dels ett fullt utbyggt campus med infrastruktur, bost\u00e4der, utbildning, m\u00e5ltider inklusive ett mejeri och gr\u00f6nsaksodlingar.<\/p>\n<p>F\u00f6r n\u00e4rvarande bor cirka 2000 Maharishi Veda-panditar p\u00e5 huvudcampus i Brahmasthan \u2013 den geografiska mittpunkten i Indien, n\u00e4ra Jabalpur, Madhya Pradesh. <\/p>\n<\/div><\/div>\n<div class=\"grid grid-desktop-50 grid-mobile-100 zoom-image-holder\"><div class=\"holder\"><p><a href=\"\/wp-content\/uploads\/2014\/04\/map-of-india.jpg\"><img loading=\"lazy\" decoding=\"async\" class=\"alignleft size-full wp-image-595\" src=\"\/wp-content\/uploads\/2014\/04\/map-of-india.jpg\" alt=\"map-of-india\" width=\"550\" height=\"523\" srcset=\"https:\/\/donation.vedicpandits.org\/wp-content\/uploads\/2014\/04\/map-of-india.jpg 550w, https:\/\/donation.vedicpandits.org\/wp-content\/uploads\/2014\/04\/map-of-india-300x285.jpg 300w\" sizes=\"auto, (max-width: 550px) 100vw, 550px\" \/><\/a><\/p>\n<\/div><\/div>\n<\/div>\n<div class=\"border-line\">&nbsp;<\/div>\n<div class=\"grid-holder\">\n<div class=\"grid grid-desktop-50 grid-mobile-100 zoom-image-holder\"><div class=\"holder\"><p><a href=\"\/wp-content\/uploads\/2014\/04\/131207_training_chart_web-Kopie.jpg\"><img loading=\"lazy\" decoding=\"async\" class=\"alignnone size-medium wp-image-250\" src=\"\/wp-content\/uploads\/2014\/04\/131207_training_chart_web-Kopie.jpg\" alt=\"\" width=\"432\" height=\"211\" \/><\/a><\/p>\n<\/div><\/div>\n<div class=\"grid grid-desktop-50 grid-mobile-100\"><div class=\"holder\"><h4>UTBILDNING AV VEDA-PANDITAR<\/h4>\n<p>F\u00f6r att bygga upp den centrala gruppen, och kompensera f\u00f6r en naturlig avg\u00e5ng, startade Maharishi ett utbildningsprogram f\u00f6r panditar runtom i Indien. Genom detta underh\u00e5lls gruppen i Brahmasthan och fylls p\u00e5 efterhand.<br \/>\nUtbildningsprogrammet omfattar:<\/p>\n<p>\u2013 20,000 yngre elever som utbildas i sina byar<\/p>\n<p>\u2013 10,000 \u00e4ldre studenter som utbildas p\u00e5 internat<\/p>\n<p>Genom detta program avser man att utexaminera 1 200\u20131 500 Veda-panditar per \u00e5r \u2013 s\u00e5 att huvudgruppen alltid best\u00e5r av minst 9 000 personer.<\/p>\n<\/div><\/div>\n<\/div>\n","protected":false},"excerpt":{"rendered":"<p>V\u00e5rt projekt omfattar dels en stor fredsskapande grupp och dels ett utbildningsprogram f\u00f6r att bygga upp och uppr\u00e4tth\u00e5lla gruppen.<\/p>\n","protected":false},"author":3,"featured_media":196,"parent":8711,"menu_order":4,"comment_status":"open","ping_status":"closed","template":"","meta":{"om_disable_all_campaigns":false,"_monsterinsights_skip_tracking":false,"_monsterinsights_sitenote_active":false,"_monsterinsights_sitenote_note":"","_monsterinsights_sitenote_category":0,"footnotes":""},"class_list":["post-8749","page","type-page","status-publish","has-post-thumbnail","hentry"],"_links":{"self":[{"href":"https:\/\/donation.vedicpandits.org\/sv\/wp-json\/wp\/v2\/pages\/8749","targetHints":{"allow":["GET"]}}],"collection":[{"href":"https:\/\/donation.vedicpandits.org\/sv\/wp-json\/wp\/v2\/pages"}],"about":[{"href":"https:\/\/donation.vedicpandits.org\/sv\/wp-json\/wp\/v2\/types\/page"}],"author":[{"embeddable":true,"href":"https:\/\/donation.vedicpandits.org\/sv\/wp-json\/wp\/v2\/users\/3"}],"replies":[{"embeddable":true,"href":"https:\/\/donation.vedicpandits.org\/sv\/wp-json\/wp\/v2\/comments?post=8749"}],"version-history":[{"count":5,"href":"https:\/\/donation.vedicpandits.org\/sv\/wp-json\/wp\/v2\/pages\/8749\/revisions"}],"predecessor-version":[{"id":11569,"href":"https:\/\/donation.vedicpandits.org\/sv\/wp-json\/wp\/v2\/pages\/8749\/revisions\/11569"}],"up":[{"embeddable":true,"href":"https:\/\/donation.vedicpandits.org\/sv\/wp-json\/wp\/v2\/pages\/8711"}],"wp:featuredmedia":[{"embeddable":true,"href":"https:\/\/donation.vedicpandits.org\/sv\/wp-json\/wp\/v2\/media\/196"}],"wp:attachment":[{"href":"https:\/\/donation.vedicpandits.org\/sv\/wp-json\/wp\/v2\/media?parent=8749"}],"curies":[{"name":"wp","href":"https:\/\/api.w.org\/{rel}","templated":true}]}}