{"id":8754,"date":"2014-04-08T07:09:46","date_gmt":"2014-04-08T07:09:46","guid":{"rendered":"https:\/\/vedicpandits.org\/sv\/?page_id=8754"},"modified":"2017-10-01T13:24:00","modified_gmt":"2017-10-01T13:24:00","slug":"cost","status":"publish","type":"page","link":"https:\/\/donation.vedicpandits.org\/sv\/peace-creating-group\/cost\/","title":{"rendered":"Cost"},"content":{"rendered":"<h4>Permanent fred till en br\u00e5kdel av kostnaden f\u00f6r dagens milit\u00e4ra styrkor<\/h4>\n<p>Globala Fredsinitiativet har potential att bli det mest kostnadseffektiva och framg\u00e5ngsrika fredsskapande programmet i modern tid. Kostnaden f\u00f6r projektet \u00e4r mindre \u00e4n den som v\u00e4rldens l\u00e4nder spenderar p\u00e5 sina milit\u00e4ra styrkor under sex timmar! Och mindre \u00e4n halva kostnaden f\u00f6r ett enda B2-bombplan! \u00c4ven om kostnaden \u00e4r minimal i j\u00e4mf\u00f6relse med de milit\u00e4ra f\u00f6rsvarsbudgetarna, s\u00e5 \u00e4r det \u00e4nd\u00e5 inte en obetydlig summa. Det \u00e5rliga beloppet som beh\u00f6vs f\u00f6r att genomf\u00f6ra projektet \u00e4r ber\u00e4knat till 400 miljoner SEK. Den totala \u00e5rskostnaden best\u00e5r av tv\u00e5 delar:<\/p>\n<p>1. F\u00f6rs\u00f6rja en grupp med 9 000 Maharishi Veda-panditar i Indiens Brahmasthan.<\/p>\n<p>2. Bekosta utbildningen av nya Maharishi Veda-panditar.<\/p>\n<p>Eftersom verksamheten, b\u00e5de i Brahmasthan och inom utbildningsprogrammet, redan \u00e4r ig\u00e5ng s\u00e5 \u00e4r kostnaderna v\u00e4l k\u00e4nda. Se nedan.<\/p>\n<div class=\"border-line\">&nbsp;<\/div>\n<div class=\"grid-holder grid-border-50\">\n<div class=\"grid grid-desktop-50 grid-mobile-100\"><div class=\"holder\"><p><img loading=\"lazy\" decoding=\"async\" src=\"\/wp-content\/uploads\/2014\/04\/2146-432.jpg\" alt=\"2146 - 432\" width=\"432\" height=\"253\" class=\"alignleft size-full wp-image-577\" srcset=\"https:\/\/donation.vedicpandits.org\/wp-content\/uploads\/2014\/04\/2146-432.jpg 432w, https:\/\/donation.vedicpandits.org\/wp-content\/uploads\/2014\/04\/2146-432-300x175.jpg 300w, https:\/\/donation.vedicpandits.org\/wp-content\/uploads\/2014\/04\/2146-432-430x253.jpg 430w\" sizes=\"auto, (max-width: 432px) 100vw, 432px\" \/><\/p>\n<h4>1.F\u00f6rs\u00f6rjning av 9 000-gruppen<\/h4>\n<p>2 200 kr per m\u00e5nad r\u00e4cker f\u00f6r att f\u00f6rse en pandit med kost, logi, sjukv\u00e5rd, kl\u00e4der, vidareutbildning och ett mindre bidrag till familjen. Detta inkluderar \u00e4ven underh\u00e5ll, administration och andra utgifter under vistelsen i Brahmasthan. N\u00e4r 9 000 Veda-panditar deltar i projektet blir totalkostnaden 240 miljoner kronor per \u00e5r.<\/p>\n<\/div><\/div>\n<div class=\"grid grid-desktop-50 grid-mobile-100\"><div class=\"holder\"><p><a href=\"\/wp-content\/uploads\/2014\/04\/9297-432.jpg\"><img loading=\"lazy\" decoding=\"async\" src=\"\/wp-content\/uploads\/2014\/04\/9297-432.jpg\" alt=\"9297 - 432\" width=\"432\" height=\"253\" class=\"alignleft size-full wp-image-579\" srcset=\"https:\/\/donation.vedicpandits.org\/wp-content\/uploads\/2014\/04\/9297-432.jpg 432w, https:\/\/donation.vedicpandits.org\/wp-content\/uploads\/2014\/04\/9297-432-300x175.jpg 300w, https:\/\/donation.vedicpandits.org\/wp-content\/uploads\/2014\/04\/9297-432-430x253.jpg 430w\" sizes=\"auto, (max-width: 432px) 100vw, 432px\" \/><\/a><\/p>\n<h4>2.Utbildningsprogrammet f\u00f6r Maharishi Veda-panditar<\/h4>\n<p>F\u00f6r att s\u00e4kerst\u00e4lla en konstant tillg\u00e5ng till Maharishi Veda-panditar till gruppen i Brahmasthan beh\u00f6ver vi dels utbilda 20 000 unga elever ute i byarna, till en kostnad av 110 kr\/m\u00e5n per elev, och dels utbilda 10 000 \u00e4ldre elever p\u00e5 internat, till en kostnad av 1200 kr\/m\u00e5n per elev. Den \u00e5rliga kostnaden f\u00f6r utbildningsprogrammet \u00e4r 170 miljoner SEK.<\/p>\n<\/div><\/div>\n<\/div>\n<h4 style=\"text-align: center; margin-top: 20px;\">Totalbudget<\/h4>\n<p style=\"text-align: center;\">Den sammantagna \u00e5rsbudgeten f\u00f6r 9000-gruppen och utbildningsprogrammet landar p\u00e5 runt 400 miljoner SEK.<\/p>\n<div class=\"border-line\">&nbsp;<\/div>\n<p style=\"text-align: center; color: #e07e27;\"><em>Klicka p\u00e5 l\u00e4nken nedan f\u00f6r att sponsra en pandit eller p\u00e5 annat s\u00e4tt bidra till finansieringen av projektet.<\/em><\/p>\n\t<p style=\"text-align: center\">\n\t\t<a href=\"https:\/\/donate.vedicpandits.org\/ipgeo\/ipgeo.php\"   class=\"btn btn-large \" > > \n\t\t\tBidra till projektet!<\/p>\t\t<\/a>\n\t<\/p>\n\n\t\n","protected":false},"excerpt":{"rendered":"<p>Permanent fred till en br\u00e5kdel av kostnaden f\u00f6r dagens milit\u00e4ra styrkor Globala Fredsinitiativet har potential att bli det mest kostnadseffektiva och framg\u00e5ngsrika fredsskapande programmet i modern tid. Kostnaden f\u00f6r projektet \u00e4r mindre \u00e4n den som v\u00e4rldens l\u00e4nder spenderar p\u00e5 sina milit\u00e4ra styrkor under sex timmar! Och mindre \u00e4n halva kostnaden f\u00f6r ett enda B2-bombplan! \u00c4ven [&hellip;]<\/p>\n","protected":false},"author":3,"featured_media":3340,"parent":8711,"menu_order":5,"comment_status":"open","ping_status":"closed","template":"","meta":{"om_disable_all_campaigns":false,"_monsterinsights_skip_tracking":false,"_monsterinsights_sitenote_active":false,"_monsterinsights_sitenote_note":"","_monsterinsights_sitenote_category":0,"footnotes":""},"class_list":["post-8754","page","type-page","status-publish","has-post-thumbnail","hentry"],"_links":{"self":[{"href":"https:\/\/donation.vedicpandits.org\/sv\/wp-json\/wp\/v2\/pages\/8754","targetHints":{"allow":["GET"]}}],"collection":[{"href":"https:\/\/donation.vedicpandits.org\/sv\/wp-json\/wp\/v2\/pages"}],"about":[{"href":"https:\/\/donation.vedicpandits.org\/sv\/wp-json\/wp\/v2\/types\/page"}],"author":[{"embeddable":true,"href":"https:\/\/donation.vedicpandits.org\/sv\/wp-json\/wp\/v2\/users\/3"}],"replies":[{"embeddable":true,"href":"https:\/\/donation.vedicpandits.org\/sv\/wp-json\/wp\/v2\/comments?post=8754"}],"version-history":[{"count":4,"href":"https:\/\/donation.vedicpandits.org\/sv\/wp-json\/wp\/v2\/pages\/8754\/revisions"}],"predecessor-version":[{"id":11570,"href":"https:\/\/donation.vedicpandits.org\/sv\/wp-json\/wp\/v2\/pages\/8754\/revisions\/11570"}],"up":[{"embeddable":true,"href":"https:\/\/donation.vedicpandits.org\/sv\/wp-json\/wp\/v2\/pages\/8711"}],"wp:featuredmedia":[{"embeddable":true,"href":"https:\/\/donation.vedicpandits.org\/sv\/wp-json\/wp\/v2\/media\/3340"}],"wp:attachment":[{"href":"https:\/\/donation.vedicpandits.org\/sv\/wp-json\/wp\/v2\/media?parent=8754"}],"curies":[{"name":"wp","href":"https:\/\/api.w.org\/{rel}","templated":true}]}}