{"id":8758,"date":"2014-04-08T07:09:52","date_gmt":"2014-04-08T07:09:52","guid":{"rendered":"https:\/\/vedicpandits.org\/sv\/?page_id=8758"},"modified":"2017-10-03T09:53:18","modified_gmt":"2017-10-03T09:53:18","slug":"progress","status":"publish","type":"page","link":"https:\/\/donation.vedicpandits.org\/sv\/peace-creating-group\/progress\/","title":{"rendered":"Progress"},"content":{"rendered":"<h4>Milstolpar p\u00e5 v\u00e4gen mot m\u00e5let<\/h4>\n<ul>\n<li>688 hektar mark har k\u00f6pts i n\u00e4rheten av Jabalpur, Madhya Pradesh, Indien, f\u00f6r att bygga ett campus till 9 000 Maharishi Veda-panditar. (bilden ovan togs 2013).\n<\/li>\n<li>Det har redan f\u00e4rdigst\u00e4llts bost\u00e4der till 2 500 Maharishi Veda-panditar, samt dessutom  infrastruktur, administrativa byggnader, matsalar, yagya-lokaler och ett mejeri. Och allt \u00e4r byggt enligt vedisk arkitektur.\n<\/li>\n<li>Fler \u00e4n 2 000 f\u00e4rdigutbildade Maharishi Veda-panditar finns redan p\u00e5 plats och de deltar dagligen i v\u00e4rldsfredsprogrammet.<\/li>\n<li>Bostadsbyggandet f\u00f6r ytterligare 5 000 panditar har p\u00e5b\u00f6rjats och kr\u00e4ver ytterligare finansiering f\u00f6r att kunna fullf\u00f6ljas. <\/li>\n<li>Programmet f\u00f6r unga panditar ute i byarna startade f\u00f6r mer \u00e4n tio \u00e5r sedan.<\/li>\n<li>Utbildning p\u00e5 internat av de \u00e4ldre elever finns nu vid 46 utbildningscentra runt om i Indien. F\u00f6r n\u00e4rvarande deltar 3 000 elever i utbildningen<\/li>\n<li>Det har skapats tv\u00e5 organisationer i syfte att samla in medel till Globala Fredsinitiativet. Brahmananda Saraswati Foundation i USA och Brahmananda Saraswati Trust i Nederl\u00e4nderna. B\u00e5da \u00e4r officiellt registrerade som v\u00e4lg\u00f6renhetsorganisationer i respektive land.  <\/li>\n<li>Ett n\u00e4tverk med volont\u00e4rer (<a href=\"https:\/\/donation.vedicpandits.org\/contact\/\">\u2018s. k. ambassad\u00f6rer f\u00f6r projektet\u2019<\/a>) finns i ett 90-tal l\u00e4nder. Dessa jobbar ideellt med att st\u00f6dja Globala Fredsinitiativet p\u00e5 olika s\u00e4tt.<\/li>\n<li>Id\u00e9n \u201dom m\u00e5nga personer ger en liten summa regelbundet varje m\u00e5nad\u201d har p\u00e5 kort tid genererat en ansenlig summa som nu \u00e4r uppe i drygt fyra miljoner kr per m\u00e5nad! Regelbundenheten \u00e4r det centrala. B\u00e5de sm\u00e5 och stora summor tas tacksamt emot!<\/li>\n<li>Dessutom samlar m\u00e5nga nationella organisationer inom den globala TM-r\u00f6relsen in medel f\u00f6r att st\u00f6dja Globala Fredsinitiativet.<\/li>\n<p>\t<!--\n\n<li>I Amerika har en grupp av Maharishi Vedic Pandits samlats i Maharishi Vedic City, Iowa, finansierat av amerikanska bidragsgivare.\n<\/li>\n\n-->\n<\/ul>\n","protected":false},"excerpt":{"rendered":"<p>Milstolpar p\u00e5 v\u00e4gen mot m\u00e5let 688 hektar mark har k\u00f6pts i n\u00e4rheten av Jabalpur, Madhya Pradesh, Indien, f\u00f6r att bygga ett campus till 9 000 Maharishi Veda-panditar. (bilden ovan togs 2013). Det har redan f\u00e4rdigst\u00e4llts bost\u00e4der till 2 500 Maharishi Veda-panditar, samt dessutom infrastruktur, administrativa byggnader, matsalar, yagya-lokaler och ett mejeri. Och allt \u00e4r byggt [&hellip;]<\/p>\n","protected":false},"author":3,"featured_media":189,"parent":8711,"menu_order":6,"comment_status":"open","ping_status":"closed","template":"","meta":{"om_disable_all_campaigns":false,"_monsterinsights_skip_tracking":false,"_monsterinsights_sitenote_active":false,"_monsterinsights_sitenote_note":"","_monsterinsights_sitenote_category":0,"footnotes":""},"class_list":["post-8758","page","type-page","status-publish","has-post-thumbnail","hentry"],"_links":{"self":[{"href":"https:\/\/donation.vedicpandits.org\/sv\/wp-json\/wp\/v2\/pages\/8758","targetHints":{"allow":["GET"]}}],"collection":[{"href":"https:\/\/donation.vedicpandits.org\/sv\/wp-json\/wp\/v2\/pages"}],"about":[{"href":"https:\/\/donation.vedicpandits.org\/sv\/wp-json\/wp\/v2\/types\/page"}],"author":[{"embeddable":true,"href":"https:\/\/donation.vedicpandits.org\/sv\/wp-json\/wp\/v2\/users\/3"}],"replies":[{"embeddable":true,"href":"https:\/\/donation.vedicpandits.org\/sv\/wp-json\/wp\/v2\/comments?post=8758"}],"version-history":[{"count":4,"href":"https:\/\/donation.vedicpandits.org\/sv\/wp-json\/wp\/v2\/pages\/8758\/revisions"}],"predecessor-version":[{"id":11737,"href":"https:\/\/donation.vedicpandits.org\/sv\/wp-json\/wp\/v2\/pages\/8758\/revisions\/11737"}],"up":[{"embeddable":true,"href":"https:\/\/donation.vedicpandits.org\/sv\/wp-json\/wp\/v2\/pages\/8711"}],"wp:featuredmedia":[{"embeddable":true,"href":"https:\/\/donation.vedicpandits.org\/sv\/wp-json\/wp\/v2\/media\/189"}],"wp:attachment":[{"href":"https:\/\/donation.vedicpandits.org\/sv\/wp-json\/wp\/v2\/media?parent=8758"}],"curies":[{"name":"wp","href":"https:\/\/api.w.org\/{rel}","templated":true}]}}