{"id":9434,"date":"2014-04-10T12:36:56","date_gmt":"2014-04-10T12:36:56","guid":{"rendered":"https:\/\/vedicpandits.org\/sv\/faq\/"},"modified":"2023-06-19T15:45:38","modified_gmt":"2023-06-19T15:45:38","slug":"faq","status":"publish","type":"page","link":"https:\/\/donation.vedicpandits.org\/sv\/contact\/faq\/","title":{"rendered":"FAQ"},"content":{"rendered":"<h5>MAHARISHI VEDA-PANDITAR<\/h5>\n<div class=\"faqstyle\"><em>VARF\u00d6R BEST\u00c5R GRUPPEN AV MAHARISHI VEDA-PANDITAR?<\/em><br \/>\nVetenskaplig forskning visar att alla som ut\u00f6var yoga-flygning i grupp, oavsett bakgrund, har ett kraftfullt fredsskapande inflytande.<\/p>\n<p>Maharishi Veda-panditar genererar en \u00e4nnu st\u00f6rre effekt. Veda-panditar har traditionellt sett haft till uppgift att uppr\u00e4tth\u00e5lla harmoni i samh\u00e4llet, b\u00e5de genom meditation och speciella fredsskapande yagyor. Maharishi Veda-panditar praktiserar dagligen Transcendental Meditation och TM-Sidhiprogrammet tillsammans, inklusive yogaflygning \u2013 och dessutom g\u00f6r de freds-yagyor utifr\u00e5n denna kraftfulla trancendentala niv\u00e5. Allt detta tillsammans befr\u00e4mjar fred p\u00e5 ett mycket stabilt och kraftfullt s\u00e4tt.\n<\/p><\/div>\n<div class=\"faqstyle\"><em>VAD \u00c4R SKILLNADEN MELLAN VEDA-PANDITAR OCH MAHARISHI VEDA-PANDITAR?<\/em><br \/>\nMaharishi Veda-panditar ut\u00f6var Transcendental Meditation (TM) och TM-Sidhi-programmet med yoga-flygning. Dessa tekniker g\u00f6r att de kan agera utifr\u00e5n transcendentalt medvetande, rent medvetande, som \u00e4r grundl\u00e4ggande i Veda.<\/p>\n<p>Som ett resultat av de dagliga TM-Sidhiprogrammen, kan Maharishi Veda-panditarna g\u00f6ra yagyor utifr\u00e5n en djupare och lugnare medvetandeniv\u00e5, och n\u00e4r de aktiverar naturlagarnas djupare niv\u00e5er blir yagyorna mycket kraftfulla.<\/p>\n<p>Maharishi hade ett n\u00e4ra samarbete med de fr\u00e4msta m\u00e4star-panditarna i Indien under flera decennier. Tillsammans \u00e5teruppr\u00e4ttade de utbildningen av Veda-panditar. Eleverna fick l\u00e4ra sig ett korrekt uttal och hur yagyorna g\u00f6rs p\u00e5 r\u00e4tt s\u00e4tt \u2013 allt enligt bortgl\u00f6md tradition. Allt detta \u00e4r s\u00e5 viktigt f\u00f6r att yagyorna ska ge maximal effekt. Bes\u00f6karna i Brahmasthan brukar l\u00e4gga m\u00e4rke till att Maharishi Veda-panditarna reciterar l\u00e5ngsamt och mjukt, vilket har stor betydelse n\u00e4r ljuden sprids i omgivningen.<\/p>\n<\/div>\n<div class=\"faqstyle\"><em>HUR M\u00c5NGA MAHARISHI VEDA-PANDITAR FINNS DET?<\/em><br \/>\nP\u00e5 campus i Indiens Brahmasthan finns cirka 2000 Maharishi Veda-panditer och vid de 26 praktikskolorna runt Indien finns ytterligare 3 000 studenter som snart \u00e4r f\u00e4rdiga med sin utbildning. Dessutom \u00e4r m\u00e5nga andra spredt \u00f6ver hela landet.<\/div>\n<div class=\"faqstyle\"><em>VAD BETYDER VEDA?<\/em><br \/>\nVeda betyder kunskap. Det \u00e4r s\u00e5 mycket mer \u00e4n n\u00e5gra gamla b\u00f6cker. Maharishi f\u00f6rklarade att Veda \u00e4r kunskapen och den organiserande kraften som ligger till grund f\u00f6r hela skapelsen och som styr den. Veda ger oss v\u00e4gledning hur vi n\u00e5r upplysning.\n<\/div>\n<div class=\"faqstyle\"><em>VAD \u00c4R YOGA-FLYGNING?<\/em><br \/>\nYoga-flygning \u00e4r en del av TM-Sidhiprogrammet, vilket inneh\u00e5ller en rad avancerade meditations-tekniker som bygger p\u00e5 Transcendental Meditation (TM). Under yoga-flygning integreras lugnet som Transcendental Meditation ger och samordningen i hj\u00e4rnan, med dynamisk aktivitet. Detta bidrar till utveckling av h\u00f6gre medvetandetillst\u00e5nd. Det har visat sig att n\u00e4r man ut\u00f6var TM-Sidhiprogrammet i grupp, inklusive yoga-flygning, s\u00e5 har det en positiv effekt p\u00e5 det omgivande samh\u00e4llet. Harmonin och samarbetet \u00f6kar hos befolkningen. Detta faktum ligger till grund f\u00f6r det globala fredsinitiativet.\n<\/div>\n<div class=\"faqstyle\"><em>VAD G\u00d6R MAHARISHI VEDA-PANDITARNA?<\/em><br \/>\nMaharishi utformade deras dagsrutin. De g\u00e5r upp tidigt p\u00e5 morgnarna, mediterar och g\u00f6r TM-Sidhiprogrammet inklusive yoga-flygning tillsammans, liksom yoga asanas. Sedan g\u00f6r de Maharishi yagyor i st\u00f6rre och mindre grupper. De \u00e4ter alla m\u00e5ltider tillsammans. Dessutom ing\u00e5r sport och motion i programmet, t.ex. bollspel.<\/div>\n<div class=\"faqstyle\"><em>VARF\u00d6R I INDIENS BRAHMASTHAN?<\/em><br \/>\nBrahmasthan \u00e4r mittpunkten i ett omr\u00e5de \u2013 i ett hus, i en stad eller i ett land. Maharishi menade att f\u00f6r att yoga-flygargruppen ska ha maximal effekt s\u00e5 b\u00f6r den h\u00e5lla till i landets mittpunkt, Brahmasthan. D\u00e4rf\u00f6r byggdes Maharishi Veda-panditarnas huvudcampus i Indiens Brahmasthan, n\u00e4ra Jabalpur i Madhya Pradesh.\n<\/div>\n<div class=\"faqstyle\"><em>VAD H\u00c4NDER N\u00c4R VI HAR F\u00c5TT 9 000 MAHARISHI VEDA-PANDITAR?<\/em><br \/>\nVi kommer att fira! En ny era med stabil v\u00e4rldsfred har d\u00e5 inletts. Eftersom det alltid finns utrymme f\u00f6r \u00e4n st\u00f6rre framg\u00e5ng, s\u00e5 kommer stiftelserna att forts\u00e4tta \u00f6ka antalet fredsskapare i Indien \u2013 panditar som ut\u00f6var yoga-flygning i grupp och g\u00f6r yagyor, s\u00e5 att v\u00e4rdsfreden och samarbetet s\u00e4kras och bevaras in i framtiden.\n<\/div>\n<div class=\"faqstyle\"><em>HUR H\u00c5LLER JAG MIG UPPDATERAD OM FRAMSTEGEN?<\/em><br \/>\nEnklast genom att prenumerera p\u00e5 v\u00e5rt nyhetsbrev. Varje m\u00e5nad mejlar ledaren f\u00f6r Brahmananda Saraswati Trust, Harris Kaplan, ut information till prenumeranter. Och om du bidrar ekonomiskt till projektet, via den h\u00e4r sajten, s\u00e5 f\u00e5r du nyhetsbrevet automatiskt.<br \/>\nAng\u00e5ende eventuella evenemang i Sverige kan du kontakta din nationella \u201dv\u00e4rldsfreds-ambassad\u00f6r\u201d.<\/p>\n<\/div>\n<div class=\"faqstyle\"><em>KAN JAG ST\u00d6DJA EN ENSKILD MAHARISHI VEDA-PANDIT?<\/em><br \/>\nVi hoppas att alla som l\u00e4ser detta vill bidra med en liten summa varje m\u00e5nad. Du kan antingen st\u00f6dja en pandit helt och h\u00e5llet, eller bidra med en del av kostnaden. En Maharishi Veda-pandit kostar 250 USD per m\u00e5nad, det inkluderar bl.a. kost och logi, l\u00f6n, administration och of\u00f6rutsedda utgifter. F\u00f6r att panditarna inte ska splittra sin uppm\u00e4rksamhet, utan helt och h\u00e5llet fokusera p\u00e5 sin uppgift, s\u00e5 vill vi inte att det skapas n\u00e5gon personlig relation mellan en enskild pandit och en givare.\n<\/div>\n<h5 style=\"margin-top: 30px;\">DONATIONER OCH EKONOMI<\/h5>\n<div class=\"faqstyle\"><em>VAD \u00c4R SKILLNADEN MELLAN ATT BIDRA TILL EN NATIONELL YAGYA OCH ATT GE DIREKT TILL MAHARISHI VEDA-PANDITARNA?<\/em><br \/>\nDet \u00e4r egentligen ingen skillnad. G\u00e5vor till Maharishi Veda-panditarna bidrar automatiskt till de nationella yagyorna.<\/div>\n<div class=\"faqstyle\"><em>\u00c4R MINA G\u00c5VOR AVDRAGSGILLA?<\/em><br \/>\nTyv\u00e4rr inte i Sverige. Stichting Brahmananda Saraswati Trust i Nederl\u00e4nderna \u00e4r en allm\u00e4nnyttig organisation, och bidragen \u00e4r avdragsgilla i vissa EU-l\u00e4nder.<\/p>\n<p>Bidrag till Brahmananda Saraswati Foundation, (US) is a 501 (c) (3), \u00e4r avdragsgilla f\u00f6r amerikanska skattebetalare. <\/p>\n<p>F\u00f6r andra l\u00e4nder: vissa nationella v\u00e4lg\u00f6renhetsorganisationer ger avdragsgill status f\u00f6r donationer till Maharishi Veda-panditar. De inkluderar Storbritannien, Kanada och Nya Zeeland. Klicka p\u00e5 landets namn f\u00f6r f\u00e5 veta mer om hur du kan g\u00f6ra en donation genom din nationella organisation. \u00c4ven om ditt land inte finns med i listan p\u00e5 l\u00e4nder f\u00f6r vilka donationer \u00e4r avdragsgilla kan du \u00e4nd\u00e5 st\u00f6dja Maharishi Veda-panditar fr\u00e5n vilket land som helst genom att donera online till Brahmananda Saraswati Trust eller Foundation.<\/p>\n<\/div>\n<div class=\"faqstyle\"><em>VARF\u00d6R \u00c4R DET VIKTIGT ATT BIDRA VARJE M\u00c5NAD?<\/em><br \/>\nEnstaka g\u00e5vor och donationer \u00e4r alltid varmt v\u00e4lkomna och mycket v\u00e4rdefulla! <\/p>\n<p>Eftersom Maharishi Veda-Panditarna anst\u00e4lls, s\u00e5 vill vi vara s\u00e4kra p\u00e5 att kunna f\u00f6rs\u00f6rja dem i l\u00e4ngden. D\u00e4rf\u00f6r uppmuntrar vi dig att regelbundet ge en g\u00e5va, helst varje m\u00e5nad, s\u00e5 att vi vet att vi har en stabil grupp givare som vi kan bygga upp verksamheten p\u00e5, och slutligen n\u00e5 m\u00e5let \u2013 en 9 000-grupp f\u00f6r v\u00e4rldsfred!\n<\/p><\/div>\n<div class=\"faqstyle\"><em>HUR STOR ANDEL AV G\u00c5VORNA G\u00c5R TILL VEDA-PANDITARNA?<\/em><br \/>\n\u00d6ver 90% av int\u00e4kterna g\u00e5r till Maharishi Veda-panditarna i Indien och mindre \u00e4n 10% anv\u00e4nds f\u00f6r att t\u00e4cka kostnader f\u00f6r kortbetalningar, bank\u00f6verf\u00f6ringar och administration. Bland v\u00e4lg\u00f6renhetsorganisationer anses 10% vara mycket l\u00e5gt.<\/div>\n<div class=\"faqstyle\"><em>HUR M\u00c5NGA L\u00c4NDER BIDRAR TILL MAHARISHI VEDA-PANDITARNA?<\/em><br \/>\nGivare i \u00f6ver 100 l\u00e4nder st\u00f6djer Maharishi Veda-panditarna.<\/div>\n<div class=\"faqstyle\"><em>Hur administreras Kapitalfonden?<\/em><br \/>\nG\u00e5vorna till fonden skickas inte till Indien, utan investeras. Endast avkastningen anv\u00e4nds till panditarna. Det \u00e4r meningen att donationsfonden aldrig ska f\u00f6rbrukas. BSF och BST Investment Committee leds av en grupp erfarna administrat\u00f6rer fr\u00e5n olika f\u00f6retag och finansiella institutioner. <a href=\"https:\/\/donation.vedicpandits.org\/sv\/about-us\/#svinvestmentcommittee\" rel=\"noopener\" target=\"_blank\">Klicka h\u00e4r<\/a> f\u00f6r att se investeringskommitt\u00e9n.\n<\/div>\n<p><!--\n<a id=\"bequests\" name=\"bequests\"><\/a>\n\n\n<div class=\"faqstyle\"><em>CAN I LEAVE A BEQUEST IN MY WILL TO THE MAHARISHI VEDIC PANDITS?<\/em>\nYes. Naming the Brahmananda Saraswati Foundation (BSF) or Stichting Brahmananda Saraswati Trust (BST) in your will allows you to make an important charitable gift to the Maharishi Vedic Pandits. The benefits are double \u2014 for the support of the Maharishi Vedic Pandits and for yourself. An act of charity to such a rare and worthy cause is highly auspicious.  For questions you may contact Jeannie Rose. \njeannie@bsf-international.org \nYou can read more below.\n\n<\/div>\n\n\n\n\n\n<div class=\"faqstyle\"><em>WHAT ARE THE STEPS THAT I NEED TO TAKE IN ORDER TO LEAVE A BEQUEST TO THE MAHARISHI VEDIC PANDITS IN MY WILL?<\/em>\n\nDonors who live in the United States will prefer to leave a bequest to Brahmananda Saraswati Foundation USA, which is a 501(c)(3) charitable non-profit organization in the United States. Donors in the Netherlands and parts of Europe may want to use BST since it has Dutch charity status. Donors in other countries can choose either BSF or BST based on their preference. Should a bequest be of considerable size in another country, please contact us at BSF and BST as it may be best to set up a special Brahmananda Saraswati Trust in your country to maximize your local tax benefits. Please read more below about the wording of your will. You may contact Jeannie Rose \u2013 jeannie@bsf-international.org\n\nA donor must seek legal counsel from their independent advisors to ensure that their last will fulfills all legal and tax requirements of their country. When you wish to leave a bequest to the Maharishi Vedic Pandits, we can assist with this process by suggesting sample language (see below) that may be useful to your attorney when drafting a simple bequest in your last Will and Testament.\n<\/div>\n\n\n\n\n\n<div class=\"faqstyle\"><em>HOW DO I CLEARLY STATE THE BENEFICIARY IN MY WILL?<\/em>\n\nThe beneficiary of a will has to be named precisely. It must specifically state the beneficiary as 'Brahmananda Saraswati Foundation' or 'Stichting Brahmananda Saraswati Trust'. It cannot just say 'Vedic Pandits' or 'Maharishi Vedic Pandits'. Also, the will must include the complete address and tax ID of BSF or BST. Both are listed below.\n\n The required language in a will to support the Vedic Pandits is simple. The charitable gift can be either a fixed amount, a percentage of your total estate or a percentage of your estate after other gifts you provide. A donor may use one of the following three options of \u2018will language'. Or a donor may use language suggested by their attorney.\n\nWe have prepared 'suggested language' to use when you wish to leave a gift to the Maharishi Vedic Pandits in your will. See below.\n\n[accordion]\n[accordion_entry title=\"&gt;Read more about leaving a gift to the Maharishi Vedic Pandits\"]\n\n&nbsp;\n\n\n<h4>SUGGESTED LANGUAGE IN A WILL FOR BST (non USA)<\/h4>\n\n\nSpecific Bequest:\n\n\u201cI give to Stichting Brahmananda Saraswati Trust, Station 24, 6063 NP Vlodrop, Netherlands, the sum of \u20ac_______ to be used for its general operating support (or for the support of a specific location or program).\u201d\n\nOR A\n\nPercentage of Estate :\n\n\u201cI give _____% of my estate to Stichting Brahmananda Saraswati Trust, Station 24, 6063 NP Vlodrop, Netherlands.\u201d\n\nOR A\n\nResidual Bequest: A residual bequest comes to us after your estate expenses and specific bequests are paid.\n\n\u201cI give and devise to Stichting Brahmananda Saraswati Trust, Station 24, 6063 NP Vlodrop, Netherlands, all (or a stated percentage) of the rest, residue and remainder of my estate, both real and personal, to be used for its general operating support (or for the support of a specific location or program).\u201d\n\nThe donor uses the Stichting Brahmananda Saraswati Trust, Netherlands government tax id # 8207.02.109.\n\nStichting Brahmananda Saraswati Trust\nStation 24\n6063 NP Vlodrop\nNetherlands\ntel: +31-475400519\ntax id 8207.02.109\n\nPayment information:\n\nBST\nStation 24\n6063 NP Vlodrop\nVlodrop\nNetherlands\n\nING Bank\nAmsterdam\nAccount nr: 65.96.20.804\nIBAN: NL74 INGB 0659 6208 04\nBIC: INGBNL2A\n\nYou may contact Jeannie Rose - jeannie@bsf-international.org\n\n&nbsp;\n\n\n<h4>SUGGESTED LANGUAGE IN A WILL FOR BSF (USA)<\/h4>\n\n\nSpecific Bequest:\n\n\u201cI give to Brahmananda Saraswati Foundation, located in Fairfield Iowa, the sum of $_______ to be used for its general operating support (or for the support of a specific location or program).\u201d\n\nOR A\n\nPercentage of Estate:\n\n\u201cI give _____% of my estate to the Brahmananda Saraswati Foundation, located in Fairfield Iowa.\u201d\n\nOR A\n\nResidual Bequest: A residual bequest comes to us after your estate expenses and specific bequests are paid.\n\n\u201cI give and devise to Brahmananda Saraswati Foundation, located in Fairfield, Iowa, all (or a stated percentage) of the rest, residue and remainder of my estate, both real and personal, to be used for its general operating support (or for the support of a specific location or program).\u201d\n\nThe donor uses the Brahmananda Saraswati Foundation US government tax id # 26-2986750\n\nBrahmananda Saraswati Foundation\n1100 N. 4th Street, Suite 124\nFairfield, Iowa 52556\nPhone: 1-641-209-5022\nHere is a link to Questions and Answers. https:\/\/donate.vedicpandits.org\/donate\/faq.php\n\nYou may contact Jeannie Rose - jeannie@bsf-international.org\n\nWe trust that this is all clear and helpful for you. Many people have asked us to advise and guide them about offering their last and most precious gift to this programme so dear to Maharishi and so treasured for the future of mankind.\n\n[\/accordion_entry]\n[\/accordion]\n--><\/p>\n","protected":false},"excerpt":{"rendered":"<p>MAHARISHI VEDA-PANDITAR VARF\u00d6R BEST\u00c5R GRUPPEN AV MAHARISHI VEDA-PANDITAR? Vetenskaplig forskning visar att alla som ut\u00f6var yoga-flygning i grupp, oavsett bakgrund, har ett kraftfullt fredsskapande inflytande. Maharishi Veda-panditar genererar en \u00e4nnu st\u00f6rre effekt. Veda-panditar har traditionellt sett haft till uppgift att uppr\u00e4tth\u00e5lla harmoni i samh\u00e4llet, b\u00e5de genom meditation och speciella fredsskapande yagyor. Maharishi Veda-panditar praktiserar dagligen [&hellip;]<\/p>\n","protected":false},"author":3,"featured_media":1197,"parent":11590,"menu_order":0,"comment_status":"open","ping_status":"closed","template":"","meta":{"om_disable_all_campaigns":false,"_monsterinsights_skip_tracking":false,"_monsterinsights_sitenote_active":false,"_monsterinsights_sitenote_note":"","_monsterinsights_sitenote_category":0,"footnotes":""},"class_list":["post-9434","page","type-page","status-publish","has-post-thumbnail","hentry"],"_links":{"self":[{"href":"https:\/\/donation.vedicpandits.org\/sv\/wp-json\/wp\/v2\/pages\/9434","targetHints":{"allow":["GET"]}}],"collection":[{"href":"https:\/\/donation.vedicpandits.org\/sv\/wp-json\/wp\/v2\/pages"}],"about":[{"href":"https:\/\/donation.vedicpandits.org\/sv\/wp-json\/wp\/v2\/types\/page"}],"author":[{"embeddable":true,"href":"https:\/\/donation.vedicpandits.org\/sv\/wp-json\/wp\/v2\/users\/3"}],"replies":[{"embeddable":true,"href":"https:\/\/donation.vedicpandits.org\/sv\/wp-json\/wp\/v2\/comments?post=9434"}],"version-history":[{"count":9,"href":"https:\/\/donation.vedicpandits.org\/sv\/wp-json\/wp\/v2\/pages\/9434\/revisions"}],"predecessor-version":[{"id":78150,"href":"https:\/\/donation.vedicpandits.org\/sv\/wp-json\/wp\/v2\/pages\/9434\/revisions\/78150"}],"up":[{"embeddable":true,"href":"https:\/\/donation.vedicpandits.org\/sv\/wp-json\/wp\/v2\/pages\/11590"}],"wp:featuredmedia":[{"embeddable":true,"href":"https:\/\/donation.vedicpandits.org\/sv\/wp-json\/wp\/v2\/media\/1197"}],"wp:attachment":[{"href":"https:\/\/donation.vedicpandits.org\/sv\/wp-json\/wp\/v2\/media?parent=9434"}],"curies":[{"name":"wp","href":"https:\/\/api.w.org\/{rel}","templated":true}]}}