{"id":3307,"date":"2014-04-08T07:02:34","date_gmt":"2014-04-08T07:02:34","guid":{"rendered":"https:\/\/vedicpandits.org\/?page_id=3307"},"modified":"2018-08-15T10:10:25","modified_gmt":"2018-08-15T10:10:25","slug":"home","status":"publish","type":"page","link":"https:\/\/donation.vedicpandits.org\/tr\/","title":{"rendered":"ANA SAYFA"},"content":{"rendered":"<p><!--<img loading=\"lazy\" decoding=\"async\" src=\"\/wp-content\/uploads\/2014\/04\/ecardslidere-new1.jpg\" width=\"912\" height=\"364\" class=\"alignleft size-full wp-image-1800\" \/>\n<a class=\"ecardbutton\" href=\"https:\/\/donation.vedicpandits.org\/ecard\/\"> > Yeni! \u00dccretsiz! E-Kartlar..keyfine varman\u0131z i\u00e7in.<\/a>--><\/p>\n<h4>D\u00dcNYA BARI\u015eI \u0130\u00c7\u0130N VEDA\u2019YA DAYALI B\u0130L\u0130N\u00c7 TEKNOLOJ\u0130LER\u0130<\/h4>\n<p>T\u00fcm d\u00fcnyada bar\u0131\u015f ve uyum etkisi yaratmak amac\u0131yla Hindistan\u2019\u0131n co\u011frafi merkezinde b\u00fcy\u00fck bir Maharishi Veda Panditleri grubu olu\u015fturulmaktad\u0131r. K\u0131rk y\u0131l\u0131 a\u015fk\u0131n bir s\u00fcredir yap\u0131lmakta olan bilimsel ara\u015ft\u0131rmalar, \u00f6zel bir e\u011fitimden ge\u00e7mi\u015f yeterli say\u0131da bar\u0131\u015f mimar\u0131n\u0131n, k\u00fcresel ortak bilin\u00e7te uyum ve ahenk seviyesini y\u00fckseltebilece\u011fini b\u00f6ylelikle d\u00fcnya genelinde ibreyi bar\u0131\u015f istikametine \u00e7evirebilece\u011fini g\u00f6stermi\u015ftir.<\/p>\n<p>90 \u00fclkeden yap\u0131lan c\u00f6mert ba\u011f\u0131\u015flar sayesinde Hindistan\u2019daki grubun mevcudu son y\u0131llarda 2,000 Pandit\u2019i a\u015fm\u0131\u015ft\u0131r. Amac\u0131m\u0131z, k\u00fcresel etki yaratmak i\u00e7in gerekli say\u0131 olan 9,000 Veda Panditini y\u0131l boyunca destekleyecek kayna\u011f\u0131 yaratmak ve bu grubun s\u00fcreklili\u011fini sa\u011flayacak bir Ba\u011f\u0131\u015f Fonu olu\u015fturarak d\u00fcnya bar\u0131\u015f\u0131n\u0131 her  zaman i\u00e7in kal\u0131c\u0131 k\u0131lmakt\u0131r.<\/p>\n<p>UNESCO, Vedalar\u0131n s\u00f6yleni\u015fini insanl\u0131\u011f\u0131n s\u00f6zl\u00fc bir ba\u015fyap\u0131t\u0131 ve manevi k\u00fclt\u00fcr miras\u0131 olarak ilan ederek koruma alt\u0131na alm\u0131\u015ft\u0131r.<\/p>\n<div style=\"width:200px; margin-top:30px; margin-left:10px;\"  class=\"align right\">\n\t<a href=\"https:\/\/donation.vedicpandits.org\/tr\/?image_video=https%3A%2F%2Fwww.youtube.com%2Fwatch%3Fv%3DPK0uOM8JM2I%3Frel%3D0\" class=\"video-link \"><img decoding=\"async\" class=\"alignnone size-full wp-image-285\" src=\"https:\/\/donation.vedicpandits.org\/wp-content\/uploads\/2018\/03\/Tall-blue-globe-copy.jpeg\" alt=\"landscape format of blue globe with pandits\" width=\"200\" \/><\/a>\n\n\t<\/div>\n<h4 style=\"margin-top:25px;\">K\u0131sa video<\/h4>\n<p>Bu k\u0131sa ve canl\u0131 video, s\u0131l&#038;nbbasit ve net bir \u015fekilde, animasyonlar, \u00f6rnekler ve bilimsel ara\u015ft\u0131rmalar e\u015fli\u011finde d\u00fcnya bar\u0131\u015f\u0131na ula\u015fmak i\u00e7in at\u0131lmas\u0131 gereken ad\u0131mlar\u0131 anlatmaktad\u0131r. \t<a href=\"https:\/\/donation.vedicpandits.org\/tr\/?image_video=https%3A%2F%2Fwww.youtube.com%2Fwatch%3Fv%3DPK0uOM8JM2I%3Frel%3D0\" class=\"video-link no-pointer\">Buraya TIKLAYIN<\/a>\n\n\t\n<p><!--\n\n<h4>E-KART<\/h4>\n\n\nMaharishi Veda Panditlerinin Veda\u200b\u2019\u200blar\u0131 ezberden okuduklar\u0131, slayt ve videolarla donanm\u0131\u015f \u200bolan e-kartlar Maharishi Veda Panditlerinin birbirinden g\u00fczel resimleriyle doludur. \u00dccretsiz olan bu <a href=\"https:\/\/donation.vedicpandits.org\/ecard\/\">e-kartlar\u0131n<\/a> ho\u015funuza gidece\u011fini ve arkada\u015flar\u0131n\u0131zla da payla\u015faca\u011f\u0131n\u0131z\u0131 \u00fcmit ediyoruz.--><\/p>\n","protected":false},"excerpt":{"rendered":"<p>D\u00dcNYA BARI\u015eI \u0130\u00c7\u0130N VEDA\u2019YA DAYALI B\u0130L\u0130N\u00c7 TEKNOLOJ\u0130LER\u0130 T\u00fcm d\u00fcnyada bar\u0131\u015f ve uyum etkisi yaratmak amac\u0131yla Hindistan\u2019\u0131n co\u011frafi merkezinde b\u00fcy\u00fck bir Maharishi Veda Panditleri grubu olu\u015fturulmaktad\u0131r. K\u0131rk y\u0131l\u0131 a\u015fk\u0131n bir s\u00fcredir yap\u0131lmakta olan bilimsel ara\u015ft\u0131rmalar, \u00f6zel bir e\u011fitimden ge\u00e7mi\u015f yeterli say\u0131da bar\u0131\u015f mimar\u0131n\u0131n, k\u00fcresel ortak bilin\u00e7te uyum ve ahenk seviyesini y\u00fckseltebilece\u011fini b\u00f6ylelikle d\u00fcnya genelinde ibreyi bar\u0131\u015f [&hellip;]<\/p>\n","protected":false},"author":3,"featured_media":0,"parent":0,"menu_order":0,"comment_status":"open","ping_status":"closed","template":"template-home.php","meta":{"om_disable_all_campaigns":false,"_monsterinsights_skip_tracking":false,"_monsterinsights_sitenote_active":false,"_monsterinsights_sitenote_note":"","_monsterinsights_sitenote_category":0,"footnotes":""},"class_list":["post-3307","page","type-page","status-publish","hentry"],"_links":{"self":[{"href":"https:\/\/donation.vedicpandits.org\/tr\/wp-json\/wp\/v2\/pages\/3307","targetHints":{"allow":["GET"]}}],"collection":[{"href":"https:\/\/donation.vedicpandits.org\/tr\/wp-json\/wp\/v2\/pages"}],"about":[{"href":"https:\/\/donation.vedicpandits.org\/tr\/wp-json\/wp\/v2\/types\/page"}],"author":[{"embeddable":true,"href":"https:\/\/donation.vedicpandits.org\/tr\/wp-json\/wp\/v2\/users\/3"}],"replies":[{"embeddable":true,"href":"https:\/\/donation.vedicpandits.org\/tr\/wp-json\/wp\/v2\/comments?post=3307"}],"version-history":[{"count":26,"href":"https:\/\/donation.vedicpandits.org\/tr\/wp-json\/wp\/v2\/pages\/3307\/revisions"}],"predecessor-version":[{"id":13671,"href":"https:\/\/donation.vedicpandits.org\/tr\/wp-json\/wp\/v2\/pages\/3307\/revisions\/13671"}],"wp:attachment":[{"href":"https:\/\/donation.vedicpandits.org\/tr\/wp-json\/wp\/v2\/media?parent=3307"}],"curies":[{"name":"wp","href":"https:\/\/api.w.org\/{rel}","templated":true}]}}