{"id":3312,"date":"2014-04-08T07:09:10","date_gmt":"2014-04-08T07:09:10","guid":{"rendered":"https:\/\/vedicpandits.org\/?page_id=3312"},"modified":"2015-10-11T14:11:07","modified_gmt":"2015-10-11T14:11:07","slug":"maharishi","status":"publish","type":"page","link":"https:\/\/donation.vedicpandits.org\/tr\/maharishi\/","title":{"rendered":"MAHARISHI"},"content":{"rendered":"<h4>MAHARISHI MAHESH YOGI<\/h4>\n<p>Maharishi Mahesh Yogi (Mahari\u015fi Mahe\u015f Yogi okunuyor), geni\u015f kitleler taraf\u0131ndan modern zamanlar\u0131n en \u00f6nemli Veda bilgesi, bilin\u00e7 alan\u0131nda da en \u00f6nemli bilim insan\u0131 olarak tan\u0131nmaktad\u0131r. Maharishi, ki\u015fisel geli\u015fim i\u00e7in her y\u00f6n\u00fc ara\u015ft\u0131r\u0131lm\u0131\u015f ve en etkili bir teknik olan Transandantal Meditasyon tekni\u011fini \u00f6\u011fretmesi ile \u00fcnlenmi\u015ftir. Bunun yan\u0131 s\u0131ra y\u0131llar\u0131n\u0131, Veda\u2019ya dayal\u0131 sa\u011fl\u0131k, e\u011fitim, savunma, tar\u0131m, y\u00f6netim ve mimarl\u0131k alanlar\u0131ndaki bilgileri, ba\u015flang\u0131\u00e7taki safl\u0131\u011f\u0131na ve taml\u0131\u011f\u0131na kavu\u015fturan \u00e7al\u0131\u015fmalara adam\u0131\u015ft\u0131r. Maharishi\u2019nin bu alanlarda geli\u015ftirdi\u011fi teknikler ve bilgiler kolayl\u0131kla uygulanabilir; herkese, her yerde, hayat\u0131n t\u00fcm vaatlerini sunar: ayd\u0131nlanma, bar\u0131\u015f, bolluk ve m\u00fckemmel sa\u011fl\u0131k i\u00e7inde bir ya\u015fam. <\/p>\n<div class=\"border-line\">&nbsp;<\/div>\n<h4>AYDINLANMA DURUMUNU YA\u015eAMAK \u0130\u00c7\u0130N D\u00dcZENL\u0130  YAKLA\u015eIM<\/h4>\n<p>Hindistan\u2019da dahi y\u00fczy\u0131llarca meditasyon ve ayd\u0131nlanma yolu yanl\u0131\u015f anla\u015f\u0131lm\u0131\u015f, daha \u00e7ok din ve felsefeye ait g\u00f6r\u00fclm\u00fc\u015f ve hatta \u00e7o\u011fu zaman inziva ile ili\u015fkilendirilmi\u015f. Veda\u2019lardan gelen meditasyonun \u00e7aba veya konsantrasyon gerektirmedi\u011fi, ya\u015f, ya\u015fam tarz\u0131 ve inanca ba\u011fl\u0131 olmaks\u0131z\u0131n herkes taraf\u0131ndan yap\u0131labilir oldu\u011fu bilgisini Maharishi g\u00fcn y\u00fcz\u00fcne \u00e7\u0131karm\u0131\u015ft\u0131r. Evrensel g\u00fcc\u00fcm\u00fcz\u00fcn, g\u00fcnl\u00fck ya\u015fam\u0131m\u0131z\u0131n canl\u0131 bir ger\u00e7ekli\u011fi olabilece\u011fi y\u00fcksek bilin\u00e7 d\u00fczeylerini geli\u015ftiren d\u00fczenli bir yol ortaya koymu\u015ftur. <\/p>\n<p>Maharishi\u2019den ilham alarak bilim insanlar\u0131 Transandantal Meditasyon\u2019un faydalar\u0131n\u0131 incelemeye ba\u015flad\u0131. 1970\u2019de ilk ara\u015ft\u0131rma yay\u0131nland\u0131ktan sonra 35 \u00fclkede 200\u2019\u00fcn \u00fczerindeki ba\u011f\u0131ms\u0131z ara\u015ft\u0131rma kurumunda yap\u0131lan 600\u2019\u00fc a\u015fk\u0131n bilimsel ara\u015ft\u0131rma, Transandantal Meditasyon\u2019un zihin, beden ve toplumun geneli i\u00e7in faydalar\u0131n\u0131 ortaya koymu\u015ftur. Bu \u00e7al\u0131\u015fmalar\u0131n pek \u00e7o\u011fu \u00f6nde gelen hakemli bilimsel, t\u0131bbi ve mesleki dergide yay\u0131nland\u0131.<\/p>\n<div class=\"border-line\">&nbsp;<\/div>\n<h4>D\u00dcNYA BARI\u015eI \u0130\u00c7\u0130N KEST\u0130RME YOL<\/h4>\n<p>Maharishi, TM-Sidhi tekni\u011fini ve \u00f6zellikle Yoga U\u00e7u\u015fu grup uygulamas\u0131n\u0131 geli\u015ftirerek d\u00fcnyaya, n\u00fcfusunun k\u00fc\u00e7\u00fck bir oran\u0131n, bar\u0131\u015f ve uyum etkisi yaratarak, su\u00e7 oranlar\u0131n\u0131, hastal\u0131klar\u0131 ve kazalar\u0131 azaltabilece\u011fi bir teknoloji vermi\u015f oldu. K\u00fcresel boyutta d\u00fc\u015f\u00fcn\u00fcld\u00fc\u011f\u00fcnde grup halinde uygulanan Yoga U\u00e7u\u015fu, d\u00fcnya bar\u0131\u015f\u0131n\u0131 sa\u011flayaca\u011f\u0131 bilimsel olarak ispatlanm\u0131\u015f ilk y\u00f6ntemdir.<\/p>\n<p>Maharishi, d\u00fcnya bar\u0131\u015f\u0131n\u0131 yaratmak ve daim k\u0131lmak i\u00e7in K\u00fcresel Bar\u0131\u015f Giri\u015fimi\u2019ni ba\u015flatm\u0131\u015ft\u0131r. K\u00fcresel Bar\u0131\u015f Giri\u015fimi, d\u00fcnyada etkili ve \u00f6l\u00e7\u00fclebilir bir bar\u0131\u015f etkisi yaratmak amac\u0131yla Veda Yagya uygulamalar\u0131n\u0131n yan\u0131s\u0131ra Yoga U\u00e7u\u015fu yapan ve \u00f6zel olarak e\u011fitilmi\u015f b\u00fcy\u00fck bir Veda Panditleri grubundan olu\u015fmaktad\u0131r. Bar\u0131\u015f  uzmanlar\u0131 grubuna deste\u011fi kal\u0131c\u0131 k\u0131lmak i\u00e7in Maharishi 2008 y\u0131l\u0131nda Brahmananda Saraswati Trust vakf\u0131n\u0131 kurmu\u015ftur.<\/p>\n<div class=\"border-line\">&nbsp;<\/div>\n<h4 id=\"audios\">SES KAYITLARI<\/h4>\n<p>Maharishi, Veda Panditleri hakk\u0131nda konu\u015fuyor \/ Maharishi talks about the Vedic Pandits (Kay\u0131tlar \u0130ngilizcedir): <\/p>\n<p><em><a href=\"https:\/\/donation.vedicpandits.org\/tr\/maharishi\/?audio_link=%2Fwp-content%2Fuploads%2F2015%2F03%2F01nTraining-Vedic-Pandits-to-Create-Harmony-in-Society-pushing-the-Devatas-buttons-May-18-051.mp3\" class=\"audio-link\">&gt; <em>Toplumda uyum yaratmak i\u00e7in Veda Panditlerinin e\u011fitilmesi.<\/em> (Ses dosyas\u0131 21:02 dk)<\/a><\/em><\/p>\n<p><b><\/b><a href=\"https:\/\/donation.vedicpandits.org\/tr\/maharishi\/?audio_link=%2Fwp-content%2Fuploads%2F2015%2F03%2F04n-Specialty-of-the-Vedic-Pandits-March-16-053.mp3\" class=\"audio-link\">&gt; <em>Veda Panditlerinin \u00f6zellikleri. <\/em>(Ses dosyas\u0131 7:18 dk)<\/a>\n<p>Maharishi, Yagyalar\u0131n g\u00fcc\u00fc hakk\u0131nda konu\u015fuyor \/ Maharishi talks about the power of Yagyas (Kay\u0131tlar \u0130ngilizcedir):<\/p>\n<p><em><a href=\"https:\/\/donation.vedicpandits.org\/tr\/maharishi\/?audio_link=%2Fwp-content%2Fuploads%2F2015%2F03%2F03n-Using-Collective-Yagyas-to-Prevent-the-Danger.mp3\" class=\"audio-link\">&gt; <em>Tehlikeyi hen\u00fcz gelmeden \u00f6nlemek i\u00e7in Yagyalar\u0131n kullan\u0131lmas\u0131.<\/em> (Ses dosyas\u0131 8:56 dk)<\/a><\/em><\/p>\n<p><b><\/b><a href=\"https:\/\/donation.vedicpandits.org\/tr\/maharishi\/?audio_link=%2Fwp-content%2Fuploads%2F2015%2F03%2F02n-Yagyas%C3%A2%C2%80%C2%94powerful-Vedic-performances-March-23-051.mp3\" class=\"audio-link\">&gt; <em> Yagyalar \u2013 Veda Panditlerinin bilin\u00e7lerinin sessiz d\u00fczeyinden kaynaklanan Veda uygulamalar\u0131. (Ses dosyas\u0131 7:26 dk)<\/a>\n<p><b><\/b><a href=\"https:\/\/donation.vedicpandits.org\/tr\/maharishi\/?audio_link=%2Fwp-content%2Fuploads%2F2015%2F03%2F06n-Difference-between-practising-TM-and-listening-to-Vedic-R.mp3\" class=\"audio-link\">&gt; <em>TM tekni\u011fini uygulamak ile Vedalar\u0131n s\u00f6yleni\u015fini dinlemek aras\u0131ndaki fark.<\/em> (Ses dosyas\u0131 4:42 dk)<\/a>\n","protected":false},"excerpt":{"rendered":"<p>MAHARISHI MAHESH YOGI Maharishi Mahesh Yogi (Mahari\u015fi Mahe\u015f Yogi okunuyor), geni\u015f kitleler taraf\u0131ndan modern zamanlar\u0131n en \u00f6nemli Veda bilgesi, bilin\u00e7 alan\u0131nda da en \u00f6nemli bilim insan\u0131 olarak tan\u0131nmaktad\u0131r. Maharishi, ki\u015fisel geli\u015fim i\u00e7in her y\u00f6n\u00fc ara\u015ft\u0131r\u0131lm\u0131\u015f ve en etkili bir teknik olan Transandantal Meditasyon tekni\u011fini \u00f6\u011fretmesi ile \u00fcnlenmi\u015ftir. Bunun yan\u0131 s\u0131ra y\u0131llar\u0131n\u0131, Veda\u2019ya dayal\u0131 sa\u011fl\u0131k, e\u011fitim, [&hellip;]<\/p>\n","protected":false},"author":3,"featured_media":149,"parent":0,"menu_order":0,"comment_status":"open","ping_status":"closed","template":"","meta":{"om_disable_all_campaigns":false,"_monsterinsights_skip_tracking":false,"_monsterinsights_sitenote_active":false,"_monsterinsights_sitenote_note":"","_monsterinsights_sitenote_category":0,"footnotes":""},"class_list":["post-3312","page","type-page","status-publish","has-post-thumbnail","hentry"],"_links":{"self":[{"href":"https:\/\/donation.vedicpandits.org\/tr\/wp-json\/wp\/v2\/pages\/3312","targetHints":{"allow":["GET"]}}],"collection":[{"href":"https:\/\/donation.vedicpandits.org\/tr\/wp-json\/wp\/v2\/pages"}],"about":[{"href":"https:\/\/donation.vedicpandits.org\/tr\/wp-json\/wp\/v2\/types\/page"}],"author":[{"embeddable":true,"href":"https:\/\/donation.vedicpandits.org\/tr\/wp-json\/wp\/v2\/users\/3"}],"replies":[{"embeddable":true,"href":"https:\/\/donation.vedicpandits.org\/tr\/wp-json\/wp\/v2\/comments?post=3312"}],"version-history":[{"count":25,"href":"https:\/\/donation.vedicpandits.org\/tr\/wp-json\/wp\/v2\/pages\/3312\/revisions"}],"predecessor-version":[{"id":6763,"href":"https:\/\/donation.vedicpandits.org\/tr\/wp-json\/wp\/v2\/pages\/3312\/revisions\/6763"}],"wp:featuredmedia":[{"embeddable":true,"href":"https:\/\/donation.vedicpandits.org\/tr\/wp-json\/wp\/v2\/media\/149"}],"wp:attachment":[{"href":"https:\/\/donation.vedicpandits.org\/tr\/wp-json\/wp\/v2\/media?parent=3312"}],"curies":[{"name":"wp","href":"https:\/\/api.w.org\/{rel}","templated":true}]}}