{"id":3316,"date":"2014-04-08T07:09:17","date_gmt":"2014-04-08T07:09:17","guid":{"rendered":"https:\/\/vedicpandits.org\/?page_id=3316"},"modified":"2015-10-10T13:40:51","modified_gmt":"2015-10-10T13:40:51","slug":"peace-creating-group","status":"publish","type":"page","link":"https:\/\/donation.vedicpandits.org\/tr\/peace-creating-group\/","title":{"rendered":"BARI\u015e YARATAN GRUPLAR"},"content":{"rendered":"<h4>D\u00dcNYA BARI\u015eI \u0130\u00c7\u0130N 9,000 MAHARISHI VEDA PAND\u0130T\u0130<\/h4>\n<p>Maharishi Mahesh Yogi, bar\u0131\u015f yaratan grubun \u00e7ok eski zamanlardan beri toplumda uyumu ve do\u011fada dengeyi sa\u011flamaktan sorumlu olan Veda Panditlerinin olu\u015fturmas\u0131n\u0131 istedi. Maharishi\u2019nin dikkatini Veda\u2019ya dayal\u0131 bilginin tamamen anla\u015f\u0131lmas\u0131na ve g\u00fcn \u0131\u015f\u0131\u011f\u0131na \u00e7\u0131kar\u0131lmas\u0131na vermesi ile bar\u0131\u015f yaratan bilin\u00e7 teknolojileri de en ba\u015f\u0131ndaki etkin haline kavu\u015ftu ve bilimsel olarak da ge\u00e7erlilikleri kabul edildi. Sonu\u00e7ta Veda Panditlerine, bu bilin\u00e7 teknolojilerinin  e\u011fitimi verildikten sonra geleneksel sorumluluklar\u0131 olan d\u00fcnyada uyum, bar\u0131\u015f ve denge yaratma g\u00f6revleri bir kez daha verilmi\u015f oldu. <\/p>\n<p>Maharishi, geni\u015f \u00e7apl\u0131 Maharishi Veda Panditleri gruplar\u0131n\u0131 Hindistan\u2019\u0131n Brahmasthan\u2019\u0131ndaki (co\u011frafi merkez) bir yerle\u015fkede desteklemek \u00fczere 2008 Ocak ay\u0131nda Brahmananda Saraswati Trust vakf\u0131n\u0131 kurdu. Vakf\u0131n hedefi k\u00fcresel etki yaratmak i\u00e7in gerekli say\u0131 olan 9,000 Panditi desteklemektir. Hem t\u00fcm Hindistan i\u00e7in yeterli bir say\u0131 hem de 9,000 hedefi i\u00e7in sa\u011flam bir temel olu\u015fturacak ilk hedef mevcut 2,000 ki\u015filik grubu 3500\u2019e geni\u015fletmektir. <\/p>\n<div class=\"border-line\">&nbsp;<\/div>\n<div class=\"grid-holder\">\n<div class=\"grid grid-desktop-50 grid-mobile-100\"><div class=\"holder\">\t<a href=\"https:\/\/donation.vedicpandits.org\/tr\/peace-creating-group\/?image_video=https%3A%2F%2Fwww.youtube.com%2Fwatch%3Fv%3DzsMUhe0q9YM%3Frel%3D0\" class=\"video-link \"><img loading=\"lazy\" decoding=\"async\" class=\"alignnone size-full wp-image-103\" src=\"\/wp-content\/uploads\/2014\/04\/post-img-11.jpg\" alt=\"post-img-11\" width=\"432\" height=\"312\" srcset=\"https:\/\/donation.vedicpandits.org\/wp-content\/uploads\/2014\/04\/post-img-11.jpg 432w, https:\/\/donation.vedicpandits.org\/wp-content\/uploads\/2014\/04\/post-img-11-300x216.jpg 300w\" sizes=\"auto, (max-width: 432px) 100vw, 432px\" \/><\/a>\n\n\t\n<\/div><\/div>\n<div class=\"grid grid-desktop-50 grid-mobile-100\"><div class=\"holder\"><h4>BARI\u015eIN YAYILMA ETK\u0130S\u0130  <\/h4>\n<p>Transandantal Meditasyon yapanlar\u0131n kendi i\u00e7lerinde daha fazla s\u00fckunete kavu\u015fmalar\u0131 yayg\u0131n bir deneyimdir. Bu deneyim bilimsel olarak beynin daha d\u00fczenli i\u015fleyi\u015fi ile ili\u015fkilendirilir. <\/p>\n<p>O kadar yayg\u0131n olarak bilinmeyen ba\u015fka bir olgu ise bir \u015fehrin veya \u00fclkenin n\u00fcfusunun k\u00fc\u00e7\u00fck bir oran\u0131n\u0131n TM yapmas\u0131 ile \u00e7evredeki insanlara s\u00fckunet etkisinin yay\u0131lmas\u0131d\u0131r. Bu s\u0131ra d\u0131\u015f\u0131 olay 23 ayr\u0131 bilimsel \u00e7al\u0131\u015fma ile do\u011frulanm\u0131\u015ft\u0131r. \u0130leri TM-Sidhi tekni\u011finin grup olarak uygulanmas\u0131 esnas\u0131nda bu etkinin \u00f6zellikle \u00e7ok daha g\u00fc\u00e7l\u00fc oldu\u011fu tespit edilmi\u015ftir. <\/p>\n<p>Bu teknolojinin geni\u015f kullan\u0131m\u0131 K\u00fcresel Bar\u0131\u015f Giri\u015fimi\u2019nin en temel programlar\u0131ndan birisidir. <\/p>\n\t<a href=\"https:\/\/donation.vedicpandits.org\/tr\/peace-creating-group\/?image_video=https%3A%2F%2Fwww.youtube.com%2Fwatch%3Fv%3DzsMUhe0q9YM%3Frel%3D0\" class=\"video-link no-pointer\"><em>&gt;  Maharishi Mahesh Yogi\u2018nin bu s\u0131ra d\u0131\u015f\u0131 olay ile ilgili konu\u015fmas\u0131n\u0131 izleyin.<\/p>\n<p><\/em><\/a>\n\n\t\n<\/div><\/div>\n<\/div>\n","protected":false},"excerpt":{"rendered":"<p>D\u00dcNYA BARI\u015eI \u0130\u00c7\u0130N 9,000 MAHARISHI VEDA PAND\u0130T\u0130 Maharishi Mahesh Yogi, bar\u0131\u015f yaratan grubun \u00e7ok eski zamanlardan beri toplumda uyumu ve do\u011fada dengeyi sa\u011flamaktan sorumlu olan Veda Panditlerinin olu\u015fturmas\u0131n\u0131 istedi. Maharishi\u2019nin dikkatini Veda\u2019ya dayal\u0131 bilginin tamamen anla\u015f\u0131lmas\u0131na ve g\u00fcn \u0131\u015f\u0131\u011f\u0131na \u00e7\u0131kar\u0131lmas\u0131na vermesi ile bar\u0131\u015f yaratan bilin\u00e7 teknolojileri de en ba\u015f\u0131ndaki etkin haline kavu\u015ftu ve bilimsel olarak [&hellip;]<\/p>\n","protected":false},"author":3,"featured_media":102,"parent":0,"menu_order":0,"comment_status":"open","ping_status":"closed","template":"","meta":{"om_disable_all_campaigns":false,"_monsterinsights_skip_tracking":false,"_monsterinsights_sitenote_active":false,"_monsterinsights_sitenote_note":"","_monsterinsights_sitenote_category":0,"footnotes":""},"class_list":["post-3316","page","type-page","status-publish","has-post-thumbnail","hentry"],"_links":{"self":[{"href":"https:\/\/donation.vedicpandits.org\/tr\/wp-json\/wp\/v2\/pages\/3316","targetHints":{"allow":["GET"]}}],"collection":[{"href":"https:\/\/donation.vedicpandits.org\/tr\/wp-json\/wp\/v2\/pages"}],"about":[{"href":"https:\/\/donation.vedicpandits.org\/tr\/wp-json\/wp\/v2\/types\/page"}],"author":[{"embeddable":true,"href":"https:\/\/donation.vedicpandits.org\/tr\/wp-json\/wp\/v2\/users\/3"}],"replies":[{"embeddable":true,"href":"https:\/\/donation.vedicpandits.org\/tr\/wp-json\/wp\/v2\/comments?post=3316"}],"version-history":[{"count":14,"href":"https:\/\/donation.vedicpandits.org\/tr\/wp-json\/wp\/v2\/pages\/3316\/revisions"}],"predecessor-version":[{"id":6747,"href":"https:\/\/donation.vedicpandits.org\/tr\/wp-json\/wp\/v2\/pages\/3316\/revisions\/6747"}],"wp:featuredmedia":[{"embeddable":true,"href":"https:\/\/donation.vedicpandits.org\/tr\/wp-json\/wp\/v2\/media\/102"}],"wp:attachment":[{"href":"https:\/\/donation.vedicpandits.org\/tr\/wp-json\/wp\/v2\/media?parent=3316"}],"curies":[{"name":"wp","href":"https:\/\/api.w.org\/{rel}","templated":true}]}}