{"id":3322,"date":"2014-04-08T09:14:28","date_gmt":"2014-04-08T09:14:28","guid":{"rendered":"https:\/\/vedicpandits.org\/?page_id=3322"},"modified":"2018-01-29T17:46:58","modified_gmt":"2018-01-29T17:46:58","slug":"science-2","status":"publish","type":"page","link":"https:\/\/donation.vedicpandits.org\/tr\/peace-creating-group\/science-2\/","title":{"rendered":"B\u0130L\u0130M"},"content":{"rendered":"<h4>B\u0130L\u0130MSEL ARA\u015eTIRMALAR PAND\u0130T GRUBUNUN YARATTI\u011eI ETK\u0130LER\u0130 DESTEKLEMEKTE<\/h4>\n<p>Veda Panditlerinin bir araya getirilmesindeki temel ama\u00e7 d\u00fcnya bilincinde uyum ve ahenk etkisi yaratmakt\u0131r. <\/p>\n<p>Bilimsel ara\u015ft\u0131rmalar\u0131n g\u00f6sterdi\u011fine g\u00f6re yeterli b\u00fcy\u00fckl\u00fckteki Transandantal Meditasyon veya ileri TM-Sidhi grubu bir araya geldi\u011finde olumsuz e\u011filimler azal\u0131p olumlu e\u011filimler g\u00fc\u00e7lenmektedir. <\/p>\n<p>A\u015fa\u011f\u0131daki \u015fartlardan biri sa\u011fland\u0131\u011f\u0131nda hep olumlu sonu\u00e7lar al\u0131nm\u0131\u015ft\u0131r::<\/p>\n<ul>\n<li>N\u00fcfusun %1\u2019i Transandantal Meditasyon uygulad\u0131\u011f\u0131nda veya<\/li>\n<li>N\u00fcfusun %1\u2019inin karek\u00f6k\u00fc b\u00fcy\u00fckl\u00fc\u011f\u00fcnde bir kadar grup Yoga U\u00e7u\u015fu da dahil TM-Sidhi tekni\u011fini uygulad\u0131\u011f\u0131nda<\/li>\n<\/ul>\n<p>Bilimsel ara\u015ft\u0131rmalar ile deneysel olarak kan\u0131tlanmadan \u00f6nce bu s\u0131ra d\u0131\u015f\u0131 olay, 1960 y\u0131l\u0131nda Maharishi taraf\u0131ndan \u00f6ng\u00f6r\u00fclm\u00fc\u015ft\u00fcr. Bu y\u00fczden Maharishi\u2019nin onuruna bu bulgu Maharishi Etkisi ad\u0131yla an\u0131lmaktad\u0131r.<br \/>\n<div class=\"grid-holder\">\n<div class=\"grid grid-desktop-50 grid-mobile-100 zoom-image-holder\"><div class=\"holder\"><h4>WASHINGTON \u00c7ALI\u015eMASI<\/h4>\n<p>Washington D.C.de 1993 yaz\u0131nda birka\u00e7 hafta s\u00fcrecek bir \u00e7al\u0131\u015fma i\u00e7in 4,000 ki\u015filik Yoga U\u00e7u\u015fu yapan bir grup topland\u0131. Bu s\u00fcre boyunca \u015fiddet i\u00e7eren su\u00e7lar neredeyse %25 oran\u0131nda azalm\u0131\u015ft\u0131r (a\u015fa\u011f\u0131daki tabloyu inceleyebilirsiniz). Bu ara\u015ft\u0131rma, hakemli bir dergi olan Social Indicators Research\u2019de (Toplumsal Veri Ara\u015ft\u0131rmalar\u0131) yay\u0131nlanm\u0131\u015ft\u0131r. <em>Social Indicators Research 1999 47(2):153-201.<\/em><\/p>\n<p><a href=\"\/wp-content\/uploads\/2014\/04\/washington_crime_chart_turkish.jpg\"><img loading=\"lazy\" decoding=\"async\" src=\"\/wp-content\/uploads\/2014\/04\/washington_crime_chart_turkish.jpg\" alt=\"washington_crime_chart_turkish\" width=\"558\" height=\"353\" class=\"alignleft size-full wp-image-3725\" srcset=\"https:\/\/donation.vedicpandits.org\/wp-content\/uploads\/2014\/04\/washington_crime_chart_turkish.jpg 558w, https:\/\/donation.vedicpandits.org\/wp-content\/uploads\/2014\/04\/washington_crime_chart_turkish-300x190.jpg 300w\" sizes=\"auto, (max-width: 558px) 100vw, 558px\" \/><\/a><\/p>\n<\/div><\/div>\n<div class=\"grid grid-desktop-50 grid-mobile-100\"><div class=\"holder\"><p><img loading=\"lazy\" decoding=\"async\" class=\"alignnone size-full wp-image-85\" src=\"\/wp-content\/uploads\/2014\/04\/post-img-1.jpg\" alt=\"post-img-1\" width=\"435\" height=\"400\" srcset=\"https:\/\/donation.vedicpandits.org\/wp-content\/uploads\/2014\/04\/post-img-1.jpg 435w, https:\/\/donation.vedicpandits.org\/wp-content\/uploads\/2014\/04\/post-img-1-300x275.jpg 300w\" sizes=\"auto, (max-width: 435px) 100vw, 435px\" \/><\/p>\n<\/div><\/div>\n<\/div>\n<h4>D\u00dcNYA \u00d6L\u00c7E\u011e\u0130<\/h4>\n<p>Bilimsel ara\u015ft\u0131rmalar \u015funu g\u00f6stermi\u015ftir: grup olarak Yoga U\u00e7u\u015fu yapanlar\u0131n say\u0131s\u0131 n\u00fcfusun %1\u2019inin karek\u00f6k\u00fc kadar oldu\u011funda toplum genelinde bar\u0131\u015f sa\u011flan\u0131r. 7 milyarl\u0131k d\u00fcnya n\u00fcfusunun %1\u2019nin karek\u00f6k\u00fc 8,400 ki\u015fidir. Bu y\u00fczden Veda Panditleri grubu i\u00e7in hedeflenen say\u0131 9,000 olarak belirlenmi\u015ftir.<br \/>\n<div class=\"border-line\">&nbsp;<\/div>\n<h4>BARI\u015e YARATAN GRUPLAR HAKKINDA B\u0130L\u0130MSEL TEOR\u0130<\/h4>\n<p>Grup meditasyonunun su\u00e7 oranlar\u0131 ve toplumsal gerginlik \u00fczerindeki g\u00fc\u00e7l\u00fc etkisini a\u00e7\u0131klayan teoriler, bilincin alan olu\u015funu i\u00e7ermektedir. Burada bilin\u00e7, en derin d\u00fczeyinde, toplumdaki t\u00fcm bireyleri birbirine ba\u011flayan ve temel olu\u015fturan bir aland\u0131r. Bu teori, fizik, fizyoloji ve n\u00f6roloji bilimindeki en son bulgularla uyumludur. <\/p>\n<div class=\"grid-holder\">\n<div class=\"grid grid-desktop-50 grid-mobile-100\"><div class=\"holder\"><p>\u00d6rne\u011fin, modern fizik do\u011fan\u0131n i\u015fleyi\u015finde daha k\u0131sa zaman ve mesafe \u00f6l\u00e7eklerinde birle\u015fik seviyeler saptad\u0131. Bu \u00e7al\u0131\u015fmalar, evrendeki b\u00fct\u00fcn farkl\u0131 kuvvetleri ve par\u00e7ac\u0131klar\u0131 birbirine ba\u011flayan ve temelini olu\u015fturan birle\u015fik alan\u0131n (s\u00fcper sicim alan\u0131) bulu\u015fu ile neticelendi (sa\u011fdaki tabloda ayr\u0131nt\u0131l\u0131 olarak inceleyebilirsiniz).<\/p>\n<p>Benzer bir \u015fekilde, Transandantal Meditasyon ve TM-Sidhi tekni\u011fi, d\u00fc\u015f\u00fcncenin daha sessiz ve daha derin d\u00fczeylerinin do\u011frudan deneyimini sa\u011flar; zihin ve maddenin temelindeki birle\u015fik alan\u0131n deneyimi ile doruk noktas\u0131na var\u0131r. Bu tekniklerin grup olarak uygulanmas\u0131, ortak bilincin birle\u015fik alan\u0131n\u0131 g\u00fc\u00e7l\u00fc bir \u015fekilde canland\u0131rarak toplum genelinde uyum etkisi yarat\u0131r. <\/p>\n<p>\n<\/div><\/div>\n<div class=\"grid grid-desktop-50 grid-mobile-100 zoom-image-holder\"><div class=\"holder\"><p><a href=\"\/wp-content\/uploads\/2016\/05\/turkish-chart.jpg\"><img loading=\"lazy\" decoding=\"async\" class=\"alignnone size-full wp-image-90\" src=\"\/wp-content\/uploads\/2016\/05\/turkish-chart.jpg\" alt=\"post-img-3\" width=\"320\" height=\"250\" \/><\/a><\/p>\n<\/div><\/div>\n<\/div>\n<p>Transandantal Meditasyon\u2019un toplumdaki etkisini \u00f6l\u00e7en bilimsel \u00e7al\u0131\u015fmalar, TM yapan grubun bar\u0131\u015f getiren etkisinin, gruptaki ki\u015fi say\u0131s\u0131n\u0131n \u00f6tesinde oldu\u011funu buldu. E\u011fer bu grup Yoga U\u00e7u\u015fu da dahil ileri TM-Sidhi tekni\u011fi yapanlardan olu\u015fmaktaysa ara\u015ft\u0131rmalar n\u00fcfusun %1\u2019inin karek\u00f6k\u00fc kadar bir oran\u0131n\u0131n ciddi boyutta olumlu bir etki olu\u015fturmak i\u00e7in yeterli oldu\u011funu g\u00f6stermektedir.<\/p>\n<p>Bu demek oluyor ki toplumda \u00e7ok g\u00fc\u00e7l\u00fc, ayn\u0131 zamanda bilimsel olarak da \u00f6l\u00e7\u00fclebilir, bir bar\u0131\u015f, uyum ve bolluk etkisi yaratmak i\u00e7in sadece birka\u00e7 y\u00fcz ya da birka\u00e7 bin ki\u015fiden olu\u015fan bir gruba ihtiya\u00e7 vard\u0131r. Ayn\u0131 etki ulusal ve k\u00fcresel \u00f6l\u00e7ekte de yarat\u0131labilir. D\u00fcnya geneli i\u00e7in 9,000 ki\u015fiden (yakla\u015f\u0131k olarak d\u00fcnya n\u00fcfusunun %1\u2019inin karek\u00f6k\u00fc) olu\u015fan bir grup gereklidir. Hindistan\u2019daki Maharishi Veda Panditleri grubu i\u00e7in hedeflenen say\u0131 budur.  <\/p>\n<div class=\"border-line\">&nbsp;<\/div>\n<h4 id=\"science_hagelin\">B\u0130L\u0130NC\u0130N ALAN ETK\u0130S\u0130<\/h4>\n<p>Evlerinde, i\u015f yerlerinde veya grup halinde Transandantal Meditasyon tekni\u011fini uygulayanlar, \u015fehrin, \u00fclkenin ve hatta d\u00fcnyan\u0131n di\u011fer ucundaki meditasyon dahi yapmayan insanlar\u0131 nas\u0131l etkileyebilir? <\/p>\n<div class=\"grid-holder\">\n<div class=\"grid grid-desktop-50 grid-mobile-100\"><div class=\"holder\">\t<a href=\"https:\/\/donation.vedicpandits.org\/tr\/peace-creating-group\/science-2\/?image_video=https%3A%2F%2Fwww.youtube.com%2Fwatch%3Fv%3DYoGF4_t_diA%3Frel%3D0\" class=\"video-link \">\n<img loading=\"lazy\" decoding=\"async\" class=\"alignnone size-full wp-image-92\" src=\"\/wp-content\/uploads\/2014\/04\/post-img-14.jpg\" alt=\"post-img-14\" width=\"433\" height=\"321\" srcset=\"https:\/\/donation.vedicpandits.org\/wp-content\/uploads\/2014\/04\/post-img-14.jpg 433w, https:\/\/donation.vedicpandits.org\/wp-content\/uploads\/2014\/04\/post-img-14-300x222.jpg 300w\" sizes=\"auto, (max-width: 433px) 100vw, 433px\" \/><br \/>\n<\/a>\n\n\t\n<\/div><\/div>\n<div class=\"grid grid-desktop-50 grid-mobile-100\"><div class=\"holder\"><p>T\u0131pk\u0131 d\u00fcnyan\u0131n di\u011fer taraf\u0131ndaki canl\u0131 radyo program\u0131n\u0131n dinlenebilir olmas\u0131 gibi meditasyon yapan grubun etkisi temel bir alan boyunca yol al\u0131r. Birinde elektromanyetik alan, radyo istasyonunu sizin radyonuza ba\u011flar. Di\u011fer \u00f6rnekte ise bilin\u00e7 alan\u0131 meditasyon yapan\u0131 n\u00fcfusun geri kalan\u0131na ba\u011flar. Bar\u0131\u015f yaratan grup taraf\u0131ndan yay\u0131lan uyum dalgalar\u0131, bilin\u00e7 alan\u0131na tamamen yay\u0131larak toplum genelinde yararl\u0131 ve \u00f6l\u00e7\u00fclebilir etkiler olu\u015fturur. <\/p>\n\t<a href=\"https:\/\/donation.vedicpandits.org\/tr\/peace-creating-group\/science-2\/?image_video=https%3A%2F%2Fwww.youtube.com%2Fwatch%3Fv%3DYoGF4_t_diA%3Frel%3D0\" class=\"video-link no-pointer\"> Kuantum Fizik\u00e7i John Hagelin\u2019in alan etkisini a\u00e7\u0131klad\u0131\u011f\u0131 k\u0131sa videoyu izleyin. <\/p>\n<\/a>\n\n\t\n<\/div><\/div>\n<\/div>\n<p>&nbsp;<\/p>\n<h5>UYUMLU S\u0130STEMLER DAHA G\u00dc\u00c7L\u00dcD\u00dcR &#8211; LAZER \u00d6RNE\u011e\u0130<\/h5>\n<p>N\u00fcfusa oranla bar\u0131\u015f yaratan k\u00fc\u00e7\u00fck bir grup, toplum genelinde nas\u0131l olumlu bir etki olu\u015fturabilir? Fizik, uyum i\u00e7erisinde i\u015fleyen bir sistemin uyumsuz olana g\u00f6re daha g\u00fc\u00e7l\u00fc oldu\u011funu ortaya koymu\u015ftur.<\/p>\n<p>Lazer \u0131\u015f\u0131n\u0131 \u00f6rne\u011fini inceleyelim. I\u015f\u0131k dalgalar\u0131 birlikte uyum i\u00e7erisinde i\u015flev g\u00f6rmeye g\u00f6re ayarlanmaktad\u0131r. B\u00f6ylelikle her bir dalgan\u0131n zirve noktas\u0131 ve dip noktas\u0131 di\u011fer dalga ile uyum i\u00e7erisinde olur. Lazer \u0131\u015f\u0131n\u0131 s\u0131radan bir amp\u00fcl\u00fcn verecegi \u0131\u015f\u0131ktan \u00e7ok daha g\u00fc\u00e7l\u00fcd\u00fcr.  Lazer \u0131\u015f\u0131n\u0131n\u0131n etki alan\u0131 dalga say\u0131s\u0131n\u0131n karesi ile do\u011fru orant\u0131l\u0131d\u0131r. \u00d6rne\u011fin uyum i\u00e7erisindeki 100 dalga, uyum i\u00e7erisinde olmayan 10,000(100<sup>2<\/sup>) dalgan\u0131n etkisine e\u015fde\u011ferde bir etki \u00fcretir.<\/p>\n<p>TM-Sidhi tekni\u011fini beraberce uygulayan bir grup, bilin\u00e7 alan\u0131n\u0131, bar\u0131\u015f etkisinin yarat\u0131ld\u0131\u011f\u0131 sessiz ve uyumlu bir d\u00fczeyden ayn\u0131 \u015fekilde canland\u0131rmaktad\u0131r. Bu durum, bireysel \u00e7abalardan \u00e7ok daha g\u00fc\u00e7l\u00fcd\u00fcr. <\/p>\n","protected":false},"excerpt":{"rendered":"<p>B\u0130L\u0130MSEL ARA\u015eTIRMALAR PAND\u0130T GRUBUNUN YARATTI\u011eI ETK\u0130LER\u0130 DESTEKLEMEKTE Veda Panditlerinin bir araya getirilmesindeki temel ama\u00e7 d\u00fcnya bilincinde uyum ve ahenk etkisi yaratmakt\u0131r. Bilimsel ara\u015ft\u0131rmalar\u0131n g\u00f6sterdi\u011fine g\u00f6re yeterli b\u00fcy\u00fckl\u00fckteki Transandantal Meditasyon veya ileri TM-Sidhi grubu bir araya geldi\u011finde olumsuz e\u011filimler azal\u0131p olumlu e\u011filimler g\u00fc\u00e7lenmektedir. A\u015fa\u011f\u0131daki \u015fartlardan biri sa\u011fland\u0131\u011f\u0131nda hep olumlu sonu\u00e7lar al\u0131nm\u0131\u015ft\u0131r:: N\u00fcfusun %1\u2019i Transandantal Meditasyon uygulad\u0131\u011f\u0131nda [&hellip;]<\/p>\n","protected":false},"author":3,"featured_media":3087,"parent":3316,"menu_order":2,"comment_status":"open","ping_status":"closed","template":"template-science.php","meta":{"om_disable_all_campaigns":false,"_monsterinsights_skip_tracking":false,"_monsterinsights_sitenote_active":false,"_monsterinsights_sitenote_note":"","_monsterinsights_sitenote_category":0,"footnotes":""},"class_list":["post-3322","page","type-page","status-publish","has-post-thumbnail","hentry"],"_links":{"self":[{"href":"https:\/\/donation.vedicpandits.org\/tr\/wp-json\/wp\/v2\/pages\/3322","targetHints":{"allow":["GET"]}}],"collection":[{"href":"https:\/\/donation.vedicpandits.org\/tr\/wp-json\/wp\/v2\/pages"}],"about":[{"href":"https:\/\/donation.vedicpandits.org\/tr\/wp-json\/wp\/v2\/types\/page"}],"author":[{"embeddable":true,"href":"https:\/\/donation.vedicpandits.org\/tr\/wp-json\/wp\/v2\/users\/3"}],"replies":[{"embeddable":true,"href":"https:\/\/donation.vedicpandits.org\/tr\/wp-json\/wp\/v2\/comments?post=3322"}],"version-history":[{"count":24,"href":"https:\/\/donation.vedicpandits.org\/tr\/wp-json\/wp\/v2\/pages\/3322\/revisions"}],"predecessor-version":[{"id":3324,"href":"https:\/\/donation.vedicpandits.org\/tr\/wp-json\/wp\/v2\/pages\/3322\/revisions\/3324"}],"up":[{"embeddable":true,"href":"https:\/\/donation.vedicpandits.org\/tr\/wp-json\/wp\/v2\/pages\/3316"}],"wp:featuredmedia":[{"embeddable":true,"href":"https:\/\/donation.vedicpandits.org\/tr\/wp-json\/wp\/v2\/media\/3087"}],"wp:attachment":[{"href":"https:\/\/donation.vedicpandits.org\/tr\/wp-json\/wp\/v2\/media?parent=3322"}],"curies":[{"name":"wp","href":"https:\/\/api.w.org\/{rel}","templated":true}]}}