{"id":3459,"date":"2014-04-08T07:09:29","date_gmt":"2014-04-08T07:09:29","guid":{"rendered":"https:\/\/vedicpandits.org\/?page_id=3459"},"modified":"2018-08-22T08:40:51","modified_gmt":"2018-08-22T08:40:51","slug":"maharishi-vedic-pandits","status":"publish","type":"page","link":"https:\/\/donation.vedicpandits.org\/tr\/peace-creating-group\/maharishi-vedic-pandits\/","title":{"rendered":"MAHARISHI VEDA PAND\u0130TLER\u0130"},"content":{"rendered":"<h4>MAHARISHI VEDA PAND\u0130TLER\u0130N\u0130N D\u00dcZENL\u0130 E\u011e\u0130T\u0130M\u0130<\/h4>\n<p>Hindistan\u2019da Veda Gelene\u011fi\u2019nin koruyucusu konumundaki ailelerin \u00e7ocuklar\u0131, gen\u00e7 ya\u015ftan itibaren bar\u0131\u015f uzman\u0131 di\u011fer bir deyi\u015fle -Maharishi Veda Panditi- olarak yeti\u015ftirilirler. <\/p>\n<p>10 ya\u015f\u0131ndan 20 ya\u015f\u0131na kadar Maharishi taraf\u0131ndan olu\u015fturulmu\u015f \u00f6zel bir m\u00fcfredat program\u0131 uygulanmaktad\u0131r. Bu programda \u00f6\u011frencilere \u00f6\u011fretilen: Transandantal Meditasyon, Yoga U\u00e7u\u015fu da dahil TM-Sidhi tekni\u011fi, Sanskrit\u00e7e, Yagya uygulamalar\u0131nda ustal\u0131k, \u015fans ve bar\u0131\u015f sa\u011flayan geleneksel Veda uygulamalar\u0131d\u0131r. \u00c7al\u0131\u015fmalar s\u0131ras\u0131nda Panditler, Maharishi Mahesh Yogi Vedic Vishwavidyalaya\u2019da (Maharishi Mahesh Yogi Veda \u00dcniversitesi) Lisans, Y\u00fcksek Lisans ve Doktora e\u011fitimlerinde kullanmak \u00fczere kredi almaya hak kazan\u0131rlar. Bu \u00fcniversite, 1995 y\u0131l\u0131nda Madya Pradesh Eyaleti Y\u00f6netimi taraf\u0131ndan kurulmu\u015ftur.<br \/>\n<div class=\"border-line\">&nbsp;<\/div>\n<div class=\"grid-holder\">\n<div class=\"grid grid-desktop-50 grid-mobile-100\"><div class=\"holder\"><p><img loading=\"lazy\" decoding=\"async\" class=\"alignnone size-full wp-image-105\" src=\"\/wp-content\/uploads\/2014\/04\/post-img-12.jpg\" alt=\"post-img-12\" width=\"432\" height=\"312\" srcset=\"https:\/\/donation.vedicpandits.org\/wp-content\/uploads\/2014\/04\/post-img-12.jpg 432w, https:\/\/donation.vedicpandits.org\/wp-content\/uploads\/2014\/04\/post-img-12-300x216.jpg 300w\" sizes=\"auto, (max-width: 432px) 100vw, 432px\" \/><\/p>\n<\/div><\/div>\n<div class=\"grid grid-desktop-50 grid-mobile-100\"><div class=\"holder\"><h4>YOGA UZMANLARI &#8211; TRANSANDANTAL MED\u0130TASYON VE YOGA U\u00c7U\u015eU <\/h4>\n<p>Maharishi Veda Panditleri, Brahmasthan\u2019da her g\u00fcn belirli saatlerde Transandantal Meditasyon ve TM-Sidhi tekni\u011fi ile Yoga\u2019n\u0131n \u00f6z\u00fcn\u00fc deneyimlerler. Maharishi, Yoga U\u00e7u\u015fu da dahil TM-Sidhi tekni\u011fini Yoga felsefesinin ana metni Patanjali\u2019nin Yoga sutralar\u0131na dayanarak olu\u015fturmu\u015ftur. Bu uygulama bilincin daha sessiz ve uyum d\u00fczeyi daha y\u00fcksek alan\u0131ndan eyleme ge\u00e7me yetisini geli\u015ftirir. Panditler bilincin bu ince d\u00fczeyinden hareket edebilir hale geldik\u00e7e de d\u00fcnya bar\u0131\u015f\u0131 i\u00e7in her g\u00fcn yapt\u0131klar\u0131 Veda uygulamalar\u0131 daha etkili olmaktad\u0131r. <\/p>\n<\/div><\/div>\n<\/div>\n<div class=\"border-line\">&nbsp;<\/div>\n<div class=\"grid-holder\">\n<div class=\"grid grid-desktop-100\"><div class=\"holder\"><p>Yoga\u2019n\u0131n temel Veda metni Yoga Sutralar\u0131, d\u00fc\u015f\u00fcncenin \u00f6tesine ge\u00e7me deneyimi ile nas\u0131l bar\u0131\u015f yarat\u0131ld\u0131\u011f\u0131n\u0131 anlat\u0131r. <\/p>\n<div class=\"box-info\">\n<h5><em>Tat sannidhau vairatyagah<\/em><\/h5>\n<h4> \u201cYoga\u2019n\u0131n (A\u015fk\u0131n Bilincin deneyimi, Birle\u015fik Alan) yak\u0131nlar\u0131nda d\u00fc\u015fmanca, kar\u015f\u0131t e\u011filimler yok olur\u201d<\/h4>\n<h6>\u2013 Yoga sutra 2.35<\/h6>\n<\/div>\n<p>A\u015fk\u0131n Bilin\u00e7, ileri meditasyon uygulamas\u0131 ile canland\u0131r\u0131ld\u0131\u011f\u0131nda grubu olu\u015fturan ki\u015filerin say\u0131s\u0131 yeterliyse bar\u0131\u015fc\u0131l etkiden yararlanan b\u00f6lge olarak \u2018Yoga\u2019n\u0131n yak\u0131nlar\u0131\u2019n\u0131n kapsam\u0131 t\u00fcm d\u00fcnyay\u0131 i\u00e7ine al\u0131r. K\u00fcresel Bar\u0131\u015f Giri\u015fimi\u2019nin en temel program\u0131 i\u015fte budur.<\/p>\n<\/div><\/div>\n<\/div>\n<div class=\"border-line\">&nbsp;<\/div>\n<div class=\"grid-holder\">\n<div class=\"grid grid-desktop-50 grid-mobile-100\"><div class=\"holder\"><h4>YAGYA UZMANLARI &#8211; VEDA UYGULAMALARI \u0130LE \u0130LG\u0130L\u0130 KAPSAMLI E\u011e\u0130T\u0130M<\/h4>\n<p>Hindistan\u2019\u0131n her k\u00f6\u015fesinden y\u00fczlerce k\u00f6yde Maharishi, Maharishi Veda Panditi olmak isteyenler i\u00e7in bir e\u011fitim a\u011f\u0131 olu\u015fturdu. Bu k\u00f6ylerde Guru Ji diye adland\u0131r\u0131lan \u00f6\u011fretmenler taraf\u0131ndan Pandit \u00f6\u011frenciler 10 ya\u015f\u0131ndan itibaren e\u011fitilmeye ba\u015flan\u0131r. 14 ya\u015f\u0131na geldiklerinde Hindistan genelinde 46 b\u00f6lgesel e\u011fitim merkezlerinden birine kat\u0131lma hakk\u0131n\u0131 elde ederler ve usta acharyalar (\u00f6\u011fretmenler) rehberli\u011finde e\u011fitilirler. \u00d6\u011frenciler, Maharishi taraf\u0131ndan sistemli ve titizlikle haz\u0131rlanm\u0131\u015f, video ve bilgisayar destekli bir e\u011fitim program\u0131n\u0131 takip ederler; b\u00f6ylelikle her bir Pandit ayn\u0131 \u00fcst d\u00fczey e\u011fitimden ge\u00e7mi\u015f olur. 20 ya\u015f\u0131nda mezun olduklar\u0131nda Yagya uygulamalar\u0131 konusunda kusursuz hale gelirler. Yagya, Veda Gelene\u011fi\u2019nin ebedi teknolojisidir; Panditler taraf\u0131ndan uygulanan Yagyalar, kendine has \u015fekillerde evreni y\u00f6neten do\u011fa yasalar\u0131n\u0131 canland\u0131r\u0131r. Belirlenen niyetler i\u00e7in se\u00e7ilen arzunun ger\u00e7ekle\u015fmesine yard\u0131m edecek do\u011fa yasalar\u0131 canland\u0131r\u0131lm\u0131\u015f olur. \u00d6rne\u011fin her g\u00fcn Hindistan\u2019\u0131n Brahmasthan\u2019\u0131nda 1331 Pandit hep birlikte d\u00fcnya bar\u0131\u015f\u0131 i\u00e7in \u00e7ok g\u00fc\u00e7l\u00fc bir Yagya olan Atirudrabhishek\u2019i uygulamaktad\u0131r. UNESCO resmi olarak Vedalar\u0131n ezbere okunu\u015fu gelene\u011fini insanl\u0131\u011f\u0131n manevi miras\u0131 olarak ilan etmi\u015ftir.<\/p>\n<\/div><\/div>\n<div class=\"grid grid-desktop-50 grid-mobile-100\"><div class=\"holder\"><p><img loading=\"lazy\" decoding=\"async\" class=\"alignnone size-full wp-image-107\" src=\"\/wp-content\/uploads\/2014\/04\/post-img-13.jpg\" alt=\"post-img-13\" width=\"435\" height=\"482\" srcset=\"https:\/\/donation.vedicpandits.org\/wp-content\/uploads\/2014\/04\/post-img-13.jpg 435w, https:\/\/donation.vedicpandits.org\/wp-content\/uploads\/2014\/04\/post-img-13-270x300.jpg 270w, https:\/\/donation.vedicpandits.org\/wp-content\/uploads\/2014\/04\/post-img-13-300x332.jpg 300w\" sizes=\"auto, (max-width: 435px) 100vw, 435px\" \/><\/p>\n<\/div><\/div>\n<\/div>\n<div class=\"border-line\">&nbsp;<\/div>\n<div class=\"grid-holder\">\n<div class=\"grid grid-desktop-50 grid-mobile-100\"><div class=\"holder\">\t<a href=\"https:\/\/donation.vedicpandits.org\/tr\/peace-creating-group\/maharishi-vedic-pandits\/?image_video=https%3A%2F%2Fwww.youtube.com%2Fwatch%3Fv%3DZQOxpwHk0fQ\" class=\"video-link \">\n<img loading=\"lazy\" decoding=\"async\" class=\"alignnone size-full wp-image-92\" src=\"\/wp-content\/uploads\/2014\/05\/einzelner_pandit_432bright.png\" alt=\"post-img-14\" width=\"432\" height=\"243\" \/><br \/>\n<\/a>\n\n\t\n<\/div><\/div>\n<div class=\"grid grid-desktop-50 grid-mobile-100\"><div class=\"holder\"><h4 id=\"atirudrabhishek\">G\u00d6RSEL VE \u0130\u015e\u0130TSELLER<\/h4>\n<p>Maharishi Veda Panditlerinin \u00e7al\u0131\u015fmalar\u0131 hakk\u0131nda izlenim edinmek isterseniz, Yagya uygulamas\u0131 s\u0131ras\u0131nda al\u0131nm\u0131\u015f ses kayd\u0131 ile birlikte bu g\u00f6rsel sunumu izleyebilirsiniz.<\/p>\n<\/div><\/div>\n<\/div>\n","protected":false},"excerpt":{"rendered":"<p>MAHARISHI VEDA PAND\u0130TLER\u0130N\u0130N D\u00dcZENL\u0130 E\u011e\u0130T\u0130M\u0130 Hindistan\u2019da Veda Gelene\u011fi\u2019nin koruyucusu konumundaki ailelerin \u00e7ocuklar\u0131, gen\u00e7 ya\u015ftan itibaren bar\u0131\u015f uzman\u0131 di\u011fer bir deyi\u015fle -Maharishi Veda Panditi- olarak yeti\u015ftirilirler. 10 ya\u015f\u0131ndan 20 ya\u015f\u0131na kadar Maharishi taraf\u0131ndan olu\u015fturulmu\u015f \u00f6zel bir m\u00fcfredat program\u0131 uygulanmaktad\u0131r. Bu programda \u00f6\u011frencilere \u00f6\u011fretilen: Transandantal Meditasyon, Yoga U\u00e7u\u015fu da dahil TM-Sidhi tekni\u011fi, Sanskrit\u00e7e, Yagya uygulamalar\u0131nda ustal\u0131k, \u015fans [&hellip;]<\/p>\n","protected":false},"author":3,"featured_media":202,"parent":3316,"menu_order":1,"comment_status":"open","ping_status":"closed","template":"","meta":{"om_disable_all_campaigns":false,"_monsterinsights_skip_tracking":false,"_monsterinsights_sitenote_active":false,"_monsterinsights_sitenote_note":"","_monsterinsights_sitenote_category":0,"footnotes":""},"class_list":["post-3459","page","type-page","status-publish","has-post-thumbnail","hentry"],"_links":{"self":[{"href":"https:\/\/donation.vedicpandits.org\/tr\/wp-json\/wp\/v2\/pages\/3459","targetHints":{"allow":["GET"]}}],"collection":[{"href":"https:\/\/donation.vedicpandits.org\/tr\/wp-json\/wp\/v2\/pages"}],"about":[{"href":"https:\/\/donation.vedicpandits.org\/tr\/wp-json\/wp\/v2\/types\/page"}],"author":[{"embeddable":true,"href":"https:\/\/donation.vedicpandits.org\/tr\/wp-json\/wp\/v2\/users\/3"}],"replies":[{"embeddable":true,"href":"https:\/\/donation.vedicpandits.org\/tr\/wp-json\/wp\/v2\/comments?post=3459"}],"version-history":[{"count":12,"href":"https:\/\/donation.vedicpandits.org\/tr\/wp-json\/wp\/v2\/pages\/3459\/revisions"}],"predecessor-version":[{"id":15274,"href":"https:\/\/donation.vedicpandits.org\/tr\/wp-json\/wp\/v2\/pages\/3459\/revisions\/15274"}],"up":[{"embeddable":true,"href":"https:\/\/donation.vedicpandits.org\/tr\/wp-json\/wp\/v2\/pages\/3316"}],"wp:featuredmedia":[{"embeddable":true,"href":"https:\/\/donation.vedicpandits.org\/tr\/wp-json\/wp\/v2\/media\/202"}],"wp:attachment":[{"href":"https:\/\/donation.vedicpandits.org\/tr\/wp-json\/wp\/v2\/media?parent=3459"}],"curies":[{"name":"wp","href":"https:\/\/api.w.org\/{rel}","templated":true}]}}