{"id":3465,"date":"2014-04-08T07:09:41","date_gmt":"2014-04-08T07:09:41","guid":{"rendered":"https:\/\/vedicpandits.org\/?page_id=3465"},"modified":"2015-10-11T08:29:17","modified_gmt":"2015-10-11T08:29:17","slug":"scope","status":"publish","type":"page","link":"https:\/\/donation.vedicpandits.org\/tr\/peace-creating-group\/scope\/","title":{"rendered":"KAPSAM"},"content":{"rendered":"<p>Projemiz, bir ana grubu ve ona ba\u011fl\u0131, onu yap\u0131land\u0131ran ve takviye eden bir e\u011fitim program\u0131n\u0131 i\u00e7ermektedir.<br \/>\n<div class=\"border-line\">&nbsp;<\/div>\n<div class=\"grid-holder\">\n<div class=\"grid grid-desktop-50 grid-mobile-100\"><div class=\"holder\"><h4>ANA GRUP<\/h4>\n<p>Hindistan\u2019daki proje grubumuzu olu\u015fturan Veda Panditlerinin se\u00e7imi, hem geleneksel hem de pratik bir karard\u0131. \u00c7ok eski zamanlarda, Veda Panditleri toplumda uyumu ve dengeyi s\u00fcrd\u00fcrmekten sorumlulard\u0131. G\u00fcn\u00fcm\u00fczde Hindistan\u2019da, Veda Panditlerinin bar\u0131\u015f mimarlar\u0131 olarak e\u011fitilmeleri iktisadi bir gelir kayna\u011f\u0131 olarak da g\u00f6r\u00fclmekte ve te\u015fvik edilmektedir. <\/p>\n<p>Ama\u00e7, d\u00fcnya bar\u0131\u015f\u0131n\u0131 sa\u011flamak i\u00e7in 9,000 Maharishi Veda Panditini bir araya getirmektir. Grubun desteklenmesi, t\u00fcm altyap\u0131s\u0131 ile kalacaklar\u0131 yerle\u015fkenin olu\u015fturulmas\u0131n\u0131, ileri e\u011fitimleri, har\u00e7l\u0131klar\u0131n\u0131, mand\u0131ra ve sebze bah\u00e7esi dahil yiyecek ihtiyac\u0131n\u0131n kar\u015f\u0131lanmas\u0131n\u0131 i\u00e7ermektedir. <\/p>\n<p>\u015eu anda Madhya Pradesh, Jabalpur yak\u0131nlar\u0131nda Hindistan\u2019\u0131n Brahmasthan\u2019daki (co\u011frafi merkez) ana yerle\u015fkede 2,000 kadar Pandit ya\u015famaktad\u0131r. <\/p>\n<\/div><\/div>\n<div class=\"grid grid-desktop-50 grid-mobile-100 zoom-image-holder\"><div class=\"holder\"><p><a href=\"\/wp-content\/uploads\/2014\/04\/map-of-india.jpg\"><img loading=\"lazy\" decoding=\"async\" class=\"alignleft size-full wp-image-595\" src=\"\/wp-content\/uploads\/2014\/04\/map-of-india.jpg\" alt=\"map-of-india\" width=\"550\" height=\"523\" srcset=\"https:\/\/donation.vedicpandits.org\/wp-content\/uploads\/2014\/04\/map-of-india.jpg 550w, https:\/\/donation.vedicpandits.org\/wp-content\/uploads\/2014\/04\/map-of-india-300x285.jpg 300w\" sizes=\"auto, (max-width: 550px) 100vw, 550px\" \/><\/a><\/p>\n<\/div><\/div>\n<\/div>\n<div class=\"border-line\">&nbsp;<\/div>\n<div class=\"grid-holder\">\n<div class=\"grid grid-desktop-50 grid-mobile-100 zoom-image-holder\"><div class=\"holder\"><p><a href=\"\/wp-content\/uploads\/2014\/04\/131207_training_chart_web-Kopie.jpg\"><img loading=\"lazy\" decoding=\"async\" class=\"alignnone size-medium wp-image-250\" src=\"\/wp-content\/uploads\/2014\/04\/131207_training_chart_web-Kopie.jpg\" alt=\"\" width=\"432\" height=\"211\" \/><\/a><\/p>\n<\/div><\/div>\n<div class=\"grid grid-desktop-50 grid-mobile-100\"><div class=\"holder\"><h4>MAHARISHI VEDA PAND\u0130TLER\u0130N\u0130N E\u011e\u0130T\u0130M PROGRAMI<\/h4>\n<p>Maharishi, ana grubu yap\u0131land\u0131rmak ve devam\u0131n\u0131 sa\u011flamak \u00fczere Hindistan genelinde bir Maharishi Veda Panditleri e\u011fitim program\u0131 olu\u015fturdu. <\/p>\n<p>E\u011fitim program\u0131, Brahmasthan\u2019daki grubu destekleyip, takviye etmek \u00fczere a\u015fa\u011f\u0131da belirtilen say\u0131daki \u00f6\u011frenciye e\u011fitim verebilecek \u00e7apta planland\u0131:<\/p>\n<p>\u2013 20,000 gen\u00e7 \u00f6\u011frencinin k\u00f6y d\u00fczeyinde e\u011fitimi<br \/>\n\u2013 10,000 ya\u015f\u00e7a daha b\u00fcy\u00fck \u00f6\u011frencinin yat\u0131l\u0131 e\u011fitim merkezlerinde e\u011fitimi<\/p>\n<p>Program her y\u0131l 1,200-1,500 \u00f6\u011frencinin mezun olmas\u0131na y\u00f6nelik planlanm\u0131\u015ft\u0131r. Bu \u015fekilde ana grup her zaman 9,000 ki\u015finin \u00fczerinde kalacakt\u0131r. <\/p>\n<\/div><\/div>\n<\/div>\n","protected":false},"excerpt":{"rendered":"<p>Projemiz, bir ana grubu ve ona ba\u011fl\u0131, onu yap\u0131land\u0131ran ve takviye eden bir e\u011fitim program\u0131n\u0131 i\u00e7ermektedir.<\/p>\n","protected":false},"author":3,"featured_media":196,"parent":3316,"menu_order":4,"comment_status":"open","ping_status":"closed","template":"","meta":{"om_disable_all_campaigns":false,"_monsterinsights_skip_tracking":false,"_monsterinsights_sitenote_active":false,"_monsterinsights_sitenote_note":"","_monsterinsights_sitenote_category":0,"footnotes":""},"class_list":["post-3465","page","type-page","status-publish","has-post-thumbnail","hentry"],"_links":{"self":[{"href":"https:\/\/donation.vedicpandits.org\/tr\/wp-json\/wp\/v2\/pages\/3465","targetHints":{"allow":["GET"]}}],"collection":[{"href":"https:\/\/donation.vedicpandits.org\/tr\/wp-json\/wp\/v2\/pages"}],"about":[{"href":"https:\/\/donation.vedicpandits.org\/tr\/wp-json\/wp\/v2\/types\/page"}],"author":[{"embeddable":true,"href":"https:\/\/donation.vedicpandits.org\/tr\/wp-json\/wp\/v2\/users\/3"}],"replies":[{"embeddable":true,"href":"https:\/\/donation.vedicpandits.org\/tr\/wp-json\/wp\/v2\/comments?post=3465"}],"version-history":[{"count":8,"href":"https:\/\/donation.vedicpandits.org\/tr\/wp-json\/wp\/v2\/pages\/3465\/revisions"}],"predecessor-version":[{"id":6750,"href":"https:\/\/donation.vedicpandits.org\/tr\/wp-json\/wp\/v2\/pages\/3465\/revisions\/6750"}],"up":[{"embeddable":true,"href":"https:\/\/donation.vedicpandits.org\/tr\/wp-json\/wp\/v2\/pages\/3316"}],"wp:featuredmedia":[{"embeddable":true,"href":"https:\/\/donation.vedicpandits.org\/tr\/wp-json\/wp\/v2\/media\/196"}],"wp:attachment":[{"href":"https:\/\/donation.vedicpandits.org\/tr\/wp-json\/wp\/v2\/media?parent=3465"}],"curies":[{"name":"wp","href":"https:\/\/api.w.org\/{rel}","templated":true}]}}